{"id":5696,"date":"2023-04-27T19:57:50","date_gmt":"2023-04-27T19:57:50","guid":{"rendered":"https:\/\/www.ne.se\/info\/?page_id=5696"},"modified":"2023-05-02T09:40:42","modified_gmt":"2023-05-02T09:40:42","slug":"sociologi","status":"publish","type":"page","link":"https:\/\/www.ne.se\/info\/experter-och-skribenter\/sociologi\/","title":{"rendered":"Sociologi"},"content":{"rendered":"\n\n<section  class=\"big-header bg-gradient-top \">\n    <div class=\"container\">\n        <div class=\"inner   \">\n\n            \n\n<div class=\"big-header-center\">\n            \n<p class=\"uptext center\">\n    Experter och skribenter    <span class=\"line\"><\/span>\n<\/p>                \n<h2 class=\"h2\"> Sociologi <\/h2>        \n    \n    <\/div>\n        <\/div>\n    <\/div>\n<\/section>\n\n\n\n<section  class=\"blog-text\">\n    <div class=\"container\">\n        <div class=\"inner  pt-0 pb-5\">\n                            \n<h3 class=\"h3\"> Redakt\u00f6r: Anders Hansson <\/h3>                                        <h3>B<\/h3>\n<ul>\n<li>Berg, Lars-Erik, docent<\/li>\n<li>Bj\u00f6rnberg, Ulla, professor<\/li>\n<li>Boglind, Anders, fil.dr<\/li>\n<li>Brante, Thomas, professor<\/li>\n<\/ul>\n<h3>D<\/h3>\n<ul>\n<li>Dahlberg, Anita, universitetslektor<\/li>\n<li>Dahlstr\u00f6m, Edmund, professor<\/li>\n<\/ul>\n<h3>E<\/h3>\n<ul>\n<li>Eli\u00e6son, Sven, docent<\/li>\n<li>Engdahl, Emma, doktorand<\/li>\n<li>Erikson, Robert, professor<\/li>\n<li>Eriksson, Bengt Erik, professor<\/li>\n<li>Eriksson, Bj\u00f6rn, docent<\/li>\n<\/ul>\n<h3>F<\/h3>\n<ul>\n<li>Franz\u00e9n, Mats, docent<\/li>\n<li>Furuland, Lars, professor<\/li>\n<li>Fur\u00e5ker, Bengt, professor<\/li>\n<\/ul>\n<h3>G<\/h3>\n<ul>\n<li>Gesser, Bengt, professor em.<\/li>\n<li>G\u00e4rdenfors, Peter, professor<\/li>\n<\/ul>\n<h3>H<\/h3>\n<ul>\n<li>Haglund, Dick A.R., professor<\/li>\n<li>Hanson, Bertil S., \u00f6verl\u00e4kare<\/li>\n<li>Hessle, Sven, professor<\/li>\n<li>Hyd\u00e9n, H\u00e5kan, professor<\/li>\n<\/ul>\n<h3>J<\/h3>\n<ul>\n<li>Janson, Carl Gunnar, professor<\/li>\n<li>Johansson, Thomas, docent<\/li>\n<\/ul>\n<h3>K<\/h3>\n<ul>\n<li>Korpi, Walter, professor<\/li>\n<\/ul>\n<h3>L<\/h3>\n<ul>\n<li>Larsson, Stig, professor<\/li>\n<li>Lidskog, Rolf, docent<\/li>\n<li>Liedman, Sven-Eric, professor<\/li>\n<li>Lindfors, Hans, docent<\/li>\n<li>Lundquist, Lennart, professor<\/li>\n<\/ul>\n<h3>M<\/h3>\n<ul>\n<li>M\u00e5nson, Per, docent<\/li>\n<\/ul>\n<h3>O<\/h3>\n<ul>\n<li>Olofsson, Gunnar, professor<\/li>\n<\/ul>\n<h3>P<\/h3>\n<ul>\n<li>P\u00e5lsson Syll, Lars, docent<\/li>\n<\/ul>\n<h3>R<\/h3>\n<ul>\n<li>Roos, Hans-Edvard, fil.dr<\/li>\n<li>Rosengren, Karl Erik, professor<\/li>\n<li>Rundblad, Bengt, professor<\/li>\n<\/ul>\n<h3>S<\/h3>\n<ul>\n<li>Salomon, Kim, professor<\/li>\n<li>\n<div>Sj\u00f6strand, Per, professor<\/div>\n<\/li>\n<li>Sonesson, Inga, docent<\/li>\n<li>\n<div>Stier, Jonas, professor<\/div>\n<\/li>\n<li>\n<div>Sundqvist, G\u00f6ran, fil.dr<\/div>\n<\/li>\n<li>Sunesson, Sune, professor<\/li>\n<li>Svensson, Bengt, professor<\/li>\n<li>Swedberg, Richard, professor<\/li>\n<li>Swedner, Harald, professor<\/li>\n<\/ul>\n<div><\/div>\n<h3>T<\/h3>\n<ul>\n<li>Therborn, G\u00f6ran, professor<\/li>\n<li>Trost, Jan, docent<\/li>\n<\/ul>\n<h3>VW<\/h3>\n<ul>\n<li>Wahlb\u00e4ck, Krister, professor<\/li>\n<li>Wahlstr\u00f6m, Mattias, docent, universitetslektor<\/li>\n<li>Wennerhag, Magnus, universitetslektor<\/li>\n<\/ul>\n                    <\/div>\n    <\/div>\n<\/section>\n\n\n\n\n\n\n<section  class=\"big-header bg-gray \">\n    <div class=\"container\">\n        <div class=\"inner  pt-5 pb-5\">\n\n            \n\n<div class=\"big-header-center\">\n                \n<h3 class=\"h3\"> Redaktionen <\/h3>                \n<p class=\"ample\">\n    Har du en allm\u00e4n fr\u00e5ga eller synpunkt g\u00e4llande inneh\u00e5llet i v\u00e5ra tj\u00e4nster \u00e4r du v\u00e4lkommen att h\u00f6ra av dig till oss p\u00e5 redaktionen.<\/p>    \n    \n            <div class=\"btn-container\">\n                            \n<a href=\"https:\/\/www.ne.se\/info\/kontaktsida\/?tab=Redaktion\" target=\"_blank\" aria-label=\"Kontakta oss\" class=\"button button-blue\">\n    Kontakta oss            <svg width=\"16\" height=\"16\" viewBox=\"0 0 16 16\" fill=\"none\" xmlns=\"http:\/\/www.w3.org\/2000\/svg\">\n<path d=\"M14 6.00001L14 2.00001M14 2.00001H9.99999M14 2.00001L8 8M6.66667 2H5.2C4.0799 2 3.51984 2 3.09202 2.21799C2.71569 2.40973 2.40973 2.71569 2.21799 3.09202C2 3.51984 2 4.07989 2 5.2V10.8C2 11.9201 2 12.4802 2.21799 12.908C2.40973 13.2843 2.71569 13.5903 3.09202 13.782C3.51984 14 4.07989 14 5.2 14H10.8C11.9201 14 12.4802 14 12.908 13.782C13.2843 13.5903 13.5903 13.2843 13.782 12.908C14 12.4802 14 11.9201 14 10.8V9.33333\" stroke=\"#F2F5F8\" stroke-width=\"2\" stroke-linecap=\"round\" stroke-linejoin=\"round\"\/>\n<\/svg>\n    <\/a>                                <\/div>\n    <\/div>\n        <\/div>\n    <\/div>\n<\/section>","protected":false},"excerpt":{"rendered":"","protected":false},"author":6,"featured_media":0,"parent":5420,"menu_order":0,"comment_status":"closed","ping_status":"closed","template":"","meta":{"inline_featured_image":false,"footnotes":""},"subject":[],"class_list":["post-5696","page","type-page","status-publish","hentry"],"acf":[],"_links":{"self":[{"href":"https:\/\/www.ne.se\/info\/wp-json\/wp\/v2\/pages\/5696","targetHints":{"allow":["GET"]}}],"collection":[{"href":"https:\/\/www.ne.se\/info\/wp-json\/wp\/v2\/pages"}],"about":[{"href":"https:\/\/www.ne.se\/info\/wp-json\/wp\/v2\/types\/page"}],"author":[{"embeddable":true,"href":"https:\/\/www.ne.se\/info\/wp-json\/wp\/v2\/users\/6"}],"replies":[{"embeddable":true,"href":"https:\/\/www.ne.se\/info\/wp-json\/wp\/v2\/comments?post=5696"}],"version-history":[{"count":7,"href":"https:\/\/www.ne.se\/info\/wp-json\/wp\/v2\/pages\/5696\/revisions"}],"predecessor-version":[{"id":5947,"href":"https:\/\/www.ne.se\/info\/wp-json\/wp\/v2\/pages\/5696\/revisions\/5947"}],"up":[{"embeddable":true,"href":"https:\/\/www.ne.se\/info\/wp-json\/wp\/v2\/pages\/5420"}],"wp:attachment":[{"href":"https:\/\/www.ne.se\/info\/wp-json\/wp\/v2\/media?parent=5696"}],"wp:term":[{"taxonomy":"subject","embeddable":true,"href":"https:\/\/www.ne.se\/info\/wp-json\/wp\/v2\/subject?post=5696"}],"curies":[{"name":"wp","href":"https:\/\/api.w.org\/{rel}","templated":true}]}}