{"id":5699,"date":"2023-04-27T19:58:34","date_gmt":"2023-04-27T19:58:34","guid":{"rendered":"https:\/\/www.ne.se\/info\/?page_id=5699"},"modified":"2023-04-27T19:58:36","modified_gmt":"2023-04-27T19:58:36","slug":"sprak","status":"publish","type":"page","link":"https:\/\/www.ne.se\/info\/experter-och-skribenter\/sprak\/","title":{"rendered":"Spr\u00e5k"},"content":{"rendered":"\n\n<section  class=\"big-header bg-gradient-top \">\n    <div class=\"container\">\n        <div class=\"inner   \">\n\n            \n\n<div class=\"big-header-center\">\n            \n<p class=\"uptext center\">\n    Experter och skribenter    <span class=\"line\"><\/span>\n<\/p>                \n<h2 class=\"h2\"> Spr\u00e5k <\/h2>        \n    \n    <\/div>\n        <\/div>\n    <\/div>\n<\/section>\n\n\n\n<section  class=\"blog-text\">\n    <div class=\"container\">\n        <div class=\"inner  pt-0 pb-5\">\n                            \n<h3 class=\"h3\"> Redakt\u00f6r: Rebecka Randler <\/h3>                                        <h3>A<\/h3>\n<ul>\n<li>Ahlgren, Inger, docent<\/li>\n<li>All\u00e9n, Sture, professor<\/li>\n<li>Allwood, Jens, professor<\/li>\n<li>Anderberg, Stefan, fil.kand.<\/li>\n<li>Andersson, Lars-Gunnar, professor<\/li>\n<li>Andersson, Sven-Gunnar, professor<\/li>\n<li>Andersson, Thorsten, professor<\/li>\n<li>Anward, Jan, docent<\/li>\n<li>Asztalos, Monika, docent<\/li>\n<\/ul>\n<h3>B<\/h3>\n<ul>\n<li>Barddal, Johanna, B.A.<\/li>\n<li>Benson, Sven, professor<\/li>\n<li>Bergman, Brita, professor<\/li>\n<li>Bergman, Jan, professor<\/li>\n<li>Blomqvist, Jerker, professor<\/li>\n<li>Bostr\u00f6m, Ingemar, professor<\/li>\n<li>Boyd, Sally, docent<\/li>\n<li>Bruce, G\u00f6sta, professor<\/li>\n<li>Bucher, Anna-Lena, fil.kand.<\/li>\n<\/ul>\n<h3>C<\/h3>\n<ul>\n<li>Calissendorff, Karin, fil.lic.<\/li>\n<li>Cassirer, Peter, docent<\/li>\n<\/ul>\n<h3>D<\/h3>\n<ul>\n<li>Dahl, Adolf, universitetsadjunkt<\/li>\n<li>Dahl, \u00d6sten, professor<\/li>\n<li>Delsing, Lars-Olof, docent<\/li>\n<li>Dooley Collberg, Sheila, fil.dr<\/li>\n<\/ul>\n<h3>E<\/h3>\n<ul>\n<li>Edlund, Lars-Erik, professor<\/li>\n<li>Ejerhed, Eva, professor<\/li>\n<li>Ekman, Martin, docent<\/li>\n<li>Elert, Claes-Christian, professor<\/li>\n<li>Elleg\u00e5rd, Alvar, professor<\/li>\n<li>Elmevik, Lennart, professor<\/li>\n<li>Englund-Dimitrova, Birgitta, docent<\/li>\n<li>Engstrand, Olle, docent<\/li>\n<\/ul>\n<h3>F<\/h3>\n<ul>\n<li>Fant, Lars, professor<\/li>\n<li>Fraurud, Kari, docent<\/li>\n<li>Frykman, Erik, professor<\/li>\n<\/ul>\n<h3>G<\/h3>\n<ul>\n<li>Gavare, Rolf, docent<\/li>\n<li>Granstr\u00f6m, Bj\u00f6rn, professor<\/li>\n<li>Gren-Eklund, Gunilla, professor<\/li>\n<li>Gustavsson, Sven, professor<\/li>\n<li>Gyllin, Roger, universitetslektor<\/li>\n<li>G\u00e5rding, Eva, professor<\/li>\n<li>G\u00e4rdenfors, Peter, professor<\/li>\n<\/ul>\n<h3>H<\/h3>\n<ul>\n<li>Hagstr\u00f6m, Bj\u00f6rn, professor<\/li>\n<li>Hallberg, G\u00f6ran, docent<\/li>\n<li>Hedin, Lars Magnus, fil.mag.<\/li>\n<li>Hellberg, Staffan, professor<\/li>\n<li>Hjelmquist, Erland, professor<\/li>\n<li>Holm, G\u00f6sta, professor<\/li>\n<li>Holthoer, Rostislav, professor<\/li>\n<li>Horne, Merle, docent<\/li>\n<li>Hyltenstam, Kenneth, professor<\/li>\n<\/ul>\n<h3>J<\/h3>\n<ul>\n<li>Jacobsson, Gunnar, professor<\/li>\n<li>Janson, Tore, professor<\/li>\n<li>Johannesson, Kurt, professor<\/li>\n<li>Johannesson, Rolf, professor<\/li>\n<li>Johanson, Lars, professor<\/li>\n<li>Jonasson, Kerstin, professor<\/li>\n<li>Jonsson, Hans, professor<\/li>\n<li>Josephson, Folke, professor<\/li>\n<\/ul>\n<h3>K<\/h3>\n<ul>\n<li>Karlgren, Hans, docent<\/li>\n<li>Karlsson, Hugo, arkivchef<\/li>\n<li>Koptjevskaja Tamm, Masja, docent<\/li>\n<li>Kotsinas, Ulla-Britt, professor<\/li>\n<li>Kronholm, Tryggve, professor<\/li>\n<\/ul>\n<h3>L<\/h3>\n<ul>\n<li>Larsson, Anna, fil.dr<\/li>\n<li>Larsson, Lars-Gunnar, professor<\/li>\n<li>Lindberg-Wada, Gunilla, professor<\/li>\n<li>Lindblom, Bj\u00f6rn, professor<\/li>\n<li>Linell, Per, professor<\/li>\n<li>Ljung, Magnus, professor<\/li>\n<li>Lodhi, Abdulaziz, universitetslektor<\/li>\n<li>Lundberg, Bengt A., universitetslektor<\/li>\n<\/ul>\n<h3>M<\/h3>\n<ul>\n<li>Malmqvist, G\u00f6ran, professor<\/li>\n<li>McAllister, Robert, fil.dr<\/li>\n<li>Melchers, Gunnel, docent<\/li>\n<li>Michelsson, Katarina, med.dr<\/li>\n<li>Mob\u00e4rg, Mats, fil.dr<\/li>\n<li>Mral, Brigitte, docent<\/li>\n<\/ul>\n<h3>N<\/h3>\n<ul>\n<li>Naucl\u00e9r, Kerstin, docent<\/li>\n<li>Nordberg, Bengt, professor<\/li>\n<\/ul>\n<h3>O<\/h3>\n<ul>\n<li>O\u2019Corr\u00e1in, Ailbhe, docent<\/li>\n<\/ul>\n<h3>P<\/h3>\n<ul>\n<li>Packal\u00e9n, Malgorzata Anna, professor<\/li>\n<li>Parkvall, Mikael, fil.mag.<\/li>\n<li>Paulsson, Olof, docent<\/li>\n<li>Peders\u00e9n, Olof, docent<\/li>\n<li>Peterson, Lena, professor<\/li>\n<li>Pettersson, John S\u00f6ren, universitetslektor<\/li>\n<li>Pettersson, Thore, docent<\/li>\n<\/ul>\n<h3>R<\/h3>\n<ul>\n<li>Ralph, Bo, professor<\/li>\n<li>Rendahl, Anne-Charlotte, fil.kand.<\/li>\n<li>Rets\u00f6, Jan, professor<\/li>\n<li>Reuter, Mikael, fil.lic.<\/li>\n<li>Rivano, Emilio, fil.dr<\/li>\n<li>Ros\u00e9n, Staffan, professor<\/li>\n<li>R\u00fake-Dravina, Velta, professor<\/li>\n<li>Rudawski, Michal, dipl.ing.<\/li>\n<li>Rudberg, Stig Y., professor<\/li>\n<\/ul>\n<h3>S<\/h3>\n<ul>\n<li>Sabatakakis, Vassilios, fil.kand.<\/li>\n<li>Scherp, Lambert, fil.kand.<\/li>\n<li>Sigurd, Bengt, professor<\/li>\n<li>Sj\u00f6g\u00e5rd, Erik, fil.mag.<\/li>\n<li>Sj\u00f6lander, Sverre, docent<\/li>\n<li>Slotte, Peter, docent<\/li>\n<li>Smith, William, docent<\/li>\n<li>Stroud, Christopher, fil.dr<\/li>\n<li>Suneson, Carl, docent<\/li>\n<li>Svantesson, Jan-Olof, professor<\/li>\n<li>Svartvik, Jan, professor<\/li>\n<li>S\u00f6derbergh, Ragnhild, professor<\/li>\n<li>S\u00f6hrman, Ingmar, docent<\/li>\n<\/ul>\n<h3>T<\/h3>\n<ul>\n<li>Teleman, Ulf, professor<\/li>\n<li>Tj\u00e4der, B\u00f6rje, professor<\/li>\n<li>Traunm\u00fcller, Hartmut, docent<\/li>\n<\/ul>\n<h3>U<\/h3>\n<ul>\n<li>Utas, Bo, professor<\/li>\n<\/ul>\n<h3>VW<\/h3>\n<ul>\n<li>Vamling, Karina, fil.dr<\/li>\n<li>Wande, Erling, professor<\/li>\n<li>Westman, Margareta, professor<\/li>\n<li>Wik\u00e9n Bonde, Ingrid, docent<\/li>\n<li>Wollin, Lars, docent<\/li>\n<\/ul>\n<h3>\u00c5<\/h3>\n<ul>\n<li>\u00c5rhem, Kaj, professor<\/li>\n<\/ul>\n                    <\/div>\n    <\/div>\n<\/section>\n\n\n\n\n\n\n<section  class=\"big-header bg-gray \">\n    <div class=\"container\">\n        <div class=\"inner  pt-5 pb-5\">\n\n            \n\n<div class=\"big-header-center\">\n                \n<h3 class=\"h3\"> Redaktionen <\/h3>                \n<p class=\"ample\">\n    Har du en allm\u00e4n fr\u00e5ga eller synpunkt g\u00e4llande inneh\u00e5llet i v\u00e5ra tj\u00e4nster \u00e4r du v\u00e4lkommen att h\u00f6ra av dig till oss p\u00e5 redaktionen.<\/p>    \n    \n            <div class=\"btn-container\">\n                            \n<a href=\"https:\/\/www.ne.se\/info\/kontaktsida\/?tab=Redaktion\" target=\"_blank\" aria-label=\"Kontakta oss\" class=\"button button-blue\">\n    Kontakta oss            <svg width=\"16\" height=\"16\" viewBox=\"0 0 16 16\" fill=\"none\" xmlns=\"http:\/\/www.w3.org\/2000\/svg\">\n<path d=\"M14 6.00001L14 2.00001M14 2.00001H9.99999M14 2.00001L8 8M6.66667 2H5.2C4.0799 2 3.51984 2 3.09202 2.21799C2.71569 2.40973 2.40973 2.71569 2.21799 3.09202C2 3.51984 2 4.07989 2 5.2V10.8C2 11.9201 2 12.4802 2.21799 12.908C2.40973 13.2843 2.71569 13.5903 3.09202 13.782C3.51984 14 4.07989 14 5.2 14H10.8C11.9201 14 12.4802 14 12.908 13.782C13.2843 13.5903 13.5903 13.2843 13.782 12.908C14 12.4802 14 11.9201 14 10.8V9.33333\" stroke=\"#F2F5F8\" stroke-width=\"2\" stroke-linecap=\"round\" stroke-linejoin=\"round\"\/>\n<\/svg>\n    <\/a>                                <\/div>\n    <\/div>\n        <\/div>\n    <\/div>\n<\/section>","protected":false},"excerpt":{"rendered":"","protected":false},"author":6,"featured_media":0,"parent":5420,"menu_order":0,"comment_status":"closed","ping_status":"closed","template":"","meta":{"inline_featured_image":false,"footnotes":""},"subject":[],"class_list":["post-5699","page","type-page","status-publish","hentry"],"acf":[],"_links":{"self":[{"href":"https:\/\/www.ne.se\/info\/wp-json\/wp\/v2\/pages\/5699","targetHints":{"allow":["GET"]}}],"collection":[{"href":"https:\/\/www.ne.se\/info\/wp-json\/wp\/v2\/pages"}],"about":[{"href":"https:\/\/www.ne.se\/info\/wp-json\/wp\/v2\/types\/page"}],"author":[{"embeddable":true,"href":"https:\/\/www.ne.se\/info\/wp-json\/wp\/v2\/users\/6"}],"replies":[{"embeddable":true,"href":"https:\/\/www.ne.se\/info\/wp-json\/wp\/v2\/comments?post=5699"}],"version-history":[{"count":2,"href":"https:\/\/www.ne.se\/info\/wp-json\/wp\/v2\/pages\/5699\/revisions"}],"predecessor-version":[{"id":5701,"href":"https:\/\/www.ne.se\/info\/wp-json\/wp\/v2\/pages\/5699\/revisions\/5701"}],"up":[{"embeddable":true,"href":"https:\/\/www.ne.se\/info\/wp-json\/wp\/v2\/pages\/5420"}],"wp:attachment":[{"href":"https:\/\/www.ne.se\/info\/wp-json\/wp\/v2\/media?parent=5699"}],"wp:term":[{"taxonomy":"subject","embeddable":true,"href":"https:\/\/www.ne.se\/info\/wp-json\/wp\/v2\/subject?post=5699"}],"curies":[{"name":"wp","href":"https:\/\/api.w.org\/{rel}","templated":true}]}}