{"id":5702,"date":"2023-04-27T19:59:17","date_gmt":"2023-04-27T19:59:17","guid":{"rendered":"https:\/\/www.ne.se\/info\/?page_id=5702"},"modified":"2023-04-27T19:59:19","modified_gmt":"2023-04-27T19:59:19","slug":"statistik","status":"publish","type":"page","link":"https:\/\/www.ne.se\/info\/experter-och-skribenter\/statistik\/","title":{"rendered":"Statistik"},"content":{"rendered":"\n\n<section  class=\"big-header bg-gradient-top \">\n    <div class=\"container\">\n        <div class=\"inner   \">\n\n            \n\n<div class=\"big-header-center\">\n            \n<p class=\"uptext center\">\n    Experter och skribenter    <span class=\"line\"><\/span>\n<\/p>                \n<h2 class=\"h2\"> Statistik <\/h2>        \n    \n    <\/div>\n        <\/div>\n    <\/div>\n<\/section>\n\n\n\n<section  class=\"blog-text\">\n    <div class=\"container\">\n        <div class=\"inner  pt-0 pb-5\">\n                            \n<h3 class=\"h3\"> Redakt\u00f6r: Olof Ollerstam <\/h3>                                        <h3>A<\/h3>\n<ul>\n<li>Arvidsson, Arne, statistikchef<\/li>\n<\/ul>\n<h3>B<\/h3>\n<ul>\n<li>Blom, Gunnar, professor<\/li>\n<li>Bohman, Harald, fil.dr<\/li>\n<li>Bondesson, Lennart, professor<\/li>\n<\/ul>\n<h3>G<\/h3>\n<ul>\n<li>Gut, Allan, professor<\/li>\n<\/ul>\n<h3>H<\/h3>\n<ul>\n<li>Hjort, Urban, professor<\/li>\n<li>Hoem, Jan M., professor<\/li>\n<li>Holm, Sture, professor<\/li>\n<li>Holmberg, S\u00f6ren, professor<\/li>\n<li>Holmquist, Bj\u00f6rn, docent<\/li>\n<li>Holst, Jan, professor<\/li>\n<li>Holst, Lars, professor<\/li>\n<li>Holst, Ulla, professor<\/li>\n<\/ul>\n<h3>J<\/h3>\n<ul>\n<li>Jagers, Peter, professor<\/li>\n<\/ul>\n<h3>K<\/h3>\n<ul>\n<li>Klefsj\u00f6, Bengt, professor (kvalitetsteknik)<\/li>\n<li>Kulldorff, Gunnar, professor<\/li>\n<\/ul>\n<h3>L<\/h3>\n<ul>\n<li>Lanke, Jan, professor<\/li>\n<li>Lindgren, Georg, professor<\/li>\n<li>Lindvall, Torgny, professor<\/li>\n<\/ul>\n<h3>M<\/h3>\n<ul>\n<li>de Mar\u00e9, Jacques, professor<\/li>\n<\/ul>\n<h3>P<\/h3>\n<ul>\n<li>Peterson, Stefan, civilingenj\u00f6r<\/li>\n<\/ul>\n<h3>R<\/h3>\n<ul>\n<li>Riesel, Hans, docent<\/li>\n<li>Rootz\u00e9n, Holger, professor<\/li>\n<li>R\u00e5de, Lennart, docent<\/li>\n<\/ul>\n<h3>S<\/h3>\n<ul>\n<li>Seeger, Paul, professor<\/li>\n<li>Sundberg, Rolf, docent<\/li>\n<\/ul>\n<h3>T<\/h3>\n<ul>\n<li>Thorburn, Daniel, professor<\/li>\n<li>Trost, Jan, docent<\/li>\n<\/ul>\n<h3>V<\/h3>\n<ul>\n<li>Valentin, Jack, docent<\/li>\n<li>Vorwerk, Peter, avdelningsdirekt\u00f6r<\/li>\n<\/ul>\n                    <\/div>\n    <\/div>\n<\/section>\n\n\n\n\n\n\n<section  class=\"big-header bg-gray \">\n    <div class=\"container\">\n        <div class=\"inner  pt-5 pb-5\">\n\n            \n\n<div class=\"big-header-center\">\n                \n<h3 class=\"h3\"> Redaktionen <\/h3>                \n<p class=\"ample\">\n    Har du en allm\u00e4n fr\u00e5ga eller synpunkt g\u00e4llande inneh\u00e5llet i v\u00e5ra tj\u00e4nster \u00e4r du v\u00e4lkommen att h\u00f6ra av dig till oss p\u00e5 redaktionen.<\/p>    \n    \n            <div class=\"btn-container\">\n                            \n<a href=\"https:\/\/www.ne.se\/info\/kontaktsida\/?tab=Redaktion\" target=\"_blank\" aria-label=\"Kontakta oss\" class=\"button button-blue\">\n    Kontakta oss            <svg width=\"16\" height=\"16\" viewBox=\"0 0 16 16\" fill=\"none\" xmlns=\"http:\/\/www.w3.org\/2000\/svg\">\n<path d=\"M14 6.00001L14 2.00001M14 2.00001H9.99999M14 2.00001L8 8M6.66667 2H5.2C4.0799 2 3.51984 2 3.09202 2.21799C2.71569 2.40973 2.40973 2.71569 2.21799 3.09202C2 3.51984 2 4.07989 2 5.2V10.8C2 11.9201 2 12.4802 2.21799 12.908C2.40973 13.2843 2.71569 13.5903 3.09202 13.782C3.51984 14 4.07989 14 5.2 14H10.8C11.9201 14 12.4802 14 12.908 13.782C13.2843 13.5903 13.5903 13.2843 13.782 12.908C14 12.4802 14 11.9201 14 10.8V9.33333\" stroke=\"#F2F5F8\" stroke-width=\"2\" stroke-linecap=\"round\" stroke-linejoin=\"round\"\/>\n<\/svg>\n    <\/a>                                <\/div>\n    <\/div>\n        <\/div>\n    <\/div>\n<\/section>","protected":false},"excerpt":{"rendered":"","protected":false},"author":6,"featured_media":0,"parent":5420,"menu_order":0,"comment_status":"closed","ping_status":"closed","template":"","meta":{"inline_featured_image":false,"footnotes":""},"subject":[],"class_list":["post-5702","page","type-page","status-publish","hentry"],"acf":[],"_links":{"self":[{"href":"https:\/\/www.ne.se\/info\/wp-json\/wp\/v2\/pages\/5702","targetHints":{"allow":["GET"]}}],"collection":[{"href":"https:\/\/www.ne.se\/info\/wp-json\/wp\/v2\/pages"}],"about":[{"href":"https:\/\/www.ne.se\/info\/wp-json\/wp\/v2\/types\/page"}],"author":[{"embeddable":true,"href":"https:\/\/www.ne.se\/info\/wp-json\/wp\/v2\/users\/6"}],"replies":[{"embeddable":true,"href":"https:\/\/www.ne.se\/info\/wp-json\/wp\/v2\/comments?post=5702"}],"version-history":[{"count":2,"href":"https:\/\/www.ne.se\/info\/wp-json\/wp\/v2\/pages\/5702\/revisions"}],"predecessor-version":[{"id":5704,"href":"https:\/\/www.ne.se\/info\/wp-json\/wp\/v2\/pages\/5702\/revisions\/5704"}],"up":[{"embeddable":true,"href":"https:\/\/www.ne.se\/info\/wp-json\/wp\/v2\/pages\/5420"}],"wp:attachment":[{"href":"https:\/\/www.ne.se\/info\/wp-json\/wp\/v2\/media?parent=5702"}],"wp:term":[{"taxonomy":"subject","embeddable":true,"href":"https:\/\/www.ne.se\/info\/wp-json\/wp\/v2\/subject?post=5702"}],"curies":[{"name":"wp","href":"https:\/\/api.w.org\/{rel}","templated":true}]}}