{"id":5705,"date":"2023-04-27T19:59:59","date_gmt":"2023-04-27T19:59:59","guid":{"rendered":"https:\/\/www.ne.se\/info\/?page_id=5705"},"modified":"2023-05-02T09:43:44","modified_gmt":"2023-05-02T09:43:44","slug":"statsvetenskap-och-politik","status":"publish","type":"page","link":"https:\/\/www.ne.se\/info\/experter-och-skribenter\/statsvetenskap-och-politik\/","title":{"rendered":"Statsvetenskap och politik"},"content":{"rendered":"\n\n<section  class=\"big-header bg-gradient-top \">\n    <div class=\"container\">\n        <div class=\"inner   \">\n\n            \n\n<div class=\"big-header-center\">\n            \n<p class=\"uptext center\">\n    Experter och skribenter    <span class=\"line\"><\/span>\n<\/p>                \n<h2 class=\"h2\"> Statsvetenskap och politik <\/h2>        \n    \n    <\/div>\n        <\/div>\n    <\/div>\n<\/section>\n\n\n\n<section  class=\"blog-text\">\n    <div class=\"container\">\n        <div class=\"inner  pt-0 pb-5\">\n                            \n<h3 class=\"h3\"> Redakt\u00f6r: Anders Hansson <\/h3>                                        <h3>A<\/h3>\n<ul>\n<li>Agrell, Wilhelm, docent<\/li>\n<li>Albinsson, Per, fil.dr<\/li>\n<li>Alinder, Orvar, avdelningschef<\/li>\n<li>Alvstam, Claes-G\u00f6ran, professor<\/li>\n<li>Ambj\u00f6rnsson, Ronny, professor<\/li>\n<li>Am\u00e9en, Lennart, docent<\/li>\n<li>Amer, Ramses, docent<\/li>\n<li>Andersson, Hans E., doktorand<\/li>\n<li>Andr\u00e9n, Carl-Gustaf, f.d. universitetskansler<\/li>\n<li>Andr\u00e9n, Nils, professor<\/li>\n<li>Anrup, Roland, professor<\/li>\n<li>Asker, Bj\u00f6rn, fil.dr<\/li>\n<\/ul>\n<h3>B<\/h3>\n<ul>\n<li>Babic-Odlander, Lidija, redakt\u00f6r<\/li>\n<li>Bengtsson, Jesper, redakt\u00f6r<\/li>\n<li>Bennich-Bj\u00f6rkman, Li, professor<\/li>\n<li>Bergman, Erland, kanslichef<\/li>\n<li>Bernitz, Ulf, professor<\/li>\n<li>Berns, Lennart, \u00f6verstel\u00f6jtnant<\/li>\n<li>Birgersson, Bengt Owe, docent<\/li>\n<li>Birnbaum, Simon, fil.dr<\/li>\n<li>Bjereld, Ulf, professor<\/li>\n<li>Bjerregaard, Petter, journalist<\/li>\n<li>Bjurulf, Bo, docent<\/li>\n<li>Bj\u00f6rlin, Lars, fil.lic.<\/li>\n<li>Blomb\u00e4ck, Sofie, fil.dr<\/li>\n<li>Blomgren, Magnus, docent<\/li>\n<li>Boussard, Caroline, fil.mag.<\/li>\n<li>Bramst\u00e5ng, Gunnar, professor<\/li>\n<li>Brandell, Inga, fil.dr<\/li>\n<li>Bring, Ove, professor<\/li>\n<li>B\u00e5genholm, Andreas, universitetslektor<\/li>\n<\/ul>\n<h3>C<\/h3>\n<ul>\n<li>Cram\u00e9r, Per, docent<\/li>\n<li>Cronenberg, Arvid, \u00f6verstel\u00f6jtnant<\/li>\n<\/ul>\n<h3>D<\/h3>\n<ul>\n<li>Dal\u00e9n, Uno, redakt\u00f6r<\/li>\n<li>Du Rietz, Jan, journalist<\/li>\n<li>Dulic, Tomislav, doktorand<\/li>\n<\/ul>\n<h3>E<\/h3>\n<ul>\n<li>af Edholm, Erik, docent<\/li>\n<li>Edstr\u00f6m, Bert, fil.dr<\/li>\n<li>Eduards, Maud, professor<\/li>\n<li>Ehrencrona, Olof, redakt\u00f6r<\/li>\n<li>Ekholm, Curt, fil.dr, major<\/li>\n<li>Ekman, Martin, docent<\/li>\n<li>Elgstr\u00f6m, Ole, universitetslektor<\/li>\n<li>Eliasson, Leif, universitetsadjunkt<\/li>\n<li>Elm\u00e9r, \u00c5ke, professor<\/li>\n<li>Engberg, Katarina, departementsr\u00e5d<\/li>\n<li>Erlingsson, Gissur, universitetslektor<\/li>\n<\/ul>\n<h3>F<\/h3>\n<ul>\n<li>Falk, Maria, redakt\u00f6r<\/li>\n<li>Falkemark, Gunnar, docent<\/li>\n<li>Frandsen, Karl-Erik, docent<\/li>\n<li>Franz\u00e9n, Christer, fil.dr<\/li>\n<li>Frykman, Erik, professor em.<\/li>\n<li>Furubrant, Kerstin, redakt\u00f6r<\/li>\n<\/ul>\n<h3>G<\/h3>\n<ul>\n<li>Gahrton, Per, fil.dr<\/li>\n<li>Gardell, Mattias, fil.dr<\/li>\n<li>Gerner, Kristian, professor<\/li>\n<li>Gunnarson, Carina, fil.dr<\/li>\n<li>Gustafsson, Agne, universitetslektor<\/li>\n<li>Gustafsson, Harald, professor<\/li>\n<li>Gustafsson, Karl Erik, professor<\/li>\n<li>Gustavsson, Jakob, fil.dr<\/li>\n<\/ul>\n<h3>H<\/h3>\n<ul>\n<li>H\u00e6llquist, Karl-Reinhold, fil.lic.<\/li>\n<li>Hafstr\u00f6m, Jonas, jur.kand.<\/li>\n<li>Hagman, Ulf, redakt\u00f6r<\/li>\n<li>Hammar, Tomas, professor<\/li>\n<li>Hansson, Anders, redakt\u00f6r<\/li>\n<li>Halkjaer, Erik, journalist<\/li>\n<li>Halld\u00e9n, Philip, fil.dr<\/li>\n<li>Hallenberg, Jan, professor<\/li>\n<li>Harrison, Dick, docent<\/li>\n<li>Hart, Tom, professor<\/li>\n<li>Hejzlar, Zdenek, journalist<\/li>\n<li>Hellner, Anders, redakt\u00f6r<\/li>\n<li>Herolf, Gunilla, doktorand<\/li>\n<li>Hettne, Bj\u00f6rn, professor<\/li>\n<li>Hinnemo, Torgny, journalist<\/li>\n<li>Hj\u00e4rpe, Jan, professor<\/li>\n<li>Holmberg, John-Henri, bokf\u00f6rl\u00e4ggare<\/li>\n<li>Holmberg, S\u00f6ren, professor<\/li>\n<li>Holmertz, Gert, journalist<\/li>\n<li>Hubendick, Bengt, professor<\/li>\n<li>Huldt, Bo, professor<\/li>\n<li>Huldt, Marianne, fil.kand.<\/li>\n<li>Hultquist, Owe, fil.kand.<\/li>\n<li>H\u00e4ger, Bengt \u00c5ke, lektor<\/li>\n<li>H\u00e4gerdal, Hans, fil.dr<\/li>\n<li>H\u00e4ggman, Bertil, jur.kand.<\/li>\n<li>H\u00f6glund, Lena, redakt\u00f6r<\/li>\n<\/ul>\n<h3>I<\/h3>\n<ul>\n<li>Illman, Karl-Johan, professor<\/li>\n<li>Inger, G\u00f6ran, professor<\/li>\n<li>Isaksson, Guy-Erik, docent<\/li>\n<li>Isberg, Magnus, kanslichef<\/li>\n<\/ul>\n<h3>J<\/h3>\n<ul>\n<li>Jacobsson, Marie, jur.kand.<\/li>\n<li>Jannisa, Gudmund, fil.dr.<\/li>\n<li>Jerneck, Magnus, professor<\/li>\n<li>Johansson, Karl Magnus, fil.dr<\/li>\n<li>Johansson, Rune, professor<\/li>\n<li>Jonasson, Gustaf, docent<\/li>\n<li>Jonson, Lena, docent<\/li>\n<li>Jonsson, Gabriel, docent<\/li>\n<li>Josefsson, G\u00f6ran, arkivchef<\/li>\n<\/ul>\n<h3>K<\/h3>\n<ul>\n<li>Karlsson, Ingmar, f.d. ambassad\u00f6r<\/li>\n<li>Karlsson, Klas-G\u00f6ran, docent<\/li>\n<li>Karlsson, Lena, journalist<\/li>\n<li>Karvonen, Lauri, professor<\/li>\n<li>Kellberg, Love, ambassad\u00f6r<\/li>\n<li>Killander, Magnus, jur.kand.<\/li>\n<li>Kolare, Suzanne, presschef<\/li>\n<li>von Konow, Jan, fil.lic.<\/li>\n<li>Korsfeldt, Thomas, generaldirekt\u00f6r<\/li>\n<li>Kragh, Martin, docent<\/li>\n<li>Krokfors, Christer, h\u00f6gskoleadjunkt<\/li>\n<li>Kronholm, Tryggve, professor<\/li>\n<li>Kumm, Bj\u00f6rn, journalist<\/li>\n<li>K\u00fcng, Andres, f\u00f6rfattare<\/li>\n<li>Lagerholm, Ingemar, fil.mag.<\/li>\n<\/ul>\n<h3>L<\/h3>\n<ul>\n<li>Lagervall, Rickard, doktorand<\/li>\n<li>Lammers, Karl Christian, universitetslektor<\/li>\n<li>Lapidus, John, fil.dr<\/li>\n<li>Larsson, Inga, adjunkt<\/li>\n<li>Larsson, Stig, professor<\/li>\n<li>Lennhag, Mi, fil.mag.<\/li>\n<li>Leonardsson, Hanna, doktorand<\/li>\n<li>Levinsson, Claes, doktorand<\/li>\n<li>Liedman, Sven-Eric, professor<\/li>\n<li>Lindahl, Rutger, professor<\/li>\n<li>Lindstr\u00f6m, Lars, universitetsadjunkt<\/li>\n<li>Lindvall, Johannes, professor<\/li>\n<li>Lodenius, Anna-Lena, journalist<\/li>\n<li>Lodin, Sven-Olof, professor<\/li>\n<li>Lund, Aron, journalist<\/li>\n<li>Lundahl, Bertil, fil.dr<\/li>\n<li>Lundberg, Fredrik, journalist<\/li>\n<li>Lundin, Lars-Erik, fil.dr<\/li>\n<li>Lundquist, Lennart, professor<\/li>\n<li>Lundstr\u00f6m, G\u00f6sta, \u00f6verste 1:a graden<\/li>\n<li>Lyth, Einar, \u00f6verste 1:a graden<\/li>\n<\/ul>\n<h3>M<\/h3>\n<ul>\n<li>Magnusson, M\u00e4rta-Lisa, fil.dr<\/li>\n<li>Mangold, Jacques, \u00f6vers\u00e4ttare<\/li>\n<li>Melander, G\u00f6ran, professor<\/li>\n<li>Molin, Bj\u00f6rn, docent<\/li>\n<li>Montelius, Jan-Olof, fil.kand.<\/li>\n<li>Mundebo, Ingemar, f.d. generaldirekt\u00f6r<\/li>\n<li>M\u00f6ller, Tommy, fil.dr<\/li>\n<li>M\u00f6ller, Ulrika, fil.dr<\/li>\n<\/ul>\n<h3>N<\/h3>\n<ul>\n<li>Nilson, Bengt, fil.dr<\/li>\n<li>Norborg, Lars-Arne, docent<\/li>\n<li>Nordl\u00f6f-Lagerkranz, Ulla, redakt\u00f6r<\/li>\n<li>Nordstr\u00f6m, Marie, fil.dr<\/li>\n<li>Nystr\u00f6m, Kenneth, fil.mag.<\/li>\n<li>N\u00f8rlund, Irene, cand.mag.<\/li>\n<\/ul>\n<h3>O<\/h3>\n<ul>\n<li>Od\u00e9n, Bertil, fil.lic<\/li>\n<li>Olsson, Lars, docent<\/li>\n<\/ul>\n<h3>P<\/h3>\n<ul>\n<li>Palmberg, Maj, pol.mag.<\/li>\n<li>Persson, Sune, docent<\/li>\n<li>Petersson, Bo, docent<\/li>\n<li>Petersson, Olof, professor<\/li>\n<li>Puig i Scotoni, Pau, fil.dr<\/li>\n<\/ul>\n<h3>R<\/h3>\n<ul>\n<li>Raneb\u00e4ck, Owe, redakt\u00f6r<\/li>\n<li>Ranstorp, Magnus, redakt\u00f6r<\/li>\n<li>Regn\u00e9ll, Hans, professor<\/li>\n<li>Richardson, Gunnar, professor<\/li>\n<li>Rojas, Mauricio, fil.dr<\/li>\n<li>Rom\u00e1n, Mikael, fil.kand.<\/li>\n<li>Ros\u00e9n, Staffan, professor<\/li>\n<li>Rosengren, Karl Erik, professor<\/li>\n<li>Rubenson, Sven, professor<\/li>\n<li>Ruin, Olof, professor<\/li>\n<li>Rystad, G\u00f6ran, professor<\/li>\n<\/ul>\n<h3>S<\/h3>\n<ul>\n<li>Salih, Khaled, fil.dr<\/li>\n<li>Salomon, Kim, professor<\/li>\n<li>Samuelsson, Gunnar, stiftsjurist<\/li>\n<li>Sandin, Bengt, professor<\/li>\n<li>Sannerstedt, Anders, docent<\/li>\n<li>Schierenbeck, Isabell, docent<\/li>\n<li>Schiller, Bernt, professor<\/li>\n<li>Schmidt, Johan, journalist<\/li>\n<li>Schulz, Michael, docent<\/li>\n<li>Sch\u00f6ldstr\u00f6m, Arne, kanslichef<\/li>\n<li>Selin Lindgren, Eva, professor<\/li>\n<li>Semneby, Peter, ambassadr\u00e5d<\/li>\n<li>Sj\u00f6berg, Bengt, \u00f6verste 1:a graden<\/li>\n<li>Sj\u00f6berg, Hans, fil.lic.<\/li>\n<li>Sj\u00f6berg, Tommie, fil.dr<\/li>\n<li>Sj\u00f6lin, Mats, docent<\/li>\n<li>Sommerer, Thomas, professor<\/li>\n<li>Sterzel, Fredrik, justitier\u00e5d<\/li>\n<li>Stjernberg, Gustaf, direkt\u00f6r<\/li>\n<li>Stjernquist, Nils, professor<\/li>\n<li>Sturesj\u00f6, \u00d6rjan, universitetsadjunkt<\/li>\n<li>Swahn, Jan-\u00d6jvind, professor<\/li>\n<li>Svantesson, Jan-Olof, professor<\/li>\n<li>Svenonius, Torsten, civ.ing.<\/li>\n<li>Svensson, Per, redakt\u00f6r<\/li>\n<li>Svensson, Thommy, professor<\/li>\n<li>Swiecicki, Jakub, redakt\u00f6r<\/li>\n<li>S\u00f6derberg, Marie, fil.dr<\/li>\n<li>S\u00f6derpalm, Sven Anders, professor<\/li>\n<\/ul>\n<h3>T<\/h3>\n<ul>\n<li>Thomasson, Lars, rektor<\/li>\n<li>T\u00f8nnesson, Stein, dr.philos.<\/li>\n<li>T\u00f6rnquist-Pleva, Barbara, docent<\/li>\n<li>T\u00f6rnquist, Olle, docent<\/li>\n<\/ul>\n<h3>U<\/h3>\n<ul>\n<li>Uba, Katrin, docent, lektor<\/li>\n<li>Uhlin, Anders, fil.dr<\/li>\n<\/ul>\n<h3>VW<\/h3>\n<ul>\n<li>Wachtmeister, Claes-Adam, redakt\u00f6r<\/li>\n<li>Wahlb\u00e4ck, Krister, professor<\/li>\n<li>Wallensteen, Peter, professor<\/li>\n<li>Vallinder, Torbj\u00f6rn, docent<\/li>\n<li>Wallroth, Bengt, generalmajor<\/li>\n<li>Wanek, Alexander, fil.dr<\/li>\n<li>Vedung, Evert, professor<\/li>\n<li>Weibull, J\u00f6rgen, professor<\/li>\n<li>Wennergren, Bertil, lagman<\/li>\n<li>Wessman, Lars, arkivchef<\/li>\n<li>Wetterberg, Gunnar, direkt\u00f6r<\/li>\n<li>Widfelt, Anders, fil.dr<\/li>\n<li>Wilkens, Ann, ambassad\u00f6r<\/li>\n<\/ul>\n<h3>Z<\/h3>\n<ul>\n<li>Zander, Ulf, dr<\/li>\n<li>Zeidler-Blomberg, Beatrice, redakt\u00f6r<\/li>\n<\/ul>\n<h3>\u00c5<\/h3>\n<ul>\n<li>\u00c5dahl, Andreas, ambassad\u00f6r<\/li>\n<\/ul>\n<h3>\u00d6<\/h3>\n<ul>\n<li>\u00d6jendal, Joakim, fil.lic.<\/li>\n<li>\u00d6stberg, Kjell, docent<\/li>\n<li>\u00d6sterberg, Oscar, fil.dr<\/li>\n<\/ul>\n                    <\/div>\n    <\/div>\n<\/section>\n\n\n\n\n\n\n<section  class=\"big-header bg-gray \">\n    <div class=\"container\">\n        <div class=\"inner  pt-5 pb-5\">\n\n            \n\n<div class=\"big-header-center\">\n                \n<h3 class=\"h3\"> Redaktionen <\/h3>                \n<p class=\"ample\">\n    Har du en allm\u00e4n fr\u00e5ga eller synpunkt g\u00e4llande inneh\u00e5llet i v\u00e5ra tj\u00e4nster \u00e4r du v\u00e4lkommen att h\u00f6ra av dig till oss p\u00e5 redaktionen.<\/p>    \n    \n            <div class=\"btn-container\">\n                            \n<a href=\"https:\/\/www.ne.se\/info\/kontaktsida\/?tab=Redaktion\" target=\"_blank\" aria-label=\"Kontakta oss\" class=\"button button-blue\">\n    Kontakta oss            <svg width=\"16\" height=\"16\" viewBox=\"0 0 16 16\" fill=\"none\" xmlns=\"http:\/\/www.w3.org\/2000\/svg\">\n<path d=\"M14 6.00001L14 2.00001M14 2.00001H9.99999M14 2.00001L8 8M6.66667 2H5.2C4.0799 2 3.51984 2 3.09202 2.21799C2.71569 2.40973 2.40973 2.71569 2.21799 3.09202C2 3.51984 2 4.07989 2 5.2V10.8C2 11.9201 2 12.4802 2.21799 12.908C2.40973 13.2843 2.71569 13.5903 3.09202 13.782C3.51984 14 4.07989 14 5.2 14H10.8C11.9201 14 12.4802 14 12.908 13.782C13.2843 13.5903 13.5903 13.2843 13.782 12.908C14 12.4802 14 11.9201 14 10.8V9.33333\" stroke=\"#F2F5F8\" stroke-width=\"2\" stroke-linecap=\"round\" stroke-linejoin=\"round\"\/>\n<\/svg>\n    <\/a>                                <\/div>\n    <\/div>\n        <\/div>\n    <\/div>\n<\/section>","protected":false},"excerpt":{"rendered":"","protected":false},"author":6,"featured_media":0,"parent":5420,"menu_order":0,"comment_status":"closed","ping_status":"closed","template":"","meta":{"inline_featured_image":false,"footnotes":""},"subject":[],"class_list":["post-5705","page","type-page","status-publish","hentry"],"acf":[],"_links":{"self":[{"href":"https:\/\/www.ne.se\/info\/wp-json\/wp\/v2\/pages\/5705","targetHints":{"allow":["GET"]}}],"collection":[{"href":"https:\/\/www.ne.se\/info\/wp-json\/wp\/v2\/pages"}],"about":[{"href":"https:\/\/www.ne.se\/info\/wp-json\/wp\/v2\/types\/page"}],"author":[{"embeddable":true,"href":"https:\/\/www.ne.se\/info\/wp-json\/wp\/v2\/users\/6"}],"replies":[{"embeddable":true,"href":"https:\/\/www.ne.se\/info\/wp-json\/wp\/v2\/comments?post=5705"}],"version-history":[{"count":4,"href":"https:\/\/www.ne.se\/info\/wp-json\/wp\/v2\/pages\/5705\/revisions"}],"predecessor-version":[{"id":5950,"href":"https:\/\/www.ne.se\/info\/wp-json\/wp\/v2\/pages\/5705\/revisions\/5950"}],"up":[{"embeddable":true,"href":"https:\/\/www.ne.se\/info\/wp-json\/wp\/v2\/pages\/5420"}],"wp:attachment":[{"href":"https:\/\/www.ne.se\/info\/wp-json\/wp\/v2\/media?parent=5705"}],"wp:term":[{"taxonomy":"subject","embeddable":true,"href":"https:\/\/www.ne.se\/info\/wp-json\/wp\/v2\/subject?post=5705"}],"curies":[{"name":"wp","href":"https:\/\/api.w.org\/{rel}","templated":true}]}}