{"id":5726,"date":"2023-04-27T20:12:22","date_gmt":"2023-04-27T20:12:22","guid":{"rendered":"https:\/\/www.ne.se\/info\/?page_id=5726"},"modified":"2023-04-27T20:12:24","modified_gmt":"2023-04-27T20:12:24","slug":"arbetsmarknad","status":"publish","type":"page","link":"https:\/\/www.ne.se\/info\/experter-och-skribenter\/arbetsmarknad\/","title":{"rendered":"Arbetsmarknad"},"content":{"rendered":"\n\n<section  class=\"big-header bg-gradient-top \">\n    <div class=\"container\">\n        <div class=\"inner   \">\n\n            \n\n<div class=\"big-header-center\">\n            \n<p class=\"uptext center\">\n    Experter och skribenter    <span class=\"line\"><\/span>\n<\/p>                \n<h2 class=\"h2\"> Arbetsmarknad <\/h2>        \n    \n    <\/div>\n        <\/div>\n    <\/div>\n<\/section>\n\n\n\n<section  class=\"blog-text\">\n    <div class=\"container\">\n        <div class=\"inner  pt-0 pb-5\">\n                            \n<h3 class=\"h3\"> Redakt\u00f6r: Olof Ollerstam <\/h3>                                        <h3>A<\/h3>\n<ul>\n<li>Alm, Birgitta, redakt\u00f6r<\/li>\n<li>Andersson, G\u00f6ran, direkt\u00f6r<\/li>\n<\/ul>\n<h3>B<\/h3>\n<ul>\n<li>Beck\u00e9rus, \u00c5ke, forskare<\/li>\n<li>Bj\u00f6rlin, Lars, fil.lic.<\/li>\n<li>Bj\u00f6rnberg, Stellan, avdelningsdirekt\u00f6r<\/li>\n<\/ul>\n<h3>C<\/h3>\n<ul>\n<li>Calmfors, Lars, professor<\/li>\n<\/ul>\n<h3>D<\/h3>\n<ul>\n<li>De Geer, Hans, professor<\/li>\n<\/ul>\n<h3>E<\/h3>\n<ul>\n<li>Edebalk, Per Gunnar, universitetslektor<\/li>\n<li>Edstr\u00f6m, Ulf, ombudsman<\/li>\n<li>Elm\u00e9r, \u00c5ke, professor<\/li>\n<li>Elvin, Sten, civilingenj\u00f6r<\/li>\n<li>Eriksson, Arne H., arkiv\/museichef<\/li>\n<\/ul>\n<h3>F<\/h3>\n<ul>\n<li>Fahlbeck, Reinhold, professor<\/li>\n<li>Fredriksson, Bert, f\u00f6rbundsdirekt\u00f6r<\/li>\n<\/ul>\n<h3>G<\/h3>\n<ul>\n<li>Gustafsson, Agne, universitetslektor<\/li>\n<\/ul>\n<h3>H<\/h3>\n<ul>\n<li>Hubendick, Bengt, professor<\/li>\n<li>H\u00e4gg, Leif, ombudsman<\/li>\n<li>H\u00f6rjel, Nils, f.d. landsh\u00f6vding<\/li>\n<\/ul>\n<h3>J<\/h3>\n<ul>\n<li>Johannesson, Jan, byr\u00e5direkt\u00f6r<\/li>\n<li>Josefsson, G\u00f6ran, arkivchef<\/li>\n<\/ul>\n<h3>K<\/h3>\n<ul>\n<li>Karlsson, Erik, f.d. ombudsman<\/li>\n<li>Korpi, Walter, professor<\/li>\n<\/ul>\n<h3>L<\/h3>\n<ul>\n<li>Loberg, Elisabet, fil.kand.<\/li>\n<li>Lund, Tobias, direkt\u00f6r<\/li>\n<li>Lundstr\u00f6m, Stig, konsult<\/li>\n<\/ul>\n<h3>M<\/h3>\n<ul>\n<li>Magnusson, Lars, professor<\/li>\n<li>M\u00e5rtensson, Solveig, docent<\/li>\n<\/ul>\n<h3>N<\/h3>\n<ul>\n<li>Nord\u00e9n, Claes, ombudsman<\/li>\n<li>Nordin, Rune, f\u00f6rfattare<\/li>\n<\/ul>\n<h3>O<\/h3>\n<ul>\n<li>Olofsson, Jonas, professor<\/li>\n<\/ul>\n<h3>P<\/h3>\n<ul>\n<li>Persson, Inga, professor<\/li>\n<li>Petr\u00e9n, Christian, byr\u00e5direkt\u00f6r<\/li>\n<li>Pettersson, \u00c5ke, fil.dr<\/li>\n<\/ul>\n<h3>S<\/h3>\n<ul>\n<li>Sahl\u00e9n, Hans, kanslichef<\/li>\n<li>Selander, Sten, jur.kand.<\/li>\n<li>Sigeman, Tore, professor<\/li>\n<li>Siven, Claes-Henric, professor<\/li>\n<li>Swahn, Jan-\u00d6jvind, professor<\/li>\n<li>S\u00f6derpalm, Sven Anders, professor<\/li>\n<li>S\u00f6derstr\u00f6m, Lars, professor<\/li>\n<\/ul>\n<h3>W<\/h3>\n<ul>\n<li>Wadensj\u00f6, Eskil, professor<\/li>\n<li>Waldemarson, Ylva, fil.kand.<\/li>\n<li>Weibull, Lennart, professor<\/li>\n<\/ul>\n<h3>\u00d6<\/h3>\n<ul>\n<li>\u00d6hrstr\u00f6m, Claes-Rune, bankdirekt\u00f6r<\/li>\n<\/ul>\n                    <\/div>\n    <\/div>\n<\/section>\n\n\n\n\n\n\n<section  class=\"big-header bg-gray \">\n    <div class=\"container\">\n        <div class=\"inner  pt-5 pb-5\">\n\n            \n\n<div class=\"big-header-center\">\n                \n<h3 class=\"h3\"> Redaktionen <\/h3>                \n<p class=\"ample\">\n    Har du en allm\u00e4n fr\u00e5ga eller synpunkt g\u00e4llande inneh\u00e5llet i v\u00e5ra tj\u00e4nster \u00e4r du v\u00e4lkommen att h\u00f6ra av dig till oss p\u00e5 redaktionen.<\/p>    \n    \n            <div class=\"btn-container\">\n                            \n<a href=\"https:\/\/www.ne.se\/info\/kontaktsida\/?tab=Redaktion\" target=\"_blank\" aria-label=\"Kontakta oss\" class=\"button button-blue\">\n    Kontakta oss            <svg width=\"16\" height=\"16\" viewBox=\"0 0 16 16\" fill=\"none\" xmlns=\"http:\/\/www.w3.org\/2000\/svg\">\n<path d=\"M14 6.00001L14 2.00001M14 2.00001H9.99999M14 2.00001L8 8M6.66667 2H5.2C4.0799 2 3.51984 2 3.09202 2.21799C2.71569 2.40973 2.40973 2.71569 2.21799 3.09202C2 3.51984 2 4.07989 2 5.2V10.8C2 11.9201 2 12.4802 2.21799 12.908C2.40973 13.2843 2.71569 13.5903 3.09202 13.782C3.51984 14 4.07989 14 5.2 14H10.8C11.9201 14 12.4802 14 12.908 13.782C13.2843 13.5903 13.5903 13.2843 13.782 12.908C14 12.4802 14 11.9201 14 10.8V9.33333\" stroke=\"#F2F5F8\" stroke-width=\"2\" stroke-linecap=\"round\" stroke-linejoin=\"round\"\/>\n<\/svg>\n    <\/a>                                <\/div>\n    <\/div>\n        <\/div>\n    <\/div>\n<\/section>","protected":false},"excerpt":{"rendered":"","protected":false},"author":6,"featured_media":0,"parent":5420,"menu_order":0,"comment_status":"closed","ping_status":"closed","template":"","meta":{"inline_featured_image":false,"footnotes":""},"subject":[],"class_list":["post-5726","page","type-page","status-publish","hentry"],"acf":[],"_links":{"self":[{"href":"https:\/\/www.ne.se\/info\/wp-json\/wp\/v2\/pages\/5726","targetHints":{"allow":["GET"]}}],"collection":[{"href":"https:\/\/www.ne.se\/info\/wp-json\/wp\/v2\/pages"}],"about":[{"href":"https:\/\/www.ne.se\/info\/wp-json\/wp\/v2\/types\/page"}],"author":[{"embeddable":true,"href":"https:\/\/www.ne.se\/info\/wp-json\/wp\/v2\/users\/6"}],"replies":[{"embeddable":true,"href":"https:\/\/www.ne.se\/info\/wp-json\/wp\/v2\/comments?post=5726"}],"version-history":[{"count":2,"href":"https:\/\/www.ne.se\/info\/wp-json\/wp\/v2\/pages\/5726\/revisions"}],"predecessor-version":[{"id":5728,"href":"https:\/\/www.ne.se\/info\/wp-json\/wp\/v2\/pages\/5726\/revisions\/5728"}],"up":[{"embeddable":true,"href":"https:\/\/www.ne.se\/info\/wp-json\/wp\/v2\/pages\/5420"}],"wp:attachment":[{"href":"https:\/\/www.ne.se\/info\/wp-json\/wp\/v2\/media?parent=5726"}],"wp:term":[{"taxonomy":"subject","embeddable":true,"href":"https:\/\/www.ne.se\/info\/wp-json\/wp\/v2\/subject?post=5726"}],"curies":[{"name":"wp","href":"https:\/\/api.w.org\/{rel}","templated":true}]}}