{"id":5889,"date":"2023-04-28T13:59:16","date_gmt":"2023-04-28T13:59:16","guid":{"rendered":"https:\/\/www.ne.se\/info\/?page_id=5889"},"modified":"2023-04-28T13:59:57","modified_gmt":"2023-04-28T13:59:57","slug":"guide-6-fragor-att-stalla-nar-du-provar-digitala-laromedel","status":"publish","type":"page","link":"https:\/\/www.ne.se\/info\/skola\/guide-6-fragor-att-stalla-nar-du-provar-digitala-laromedel\/","title":{"rendered":"Guide: 6 fr\u00e5gor att st\u00e4lla n\u00e4r du provar digitala l\u00e4romedel"},"content":{"rendered":"\n\n    <section class=\"header-pic img-right \">\n        <div class=\"grid\">\n            <div class=\"col col-2 text\">\n                <div class=\"wrapper\">\n                                            \n<h1 class=\"h1\"> Guide: 6 fr\u00e5gor att st\u00e4lla n\u00e4r du provar digitala l\u00e4romedel <\/h1>                                        \n                                    <\/div>\n            <\/div>\n            <div class=\"col col-2 img\">\n                                    <picture>\n                        <source media=\"(min-width:767px)\" srcset=\"https:\/\/www.ne.se\/info\/wp-content\/uploads\/2023\/03\/masma51921-1880x1120.jpg\">\n                        <source media=\"(max-width:767px)\" srcset=\"https:\/\/www.ne.se\/info\/wp-content\/uploads\/2023\/03\/masma51921-750x432.jpg\">\n                        <img decoding=\"async\" src=\"https:\/\/www.ne.se\/info\/wp-content\/uploads\/2023\/03\/masma51921-1880x1120.jpg\" srcset=\"\" sizes=\"(max-width: 1880px) 100vw, 1880px\" alt=\"\" title=\"masma51921\"  \/>\n                    <\/picture>\n                            <\/div>\n        <\/div>\n    <\/section>\n\n\n\n\n<section  class=\"hubspot-form-block\">\n    <div class=\"container\">\n        <div class=\"inner   \">\n                            <div class=\"grid\">\n                    <div class=\"col col-2\">\n                        \n\n<div class=\"content\">\n\n    \n            \n<h3 class=\"\"> Ladda ner din guide gratis <\/h3>    \n            <p class=\"ingress\">Att s\u00e4tta sig in i ett nytt digitalt l\u00e4romedel kr\u00e4ver b\u00e5de tid och koncentration, b\u00e5de av dig och dina kollegor.\r\n\r\nDet \u00e4r inte alltid enkelt att b\u00f6rja leta efter ett potentiellt verktyg eller plattform, orientera sig i djungeln av olika program, f\u00f6rst\u00e5 vad man egentligen letar efter f\u00f6r att hitta det som passar ens egen skola \u2013 och dessutom avg\u00f6ra vilka medarbetare som ska vara med p\u00e5 t\u00e5get.\r\n\r\nMed hj\u00e4lp av den h\u00e4r guiden f\u00e5r du b\u00e4ttre kolla p\u00e5 vilka fr\u00e5gor du ska st\u00e4lla dig f\u00f6r att maximera din provperiod.<\/p>\n    \n    \n    \n<\/div>                    <\/div>\n                    <div class=\"col col-2 form-right\">\n                        <div class=\"hubspot-form\">\n                            <script charset=\"utf-8\" type=\"text\/javascript\" src=\"\/\/js.hsforms.net\/forms\/embed\/v2.js\"><\/script>\r\n<script>\r\n  hbspt.forms.create({\r\n    region: \"na1\",\r\n    portalId: \"4069921\",\r\n    formId: \"244d6a94-9fd6-4b01-944e-1d9cae91eeb3\"\r\n  });\r\n<\/script>                        <\/div>\n                    <\/div>\n                <\/div>\n                    <\/div>\n    <\/div>\n<\/section>","protected":false},"excerpt":{"rendered":"","protected":false},"author":6,"featured_media":0,"parent":751,"menu_order":0,"comment_status":"closed","ping_status":"closed","template":"","meta":{"inline_featured_image":false,"footnotes":""},"subject":[],"class_list":["post-5889","page","type-page","status-publish","hentry"],"acf":[],"_links":{"self":[{"href":"https:\/\/www.ne.se\/info\/wp-json\/wp\/v2\/pages\/5889","targetHints":{"allow":["GET"]}}],"collection":[{"href":"https:\/\/www.ne.se\/info\/wp-json\/wp\/v2\/pages"}],"about":[{"href":"https:\/\/www.ne.se\/info\/wp-json\/wp\/v2\/types\/page"}],"author":[{"embeddable":true,"href":"https:\/\/www.ne.se\/info\/wp-json\/wp\/v2\/users\/6"}],"replies":[{"embeddable":true,"href":"https:\/\/www.ne.se\/info\/wp-json\/wp\/v2\/comments?post=5889"}],"version-history":[{"count":5,"href":"https:\/\/www.ne.se\/info\/wp-json\/wp\/v2\/pages\/5889\/revisions"}],"predecessor-version":[{"id":5894,"href":"https:\/\/www.ne.se\/info\/wp-json\/wp\/v2\/pages\/5889\/revisions\/5894"}],"up":[{"embeddable":true,"href":"https:\/\/www.ne.se\/info\/wp-json\/wp\/v2\/pages\/751"}],"wp:attachment":[{"href":"https:\/\/www.ne.se\/info\/wp-json\/wp\/v2\/media?parent=5889"}],"wp:term":[{"taxonomy":"subject","embeddable":true,"href":"https:\/\/www.ne.se\/info\/wp-json\/wp\/v2\/subject?post=5889"}],"curies":[{"name":"wp","href":"https:\/\/api.w.org\/{rel}","templated":true}]}}