{"id":5897,"date":"2023-04-28T14:10:29","date_gmt":"2023-04-28T14:10:29","guid":{"rendered":"https:\/\/www.ne.se\/info\/?page_id=5897"},"modified":"2024-08-22T08:21:26","modified_gmt":"2024-08-22T08:21:26","slug":"guide-hbtqi-i-skolan","status":"publish","type":"page","link":"https:\/\/www.ne.se\/info\/skola\/guide-hbtqi-i-skolan\/","title":{"rendered":"Guide: hbtqi i skolan"},"content":{"rendered":"\n\n<section  class=\"blog-header\">\n    <div class=\"container\">\n        <div class=\"inner  pt-5 pb-2\">\n        \n            <div class=\"content\">\n                \n                \n                \n                            <\/div>\n\n                            <img decoding=\"async\" src=\"https:\/\/www.ne.se\/info\/wp-content\/uploads\/2024\/08\/ima244616-1280x516.jpg\" srcset=\"\" sizes=\"(max-width: 1280px) 100vw, 1280px\" alt=\"\" title=\"Ungdomar p\u00e5 ungdomsmottagning h\u00e5ller regnb\u00e5gsf\u00e4rgade f\u00f6rpackningar framf\u00f6r \u00f6gonen\" \/>\n                                    <\/div>\n    <\/div>\n<\/section>\n\n\n\n<section  class=\"hubspot-form-block\">\n    <div class=\"container\">\n        <div class=\"inner   \">\n                            <div class=\"grid\">\n                    <div class=\"col col-2\">\n                        \n\n<div class=\"content\">\n\n            \n<p class=\"uptext\">\n    <span class=\"line\"><\/span>\n    Ladda ner helt kostnadsfritt<\/p>    \n            \n<h2 class=\"\"> Guide: S\u00e5 kan du arbeta med hbtqi-fr\u00e5gor i skolan <\/h2>    \n            <p class=\"ingress\">Vi tycker precis som du att det \u00e4r viktigt med allas lika v\u00e4rde och att alla elever p\u00e5 skolan f\u00e5r k\u00e4nna sig respekterade och trygga. \r\n\r\n<br>\r\n<br>I guiden f\u00e5r du konkreta tips p\u00e5 hur du kan arbeta med hbtqi-fr\u00e5gor i skolan och praktiska verktyg att ta med dig in i klassrummet. \r\n\r\nFyll i formul\u00e4ret s\u00e5 f\u00e5r du guiden skickad till din e-post.<\/p>\n    \n    \n    \n<\/div>                    <\/div>\n                    <div class=\"col col-2 form-right\">\n                        <div class=\"hubspot-form\">\n                            <script charset=\"utf-8\" type=\"text\/javascript\" src=\"\/\/js.hsforms.net\/forms\/embed\/v2.js\"><\/script>\r\n<script>\r\n  hbspt.forms.create({\r\n    region: \"na1\",\r\n    portalId: \"4069921\",\r\n    formId: \"ea440da0-5668-4793-86f6-5c5eac980178\"\r\n  });\r\n<\/script>                        <\/div>\n                    <\/div>\n                <\/div>\n                    <\/div>\n    <\/div>\n<\/section>","protected":false},"excerpt":{"rendered":"","protected":false},"author":6,"featured_media":0,"parent":751,"menu_order":0,"comment_status":"closed","ping_status":"closed","template":"","meta":{"inline_featured_image":false,"footnotes":""},"subject":[],"class_list":["post-5897","page","type-page","status-publish","hentry"],"acf":[],"_links":{"self":[{"href":"https:\/\/www.ne.se\/info\/wp-json\/wp\/v2\/pages\/5897","targetHints":{"allow":["GET"]}}],"collection":[{"href":"https:\/\/www.ne.se\/info\/wp-json\/wp\/v2\/pages"}],"about":[{"href":"https:\/\/www.ne.se\/info\/wp-json\/wp\/v2\/types\/page"}],"author":[{"embeddable":true,"href":"https:\/\/www.ne.se\/info\/wp-json\/wp\/v2\/users\/6"}],"replies":[{"embeddable":true,"href":"https:\/\/www.ne.se\/info\/wp-json\/wp\/v2\/comments?post=5897"}],"version-history":[{"count":15,"href":"https:\/\/www.ne.se\/info\/wp-json\/wp\/v2\/pages\/5897\/revisions"}],"predecessor-version":[{"id":15495,"href":"https:\/\/www.ne.se\/info\/wp-json\/wp\/v2\/pages\/5897\/revisions\/15495"}],"up":[{"embeddable":true,"href":"https:\/\/www.ne.se\/info\/wp-json\/wp\/v2\/pages\/751"}],"wp:attachment":[{"href":"https:\/\/www.ne.se\/info\/wp-json\/wp\/v2\/media?parent=5897"}],"wp:term":[{"taxonomy":"subject","embeddable":true,"href":"https:\/\/www.ne.se\/info\/wp-json\/wp\/v2\/subject?post=5897"}],"curies":[{"name":"wp","href":"https:\/\/api.w.org\/{rel}","templated":true}]}}