{"id":6116,"date":"2023-05-15T13:24:47","date_gmt":"2023-05-15T13:24:47","guid":{"rendered":"https:\/\/www.ne.se\/info\/?page_id=6116"},"modified":"2026-01-23T13:17:27","modified_gmt":"2026-01-23T13:17:27","slug":"press","status":"publish","type":"page","link":"https:\/\/www.ne.se\/info\/press\/","title":{"rendered":"Press"},"content":{"rendered":"\n\n<section  class=\"big-header bg-gradient-top \">\n    <div class=\"container\">\n        <div class=\"inner  pt-5 pb-2\">\n\n            \n\n<div class=\"big-header-center\">\n                \n<h2 class=\"h2\"> Pressrum <\/h2>                \n<p class=\"ample\">\n    V\u00e4lkommen till v\u00e5rt pressrum \u2013 h\u00e4r hittar du nyheter, material och mediekontakter.<br \/>\r\n<br \/>\r\nF\u00e5 v\u00e5ra pressreleaser direkt till din inkorg!<\/p>    \n    \n            <div class=\"btn-container\">\n                            \n<a href=\"https:\/\/share-eu1.hsforms.com\/1znWX5-DHR8uvi3ubRjRYqw2f8dd\" target=\"\" class=\"button button-border-blue\" rel=\"nofollow noopener\">Prenumera h\u00e4r<\/a>                                <\/div>\n    <\/div>\n        <\/div>\n    <\/div>\n<\/section>\n\n\n\n<section  class=\"blog-category\">\n    <div class=\"container\">\n        <div class=\"inner  pt-0 pb-3\">\n\n                            <div class=\"heading-container\">\n                    \n<h3 class=\"h3\"> Pressmeddelanden <\/h3>                    <a class=\"term-link\" href=\"https:\/\/www.ne.se\/info\/category\/pressmeddelande\/\" title=\"Se alla inl\u00e4gg\">\n                        Se alla inl\u00e4gg\n                        <svg width=\"16\" height=\"16\" viewBox=\"0 0 16 16\" fill=\"none\" xmlns=\"http:\/\/www.w3.org\/2000\/svg\">\n    <path d=\"M3.333 7.333H6c.733 0 1.333-.6 1.333-1.333V3.333C7.333 2.6 6.733 2 6 2H3.333C2.6 2 2 2.6 2 3.333V6c0 .733.6 1.333 1.333 1.333zM3.333 14H6c.733 0 1.333-.6 1.333-1.333V10c0-.733-.6-1.333-1.333-1.333H3.333C2.6 8.667 2 9.267 2 10v2.667C2 13.4 2.6 14 3.333 14zM8.666 3.333V6c0 .733.6 1.333 1.333 1.333h2.667c.733 0 1.333-.6 1.333-1.333V3.333C14 2.6 13.4 2 12.666 2H9.999c-.733 0-1.333.6-1.333 1.333zM10 14h2.666c.733 0 1.333-.6 1.333-1.333V10c0-.733-.6-1.333-1.333-1.333H9.999c-.733 0-1.333.6-1.333 1.333v2.667c0 .733.6 1.333 1.333 1.333z\" fill=\"#007DB8\"\/>\n<\/svg>\n                    <\/a>\n                <\/div>\n            \n                            \n                <div class=\"posts\">\n                    <div class=\"grid posts-grid\">\n                                                                                <div class=\"col col-3 post-item\">\n                                \n<div class=\"card-medium\">\n            <picture>\n            <source media=\"(min-width:767px)\" srcset=\"https:\/\/www.ne.se\/info\/wp-content\/uploads\/2026\/01\/Mappi-NE-e1769171302879-800x432.jpg\">\n            <source media=\"(max-width:767px)\" srcset=\"https:\/\/www.ne.se\/info\/wp-content\/uploads\/2026\/01\/Mappi-NE-e1769171302879-1454x678.jpg\">\n            <img decoding=\"async\" src=\"https:\/\/www.ne.se\/info\/wp-content\/uploads\/2026\/01\/Mappi-NE-e1769171302879-800x432.jpg\" srcset=\"\" sizes=\"(max-width: 800px) 100vw, 800px\" alt=\"\" title=\"Mappi NE\"  \/>\n        <\/picture>\n        <div class=\"wrapper\">\n                            <h4 class=\"heading\">NE och Mappi skapar framtidens <br> AI-drivna matematikundervisning<\/h4>\n                            <p class=\"text\">NE och edtechbolaget Mappi p\u00e5b\u00f6rjar ett samarbete f\u00f6r att tillsammans utveckla n\u00e4sta generations digitala matematikundervisning f\u00f6r svensk skola. Samarbetet kombinerar NE:s starka position som en av Sveriges ledande l\u00e4romedelsleverant\u00f6rer med Mappis AI-teknologi f\u00f6r individanpassat l\u00e4rande. \r\n<br>21 januari 2026<\/p>\n            <\/div>\n            \n<a href=\"https:\/\/www.ne.se\/info\/pressmeddelande\/ne-och-mappi-skapar-framtidens-ai-drivna-matematikundervisning\/\" class=\"link button-link\">\n    L\u00e4s mer    <svg width=\"16\" height=\"17\" viewBox=\"0 0 16 17\" fill=\"none\" xmlns=\"http:\/\/www.w3.org\/2000\/svg\">\n    <path d=\"M3.333 9.167h7.447L7.527 12.42a.672.672 0 0 0 0 .947c.26.26.68.26.94 0l4.393-4.394c.26-.26.26-.68 0-.94l-4.387-4.4a.664.664 0 1 0-.94.94l3.247 3.26H3.333c-.366 0-.666.3-.666.667 0 .367.3.667.666.667z\" fill=\"#007DB8\"\/>\n<\/svg>\n<\/a>    <\/div>                            <\/div>\n\n                                                                                <div class=\"col col-3 post-item\">\n                                \n<div class=\"card-medium\">\n            <picture>\n            <source media=\"(min-width:767px)\" srcset=\"https:\/\/www.ne.se\/info\/wp-content\/uploads\/2026\/01\/Skolon-NE-800x432.jpg\">\n            <source media=\"(max-width:767px)\" srcset=\"https:\/\/www.ne.se\/info\/wp-content\/uploads\/2026\/01\/Skolon-NE-1454x678.jpg\">\n            <img decoding=\"async\" src=\"https:\/\/www.ne.se\/info\/wp-content\/uploads\/2026\/01\/Skolon-NE-800x432.jpg\" srcset=\"\" sizes=\"(max-width: 800px) 100vw, 800px\" alt=\"\" title=\"Skolon NE\"  \/>\n        <\/picture>\n        <div class=\"wrapper\">\n                            <h4 class=\"heading\">NE inleder internationellt samarbete med Skolon<\/h4>\n                            <p class=\"text\">NE AB inleder ett internationellt samarbete med Skolon AB (publ). Samarbetet inneb\u00e4r att NE:s breda digitala utbud av l\u00e4romedel och kunskapstj\u00e4nster blir tillg\u00e4ngligt via Skolons plattform \u2013 n\u00e5got som l\u00e4nge varit efterfr\u00e5gat av skolor och anv\u00e4ndare.\r\n<br><br>19 januari 2026<\/p>\n            <\/div>\n            \n<a href=\"https:\/\/www.ne.se\/info\/pressmeddelande\/ne-inleder-internationellt-samarbete-med-skolon\/\" class=\"link button-link\">\n    L\u00e4s mer    <svg width=\"16\" height=\"17\" viewBox=\"0 0 16 17\" fill=\"none\" xmlns=\"http:\/\/www.w3.org\/2000\/svg\">\n    <path d=\"M3.333 9.167h7.447L7.527 12.42a.672.672 0 0 0 0 .947c.26.26.68.26.94 0l4.393-4.394c.26-.26.26-.68 0-.94l-4.387-4.4a.664.664 0 1 0-.94.94l3.247 3.26H3.333c-.366 0-.666.3-.666.667 0 .367.3.667.666.667z\" fill=\"#007DB8\"\/>\n<\/svg>\n<\/a>    <\/div>                            <\/div>\n\n                                                                                <div class=\"col col-3 post-item\">\n                                \n<div class=\"card-medium\">\n            <picture>\n            <source media=\"(min-width:767px)\" srcset=\"https:\/\/www.ne.se\/info\/wp-content\/uploads\/2025\/09\/NE25_Madeilene_Sodarv-3-scaled-e1758289359563-800x432.jpg\">\n            <source media=\"(max-width:767px)\" srcset=\"https:\/\/www.ne.se\/info\/wp-content\/uploads\/2025\/09\/NE25_Madeilene_Sodarv-3-scaled-e1758289359563-1454x678.jpg\">\n            <img decoding=\"async\" src=\"https:\/\/www.ne.se\/info\/wp-content\/uploads\/2025\/09\/NE25_Madeilene_Sodarv-3-scaled-e1758289359563-800x432.jpg\" srcset=\"\" sizes=\"(max-width: 800px) 100vw, 800px\" alt=\"\" title=\"NE25_Madeilene_So\u0308darv-3\"  \/>\n        <\/picture>\n        <div class=\"wrapper\">\n                            <h4 class=\"heading\">NE rekryterar Madeilene S\u00f6darv som ny marknad- och s\u00e4ljchef<\/h4>\n                            <p class=\"text\">Madeilene S\u00f6darv tilltr\u00e4der som marknad- och s\u00e4ljchef f\u00f6r NE Sverige. Med en gedigen bakgrund inom strategiskt ledarskap, varum\u00e4rkesbyggande och digital transformation ska hon st\u00e4rka NE:s position som Sveriges ledande kunskapsf\u00f6retag och vidareutveckla kundupplevelsen.\r\n\r\n<br><br>25 september 2025<\/p>\n            <\/div>\n            \n<a href=\"https:\/\/www.ne.se\/info\/pressmeddelande\/ne-rekryterar-madeilene-sodarv-som-ny-marknad-och-saljchef\/\" class=\"link button-link\">\n    L\u00e4s mer    <svg width=\"16\" height=\"17\" viewBox=\"0 0 16 17\" fill=\"none\" xmlns=\"http:\/\/www.w3.org\/2000\/svg\">\n    <path d=\"M3.333 9.167h7.447L7.527 12.42a.672.672 0 0 0 0 .947c.26.26.68.26.94 0l4.393-4.394c.26-.26.26-.68 0-.94l-4.387-4.4a.664.664 0 1 0-.94.94l3.247 3.26H3.333c-.366 0-.666.3-.666.667 0 .367.3.667.666.667z\" fill=\"#007DB8\"\/>\n<\/svg>\n<\/a>    <\/div>                            <\/div>\n\n                                            <\/div>\n                <\/div>\n            \n        <\/div>\n    <\/div>\n<\/section>\n\n\n\n<section  class=\"mini-header left\">\n    <div class=\"container\">\n        <div class=\"inner  pt-4 pb-5\">\n\n        \n                            <div class=\"heading-container\">\n                    \n<h2 class=\"h3\"> Om NE <\/h2>                                    <\/div>\n            \n            <div class=\"content-container\">\n\n                                    \n<p class=\"ample\">\n    NE \u00e4r ett ledande kunskapsf\u00f6retag som erbjuder tryckta och digitala l\u00e4romedel samt faktatj\u00e4nster fr\u00e5n f\u00f6rskola till gymnasiet med fokus p\u00e5 kvalitet, tillg\u00e4nglighet och l\u00e4rande. \u00d6ver 60 procent av Sveriges skolor har tillg\u00e5ng till v\u00e5ra produkter f\u00f6r att b\u00e5de l\u00e4ra ut och ta till sig kunskap p\u00e5 det s\u00e4tt som passar just dem. <\/p>                \n\n                \n                                    <div class=\"btn-container\">\n                                                    \n<a href=\"https:\/\/ne-guidelines.webflow.io\/logotyp\" target=\"\" aria-label=\"H\u00e4mta logotyp\" class=\"button button-blue\" rel=\"nofollow noopener\">\n    H\u00e4mta logotyp    <\/a>                                                                    <\/div>\n                \n            <\/div>\n\n        <\/div>\n    <\/div>\n<\/section>\n\n\n\n<section id=\"Kontaktuppgifter\" class=\"mini-header center\">\n    <div class=\"container\">\n        <div class=\"inner  pt-4 pb-0\">\n\n        \n                            <div class=\"heading-container\">\n                    \n<h2 class=\"h3\"> Kontakt <\/h2>                                    <\/div>\n            \n            <div class=\"content-container\">\n\n                \n\n                \n                \n            <\/div>\n\n        <\/div>\n    <\/div>\n<\/section>\n\n\n\n<section  class=\"contact-person-grid bg-gradient-bottom\">\n    <div class=\"container\">\n        <div class=\"inner   \">\n                            <div class=\"grid contact-person-grid\">\n                                            <div class=\"col col-2 contact-person-col\">\n                            \n\n\n<div class=\"content small-center\">\n    <div class=\"image\">\n        <img decoding=\"async\" src=\"https:\/\/www.ne.se\/info\/wp-content\/uploads\/2024\/10\/Ida-Karolina_Soder_5-7-360x360.jpg\" alt=\"\">\n    <\/div>\n    <div class=\"info\"> \n        <div class=\"top\"> \n                            <p class=\"name\">Ida-Karolina S\u00f6der<\/p>\n                                        <p class=\"title\">Marknadskoordinator<\/p>\n                                        <a href=\"tel:070-376 99 84\" title=\"Ring Ida-Karolina S\u00f6der\" class=\"phone\">070-376 99 84<\/a>\n                                        <a href=\"mailto:ida-karolina.soder@ne.se\" title=\"Skicka ett mail till Ida-Karolina S\u00f6der\" class=\"email\">ida-karolina.soder@ne.se<\/a>\n                    <\/div>\n            <\/div>\n\n<\/div>                        <\/div>\n\n                        \n                                                                    <div class=\"col col-2 contact-person-col\">\n                            \n\n\n<div class=\"content small-center\">\n    <div class=\"image\">\n        <img decoding=\"async\" src=\"https:\/\/www.ne.se\/info\/wp-content\/uploads\/2025\/10\/Madeilene_Sodarv-scaled-e1768554819549-360x360.png\" alt=\"\">\n    <\/div>\n    <div class=\"info\"> \n        <div class=\"top\"> \n                            <p class=\"name\">Madeilene S\u00f6darv<\/p>\n                                        <p class=\"title\">F\u00f6rs\u00e4ljnings- och Marknadschef<\/p>\n                                        <a href=\"tel:070-327 87 04\" title=\"Ring Madeilene S\u00f6darv\" class=\"phone\">070-327 87 04<\/a>\n                                        <a href=\"mailto:madeilene.sodarv@ne.se\" title=\"Skicka ett mail till Madeilene S\u00f6darv\" class=\"email\">madeilene.sodarv@ne.se<\/a>\n                    <\/div>\n            <\/div>\n\n<\/div>                        <\/div>\n\n                        \n                                                            <\/div>\n                    <\/div>\n    <\/div>\n<\/section>","protected":false},"excerpt":{"rendered":"","protected":false},"author":6,"featured_media":0,"parent":0,"menu_order":0,"comment_status":"closed","ping_status":"closed","template":"","meta":{"inline_featured_image":false,"footnotes":""},"subject":[],"class_list":["post-6116","page","type-page","status-publish","hentry"],"acf":[],"_links":{"self":[{"href":"https:\/\/www.ne.se\/info\/wp-json\/wp\/v2\/pages\/6116","targetHints":{"allow":["GET"]}}],"collection":[{"href":"https:\/\/www.ne.se\/info\/wp-json\/wp\/v2\/pages"}],"about":[{"href":"https:\/\/www.ne.se\/info\/wp-json\/wp\/v2\/types\/page"}],"author":[{"embeddable":true,"href":"https:\/\/www.ne.se\/info\/wp-json\/wp\/v2\/users\/6"}],"replies":[{"embeddable":true,"href":"https:\/\/www.ne.se\/info\/wp-json\/wp\/v2\/comments?post=6116"}],"version-history":[{"count":117,"href":"https:\/\/www.ne.se\/info\/wp-json\/wp\/v2\/pages\/6116\/revisions"}],"predecessor-version":[{"id":25415,"href":"https:\/\/www.ne.se\/info\/wp-json\/wp\/v2\/pages\/6116\/revisions\/25415"}],"wp:attachment":[{"href":"https:\/\/www.ne.se\/info\/wp-json\/wp\/v2\/media?parent=6116"}],"wp:term":[{"taxonomy":"subject","embeddable":true,"href":"https:\/\/www.ne.se\/info\/wp-json\/wp\/v2\/subject?post=6116"}],"curies":[{"name":"wp","href":"https:\/\/api.w.org\/{rel}","templated":true}]}}