{"id":647,"date":"2023-03-13T09:46:11","date_gmt":"2023-03-13T09:46:11","guid":{"rendered":"https:\/\/www.ne.se\/info\/?page_id=647"},"modified":"2026-02-18T07:56:17","modified_gmt":"2026-02-18T07:56:17","slug":"hem-och-konsumentkunskap-f-3","status":"publish","type":"page","link":"https:\/\/www.ne.se\/info\/skola\/digitala-laromedel\/f-3\/hem-och-konsumentkunskap-f-3\/","title":{"rendered":"Hem- och konsumentkunskap F\u20133"},"content":{"rendered":"\n\n\n<section  class=\"header-big-pic\">\n    <div class=\"container\">\n        <div class=\"inner  teaching-padding\">\n                            \n<div class=\"badges\">\n            <p class=\"badge\">L\u00e4romedel F\u20133<\/p>\n    <\/div>                                        \n<h1 class=\"h1\"> Hem- och konsumentkunskap 1\u20136 <\/h1>                                        <p class=\"ingress\">Uppt\u00e4ck ett l\u00e4romedel som \u00e4r unikt i sitt slag och som ger en stabil grund f\u00f6r en lustfylld och varierad undervisning.<\/p>\n            \n                            <ul class=\"usps\">\n            <li class=\"usp\">\n            <svg width=\"24\" height=\"24\" viewBox=\"0 0 24 24\" fill=\"none\" xmlns=\"http:\/\/www.w3.org\/2000\/svg\">\n    <path d=\"M9 16.17 5.53 12.7a.996.996 0 1 0-1.41 1.41l4.18 4.18c.39.39 1.02.39 1.41 0L20.29 7.71a.996.996 0 1 0-1.41-1.41L9 16.17z\" fill=\"#007DB8\"\/>\n<\/svg>\n            Lgr22         <\/li>\n            <li class=\"usp\">\n            <svg width=\"24\" height=\"24\" viewBox=\"0 0 24 24\" fill=\"none\" xmlns=\"http:\/\/www.w3.org\/2000\/svg\">\n    <path d=\"M9 16.17 5.53 12.7a.996.996 0 1 0-1.41 1.41l4.18 4.18c.39.39 1.02.39 1.41 0L20.29 7.71a.996.996 0 1 0-1.41-1.41L9 16.17z\" fill=\"#007DB8\"\/>\n<\/svg>\n            Helt\u00e4ckande        <\/li>\n            <li class=\"usp\">\n            <svg width=\"24\" height=\"24\" viewBox=\"0 0 24 24\" fill=\"none\" xmlns=\"http:\/\/www.w3.org\/2000\/svg\">\n    <path d=\"M9 16.17 5.53 12.7a.996.996 0 1 0-1.41 1.41l4.18 4.18c.39.39 1.02.39 1.41 0L20.29 7.71a.996.996 0 1 0-1.41-1.41L9 16.17z\" fill=\"#007DB8\"\/>\n<\/svg>\n            Anpassningsbart        <\/li>\n    <\/ul>                    <\/div>\n    <\/div>\n\n    <div class=\"background-image\">\n        <img decoding=\"async\" src=\"https:\/\/www.ne.se\/info\/wp-content\/uploads\/2023\/03\/shutterstock_1538767238-scaled.jpg\" srcset=\"\" sizes=\"(max-width: 4402px) 100vw, 4402px\" alt=\"\" title=\"HKK F\u20133\" \/>\n    <\/div>\n\n    <div class=\"overlay-top\"><\/div>\n    <div class=\"overlay-bottom\"><\/div>\n<\/section>\n\n\n\n<section id=\"teaching_top\" class=\"left-right bg-white\">\n    <div class=\"container twelve-col\">\n        <div class=\"inner   \">\n                            <div class=\"grid\">\n                    <div class=\"col col-2 img-left\">\n                                                                                                                        <picture>\n                                        <source media=\"(min-width:767px)\" srcset=\"https:\/\/www.ne.se\/info\/wp-content\/uploads\/2023\/03\/HKK-1\u20136-1240x992.png\">\n                                        <source media=\"(max-width:767px)\" srcset=\"https:\/\/www.ne.se\/info\/wp-content\/uploads\/2023\/03\/HKK-1\u20136-1240x920.png\">\n                                        <img decoding=\"async\" src=\"https:\/\/www.ne.se\/info\/wp-content\/uploads\/2023\/03\/HKK-1\u20136-1240x992.png\" srcset=\"https:\/\/www.ne.se\/info\/wp-content\/uploads\/2023\/03\/HKK-1\u20136-1240x992.png 1240w, https:\/\/www.ne.se\/info\/wp-content\/uploads\/2023\/03\/HKK-1\u20136-800x640.png 800w\" sizes=\"(max-width: 1240px) 100vw, 1240px\" alt=\"\" title=\"HKK 1\u20136\"  \/>\n                                    <\/picture>\n                                                            \n                                            <\/div>\n                    <div class=\"col col-2\">\n                        \n\n<div class=\"content\">\n\n    \n    \n            \n<h2 class=\"h3\"> Ett uppdaterat och aktuellt l\u00e4romedel <\/h2>    \n            <p class=\"ingress\">Hem- och konsumentkunskap 1\u20136 \u00e4r l\u00e4tt att anv\u00e4nda, oavsett om det finns gott om datorer i klassrummet eller inte. L\u00e4romedlet \u00e4r fullt av aktiviteter som underl\u00e4ttar planering och en rolig och allsidig undervisning som ger dina elever nya insikter och inspiration om mat, h\u00e4lsa, milj\u00f6 och ekonomi.<\/p>\n    \n    \n    \n    \n\n<\/div>                    <\/div>\n                <\/div>\n                    <\/div>\n    <\/div>\n<\/section>\n\n\n\n\n\n\n\n\n<section  class=\"tab-left-section\">\n    <div class=\"container\">\n        <div class=\"inner   \">\n                            <div class=\"grid\">\n                    <div class=\"col col-2 tabs\">\n                                                <div class=\"wrapper\">\n                                                                                <div class=\"tab-item active\" data-tab-id=\"block_9ac3ad60ba9178de7840b83f66881886_1\">\n                                                                    <p class=\"tab-heading\">Kapitel<\/p>\n                                                                                                    <p class=\"tab-description\">Hem- och konsumentkunskap 1\u20136 t\u00e4cker \u00e4mnets centrala inneh\u00e5ll och hj\u00e4lper eleven att n\u00e5 m\u00e5len.<\/p>\n                                                            <\/div>\n                                                                                                            <div class=\"tab-item \" data-tab-id=\"block_9ac3ad60ba9178de7840b83f66881886_2\">\n                                                                    <p class=\"tab-heading\">L\u00e4romedlet inneh\u00e5ller<\/p>\n                                                                                                    <p class=\"tab-description\">Hem- och konsumentkunskap \u00e4r fyllt med inneh\u00e5ll som underl\u00e4ttar en varierad och rolig undervisning.<br \/>\r\n<\/p>\n                                                            <\/div>\n                                                                                                            <div class=\"tab-item \" data-tab-id=\"block_9ac3ad60ba9178de7840b83f66881886_3\">\n                                                                    <p class=\"tab-heading\">St\u00f6d och f\u00f6rdjupning<\/p>\n                                                                                                    <p class=\"tab-description\">M\u00f6t alla elever och anpassa inneh\u00e5ll efter behov och f\u00f6ruts\u00e4ttningar.<\/p>\n                                                            <\/div>\n                                                                                                            <div class=\"tab-item \" data-tab-id=\"block_9ac3ad60ba9178de7840b83f66881886_4\">\n                                                                    <p class=\"tab-heading\">F\u00f6rfattare och medverkande<\/p>\n                                                                                                    <p class=\"tab-description\">L\u00e4romedlet \u00e4r framtaget av NE:s redaktion tillsammans med experter i \u00e4mnet.<\/p>\n                                                            <\/div>\n                                                                            <\/div>\n                    <\/div>\n                    <div class=\"col col-2 tabs-content\">\n                                                                                                        <div class=\"tab-content-item active text\" data-tab-content-id=\"block_9ac3ad60ba9178de7840b83f66881886_1\">\n                                                                                                            <h4><strong>Kapitel:<\/strong><\/h4>\n<ul>\n<li>Vad \u00e4r H.E.M.?<\/li>\n<li>K\u00f6ket och k\u00e4ket<\/li>\n<li>Konsumtion och tradition<\/li>\n<li>Hem- och konsumentkunskap \u00e5k 1\u20133<\/li>\n<li>Resurser till HKK 1\u20136.<\/li>\n<\/ul>\n                                                                                                <\/div>\n\n                            \n                                                                                                            <div class=\"tab-content-item  text\" data-tab-content-id=\"block_9ac3ad60ba9178de7840b83f66881886_2\">\n                                                                                                            <div>\n<h4><strong>L\u00e4romedlet inneh\u00e5ller:<\/strong><\/h4>\n<ul>\n<li>En stor m\u00e4ngd elevaktiviteter<\/li>\n<li>Instuderingsfr\u00e5gor<\/li>\n<li>Sj\u00e4lvr\u00e4ttande quiz<\/li>\n<li>Mallar f\u00f6r utv\u00e4rdering<\/li>\n<li>K\u00e4llkritik p\u00e5 n\u00e4tet<\/li>\n<li>Recept<\/li>\n<li>Guide till receptsajter<\/li>\n<li>Nyproducerade illustrationer<\/li>\n<li>Filmer<\/li>\n<li>Ordlista till varje avsnitt<\/li>\n<li>Sj\u00e4lvr\u00e4ttande tr\u00e4ning p\u00e5 ord<\/li>\n<li>Sammanfattningar<\/li>\n<li>Koppling till centralt inneh\u00e5ll i varje avsnitt<\/li>\n<li>F\u00f6rdjupningar<\/li>\n<li>L\u00e4rarst\u00f6d<\/li>\n<\/ul>\n<\/div>\n                                                                                                <\/div>\n\n                            \n                                                                                                            <div class=\"tab-content-item  text\" data-tab-content-id=\"block_9ac3ad60ba9178de7840b83f66881886_3\">\n                                                                                                            <h4>St\u00f6d och f\u00f6rdjupning<\/h4>\n<p>L\u00e4romedel fr\u00e5n NE \u00e4r fyllda med tillg\u00e4nglighetsfunktioner och f\u00f6rdjupningsm\u00f6jligheter. H\u00e4r finns bland annat:<\/p>\n<ul>\n<li>L\u00e4ttl\u00e4sta versioner<\/li>\n<li>Uppl\u00e4sning av text<\/li>\n<li>\u00d6vers\u00e4ttning till \u00f6ver 100 spr\u00e5k<\/li>\n<li>L\u00e4sst\u00f6d \u2013 justera Text, bakgrund, typsnitt eller anv\u00e4nd l\u00e4slinjal<\/li>\n<li>Enkel tillg\u00e5ng till extramaterial, uppgifter och laborationer<\/li>\n<li>Kopplingar till kunskapstj\u00e4nsterna som f\u00f6rklarar, breddar och f\u00f6rdjupar<\/li>\n<\/ul>\n                                                                                                <\/div>\n\n                            \n                                                                                                            <div class=\"tab-content-item  text\" data-tab-content-id=\"block_9ac3ad60ba9178de7840b83f66881886_4\">\n                                                                                                            <h4>F\u00f6rfattare och medverkande<\/h4>\n<p>F\u00f6rfattare: Camilla Berneklint<\/p>\n<p>Redakt\u00f6r: Olof Ollerstam<\/p>\n<p>L\u00e4romedelsutvecklare: Jesper S\u00f6rensson<\/p>\n<p>Bildredakt\u00f6r: Martina Eriksson<\/p>\n<p>&nbsp;<\/p>\n                                                                                                <\/div>\n\n                            \n                                                                        <\/div>\n                <\/div>\n                    <\/div>\n    <\/div>\n<\/section>\n\n\n\n\n\n<section  class=\"social-proof bg-gray\">\n    <div class=\"container\">\n        <div class=\"inner   \">\n                            \n<h3 class=\"h3\"> Nu \u00e4r vi 1 000 000 elever i 245 kommuner <\/h3>                        \n                            <div class=\"grid\">\n                                            <div class=\"col col-4\">\n                            <div class=\"wrapper\">\n                                <img decoding=\"async\" src=\"https:\/\/www.ne.se\/info\/wp-content\/uploads\/2023\/03\/Bibliotek_Goteborg-354x118.png\" srcset=\"https:\/\/www.ne.se\/info\/wp-content\/uploads\/2023\/03\/Bibliotek_Goteborg-354x118.png 354w, https:\/\/www.ne.se\/info\/wp-content\/uploads\/2023\/03\/Bibliotek_Goteborg-300x100.png 300w, https:\/\/www.ne.se\/info\/wp-content\/uploads\/2023\/03\/Bibliotek_Goteborg-768x255.png 768w, https:\/\/www.ne.se\/info\/wp-content\/uploads\/2023\/03\/Bibliotek_Goteborg-1024x341.png 1024w, https:\/\/www.ne.se\/info\/wp-content\/uploads\/2023\/03\/Bibliotek_Goteborg.png 1398w\" sizes=\"(max-width: 354px) 100vw, 354px\" alt=\"\" title=\"Bibliotek_Go\u0308teborg\"  \/>\n                            <\/div>\n                        <\/div>\n                                            <div class=\"col col-4\">\n                            <div class=\"wrapper\">\n                                <img decoding=\"async\" src=\"https:\/\/www.ne.se\/info\/wp-content\/uploads\/2023\/03\/Bibliotek_Sundsvall-354x199.png\" srcset=\"https:\/\/www.ne.se\/info\/wp-content\/uploads\/2023\/03\/Bibliotek_Sundsvall-354x199.png 354w, https:\/\/www.ne.se\/info\/wp-content\/uploads\/2023\/03\/Bibliotek_Sundsvall-300x168.png 300w, https:\/\/www.ne.se\/info\/wp-content\/uploads\/2023\/03\/Bibliotek_Sundsvall-768x431.png 768w, https:\/\/www.ne.se\/info\/wp-content\/uploads\/2023\/03\/Bibliotek_Sundsvall-1024x575.png 1024w, https:\/\/www.ne.se\/info\/wp-content\/uploads\/2023\/03\/Bibliotek_Sundsvall-1536x862.png 1536w, https:\/\/www.ne.se\/info\/wp-content\/uploads\/2023\/03\/Bibliotek_Sundsvall-2048x1149.png 2048w\" sizes=\"(max-width: 354px) 100vw, 354px\" alt=\"\" title=\"Bibliotek_Sundsvall\"  \/>\n                            <\/div>\n                        <\/div>\n                                            <div class=\"col col-4\">\n                            <div class=\"wrapper\">\n                                <img decoding=\"async\" src=\"https:\/\/www.ne.se\/info\/wp-content\/uploads\/2023\/03\/Bibliotek_Alvdalen.svg\" srcset=\"\" sizes=\"(max-width: 1px) 100vw, 1px\" alt=\"\" title=\"Bibliotek_A\u0308lvdalen\"  \/>\n                            <\/div>\n                        <\/div>\n                                            <div class=\"col col-4\">\n                            <div class=\"wrapper\">\n                                <img decoding=\"async\" src=\"https:\/\/www.ne.se\/info\/wp-content\/uploads\/2023\/03\/lindesberg_RGB_Text-1-354x166.png\" srcset=\"https:\/\/www.ne.se\/info\/wp-content\/uploads\/2023\/03\/lindesberg_RGB_Text-1-354x166.png 354w, https:\/\/www.ne.se\/info\/wp-content\/uploads\/2023\/03\/lindesberg_RGB_Text-1.png 1106w, https:\/\/www.ne.se\/info\/wp-content\/uploads\/2023\/03\/lindesberg_RGB_Text-1-686x320.png 686w, https:\/\/www.ne.se\/info\/wp-content\/uploads\/2023\/03\/lindesberg_RGB_Text-1-300x141.png 300w, https:\/\/www.ne.se\/info\/wp-content\/uploads\/2023\/03\/lindesberg_RGB_Text-1-768x360.png 768w, https:\/\/www.ne.se\/info\/wp-content\/uploads\/2023\/03\/lindesberg_RGB_Text-1-1024x481.png 1024w\" sizes=\"(max-width: 354px) 100vw, 354px\" alt=\"\" title=\"\"  \/>\n                            <\/div>\n                        <\/div>\n                                    <\/div>\n                    <\/div>\n    <\/div>\n<\/section>\n\n\n\n<section  class=\"left-right bg-white\">\n    <div class=\"container twelve-col\">\n        <div class=\"inner   \">\n                            <div class=\"grid\">\n                    <div class=\"col col-2 img-left\">\n                                                                                                                        <picture>\n                                        <source media=\"(min-width:767px)\" srcset=\"https:\/\/www.ne.se\/info\/wp-content\/uploads\/2023\/03\/ima165271-1240x992.jpg\">\n                                        <source media=\"(max-width:767px)\" srcset=\"https:\/\/www.ne.se\/info\/wp-content\/uploads\/2023\/03\/ima165271-1460x920.jpg\">\n                                        <img decoding=\"async\" src=\"https:\/\/www.ne.se\/info\/wp-content\/uploads\/2023\/03\/ima165271-1240x992.jpg\" srcset=\"https:\/\/www.ne.se\/info\/wp-content\/uploads\/2023\/03\/ima165271-1240x992.jpg 1240w, https:\/\/www.ne.se\/info\/wp-content\/uploads\/2023\/03\/ima165271-800x640.jpg 800w\" sizes=\"(max-width: 1240px) 100vw, 1240px\" alt=\"\" title=\"Kollegor i m\u00f6te med dator\"  \/>\n                                    <\/picture>\n                                                            \n                                            <\/div>\n                    <div class=\"col col-2\">\n                        \n\n<div class=\"content\">\n\n    \n    \n            \n<h2 class=\"h2\"> Kom ig\u00e5ng direkt <\/h2>    \n            <p class=\"ingress\">Att komma ig\u00e5ng med NE \u00e4r enkelt. Vill du veta mer om hur du optimerar ditt anv\u00e4ndande kan du alltid st\u00e4lla en fr\u00e5ga i chatten eller delta i n\u00e5gon av de utbildningar vi erbjuder.<\/p>\n    \n    \n            <div class=\"btn-container\">\n                            \n<a href=\"https:\/\/www.ne.se\/info\/kom-igang\/\" target=\"\" aria-label=\"Allt om statsbidraget\" class=\"button button-blue\">\n    Allt om statsbidraget    <\/a>                                        \n<a href=\"https:\/\/www.ne.se\/info\/prova-ne-kostnadsfritt-i-30-dagar\/\" target=\"\" class=\"button button-border-blue\">Inte kund? Prova gratis i 30 dagar<\/a>                    <\/div>\n    \n    \n\n<\/div>                    <\/div>\n                <\/div>\n                    <\/div>\n    <\/div>\n<\/section>\n\n\n","protected":false},"excerpt":{"rendered":"","protected":false},"author":6,"featured_media":0,"parent":731,"menu_order":0,"comment_status":"closed","ping_status":"closed","template":"page-teaching-material.php","meta":{"inline_featured_image":false,"footnotes":""},"subject":[7],"class_list":["post-647","page","type-page","status-publish","hentry"],"acf":[],"_links":{"self":[{"href":"https:\/\/www.ne.se\/info\/wp-json\/wp\/v2\/pages\/647","targetHints":{"allow":["GET"]}}],"collection":[{"href":"https:\/\/www.ne.se\/info\/wp-json\/wp\/v2\/pages"}],"about":[{"href":"https:\/\/www.ne.se\/info\/wp-json\/wp\/v2\/types\/page"}],"author":[{"embeddable":true,"href":"https:\/\/www.ne.se\/info\/wp-json\/wp\/v2\/users\/6"}],"replies":[{"embeddable":true,"href":"https:\/\/www.ne.se\/info\/wp-json\/wp\/v2\/comments?post=647"}],"version-history":[{"count":40,"href":"https:\/\/www.ne.se\/info\/wp-json\/wp\/v2\/pages\/647\/revisions"}],"predecessor-version":[{"id":25843,"href":"https:\/\/www.ne.se\/info\/wp-json\/wp\/v2\/pages\/647\/revisions\/25843"}],"up":[{"embeddable":true,"href":"https:\/\/www.ne.se\/info\/wp-json\/wp\/v2\/pages\/731"}],"wp:attachment":[{"href":"https:\/\/www.ne.se\/info\/wp-json\/wp\/v2\/media?parent=647"}],"wp:term":[{"taxonomy":"subject","embeddable":true,"href":"https:\/\/www.ne.se\/info\/wp-json\/wp\/v2\/subject?post=647"}],"curies":[{"name":"wp","href":"https:\/\/api.w.org\/{rel}","templated":true}]}}