{"id":6754,"date":"2023-06-22T07:33:47","date_gmt":"2023-06-22T07:33:47","guid":{"rendered":"https:\/\/www.ne.se\/info\/?page_id=6754"},"modified":"2024-02-12T09:50:10","modified_gmt":"2024-02-12T09:50:10","slug":"testa-ne","status":"publish","type":"page","link":"https:\/\/www.ne.se\/info\/testa-ne\/","title":{"rendered":"Prova gratis mobil"},"content":{"rendered":"\n\n<section  class=\"big-header bg-gradient-top \">\n    <div class=\"container\">\n        <div class=\"inner first-block  \">\n\n            \n\n<div class=\"big-header-center\">\n                \n<h1 class=\"h1\"> Prova NE kostnadsfritt <\/h1>                \n<p class=\"ample\">\n    Uppt\u00e4ck faktasp\u00e4ckade tj\u00e4nster. Hela Sveriges kunskapsk\u00e4lla.<\/p>    \n    \n            <div class=\"btn-container\">\n                            \n<a href=\"https:\/\/www.ne.se\/info\/prova-ne-kostnadsfritt-i-30-dagar\/\" target=\"\" aria-label=\"NE f\u00f6r skolor\" class=\"button button-blue\">\n    NE f\u00f6r skolor    <\/a>                                        \n<a href=\"https:\/\/www.ne.se\/info\/privatpersoner\/\" target=\"\" class=\"button button-border-blue\">NE f\u00f6r privatpersoner<\/a>                    <\/div>\n    <\/div>\n        <\/div>\n    <\/div>\n<\/section>","protected":false},"excerpt":{"rendered":"","protected":false},"author":6,"featured_media":0,"parent":0,"menu_order":0,"comment_status":"closed","ping_status":"closed","template":"","meta":{"inline_featured_image":false,"footnotes":""},"subject":[],"class_list":["post-6754","page","type-page","status-publish","hentry"],"acf":[],"_links":{"self":[{"href":"https:\/\/www.ne.se\/info\/wp-json\/wp\/v2\/pages\/6754","targetHints":{"allow":["GET"]}}],"collection":[{"href":"https:\/\/www.ne.se\/info\/wp-json\/wp\/v2\/pages"}],"about":[{"href":"https:\/\/www.ne.se\/info\/wp-json\/wp\/v2\/types\/page"}],"author":[{"embeddable":true,"href":"https:\/\/www.ne.se\/info\/wp-json\/wp\/v2\/users\/6"}],"replies":[{"embeddable":true,"href":"https:\/\/www.ne.se\/info\/wp-json\/wp\/v2\/comments?post=6754"}],"version-history":[{"count":13,"href":"https:\/\/www.ne.se\/info\/wp-json\/wp\/v2\/pages\/6754\/revisions"}],"predecessor-version":[{"id":12771,"href":"https:\/\/www.ne.se\/info\/wp-json\/wp\/v2\/pages\/6754\/revisions\/12771"}],"wp:attachment":[{"href":"https:\/\/www.ne.se\/info\/wp-json\/wp\/v2\/media?parent=6754"}],"wp:term":[{"taxonomy":"subject","embeddable":true,"href":"https:\/\/www.ne.se\/info\/wp-json\/wp\/v2\/subject?post=6754"}],"curies":[{"name":"wp","href":"https:\/\/api.w.org\/{rel}","templated":true}]}}