{"id":6866,"date":"2023-06-26T11:52:44","date_gmt":"2023-06-26T11:52:44","guid":{"rendered":"https:\/\/www.ne.se\/info\/?page_id=6866"},"modified":"2025-11-12T07:37:58","modified_gmt":"2025-11-12T07:37:58","slug":"jobb","status":"publish","type":"page","link":"https:\/\/www.ne.se\/info\/jobb\/","title":{"rendered":"Jobba hos oss"},"content":{"rendered":"\n\n\n<section  class=\"header-big-pic\">\n    <div class=\"container\">\n        <div class=\"inner  teaching-padding\">\n                                        \n<h1 class=\"h1\"> Jobba hos oss <\/h1>                                        <p class=\"ingress\">Vill du vara med och utveckla de b\u00e4sta tj\u00e4nsterna f\u00f6r l\u00e4rande p\u00e5 en global marknad? NE har en stolt historia och en lika sp\u00e4nnande framtid. Kom och h\u00e4ng med p\u00e5 v\u00e5r resa!<\/p>\n            \n                    <\/div>\n    <\/div>\n\n    <div class=\"background-image\">\n        <img decoding=\"async\" src=\"https:\/\/www.ne.se\/info\/wp-content\/uploads\/2023\/06\/Header-pic-NE-jobba.png\" srcset=\"https:\/\/www.ne.se\/info\/wp-content\/uploads\/2023\/06\/Header-pic-NE-jobba.png 3840w, https:\/\/www.ne.se\/info\/wp-content\/uploads\/2023\/06\/Header-pic-NE-jobba-300x88.png 300w, https:\/\/www.ne.se\/info\/wp-content\/uploads\/2023\/06\/Header-pic-NE-jobba-1024x299.png 1024w, https:\/\/www.ne.se\/info\/wp-content\/uploads\/2023\/06\/Header-pic-NE-jobba-768x224.png 768w, https:\/\/www.ne.se\/info\/wp-content\/uploads\/2023\/06\/Header-pic-NE-jobba-1536x448.png 1536w, https:\/\/www.ne.se\/info\/wp-content\/uploads\/2023\/06\/Header-pic-NE-jobba-2048x597.png 2048w, https:\/\/www.ne.se\/info\/wp-content\/uploads\/2023\/06\/Header-pic-NE-jobba-354x103.png 354w\" sizes=\"(max-width: 3840px) 100vw, 3840px\" alt=\"\" title=\"Header pic NE jobba\" \/>\n    <\/div>\n\n    <div class=\"overlay-top\"><\/div>\n    <div class=\"overlay-bottom\"><\/div>\n<\/section>\n\n\n\n<section id=\"teaching_top\" class=\"big-header bg-white \">\n    <div class=\"container\">\n        <div class=\"inner  pt-5 pb-5\">\n\n            \n\n<div class=\"big-header-left\">\n                \n<h2 class=\"h2\"> Lediga tj\u00e4nster <\/h2>        \n    \n    <\/div>\n        <\/div>\n    <\/div>\n<\/section>\n\n\n\n<section  class=\"left-right bg-white\">\n    <div class=\"container twelve-col\">\n        <div class=\"inner  pt-2 pb-5\">\n                            <div class=\"grid\">\n                    <div class=\"col col-2\">\n                        \n\n<div class=\"content\">\n\n    \n    \n            \n<h2 class=\"h2\"> Att jobba p\u00e5 NE <\/h2>    \n            <p class=\"ingress\">Kulturen hos oss \u00e4r pragmatisk och prestigel\u00f6s. Vi arbetar med m\u00e5nga sm\u00e5 och snabba steg f\u00f6r att n\u00e5 v\u00e5r vision. H\u00e4r jobbar m\u00e4nniskor med mycket energi och h\u00f6ga krav p\u00e5 kvalitet och trov\u00e4rdighet. Det balanserar vi med uppt\u00e4ckarlust och modet att v\u00e5ga ta risker f\u00f6r att forts\u00e4tta ligga i topp. Vi tror p\u00e5 styrkan hos v\u00e5ra anst\u00e4llda och vi str\u00e4var alla efter att utveckla NE. Och oss sj\u00e4lva.<\/p>\n    \n    \n    \n    \n\n<\/div>                    <\/div>\n                    <div class=\"col col-2 img-right\">\n                                                                                                                        <picture>\n                                        <source media=\"(min-width:767px)\" srcset=\"https:\/\/www.ne.se\/info\/wp-content\/uploads\/2023\/06\/DSCF0135-1240x992.jpg\">\n                                        <source media=\"(max-width:767px)\" srcset=\"https:\/\/www.ne.se\/info\/wp-content\/uploads\/2023\/06\/DSCF0135-1460x920.jpg\">\n                                        <img decoding=\"async\" src=\"https:\/\/www.ne.se\/info\/wp-content\/uploads\/2023\/06\/DSCF0135-1240x992.jpg\" srcset=\"https:\/\/www.ne.se\/info\/wp-content\/uploads\/2023\/06\/DSCF0135-1240x992.jpg 1240w, https:\/\/www.ne.se\/info\/wp-content\/uploads\/2023\/06\/DSCF0135-800x640.jpg 800w\" sizes=\"(max-width: 1240px) 100vw, 1240px\" alt=\"\" title=\"DSCF0135\"  \/>\n                                    <\/picture>\n                                                            \n                                            <\/div>\n                <\/div>\n                    <\/div>\n    <\/div>\n<\/section>\n\n\n\n\n\n\n<section  class=\"card-row bg-white\">\n    <div class=\"container\">\n        <div class=\"inner  pt-1 pb-5\">\n                            <div class=\"grid card-row-grid three\">\n                                                                    <div class=\"col col-3 card-row-item\">\n                            \n<div class=\"card-medium\">\n            <picture>\n            <source media=\"(min-width:767px)\" srcset=\"https:\/\/www.ne.se\/info\/wp-content\/uploads\/2023\/06\/Grupp_Workplace_PF0A2446-800x432.jpg\">\n            <source media=\"(max-width:767px)\" srcset=\"https:\/\/www.ne.se\/info\/wp-content\/uploads\/2023\/06\/Grupp_Workplace_PF0A2446-1454x678.jpg\">\n            <img decoding=\"async\" src=\"https:\/\/www.ne.se\/info\/wp-content\/uploads\/2023\/06\/Grupp_Workplace_PF0A2446-800x432.jpg\" srcset=\"\" sizes=\"(max-width: 800px) 100vw, 800px\" alt=\"\" title=\"Grupp_Workplace_PF0A2446\"  \/>\n        <\/picture>\n        <div class=\"wrapper\">\n                            <\/div>\n                                    <\/div>                        <\/div>\n\n                                                                    <div class=\"col col-3 card-row-item\">\n                            \n<div class=\"card-medium\">\n            <picture>\n            <source media=\"(min-width:767px)\" srcset=\"https:\/\/www.ne.se\/info\/wp-content\/uploads\/2023\/06\/Work_PF0A3524--800x432.jpg\">\n            <source media=\"(max-width:767px)\" srcset=\"https:\/\/www.ne.se\/info\/wp-content\/uploads\/2023\/06\/Work_PF0A3524--1454x678.jpg\">\n            <img decoding=\"async\" src=\"https:\/\/www.ne.se\/info\/wp-content\/uploads\/2023\/06\/Work_PF0A3524--800x432.jpg\" srcset=\"\" sizes=\"(max-width: 800px) 100vw, 800px\" alt=\"ordb\u00f6cker\" title=\"Work_PF0A3524-\"  \/>\n        <\/picture>\n        <div class=\"wrapper\">\n                            <\/div>\n                                    <\/div>                        <\/div>\n\n                                                                    <div class=\"col col-3 card-row-item\">\n                            \n<div class=\"card-medium\">\n            <picture>\n            <source media=\"(min-width:767px)\" srcset=\"https:\/\/www.ne.se\/info\/wp-content\/uploads\/2023\/06\/IMG_0498-800x432.jpeg\">\n            <source media=\"(max-width:767px)\" srcset=\"https:\/\/www.ne.se\/info\/wp-content\/uploads\/2023\/06\/IMG_0498-1454x678.jpeg\">\n            <img decoding=\"async\" src=\"https:\/\/www.ne.se\/info\/wp-content\/uploads\/2023\/06\/IMG_0498-800x432.jpeg\" srcset=\"\" sizes=\"(max-width: 800px) 100vw, 800px\" alt=\"\" title=\"IMG_0498\"  \/>\n        <\/picture>\n        <div class=\"wrapper\">\n                            <\/div>\n                                    <\/div>                        <\/div>\n\n                                    <\/div>\n                    <\/div>\n    <\/div>\n<\/section>","protected":false},"excerpt":{"rendered":"","protected":false},"author":6,"featured_media":0,"parent":0,"menu_order":0,"comment_status":"closed","ping_status":"closed","template":"page-teaching-material.php","meta":{"inline_featured_image":false,"footnotes":""},"subject":[],"class_list":["post-6866","page","type-page","status-publish","hentry"],"acf":[],"_links":{"self":[{"href":"https:\/\/www.ne.se\/info\/wp-json\/wp\/v2\/pages\/6866","targetHints":{"allow":["GET"]}}],"collection":[{"href":"https:\/\/www.ne.se\/info\/wp-json\/wp\/v2\/pages"}],"about":[{"href":"https:\/\/www.ne.se\/info\/wp-json\/wp\/v2\/types\/page"}],"author":[{"embeddable":true,"href":"https:\/\/www.ne.se\/info\/wp-json\/wp\/v2\/users\/6"}],"replies":[{"embeddable":true,"href":"https:\/\/www.ne.se\/info\/wp-json\/wp\/v2\/comments?post=6866"}],"version-history":[{"count":75,"href":"https:\/\/www.ne.se\/info\/wp-json\/wp\/v2\/pages\/6866\/revisions"}],"predecessor-version":[{"id":24248,"href":"https:\/\/www.ne.se\/info\/wp-json\/wp\/v2\/pages\/6866\/revisions\/24248"}],"wp:attachment":[{"href":"https:\/\/www.ne.se\/info\/wp-json\/wp\/v2\/media?parent=6866"}],"wp:term":[{"taxonomy":"subject","embeddable":true,"href":"https:\/\/www.ne.se\/info\/wp-json\/wp\/v2\/subject?post=6866"}],"curies":[{"name":"wp","href":"https:\/\/api.w.org\/{rel}","templated":true}]}}