{"id":7020,"date":"2023-08-08T08:39:26","date_gmt":"2023-08-08T08:39:26","guid":{"rendered":"https:\/\/www.ne.se\/info\/?page_id=7020"},"modified":"2025-11-03T18:32:40","modified_gmt":"2025-11-03T18:32:40","slug":"nationalencyklopedin-2","status":"publish","type":"page","link":"https:\/\/www.ne.se\/info\/skola\/kunskapstjanster\/nationalencyklopedin-2\/","title":{"rendered":"Nationalencyklopedin"},"content":{"rendered":"\n\n\n<section  class=\"header-big-pic\">\n    <div class=\"container\">\n        <div class=\"inner  teaching-padding\">\n                            \n<div class=\"badges\">\n            <p class=\"badge\">Kunskapstj\u00e4nst<\/p>\n    <\/div>                                        \n<h1 class=\"h1\"> Nationalencyklopedin <\/h1>                                        <p class=\"ingress\">Sveriges nationella uppslagsverk. En aktuell och tillf\u00f6rlitlig kunskapsk\u00e4lla \u2013 alltid faktagranskad, alltid objektiv.<\/p>\n            \n                    <\/div>\n    <\/div>\n\n    <div class=\"background-image\">\n        <img decoding=\"async\" src=\"https:\/\/www.ne.se\/info\/wp-content\/uploads\/2025\/02\/sca17468-1-scaled.jpg\" srcset=\"https:\/\/www.ne.se\/info\/wp-content\/uploads\/2025\/02\/sca17468-1-scaled.jpg 2560w, https:\/\/www.ne.se\/info\/wp-content\/uploads\/2025\/02\/sca17468-1-300x200.jpg 300w, https:\/\/www.ne.se\/info\/wp-content\/uploads\/2025\/02\/sca17468-1-1024x682.jpg 1024w, https:\/\/www.ne.se\/info\/wp-content\/uploads\/2025\/02\/sca17468-1-768x512.jpg 768w, https:\/\/www.ne.se\/info\/wp-content\/uploads\/2025\/02\/sca17468-1-1536x1024.jpg 1536w, https:\/\/www.ne.se\/info\/wp-content\/uploads\/2025\/02\/sca17468-1-2048x1365.jpg 2048w, https:\/\/www.ne.se\/info\/wp-content\/uploads\/2025\/02\/sca17468-1-354x236.jpg 354w\" sizes=\"(max-width: 2560px) 100vw, 2560px\" alt=\"\" title=\"\" \/>\n    <\/div>\n\n    <div class=\"overlay-top\"><\/div>\n    <div class=\"overlay-bottom\"><\/div>\n<\/section>\n\n\n\n<section id=\"teaching_top\" class=\"left-right bg-white\">\n    <div class=\"container twelve-col\">\n        <div class=\"inner   \">\n                            <div class=\"grid\">\n                    <div class=\"col col-2\">\n                        \n\n<div class=\"content\">\n\n            \n<p class=\"uptext\">\n    <span class=\"line\"><\/span>\n    F\u00f6r alla klassrum<\/p>    \n    \n            \n<h2 class=\"h3\"> Nya uppslagsverket <br> ger nya m\u00f6jligheter <\/h2>    \n            <p class=\"ingress\">Nu har uppslagsverket f\u00e5tt nytt utseende, hundratals nya bilder, b\u00e4ttre s\u00f6k och fler st\u00f6dfunktioner. Med uppslagsverket har du och dina elever fortfarande faktagranskat inneh\u00e5ll att lita p\u00e5 men i ett uppdaterat format fyllt med tillg\u00e4nglighetsanpassningar som m\u00f6ter dina krav p\u00e5 pedagogiska verktyg.<\/p>\n    \n            <ul class=\"usps\">\n            <li class=\"usp\">\n            <svg width=\"24\" height=\"24\" viewBox=\"0 0 24 24\" fill=\"none\" xmlns=\"http:\/\/www.w3.org\/2000\/svg\">\n    <path d=\"M9 16.17 5.53 12.7a.996.996 0 1 0-1.41 1.41l4.18 4.18c.39.39 1.02.39 1.41 0L20.29 7.71a.996.996 0 1 0-1.41-1.41L9 16.17z\" fill=\"#007DB8\"\/>\n<\/svg>\n            Texterna \u00e4r l\u00e4ttare att l\u00e4sa eftersom sk\u00e4rmen utnyttjas b\u00e4ttre och spaltbredden har \u00f6kats.         <\/li>\n            <li class=\"usp\">\n            <svg width=\"24\" height=\"24\" viewBox=\"0 0 24 24\" fill=\"none\" xmlns=\"http:\/\/www.w3.org\/2000\/svg\">\n    <path d=\"M9 16.17 5.53 12.7a.996.996 0 1 0-1.41 1.41l4.18 4.18c.39.39 1.02.39 1.41 0L20.29 7.71a.996.996 0 1 0-1.41-1.41L9 16.17z\" fill=\"#007DB8\"\/>\n<\/svg>\n            Aktuella ord visas i en karusell med bilder p\u00e5 f\u00f6rstasidan f\u00f6r att inspirera till mer l\u00e4sning om dagsf\u00e4rska h\u00e4ndelser.        <\/li>\n            <li class=\"usp\">\n            <svg width=\"24\" height=\"24\" viewBox=\"0 0 24 24\" fill=\"none\" xmlns=\"http:\/\/www.w3.org\/2000\/svg\">\n    <path d=\"M9 16.17 5.53 12.7a.996.996 0 1 0-1.41 1.41l4.18 4.18c.39.39 1.02.39 1.41 0L20.29 7.71a.996.996 0 1 0-1.41-1.41L9 16.17z\" fill=\"#007DB8\"\/>\n<\/svg>\n            L\u00e4rarassistenten AI-Martin har flyttat in i uppslagsverket och st\u00f6ttar dig och eleverna med snabba, interaktiva f\u00f6rklaringar p\u00e5 \u00f6ver 50 olika spr\u00e5k.        <\/li>\n    <\/ul>    \n            <div class=\"btn-container\">\n                            \n<a href=\"https:\/\/www.ne.se\/info\/prova-ne-kostnadsfritt-i-30-dagar\/\" target=\"\" aria-label=\"Prova NE kostnadsfritt\" class=\"button button-blue\">\n    Prova NE kostnadsfritt    <\/a>                                        \n<a href=\"https:\/\/www.ne.se\/uppslagsverk\/encyklopedi\" target=\"\" aria-label=\"Uppt\u00e4ck ditt nya uppslagsverk h\u00e4r\" class=\"button button-blue\">\n    Uppt\u00e4ck ditt nya uppslagsverk h\u00e4r    <\/a>                    <\/div>\n    \n    \n\n<\/div>                    <\/div>\n                    <div class=\"col col-2 img-right\">\n                                                                                                                        <picture>\n                                        <source media=\"(min-width:767px)\" srcset=\"https:\/\/www.ne.se\/info\/wp-content\/uploads\/2025\/02\/NY-Kollage-Nya-Uppslagsverket-1240x992.png\">\n                                        <source media=\"(max-width:767px)\" srcset=\"https:\/\/www.ne.se\/info\/wp-content\/uploads\/2025\/02\/NY-Kollage-Nya-Uppslagsverket-1460x920.png\">\n                                        <img decoding=\"async\" src=\"https:\/\/www.ne.se\/info\/wp-content\/uploads\/2025\/02\/NY-Kollage-Nya-Uppslagsverket-1240x992.png\" srcset=\"https:\/\/www.ne.se\/info\/wp-content\/uploads\/2025\/02\/NY-Kollage-Nya-Uppslagsverket-1240x992.png 1240w, https:\/\/www.ne.se\/info\/wp-content\/uploads\/2025\/02\/NY-Kollage-Nya-Uppslagsverket-800x640.png 800w\" sizes=\"(max-width: 1240px) 100vw, 1240px\" alt=\"\" title=\"\"  \/>\n                                    <\/picture>\n                                                            \n                                            <\/div>\n                <\/div>\n                    <\/div>\n    <\/div>\n<\/section>\n\n\n\n\n\n\n<section  class=\"left-right bg-white\">\n    <div class=\"container twelve-col\">\n        <div class=\"inner  pt-3 pb-4\">\n                            <div class=\"grid\">\n                    <div class=\"col col-2 img-left\">\n                                                                                                                        <div class=\"video-thumbnail-container\">\n                                        <img decoding=\"async\" data-block-id=\"block_a8943e664bc6636e5b717e0401c9885f\" class=\"video-thumbnail\" src=\"https:\/\/www.ne.se\/info\/wp-content\/uploads\/2023\/03\/ne-se-nb-stod-1-1240x980.png\" srcset=\"\" sizes=\"(max-width: 1240px) 100vw, 1240px\" alt=\"\" title=\"ne-se-nb-sto\u0308d-1\"  \/>\n                                        <svg width=\"80\" height=\"80\" viewBox=\"0 0 80 80\" fill=\"none\" xmlns=\"http:\/\/www.w3.org\/2000\/svg\">\n<g filter=\"url(#filter0_b_1398_23185)\">\n<path fill-rule=\"evenodd\" clip-rule=\"evenodd\" d=\"M40 80C62.0914 80 80 62.0914 80 40C80 17.9086 62.0914 0 40 0C17.9086 0 0 17.9086 0 40C0 62.0914 17.9086 80 40 80ZM33.75 54.6721L56.25 42.096C57.9167 41.1645 57.9167 38.8355 56.25 37.904L33.75 25.3279C32.0833 24.3963 30 25.5608 30 27.4239L30 52.5761C30 54.4392 32.0833 55.6037 33.75 54.6721Z\" fill=\"white\" fill-opacity=\"0.8\"\/>\n<\/g>\n<defs>\n<filter id=\"filter0_b_1398_23185\" x=\"-16\" y=\"-16\" width=\"112\" height=\"112\" filterUnits=\"userSpaceOnUse\" color-interpolation-filters=\"sRGB\">\n<feFlood flood-opacity=\"0\" result=\"BackgroundImageFix\"\/>\n<feGaussianBlur in=\"BackgroundImageFix\" stdDeviation=\"8\"\/>\n<feComposite in2=\"SourceAlpha\" operator=\"in\" result=\"effect1_backgroundBlur_1398_23185\"\/>\n<feBlend mode=\"normal\" in=\"SourceGraphic\" in2=\"effect1_backgroundBlur_1398_23185\" result=\"shape\"\/>\n<\/filter>\n<\/defs>\n<\/svg>\n                                    <\/div>\n                                                            \n                                            <\/div>\n                    <div class=\"col col-2\">\n                        \n\n<div class=\"content\">\n\n            \n<p class=\"uptext\">\n    <span class=\"line\"><\/span>\n    F\u00f6r alla klassrum<\/p>    \n    \n            \n<h2 class=\"h3\"> Nationalencyklopedin \u2013 rymmer allt och lite till <\/h2>    \n            <p class=\"ingress\">I Nationalencyklopedin hittar du och dina elever artiklar om det mesta inom alla \u00e4mnen. <\/p>\n    \n            <ul class=\"usps\">\n            <li class=\"usp\">\n            <svg width=\"24\" height=\"24\" viewBox=\"0 0 24 24\" fill=\"none\" xmlns=\"http:\/\/www.w3.org\/2000\/svg\">\n    <path d=\"M9 16.17 5.53 12.7a.996.996 0 1 0-1.41 1.41l4.18 4.18c.39.39 1.02.39 1.41 0L20.29 7.71a.996.996 0 1 0-1.41-1.41L9 16.17z\" fill=\"#007DB8\"\/>\n<\/svg>\n            Allt fr\u00e5n djuplodade artiklar om historiska h\u00e4ndelser till \u00f6vergripande begreppsf\u00f6rklaringar.        <\/li>\n            <li class=\"usp\">\n            <svg width=\"24\" height=\"24\" viewBox=\"0 0 24 24\" fill=\"none\" xmlns=\"http:\/\/www.w3.org\/2000\/svg\">\n    <path d=\"M9 16.17 5.53 12.7a.996.996 0 1 0-1.41 1.41l4.18 4.18c.39.39 1.02.39 1.41 0L20.29 7.71a.996.996 0 1 0-1.41-1.41L9 16.17z\" fill=\"#007DB8\"\/>\n<\/svg>\n            Vad \u00e4r kvantfysik, hur v\u00e4xte feminismen fram och vad orsakade egentligen f\u00f6rsta v\u00e4rldskriget? I Nationalencyklopedin hittar ni svaren.        <\/li>\n            <li class=\"usp\">\n            <svg width=\"24\" height=\"24\" viewBox=\"0 0 24 24\" fill=\"none\" xmlns=\"http:\/\/www.w3.org\/2000\/svg\">\n    <path d=\"M9 16.17 5.53 12.7a.996.996 0 1 0-1.41 1.41l4.18 4.18c.39.39 1.02.39 1.41 0L20.29 7.71a.996.996 0 1 0-1.41-1.41L9 16.17z\" fill=\"#007DB8\"\/>\n<\/svg>\n            Nationalencyklopedin \u00e4r ett utm\u00e4rkt verktyg i undervisningen och g\u00e5r att anv\u00e4nda p\u00e5 flera s\u00e4tt \u2013 till temaarbeten, som diskussionsunderlag, f\u00f6r ordf\u00f6rst\u00e5else.         <\/li>\n    <\/ul>    \n    \n    \n\n<\/div>                    <\/div>\n                <\/div>\n                    <\/div>\n    <\/div>\n<\/section>\n\n\n      <div class=\"modal modal-video\" data-modal-id=\"block_a8943e664bc6636e5b717e0401c9885f\">\n\n    <div class=\"modal-content\">\n      <div class=\"iframe-container\">\n        <div class=\"iframe-wrapper\">\n          <iframe class=\"iframe\" src=\"https:\/\/www.youtube.com\/embed\/b0_f99JQaQY\" frameborder=\"0\" allow=\"accelerometer; autoplay; clipboard-write; encrypted-media; gyroscope; picture-in-picture; web-share\" allowfullscreen><\/iframe>\n        <\/div>\n      <\/div>\n    <\/div>\n\n  <\/div>\n\n\n\n\n<section  class=\"card-row bg-white\">\n    <div class=\"container\">\n        <div class=\"inner  pt-3 pb-2\">\n                            <div class=\"grid card-row-grid three\">\n                                                                    <div class=\"col col-3 card-row-item\">\n                            \n<div class=\"card-medium\">\n            <picture>\n            <source media=\"(min-width:767px)\" srcset=\"https:\/\/www.ne.se\/info\/wp-content\/uploads\/2023\/06\/shutterstock_2090253973-800x432.jpg\">\n            <source media=\"(max-width:767px)\" srcset=\"https:\/\/www.ne.se\/info\/wp-content\/uploads\/2023\/06\/shutterstock_2090253973-1454x678.jpg\">\n            <img decoding=\"async\" src=\"https:\/\/www.ne.se\/info\/wp-content\/uploads\/2023\/06\/shutterstock_2090253973-800x432.jpg\" srcset=\"\" sizes=\"(max-width: 800px) 100vw, 800px\" alt=\"\" title=\"Elementary,Teacher,And,Her,Students,Using,Laptop,During,Computer,Class\"  \/>\n        <\/picture>\n        <div class=\"wrapper\">\n                            <h4 class=\"heading\">P\u00e5litligt<\/h4>\n                            <p class=\"text\">Bakom Nationalencyklopedins tusentals artiklar st\u00e5r en redaktion som tillsammans med ett stort n\u00e4tverk \u00e4mnesexperter ser till att inneh\u00e5llet alltid h\u00e5ller h\u00f6gsta kvalitet f\u00f6r dig och dina elever. Uppdateringar h\u00e4mtas kontinuerligt fr\u00e5n tillf\u00f6rlitliga elektroniska k\u00e4llor, till exempel V\u00e4rldsbanken (IBRD) och Statistiska centralbyr\u00e5n (SCB).\r\n<\/p>\n            <\/div>\n                                    <\/div>                        <\/div>\n\n                                                                    <div class=\"col col-3 card-row-item\">\n                            \n<div class=\"card-medium\">\n            <picture>\n            <source media=\"(min-width:767px)\" srcset=\"https:\/\/www.ne.se\/info\/wp-content\/uploads\/2023\/07\/masma89095-800x432.jpg\">\n            <source media=\"(max-width:767px)\" srcset=\"https:\/\/www.ne.se\/info\/wp-content\/uploads\/2023\/07\/masma89095-1454x678.jpg\">\n            <img decoding=\"async\" src=\"https:\/\/www.ne.se\/info\/wp-content\/uploads\/2023\/07\/masma89095-800x432.jpg\" srcset=\"\" sizes=\"(max-width: 800px) 100vw, 800px\" alt=\"\" title=\"Male and female students studying together in high school classroom\"  \/>\n        <\/picture>\n        <div class=\"wrapper\">\n                            <h4 class=\"heading\">Aktuellt<\/h4>\n                            <p class=\"text\">Nationalencyklopedin uppdateras st\u00e4ndigt med nya och reviderade artiklar \u2013 allt fr\u00e5n global politik till nya ord. Redaktionen h\u00e5ller dig och dina elever uppdaterade inom varje \u00e4mne och arbetar aktivt f\u00f6r ett representativt och j\u00e4mst\u00e4llt inneh\u00e5ll. P\u00e5 startsidan finns \u00e4ven noga utvalda f\u00f6rslag p\u00e5 artiklar som relaterar till det som h\u00e4nder i v\u00e5r omv\u00e4rld. Stort som sm\u00e5tt, h\u00e4r och nu.\r\n<\/p>\n            <\/div>\n                                    <\/div>                        <\/div>\n\n                                                                    <div class=\"col col-3 card-row-item\">\n                            \n<div class=\"card-medium\">\n            <picture>\n            <source media=\"(min-width:767px)\" srcset=\"https:\/\/www.ne.se\/info\/wp-content\/uploads\/2023\/06\/ima216862-800x432.jpg\">\n            <source media=\"(max-width:767px)\" srcset=\"https:\/\/www.ne.se\/info\/wp-content\/uploads\/2023\/06\/ima216862-1454x678.jpg\">\n            <img decoding=\"async\" src=\"https:\/\/www.ne.se\/info\/wp-content\/uploads\/2023\/06\/ima216862-800x432.jpg\" srcset=\"\" sizes=\"(max-width: 800px) 100vw, 800px\" alt=\"\" title=\"Tv\u00e5 kvinnor jobbar vid dator p\u00e5 kaf\u00e9\"  \/>\n        <\/picture>\n        <div class=\"wrapper\">\n                            <h4 class=\"heading\">Tillg\u00e4ngligt<\/h4>\n                            <p class=\"text\">Inneh\u00e5llet i Nationalencyklopedin ska vara tillg\u00e4ngligt f\u00f6r alla oavsett kunskapsniv\u00e5. M\u00e5nga artiklar \u00e4r d\u00e4rf\u00f6r kompletterade med en enklare version, skriven med ett l\u00e4ttare spr\u00e5k. Fackuttryck och termer f\u00f6rklaras ocks\u00e5 p\u00e5 ett mer vardagligt s\u00e4tt, s\u00e5 att fler elever ska kunna ta till sig inneh\u00e5llet.<\/p>\n            <\/div>\n                                    <\/div>                        <\/div>\n\n                                    <\/div>\n                    <\/div>\n    <\/div>\n<\/section>\n\n\n\n<section  class=\"left-right bg-gray\">\n    <div class=\"container twelve-col\">\n        <div class=\"inner   \">\n                            <div class=\"grid\">\n                    <div class=\"col col-2\">\n                        \n\n<div class=\"content\">\n\n    \n    \n            \n<h2 class=\"h2\"> Kom ig\u00e5ng direkt <\/h2>    \n            <p class=\"ingress\">Att komma ig\u00e5ng med NE \u00e4r enkelt. Vill du veta mer om hur du optimerar ditt anv\u00e4ndande kan du alltid st\u00e4lla en fr\u00e5ga till v\u00e5r support eller delta i n\u00e5gon av de utbildningar vi erbjuder.<\/p>\n    \n    \n            <div class=\"btn-container\">\n                            \n<a href=\"https:\/\/www.ne.se\/info\/prova-ne-kostnadsfritt-i-30-dagar\/\" target=\"\" aria-label=\"Prova NE kostnadsfritt i 30 dagar\" class=\"button button-blue\">\n    Prova NE kostnadsfritt i 30 dagar    <\/a>                                <\/div>\n    \n    \n\n<\/div>                    <\/div>\n                    <div class=\"col col-2 img-right\">\n                                                                                                                        <picture>\n                                        <source media=\"(min-width:767px)\" srcset=\"https:\/\/www.ne.se\/info\/wp-content\/uploads\/2023\/10\/Kontaktcircklar-Blandad.png\">\n                                        <source media=\"(max-width:767px)\" srcset=\"https:\/\/www.ne.se\/info\/wp-content\/uploads\/2023\/10\/Kontaktcircklar-Blandad.png\">\n                                        <img decoding=\"async\" src=\"https:\/\/www.ne.se\/info\/wp-content\/uploads\/2023\/10\/Kontaktcircklar-Blandad.png\" srcset=\"https:\/\/www.ne.se\/info\/wp-content\/uploads\/2023\/10\/Kontaktcircklar-Blandad.png 979w, https:\/\/www.ne.se\/info\/wp-content\/uploads\/2023\/10\/Kontaktcircklar-Blandad-300x245.png 300w, https:\/\/www.ne.se\/info\/wp-content\/uploads\/2023\/10\/Kontaktcircklar-Blandad-768x628.png 768w, https:\/\/www.ne.se\/info\/wp-content\/uploads\/2023\/10\/Kontaktcircklar-Blandad-354x289.png 354w\" sizes=\"(max-width: 979px) 100vw, 979px\" alt=\"\" title=\"\"  \/>\n                                    <\/picture>\n                                                            \n                                            <\/div>\n                <\/div>\n                    <\/div>\n    <\/div>\n<\/section>\n\n\n","protected":false},"excerpt":{"rendered":"","protected":false},"author":13,"featured_media":0,"parent":1045,"menu_order":1,"comment_status":"closed","ping_status":"closed","template":"page-teaching-material.php","meta":{"inline_featured_image":false,"footnotes":""},"subject":[],"class_list":["post-7020","page","type-page","status-publish","hentry"],"acf":[],"_links":{"self":[{"href":"https:\/\/www.ne.se\/info\/wp-json\/wp\/v2\/pages\/7020","targetHints":{"allow":["GET"]}}],"collection":[{"href":"https:\/\/www.ne.se\/info\/wp-json\/wp\/v2\/pages"}],"about":[{"href":"https:\/\/www.ne.se\/info\/wp-json\/wp\/v2\/types\/page"}],"author":[{"embeddable":true,"href":"https:\/\/www.ne.se\/info\/wp-json\/wp\/v2\/users\/13"}],"replies":[{"embeddable":true,"href":"https:\/\/www.ne.se\/info\/wp-json\/wp\/v2\/comments?post=7020"}],"version-history":[{"count":99,"href":"https:\/\/www.ne.se\/info\/wp-json\/wp\/v2\/pages\/7020\/revisions"}],"predecessor-version":[{"id":24182,"href":"https:\/\/www.ne.se\/info\/wp-json\/wp\/v2\/pages\/7020\/revisions\/24182"}],"up":[{"embeddable":true,"href":"https:\/\/www.ne.se\/info\/wp-json\/wp\/v2\/pages\/1045"}],"wp:attachment":[{"href":"https:\/\/www.ne.se\/info\/wp-json\/wp\/v2\/media?parent=7020"}],"wp:term":[{"taxonomy":"subject","embeddable":true,"href":"https:\/\/www.ne.se\/info\/wp-json\/wp\/v2\/subject?post=7020"}],"curies":[{"name":"wp","href":"https:\/\/api.w.org\/{rel}","templated":true}]}}