{"id":731,"date":"2023-03-13T09:20:28","date_gmt":"2023-03-13T09:20:28","guid":{"rendered":"https:\/\/www.ne.se\/info\/?page_id=731"},"modified":"2025-08-25T09:36:48","modified_gmt":"2025-08-25T09:36:48","slug":"f-3","status":"publish","type":"page","link":"https:\/\/www.ne.se\/info\/skola\/digitala-laromedel\/f-3\/","title":{"rendered":"Samlingssida F\u20133"},"content":{"rendered":"\n\n<section  class=\"big-header bg-white \">\n    <div class=\"container\">\n        <div class=\"inner first-block  \">\n\n            \n\n<div class=\"big-header-left-right\">\n    <div class=\"grid\">\n        <div class=\"col col-2 left\">\n                                        \n<h1 class=\"h1\"> Digitala l\u00e4romedel <br> F\u20133 f\u00f6r grundskolan <\/h1>                    <\/div>\n        <div class=\"col col-2 right\">\n                                        \n<p class=\"ample\">\n    L\u00e4romedel f\u00f6r l\u00e5gstadiet som hj\u00e4lper dig att v\u00e4cka elevernas l\u00e4rlust och intresse. G\u00f6r framtiden klokare och ge varje elev b\u00e4sta m\u00f6jliga start. Du vet v\u00e4l att det \u00e4ven finns tryckta l\u00e4romedel f\u00f6r \u00e5k F\u20133?<\/p>            \n            \n                            <div class=\"btn-container\">\n                                            \n<a href=\"https:\/\/www.ne.se\/info\/skola\/tryckta-laromedel\/f-3\/\" target=\"\" aria-label=\"Se alla tryckta l\u00e4romedel\" class=\"button button-blue\">\n    Se alla tryckta l\u00e4romedel    <\/a>                                                        <\/div>\n                    <\/div>\n    <\/div>\n   \n<\/div>\n        <\/div>\n    <\/div>\n<\/section>\n\n\n\n<section  class=\"teaching-material-grid bg-gray\">\n    <div class=\"container\">\n        <div class=\"inner   \">\n\n                            <div class=\"outer-grid\">      \n                \n                    <aside class=\"side-nav\" data-page_id=\"731\">\n                        <nav>\n                            <ul class=\"side-nav-list\">\n                                <li class=\"side-nav-item\">\n                                    <span class=\"side-nav-link active\" data-term_id=\"0\">Alla<\/span>\n                                <\/li>\n\n                                                                    <li class=\"side-nav-item\">\n                                        <span class=\"side-nav-link\" data-term_id=\"5\">Matematik<\/span>\n                                    <\/li>\n                                                                    <li class=\"side-nav-item\">\n                                        <span class=\"side-nav-link\" data-term_id=\"10\">NO<\/span>\n                                    <\/li>\n                                                                    <li class=\"side-nav-item\">\n                                        <span class=\"side-nav-link\" data-term_id=\"7\">Praktisk-estetiska \u00e4mnen<\/span>\n                                    <\/li>\n                                                                    <li class=\"side-nav-item\">\n                                        <span class=\"side-nav-link\" data-term_id=\"11\">SO<\/span>\n                                    <\/li>\n                                                                    <li class=\"side-nav-item\">\n                                        <span class=\"side-nav-link\" data-term_id=\"6\">Spr\u00e5k<\/span>\n                                    <\/li>\n                                \n                            <\/ul>\n                        <\/nav>\n                    <\/aside>\n\n                    <main class=\"grid material-grid\">\n                    \n                        \n                            \n                            \n    <a href=\"https:\/\/www.ne.se\/info\/skola\/digitala-laromedel\/f-3\/engelska\/\" class=\"col col-3 teaching-material-item\">\n        <div class=\"wrapper\">\n            <img decoding=\"async\" src=\"https:\/\/www.ne.se\/info\/wp-content\/uploads\/2023\/03\/ENGELSKA_omslag_kvadrat-580x600.jpg\" alt=\"\">\n                            <p class=\"heading\">Engelska 1\u20133<\/p>\n                        <div class=\"overlay\"><\/div>\n        <\/div>\n    <\/a>\n                            \n                        \n                            \n                            \n    <a href=\"https:\/\/www.ne.se\/info\/skola\/digitala-laromedel\/f-3\/hem-och-konsumentkunskap-f-3\/\" class=\"col col-3 teaching-material-item\">\n        <div class=\"wrapper\">\n            <img decoding=\"async\" src=\"https:\/\/www.ne.se\/info\/wp-content\/uploads\/2023\/03\/shutterstock_1538767238-580x600.jpg\" alt=\"\">\n                            <p class=\"heading\">Hem- och konsumentkunskap 1\u20136<\/p>\n                        <div class=\"overlay\"><\/div>\n        <\/div>\n    <\/a>\n                            \n                        \n                            \n                            \n    <a href=\"https:\/\/www.ne.se\/info\/skola\/digitala-laromedel\/f-3\/matematik-1\/\" class=\"col col-3 teaching-material-item\">\n        <div class=\"wrapper\">\n            <img decoding=\"async\" src=\"https:\/\/www.ne.se\/info\/wp-content\/uploads\/2023\/04\/matte1-580x600.jpg\" alt=\"\">\n                            <p class=\"heading\">Matematik 1<\/p>\n                        <div class=\"overlay\"><\/div>\n        <\/div>\n    <\/a>\n                            \n                        \n                            \n                            \n    <a href=\"https:\/\/www.ne.se\/info\/skola\/digitala-laromedel\/f-3\/matematik-2\/\" class=\"col col-3 teaching-material-item\">\n        <div class=\"wrapper\">\n            <img decoding=\"async\" src=\"https:\/\/www.ne.se\/info\/wp-content\/uploads\/2023\/04\/matte2-580x600.jpg\" alt=\"\">\n                            <p class=\"heading\">Matematik 2<\/p>\n                        <div class=\"overlay\"><\/div>\n        <\/div>\n    <\/a>\n                            \n                        \n                            \n                            \n    <a href=\"https:\/\/www.ne.se\/info\/skola\/digitala-laromedel\/f-3\/matematik-3\/\" class=\"col col-3 teaching-material-item\">\n        <div class=\"wrapper\">\n            <img decoding=\"async\" src=\"https:\/\/www.ne.se\/info\/wp-content\/uploads\/2023\/04\/matte3-580x600.jpg\" alt=\"\">\n                            <p class=\"heading\">Matematik 3<\/p>\n                        <div class=\"overlay\"><\/div>\n        <\/div>\n    <\/a>\n                            \n                        \n                            \n                            \n    <a href=\"https:\/\/www.ne.se\/info\/skola\/digitala-laromedel\/f-3\/matematik-f\/\" class=\"col col-3 teaching-material-item\">\n        <div class=\"wrapper\">\n            <img decoding=\"async\" src=\"https:\/\/www.ne.se\/info\/wp-content\/uploads\/2023\/03\/MATTE_omslag_kvadrat-580x600.jpg\" alt=\"\">\n                            <p class=\"heading\">Matematik F<\/p>\n                        <div class=\"overlay\"><\/div>\n        <\/div>\n    <\/a>\n                            \n                        \n                            \n                            \n                            \n                        \n                            \n                            \n    <a href=\"https:\/\/www.ne.se\/info\/skola\/digitala-laromedel\/f-3\/no\/\" class=\"col col-3 teaching-material-item\">\n        <div class=\"wrapper\">\n            <img decoding=\"async\" src=\"https:\/\/www.ne.se\/info\/wp-content\/uploads\/2023\/03\/NO_omslag_kvadrat-580x600.jpg\" alt=\"\">\n                            <p class=\"heading\">NO 1\u20133<\/p>\n                        <div class=\"overlay\"><\/div>\n        <\/div>\n    <\/a>\n                            \n                        \n                            \n                            \n    <a href=\"https:\/\/www.ne.se\/info\/skola\/digitala-laromedel\/f-3\/programmering\/\" class=\"col col-3 teaching-material-item\">\n        <div class=\"wrapper\">\n            <img decoding=\"async\" src=\"https:\/\/www.ne.se\/info\/wp-content\/uploads\/2023\/06\/Programmering-fyrkantig-580x600.png\" alt=\"\">\n                            <p class=\"heading\">Programmering F\u20139<\/p>\n                        <div class=\"overlay\"><\/div>\n        <\/div>\n    <\/a>\n                            \n                        \n                            \n                            \n    <a href=\"https:\/\/www.ne.se\/info\/skola\/digitala-laromedel\/f-3\/so\/\" class=\"col col-3 teaching-material-item\">\n        <div class=\"wrapper\">\n            <img decoding=\"async\" src=\"https:\/\/www.ne.se\/info\/wp-content\/uploads\/2023\/03\/SO_omslag_kvadrat-580x600.jpg\" alt=\"\">\n                            <p class=\"heading\">SO 1\u20133<\/p>\n                        <div class=\"overlay\"><\/div>\n        <\/div>\n    <\/a>\n                            \n                        \n                            \n                            \n    <a href=\"https:\/\/www.ne.se\/info\/skola\/digitala-laromedel\/f-3\/svenska\/\" class=\"col col-3 teaching-material-item\">\n        <div class=\"wrapper\">\n            <img decoding=\"async\" src=\"https:\/\/www.ne.se\/info\/wp-content\/uploads\/2023\/03\/SVENSKA_omslag_kvadrat-580x600.jpg\" alt=\"\">\n                            <p class=\"heading\">Svenska F\u20133<\/p>\n                        <div class=\"overlay\"><\/div>\n        <\/div>\n    <\/a>\n                            \n                        \n                    <\/main>        \n\n                <\/div>\n\n                    <\/div>\n    <\/div>\n<\/section>","protected":false},"excerpt":{"rendered":"","protected":false},"author":6,"featured_media":0,"parent":20623,"menu_order":0,"comment_status":"closed","ping_status":"closed","template":"","meta":{"inline_featured_image":false,"footnotes":""},"subject":[],"class_list":["post-731","page","type-page","status-publish","hentry"],"acf":[],"_links":{"self":[{"href":"https:\/\/www.ne.se\/info\/wp-json\/wp\/v2\/pages\/731","targetHints":{"allow":["GET"]}}],"collection":[{"href":"https:\/\/www.ne.se\/info\/wp-json\/wp\/v2\/pages"}],"about":[{"href":"https:\/\/www.ne.se\/info\/wp-json\/wp\/v2\/types\/page"}],"author":[{"embeddable":true,"href":"https:\/\/www.ne.se\/info\/wp-json\/wp\/v2\/users\/6"}],"replies":[{"embeddable":true,"href":"https:\/\/www.ne.se\/info\/wp-json\/wp\/v2\/comments?post=731"}],"version-history":[{"count":23,"href":"https:\/\/www.ne.se\/info\/wp-json\/wp\/v2\/pages\/731\/revisions"}],"predecessor-version":[{"id":22491,"href":"https:\/\/www.ne.se\/info\/wp-json\/wp\/v2\/pages\/731\/revisions\/22491"}],"up":[{"embeddable":true,"href":"https:\/\/www.ne.se\/info\/wp-json\/wp\/v2\/pages\/20623"}],"wp:attachment":[{"href":"https:\/\/www.ne.se\/info\/wp-json\/wp\/v2\/media?parent=731"}],"wp:term":[{"taxonomy":"subject","embeddable":true,"href":"https:\/\/www.ne.se\/info\/wp-json\/wp\/v2\/subject?post=731"}],"curies":[{"name":"wp","href":"https:\/\/api.w.org\/{rel}","templated":true}]}}