{"id":7684,"date":"2023-08-03T13:30:36","date_gmt":"2023-08-03T13:30:36","guid":{"rendered":"https:\/\/www.ne.se\/info\/?page_id=7684"},"modified":"2024-09-11T09:35:18","modified_gmt":"2024-09-11T09:35:18","slug":"nationalencyklopedin","status":"publish","type":"page","link":"https:\/\/www.ne.se\/info\/privatpersoner\/nationalencyklopedin\/","title":{"rendered":"Nationalencyklopedin"},"content":{"rendered":"\n\n\n<section  class=\"header-big-pic\">\n    <div class=\"container\">\n        <div class=\"inner  teaching-padding\">\n                            \n<div class=\"badges\">\n            <p class=\"badge\">Kunskapstj\u00e4nst<\/p>\n    <\/div>                                        \n<h1 class=\"h1\"> Nationalencyklopedin <\/h1>                                        <p class=\"ingress\">Sveriges nationella uppslagsverk. En aktuell och tillf\u00f6rlitlig kunskapsk\u00e4lla \u2013 alltid faktagranskad, alltid objektiv.<\/p>\n            \n                    <\/div>\n    <\/div>\n\n    <div class=\"background-image\">\n        <img decoding=\"async\" src=\"https:\/\/www.ne.se\/info\/wp-content\/uploads\/2023\/06\/shutterstock_732217162-scaled.jpg\" srcset=\"https:\/\/www.ne.se\/info\/wp-content\/uploads\/2023\/06\/shutterstock_732217162-scaled.jpg 2560w, https:\/\/www.ne.se\/info\/wp-content\/uploads\/2023\/06\/shutterstock_732217162-300x200.jpg 300w, https:\/\/www.ne.se\/info\/wp-content\/uploads\/2023\/06\/shutterstock_732217162-1024x683.jpg 1024w, https:\/\/www.ne.se\/info\/wp-content\/uploads\/2023\/06\/shutterstock_732217162-768x512.jpg 768w, https:\/\/www.ne.se\/info\/wp-content\/uploads\/2023\/06\/shutterstock_732217162-1536x1024.jpg 1536w, https:\/\/www.ne.se\/info\/wp-content\/uploads\/2023\/06\/shutterstock_732217162-2048x1365.jpg 2048w, https:\/\/www.ne.se\/info\/wp-content\/uploads\/2023\/06\/shutterstock_732217162-354x236.jpg 354w\" sizes=\"(max-width: 2560px) 100vw, 2560px\" alt=\"Nationalencyklopedin\" title=\"Book.\" \/>\n    <\/div>\n\n    <div class=\"overlay-top\"><\/div>\n    <div class=\"overlay-bottom\"><\/div>\n<\/section>\n\n\n\n<section id=\"teaching_top\" class=\"left-right bg-white\">\n    <div class=\"container twelve-col\">\n        <div class=\"inner   \">\n                            <div class=\"grid\">\n                    <div class=\"col col-2\">\n                        \n\n<div class=\"content\">\n\n            \n<p class=\"uptext\">\n    <span class=\"line\"><\/span>\n    Rymmer allt och lite till <\/p>    \n    \n            \n<h2 class=\"h3\"> Nationalencyklopedin \u2013 f\u00f6r alla kunskapst\u00f6rstare   <\/h2>    \n            <p class=\"ingress\">Nationalencyklopedin, NE, \u00e4r Sveriges enda faktagranskade uppslagsverk. H\u00e4r hittar du artiklar om det mesta inom alla \u00e4mnen. <br \/>\r\n<\/p>\n    \n            <ul class=\"usps\">\n            <li class=\"usp\">\n            <svg width=\"24\" height=\"24\" viewBox=\"0 0 24 24\" fill=\"none\" xmlns=\"http:\/\/www.w3.org\/2000\/svg\">\n    <path d=\"M9 16.17 5.53 12.7a.996.996 0 1 0-1.41 1.41l4.18 4.18c.39.39 1.02.39 1.41 0L20.29 7.71a.996.996 0 1 0-1.41-1.41L9 16.17z\" fill=\"#007DB8\"\/>\n<\/svg>\n            Vill du veta vad kvantfysik \u00e4r, hur feminismen v\u00e4xte fram eller vad som orsakade f\u00f6rsta v\u00e4rldskriget? Svaren finns i uppslagsverket.         <\/li>\n            <li class=\"usp\">\n            <svg width=\"24\" height=\"24\" viewBox=\"0 0 24 24\" fill=\"none\" xmlns=\"http:\/\/www.w3.org\/2000\/svg\">\n    <path d=\"M9 16.17 5.53 12.7a.996.996 0 1 0-1.41 1.41l4.18 4.18c.39.39 1.02.39 1.41 0L20.29 7.71a.996.996 0 1 0-1.41-1.41L9 16.17z\" fill=\"#007DB8\"\/>\n<\/svg>\n            NE fungerar lika bra i mobilen som p\u00e5 datorn. S\u00e5 att du alltid har tillg\u00e5ng till kunskap. Varsomhelst, n\u00e4rsomhelst.         <\/li>\n    <\/ul>    \n            <div class=\"btn-container\">\n                            \n<a href=\"https:\/\/www.ne.se\/info\/privatpersoner\/priser-privatpersoner\/\" target=\"\" aria-label=\"Prova gratis i 7 dagar\" class=\"button button-blue\">\n    Prova gratis i 7 dagar    <\/a>                                <\/div>\n    \n    \n\n<\/div>                    <\/div>\n                    <div class=\"col col-2 img-right\">\n                                                                                                                        <picture>\n                                        <source media=\"(min-width:767px)\" srcset=\"https:\/\/www.ne.se\/info\/wp-content\/uploads\/2023\/07\/masma69537-1240x992.jpg\">\n                                        <source media=\"(max-width:767px)\" srcset=\"https:\/\/www.ne.se\/info\/wp-content\/uploads\/2023\/07\/masma69537-1460x920.jpg\">\n                                        <img decoding=\"async\" src=\"https:\/\/www.ne.se\/info\/wp-content\/uploads\/2023\/07\/masma69537-1240x992.jpg\" srcset=\"https:\/\/www.ne.se\/info\/wp-content\/uploads\/2023\/07\/masma69537-1240x992.jpg 1240w, https:\/\/www.ne.se\/info\/wp-content\/uploads\/2023\/07\/masma69537-800x640.jpg 800w\" sizes=\"(max-width: 1240px) 100vw, 1240px\" alt=\"\" title=\"Cheerful mature woman showing mobile phone to bald man with friends in background on porch\"  \/>\n                                    <\/picture>\n                                                            \n                                            <\/div>\n                <\/div>\n                    <\/div>\n    <\/div>\n<\/section>\n\n\n\n\n\n\n<section  class=\"card-row bg-white\">\n    <div class=\"container\">\n        <div class=\"inner  pt-3 pb-2\">\n                            <div class=\"grid card-row-grid three\">\n                                                                    <div class=\"col col-3 card-row-item\">\n                            \n<div class=\"card-medium\">\n            <picture>\n            <source media=\"(min-width:767px)\" srcset=\"https:\/\/www.ne.se\/info\/wp-content\/uploads\/2023\/06\/shutterstock_2165471341-800x432.jpg\">\n            <source media=\"(max-width:767px)\" srcset=\"https:\/\/www.ne.se\/info\/wp-content\/uploads\/2023\/06\/shutterstock_2165471341-1454x678.jpg\">\n            <img decoding=\"async\" src=\"https:\/\/www.ne.se\/info\/wp-content\/uploads\/2023\/06\/shutterstock_2165471341-800x432.jpg\" srcset=\"\" sizes=\"(max-width: 800px) 100vw, 800px\" alt=\"\" title=\"Smiling,Businesspeople,Having,A,Discussion,While,Collaborating,On,A,New\"  \/>\n        <\/picture>\n        <div class=\"wrapper\">\n                            <h4 class=\"heading\">P\u00e5litligt<\/h4>\n                            <p class=\"text\">Bakom Nationalencyklopedins tusentals artiklar st\u00e5r NE:s sakkunniga redaktion som tillsammans med ett stort n\u00e4tverk \u00e4mnesexperter ser till att inneh\u00e5llet alltid h\u00e5ller h\u00f6gsta kvalitet. Uppdateringar h\u00e4mtas kontinuerligt fr\u00e5n tillf\u00f6rlitliga k\u00e4llor, till exempel V\u00e4rldsbanken (IBRD) och Statistiska centralbyr\u00e5n (SCB).<\/p>\n            <\/div>\n                                    <\/div>                        <\/div>\n\n                                                                    <div class=\"col col-3 card-row-item\">\n                            \n<div class=\"card-medium\">\n            <picture>\n            <source media=\"(min-width:767px)\" srcset=\"https:\/\/www.ne.se\/info\/wp-content\/uploads\/2023\/06\/pexels-pixabay-87651-800x432.jpg\">\n            <source media=\"(max-width:767px)\" srcset=\"https:\/\/www.ne.se\/info\/wp-content\/uploads\/2023\/06\/pexels-pixabay-87651-1454x678.jpg\">\n            <img decoding=\"async\" src=\"https:\/\/www.ne.se\/info\/wp-content\/uploads\/2023\/06\/pexels-pixabay-87651-800x432.jpg\" srcset=\"\" sizes=\"(max-width: 800px) 100vw, 800px\" alt=\"\" title=\"pexels-pixabay-87651\"  \/>\n        <\/picture>\n        <div class=\"wrapper\">\n                            <h4 class=\"heading\">Aktuellt<\/h4>\n                            <p class=\"text\">Nationalencyklopedin uppdateras st\u00e4ndigt med nya och reviderade artiklar. Allt fr\u00e5n global politik till personportr\u00e4tt och nyord. Redaktionen h\u00e5ller dig \u00e0 jour inom varje \u00e4mne. P\u00e5 startsidan hittar du \u00e4ven noga utvalda f\u00f6rslag p\u00e5 artiklar som relaterar till det som h\u00e4nder i v\u00e5r omv\u00e4rld \u2013 stort som sm\u00e5tt, h\u00e4r och nu.<\/p>\n            <\/div>\n                                    <\/div>                        <\/div>\n\n                                                                    <div class=\"col col-3 card-row-item\">\n                            \n<div class=\"card-medium\">\n            <picture>\n            <source media=\"(min-width:767px)\" srcset=\"https:\/\/www.ne.se\/info\/wp-content\/uploads\/2023\/06\/ima216862-800x432.jpg\">\n            <source media=\"(max-width:767px)\" srcset=\"https:\/\/www.ne.se\/info\/wp-content\/uploads\/2023\/06\/ima216862-1454x678.jpg\">\n            <img decoding=\"async\" src=\"https:\/\/www.ne.se\/info\/wp-content\/uploads\/2023\/06\/ima216862-800x432.jpg\" srcset=\"\" sizes=\"(max-width: 800px) 100vw, 800px\" alt=\"\" title=\"Tv\u00e5 kvinnor jobbar vid dator p\u00e5 kaf\u00e9\"  \/>\n        <\/picture>\n        <div class=\"wrapper\">\n                            <h4 class=\"heading\">Tillg\u00e4ngligt<\/h4>\n                            <p class=\"text\">Inneh\u00e5llet i Nationalencyklopedin ska vara tillg\u00e4ngligt f\u00f6r alla oavsett kunskapsniv\u00e5. M\u00e5nga artiklar \u00e4r d\u00e4rf\u00f6r kompletterade med en s\u00e5 kallad enkel version, skriven med ett enklare och rakare spr\u00e5k. Fackuttryck och termer f\u00f6rklaras ocks\u00e5 p\u00e5 ett mer vardagligt och l\u00e4ttf\u00f6rst\u00e5eligt s\u00e4tt, s\u00e5 att fler ska kunna ta till sig inneh\u00e5llet.<\/p>\n            <\/div>\n                                    <\/div>                        <\/div>\n\n                                    <\/div>\n                    <\/div>\n    <\/div>\n<\/section>\n\n\n\n<section  class=\"left-right bg-gray\">\n    <div class=\"container twelve-col\">\n        <div class=\"inner   \">\n                            <div class=\"grid\">\n                    <div class=\"col col-2\">\n                        \n\n<div class=\"content\">\n\n    \n    \n            \n<h2 class=\"h2\"> Obegr\u00e4nsat med kunskap <\/h2>    \n            <p class=\"ingress\">Skaffa inspirerande, faktasp\u00e4ckade och p\u00e5litliga kunskapstj\u00e4nster fr\u00e5n 59 kr \/ m\u00e5n. Du \u00e4r ig\u00e5ng p\u00e5 ett par minuter och f\u00e5r tillg\u00e5ng direkt. Avsluta n\u00e4r du vill.   <\/p>\n    \n    \n            <div class=\"btn-container\">\n                            \n<a href=\"https:\/\/www.ne.se\/info\/privatpersoner\/#priser\" target=\"\" aria-label=\"Prova NE gratis i 7 dagar\" class=\"button button-blue\">\n    Prova NE gratis i 7 dagar    <\/a>                                <\/div>\n    \n    \n\n<\/div>                    <\/div>\n                    <div class=\"col col-2 img-right\">\n                                                                                                                        <picture>\n                                        <source media=\"(min-width:767px)\" srcset=\"https:\/\/www.ne.se\/info\/wp-content\/uploads\/2023\/04\/Cirklar-NE-1240x992.png\">\n                                        <source media=\"(max-width:767px)\" srcset=\"https:\/\/www.ne.se\/info\/wp-content\/uploads\/2023\/04\/Cirklar-NE-1240x920.png\">\n                                        <img decoding=\"async\" src=\"https:\/\/www.ne.se\/info\/wp-content\/uploads\/2023\/04\/Cirklar-NE-1240x992.png\" srcset=\"https:\/\/www.ne.se\/info\/wp-content\/uploads\/2023\/04\/Cirklar-NE-1240x992.png 1240w, https:\/\/www.ne.se\/info\/wp-content\/uploads\/2023\/04\/Cirklar-NE-800x640.png 800w\" sizes=\"(max-width: 1240px) 100vw, 1240px\" alt=\"\" title=\"Cirklar NE\"  \/>\n                                    <\/picture>\n                                                            \n                                            <\/div>\n                <\/div>\n                    <\/div>\n    <\/div>\n<\/section>\n\n\n","protected":false},"excerpt":{"rendered":"","protected":false},"author":13,"featured_media":0,"parent":1425,"menu_order":1,"comment_status":"closed","ping_status":"closed","template":"page-teaching-material.php","meta":{"inline_featured_image":false,"footnotes":""},"subject":[],"class_list":["post-7684","page","type-page","status-publish","hentry"],"acf":[],"_links":{"self":[{"href":"https:\/\/www.ne.se\/info\/wp-json\/wp\/v2\/pages\/7684","targetHints":{"allow":["GET"]}}],"collection":[{"href":"https:\/\/www.ne.se\/info\/wp-json\/wp\/v2\/pages"}],"about":[{"href":"https:\/\/www.ne.se\/info\/wp-json\/wp\/v2\/types\/page"}],"author":[{"embeddable":true,"href":"https:\/\/www.ne.se\/info\/wp-json\/wp\/v2\/users\/13"}],"replies":[{"embeddable":true,"href":"https:\/\/www.ne.se\/info\/wp-json\/wp\/v2\/comments?post=7684"}],"version-history":[{"count":25,"href":"https:\/\/www.ne.se\/info\/wp-json\/wp\/v2\/pages\/7684\/revisions"}],"predecessor-version":[{"id":15736,"href":"https:\/\/www.ne.se\/info\/wp-json\/wp\/v2\/pages\/7684\/revisions\/15736"}],"up":[{"embeddable":true,"href":"https:\/\/www.ne.se\/info\/wp-json\/wp\/v2\/pages\/1425"}],"wp:attachment":[{"href":"https:\/\/www.ne.se\/info\/wp-json\/wp\/v2\/media?parent=7684"}],"wp:term":[{"taxonomy":"subject","embeddable":true,"href":"https:\/\/www.ne.se\/info\/wp-json\/wp\/v2\/subject?post=7684"}],"curies":[{"name":"wp","href":"https:\/\/api.w.org\/{rel}","templated":true}]}}