{"id":7686,"date":"2023-08-08T07:36:07","date_gmt":"2023-08-08T07:36:07","guid":{"rendered":"https:\/\/www.ne.se\/info\/?page_id=7686"},"modified":"2025-11-03T18:33:16","modified_gmt":"2025-11-03T18:33:16","slug":"ordbocker-2","status":"publish","type":"page","link":"https:\/\/www.ne.se\/info\/skola\/kunskapstjanster\/ordbocker-2\/","title":{"rendered":"Ordb\u00f6cker"},"content":{"rendered":"\n\n\n<section  class=\"header-big-pic\">\n    <div class=\"container\">\n        <div class=\"inner  teaching-padding\">\n                            \n<div class=\"badges\">\n            <p class=\"badge\">Kunskapstj\u00e4nst<\/p>\n    <\/div>                                        \n<h1 class=\"h1\"> Ordb\u00f6cker <\/h1>                                        <p class=\"ingress\">NE \u00e4r Sveriges ledande utgivare av ordb\u00f6cker med ett stort utbud av enspr\u00e5kiga och tv\u00e5spr\u00e5kiga ordb\u00f6cker. Ordb\u00f6ckerna \u00e4r ett utm\u00e4rkt verktyg f\u00f6r elever p\u00e5 alla niv\u00e5er, i spr\u00e5k- och svenskundervisningen.<\/p>\n            \n                    <\/div>\n    <\/div>\n\n    <div class=\"background-image\">\n        <img decoding=\"async\" src=\"https:\/\/www.ne.se\/info\/wp-content\/uploads\/2023\/06\/Work_PF0A3524--scaled.jpg\" srcset=\"https:\/\/www.ne.se\/info\/wp-content\/uploads\/2023\/06\/Work_PF0A3524--scaled.jpg 2560w, https:\/\/www.ne.se\/info\/wp-content\/uploads\/2023\/06\/Work_PF0A3524--300x200.jpg 300w, https:\/\/www.ne.se\/info\/wp-content\/uploads\/2023\/06\/Work_PF0A3524--1024x683.jpg 1024w, https:\/\/www.ne.se\/info\/wp-content\/uploads\/2023\/06\/Work_PF0A3524--768x512.jpg 768w, https:\/\/www.ne.se\/info\/wp-content\/uploads\/2023\/06\/Work_PF0A3524--1536x1024.jpg 1536w, https:\/\/www.ne.se\/info\/wp-content\/uploads\/2023\/06\/Work_PF0A3524--2048x1365.jpg 2048w, https:\/\/www.ne.se\/info\/wp-content\/uploads\/2023\/06\/Work_PF0A3524--354x236.jpg 354w\" sizes=\"(max-width: 2560px) 100vw, 2560px\" alt=\"ordb\u00f6cker\" title=\"Work_PF0A3524-\" \/>\n    <\/div>\n\n    <div class=\"overlay-top\"><\/div>\n    <div class=\"overlay-bottom\"><\/div>\n<\/section>\n\n\n\n<section id=\"teaching_top\" class=\"left-right bg-white\">\n    <div class=\"container twelve-col\">\n        <div class=\"inner   \">\n                            <div class=\"grid\">\n                    <div class=\"col col-2 img-left\">\n                                                                                                                        <div class=\"video-thumbnail-container\">\n                                        <img decoding=\"async\" data-block-id=\"block_bac1fdcf26438eb57fa6c6c33d9e548a\" class=\"video-thumbnail\" src=\"https:\/\/www.ne.se\/info\/wp-content\/uploads\/2023\/07\/masma93448-1240x992.jpg\" srcset=\"https:\/\/www.ne.se\/info\/wp-content\/uploads\/2023\/07\/masma93448-1240x992.jpg 1240w, https:\/\/www.ne.se\/info\/wp-content\/uploads\/2023\/07\/masma93448-800x640.jpg 800w\" sizes=\"(max-width: 1240px) 100vw, 1240px\" alt=\"\" title=\"masma93448\"  \/>\n                                        <svg width=\"80\" height=\"80\" viewBox=\"0 0 80 80\" fill=\"none\" xmlns=\"http:\/\/www.w3.org\/2000\/svg\">\n<g filter=\"url(#filter0_b_1398_23185)\">\n<path fill-rule=\"evenodd\" clip-rule=\"evenodd\" d=\"M40 80C62.0914 80 80 62.0914 80 40C80 17.9086 62.0914 0 40 0C17.9086 0 0 17.9086 0 40C0 62.0914 17.9086 80 40 80ZM33.75 54.6721L56.25 42.096C57.9167 41.1645 57.9167 38.8355 56.25 37.904L33.75 25.3279C32.0833 24.3963 30 25.5608 30 27.4239L30 52.5761C30 54.4392 32.0833 55.6037 33.75 54.6721Z\" fill=\"white\" fill-opacity=\"0.8\"\/>\n<\/g>\n<defs>\n<filter id=\"filter0_b_1398_23185\" x=\"-16\" y=\"-16\" width=\"112\" height=\"112\" filterUnits=\"userSpaceOnUse\" color-interpolation-filters=\"sRGB\">\n<feFlood flood-opacity=\"0\" result=\"BackgroundImageFix\"\/>\n<feGaussianBlur in=\"BackgroundImageFix\" stdDeviation=\"8\"\/>\n<feComposite in2=\"SourceAlpha\" operator=\"in\" result=\"effect1_backgroundBlur_1398_23185\"\/>\n<feBlend mode=\"normal\" in=\"SourceGraphic\" in2=\"effect1_backgroundBlur_1398_23185\" result=\"shape\"\/>\n<\/filter>\n<\/defs>\n<\/svg>\n                                    <\/div>\n                                                            \n                                            <\/div>\n                    <div class=\"col col-2\">\n                        \n\n<div class=\"content\">\n\n    \n    \n            \n<h2 class=\"h3\"> Ordb\u00f6cker \u2013 s\u00e5 mycket mer \u00e4n ord <\/h2>    \n            <p class=\"ingress\">Utforska \u00f6ver 30 tillf\u00f6rlitliga ordb\u00f6cker fr\u00e5n Sveriges st\u00f6rsta ordboksutgivare. <\/p>\n    \n            <ul class=\"usps\">\n            <li class=\"usp\">\n            <svg width=\"24\" height=\"24\" viewBox=\"0 0 24 24\" fill=\"none\" xmlns=\"http:\/\/www.w3.org\/2000\/svg\">\n    <path d=\"M9 16.17 5.53 12.7a.996.996 0 1 0-1.41 1.41l4.18 4.18c.39.39 1.02.39 1.41 0L20.29 7.71a.996.996 0 1 0-1.41-1.41L9 16.17z\" fill=\"#007DB8\"\/>\n<\/svg>\n            I de tv\u00e5spr\u00e5kiga ordb\u00f6ckerna ges \u00f6vers\u00e4ttningar, uttal, konstruktioner, spr\u00e5kexempel \u2212 allt det som underl\u00e4ttar spr\u00e5kstudierna. NE:s ordb\u00f6cker g\u00f6r spr\u00e5kundervisningen komplett.        <\/li>\n            <li class=\"usp\">\n            <svg width=\"24\" height=\"24\" viewBox=\"0 0 24 24\" fill=\"none\" xmlns=\"http:\/\/www.w3.org\/2000\/svg\">\n    <path d=\"M9 16.17 5.53 12.7a.996.996 0 1 0-1.41 1.41l4.18 4.18c.39.39 1.02.39 1.41 0L20.29 7.71a.996.996 0 1 0-1.41-1.41L9 16.17z\" fill=\"#007DB8\"\/>\n<\/svg>\n            Vad betyder ordet? Den svenska ordboken ger svaret. I Svensk skolordlista f\u00f6rklaras orden p\u00e5 ett enkelt och skolanpassat s\u00e4tt. Bland de svenska ordb\u00f6ckerna finns ocks\u00e5 en synonymordbok och Svenskt spr\u00e5kbruk.        <\/li>\n            <li class=\"usp\">\n            <svg width=\"24\" height=\"24\" viewBox=\"0 0 24 24\" fill=\"none\" xmlns=\"http:\/\/www.w3.org\/2000\/svg\">\n    <path d=\"M9 16.17 5.53 12.7a.996.996 0 1 0-1.41 1.41l4.18 4.18c.39.39 1.02.39 1.41 0L20.29 7.71a.996.996 0 1 0-1.41-1.41L9 16.17z\" fill=\"#007DB8\"\/>\n<\/svg>\n            Lexinordb\u00f6ckerna fr\u00e5n Spr\u00e5kr\u00e5det i ett stort antal minoritetsspr\u00e5k \u2013 s\u00e4rskilt framtagna f\u00f6r alla de som inte har svenska som modersm\u00e5l.        <\/li>\n    <\/ul>    \n            <div class=\"btn-container\">\n                            \n<a href=\"https:\/\/www.ne.se\/info\/tryckta-ordbocker\/\" target=\"\" aria-label=\"L\u00e4s mer om tryckta ordb\u00f6cker\" class=\"button button-blue\">\n    L\u00e4s mer om tryckta ordb\u00f6cker    <\/a>                                        \n<a href=\"https:\/\/www.ne.se\/info\/skola\/kunskapstjanster\/nes-digitala-ordbocker\/\" target=\"\" class=\"button button-border-blue\">L\u00e4s mer om digitala ordb\u00f6cker<\/a>                    <\/div>\n    \n    \n\n<\/div>                    <\/div>\n                <\/div>\n                    <\/div>\n    <\/div>\n<\/section>\n\n\n      <div class=\"modal modal-video\" data-modal-id=\"block_bac1fdcf26438eb57fa6c6c33d9e548a\">\n\n    <div class=\"modal-content\">\n      <div class=\"iframe-container\">\n        <div class=\"iframe-wrapper\">\n          <iframe class=\"iframe\" src=\"https:\/\/www.youtube.com\/embed\/1_2OjfZ5nCI\" frameborder=\"0\" allow=\"accelerometer; autoplay; clipboard-write; encrypted-media; gyroscope; picture-in-picture; web-share\" allowfullscreen><\/iframe>\n        <\/div>\n      <\/div>\n    <\/div>\n\n  <\/div>\n\n\n\n\n<section  class=\"symbol-row\">\n    <div class=\"container twelwe-col\">\n        <div class=\"inner  \">\n                            <div class=\"grid\">\n                                            <div class=\"col col-3\">\n                            \n<div class=\"symbol-item\">\n            <img decoding=\"async\" class=\"icon-desktop\" src=\"https:\/\/www.ne.se\/info\/wp-content\/uploads\/2023\/04\/ICON-HERE-3.png\" alt=\"\" title=\"ICON HERE (3)\">\n                <p class=\"symbol-heading\">Tv\u00e5spr\u00e5kiga ordb\u00f6cker \u2013 oumb\u00e4rliga verktyg i spr\u00e5kundervisningen<\/p>\n                <p class=\"symbol-text\">Spanska, italienska, tyska, franska, ryska, portugisiska, danska och norska. H\u00e4r hittar du ocks\u00e5 engelsk medicinsk ordbok, teknisk ordbok samt fackordbok.<\/p>\n                <\/div>                        <\/div>\n                                            <div class=\"col col-3\">\n                            \n<div class=\"symbol-item\">\n            <img decoding=\"async\" class=\"icon-desktop\" src=\"https:\/\/www.ne.se\/info\/wp-content\/uploads\/2023\/04\/sprakinlarning.png\" alt=\"\" title=\"spra\u030akinla\u0308rning\">\n                <p class=\"symbol-heading\">H\u00f6gkvalitativa svenska ordb\u00f6cker \u2013 omfattar allt och lite till<\/p>\n                <p class=\"symbol-text\">I de svenska ordb\u00f6ckerna finns f\u00f6rklaringar av ord och uttryck, synonymer, konstruktioner och fraser. Svensk skolordlista fr\u00e5n Svenska Akademien och Spr\u00e5kr\u00e5det har l\u00e4ttfattliga definitioner passar speciellt bra f\u00f6r skolan. Ov\u00e4rderliga i alla klassrum.<\/p>\n                <\/div>                        <\/div>\n                                            <div class=\"col col-3\">\n                            \n<div class=\"symbol-item\">\n            <img decoding=\"async\" class=\"icon-desktop\" src=\"https:\/\/www.ne.se\/info\/wp-content\/uploads\/2023\/04\/Palitligt-innehall.png\" alt=\"\" title=\"Pa\u030alitligt inneha\u030all\">\n                <p class=\"symbol-heading\">Ordb\u00f6cker i 17 minoritetsspr\u00e5k<\/p>\n                <p class=\"symbol-text\">Den digitala ordbokstj\u00e4nsten erbjuder Lexinordb\u00f6cker fr\u00e5n Spr\u00e5kr\u00e5det i m\u00e5nga minoritetsspr\u00e5k, bland annat arabiska, kurdiska, pashto, persiska och turkiska. De \u00e4r s\u00e4rskilt framtagna f\u00f6r alla de som inte har svenska som modersm\u00e5l.<\/p>\n                <\/div>                        <\/div>\n                                    <\/div>\n                    <\/div>\n    <\/div>\n<\/section>\n\n\n\n<section  class=\"left-right bg-gray\">\n    <div class=\"container twelve-col\">\n        <div class=\"inner   \">\n                            <div class=\"grid\">\n                    <div class=\"col col-2\">\n                        \n\n<div class=\"content\">\n\n    \n    \n            \n<h2 class=\"h2\"> Kom ig\u00e5ng direkt <\/h2>    \n            <p class=\"ingress\">Att komma ig\u00e5ng med NE \u00e4r enkelt. Vill du veta mer om hur du optimerar ditt anv\u00e4ndande kan du alltid st\u00e4lla en fr\u00e5ga till v\u00e5r support eller delta i n\u00e5gon av de utbildningar vi erbjuder.<\/p>\n    \n    \n            <div class=\"btn-container\">\n                            \n<a href=\"https:\/\/www.ne.se\/info\/prova-ne-kostnadsfritt-i-30-dagar\/\" target=\"\" aria-label=\"Prova NE kostnadsfritt i 30 dagar\" class=\"button button-blue\">\n    Prova NE kostnadsfritt i 30 dagar    <\/a>                                <\/div>\n    \n    \n\n<\/div>                    <\/div>\n                    <div class=\"col col-2 img-right\">\n                                                                                                                        <picture>\n                                        <source media=\"(min-width:767px)\" srcset=\"https:\/\/www.ne.se\/info\/wp-content\/uploads\/2024\/12\/Kontaktcircklar-Salj.png\">\n                                        <source media=\"(max-width:767px)\" srcset=\"https:\/\/www.ne.se\/info\/wp-content\/uploads\/2024\/12\/Kontaktcircklar-Salj.png\">\n                                        <img decoding=\"async\" src=\"https:\/\/www.ne.se\/info\/wp-content\/uploads\/2024\/12\/Kontaktcircklar-Salj.png\" srcset=\"https:\/\/www.ne.se\/info\/wp-content\/uploads\/2024\/12\/Kontaktcircklar-Salj.png 979w, https:\/\/www.ne.se\/info\/wp-content\/uploads\/2024\/12\/Kontaktcircklar-Salj-300x245.png 300w, https:\/\/www.ne.se\/info\/wp-content\/uploads\/2024\/12\/Kontaktcircklar-Salj-768x628.png 768w, https:\/\/www.ne.se\/info\/wp-content\/uploads\/2024\/12\/Kontaktcircklar-Salj-354x289.png 354w\" sizes=\"(max-width: 979px) 100vw, 979px\" alt=\"\" title=\"Kontaktcircklar &#8211; Sa\u0308lj\"  \/>\n                                    <\/picture>\n                                                            \n                                            <\/div>\n                <\/div>\n                    <\/div>\n    <\/div>\n<\/section>\n\n\n","protected":false},"excerpt":{"rendered":"","protected":false},"author":13,"featured_media":0,"parent":1045,"menu_order":1,"comment_status":"closed","ping_status":"closed","template":"page-teaching-material.php","meta":{"inline_featured_image":false,"footnotes":""},"subject":[],"class_list":["post-7686","page","type-page","status-publish","hentry"],"acf":[],"_links":{"self":[{"href":"https:\/\/www.ne.se\/info\/wp-json\/wp\/v2\/pages\/7686","targetHints":{"allow":["GET"]}}],"collection":[{"href":"https:\/\/www.ne.se\/info\/wp-json\/wp\/v2\/pages"}],"about":[{"href":"https:\/\/www.ne.se\/info\/wp-json\/wp\/v2\/types\/page"}],"author":[{"embeddable":true,"href":"https:\/\/www.ne.se\/info\/wp-json\/wp\/v2\/users\/13"}],"replies":[{"embeddable":true,"href":"https:\/\/www.ne.se\/info\/wp-json\/wp\/v2\/comments?post=7686"}],"version-history":[{"count":107,"href":"https:\/\/www.ne.se\/info\/wp-json\/wp\/v2\/pages\/7686\/revisions"}],"predecessor-version":[{"id":24184,"href":"https:\/\/www.ne.se\/info\/wp-json\/wp\/v2\/pages\/7686\/revisions\/24184"}],"up":[{"embeddable":true,"href":"https:\/\/www.ne.se\/info\/wp-json\/wp\/v2\/pages\/1045"}],"wp:attachment":[{"href":"https:\/\/www.ne.se\/info\/wp-json\/wp\/v2\/media?parent=7686"}],"wp:term":[{"taxonomy":"subject","embeddable":true,"href":"https:\/\/www.ne.se\/info\/wp-json\/wp\/v2\/subject?post=7686"}],"curies":[{"name":"wp","href":"https:\/\/api.w.org\/{rel}","templated":true}]}}