{"id":7780,"date":"2023-08-03T13:32:55","date_gmt":"2023-08-03T13:32:55","guid":{"rendered":"https:\/\/www.ne.se\/info\/?page_id=7780"},"modified":"2024-05-14T11:24:40","modified_gmt":"2024-05-14T11:24:40","slug":"ordbocker","status":"publish","type":"page","link":"https:\/\/www.ne.se\/info\/privatpersoner\/ordbocker\/","title":{"rendered":"Ordb\u00f6cker"},"content":{"rendered":"\n\n\n<section  class=\"header-big-pic\">\n    <div class=\"container\">\n        <div class=\"inner  teaching-padding\">\n                            \n<div class=\"badges\">\n            <p class=\"badge\">Kunskapstj\u00e4nst<\/p>\n    <\/div>                                        \n<h1 class=\"h1\"> Ordb\u00f6cker <\/h1>                                        <p class=\"ingress\">En ordbokstj\u00e4nst som \u00e4r din h\u00f6gra hand p\u00e5 resan, p\u00e5 jobbet \u2013 \u00f6verallt.<\/p>\n            \n                    <\/div>\n    <\/div>\n\n    <div class=\"background-image\">\n        <img decoding=\"async\" src=\"https:\/\/www.ne.se\/info\/wp-content\/uploads\/2023\/06\/Work_PF0A3524--scaled.jpg\" srcset=\"https:\/\/www.ne.se\/info\/wp-content\/uploads\/2023\/06\/Work_PF0A3524--scaled.jpg 2560w, https:\/\/www.ne.se\/info\/wp-content\/uploads\/2023\/06\/Work_PF0A3524--300x200.jpg 300w, https:\/\/www.ne.se\/info\/wp-content\/uploads\/2023\/06\/Work_PF0A3524--1024x683.jpg 1024w, https:\/\/www.ne.se\/info\/wp-content\/uploads\/2023\/06\/Work_PF0A3524--768x512.jpg 768w, https:\/\/www.ne.se\/info\/wp-content\/uploads\/2023\/06\/Work_PF0A3524--1536x1024.jpg 1536w, https:\/\/www.ne.se\/info\/wp-content\/uploads\/2023\/06\/Work_PF0A3524--2048x1365.jpg 2048w, https:\/\/www.ne.se\/info\/wp-content\/uploads\/2023\/06\/Work_PF0A3524--354x236.jpg 354w\" sizes=\"(max-width: 2560px) 100vw, 2560px\" alt=\"ordb\u00f6cker\" title=\"Work_PF0A3524-\" \/>\n    <\/div>\n\n    <div class=\"overlay-top\"><\/div>\n    <div class=\"overlay-bottom\"><\/div>\n<\/section>\n\n\n\n<section id=\"teaching_top\" class=\"left-right bg-white\">\n    <div class=\"container twelve-col\">\n        <div class=\"inner   \">\n                            <div class=\"grid\">\n                    <div class=\"col col-2 img-left\">\n                                                                                                                        <picture>\n                                        <source media=\"(min-width:767px)\" srcset=\"https:\/\/www.ne.se\/info\/wp-content\/uploads\/2023\/07\/masma67538-1240x992.jpg\">\n                                        <source media=\"(max-width:767px)\" srcset=\"https:\/\/www.ne.se\/info\/wp-content\/uploads\/2023\/07\/masma67538-1460x920.jpg\">\n                                        <img decoding=\"async\" src=\"https:\/\/www.ne.se\/info\/wp-content\/uploads\/2023\/07\/masma67538-1240x992.jpg\" srcset=\"https:\/\/www.ne.se\/info\/wp-content\/uploads\/2023\/07\/masma67538-1240x992.jpg 1240w, https:\/\/www.ne.se\/info\/wp-content\/uploads\/2023\/07\/masma67538-800x640.jpg 800w\" sizes=\"(max-width: 1240px) 100vw, 1240px\" alt=\"\" title=\"Young male and female friends walking on footpath in city\"  \/>\n                                    <\/picture>\n                                                            \n                                            <\/div>\n                    <div class=\"col col-2\">\n                        \n\n<div class=\"content\">\n\n    \n    \n            \n<h2 class=\"h3\"> F\u00f6r att ord har betydelse <\/h2>    \n            <p class=\"ingress\">Utforska \u00f6ver 30 tillf\u00f6rlitliga ordb\u00f6cker i digital eller tryckt form fr\u00e5n Sveriges st\u00f6rsta ordboksutgivare. NE har ordb\u00f6cker f\u00f6r alla niv\u00e5er, f\u00f6r s\u00e5v\u00e4l nyb\u00f6rjare som avancerade anv\u00e4ndare.<\/p>\n    \n            <ul class=\"usps\">\n            <li class=\"usp\">\n            <svg width=\"24\" height=\"24\" viewBox=\"0 0 24 24\" fill=\"none\" xmlns=\"http:\/\/www.w3.org\/2000\/svg\">\n    <path d=\"M9 16.17 5.53 12.7a.996.996 0 1 0-1.41 1.41l4.18 4.18c.39.39 1.02.39 1.41 0L20.29 7.71a.996.996 0 1 0-1.41-1.41L9 16.17z\" fill=\"#007DB8\"\/>\n<\/svg>\n            \u00d6vers\u00e4ttningar, uttal, b\u00f6jning, konstruktioner, spr\u00e5kexempel och mycket mer. NE:s tv\u00e5spr\u00e5kiga ordb\u00f6cker \u00e4r oumb\u00e4rliga hj\u00e4lpmedel f\u00f6r alla som l\u00e4r sig ett fr\u00e4mmande spr\u00e5k eller \u00f6vers\u00e4tter.        <\/li>\n            <li class=\"usp\">\n            <svg width=\"24\" height=\"24\" viewBox=\"0 0 24 24\" fill=\"none\" xmlns=\"http:\/\/www.w3.org\/2000\/svg\">\n    <path d=\"M9 16.17 5.53 12.7a.996.996 0 1 0-1.41 1.41l4.18 4.18c.39.39 1.02.39 1.41 0L20.29 7.71a.996.996 0 1 0-1.41-1.41L9 16.17z\" fill=\"#007DB8\"\/>\n<\/svg>\n            Bli ett ess p\u00e5 svenska spr\u00e5ket med svenska ordb\u00f6cker som f\u00f6rklarar vad orden betyder, ger synonymer och visar hur spr\u00e5ket anv\u00e4nds.        <\/li>\n            <li class=\"usp\">\n            <svg width=\"24\" height=\"24\" viewBox=\"0 0 24 24\" fill=\"none\" xmlns=\"http:\/\/www.w3.org\/2000\/svg\">\n    <path d=\"M9 16.17 5.53 12.7a.996.996 0 1 0-1.41 1.41l4.18 4.18c.39.39 1.02.39 1.41 0L20.29 7.71a.996.996 0 1 0-1.41-1.41L9 16.17z\" fill=\"#007DB8\"\/>\n<\/svg>\n            Lexinordb\u00f6ckerna fr\u00e5n Spr\u00e5kr\u00e5det i ett stort antal minoritetsspr\u00e5k \u2013 s\u00e4rskilt framtagna f\u00f6r alla de som inte har svenska som modersm\u00e5l.        <\/li>\n            <li class=\"usp\">\n            <svg width=\"24\" height=\"24\" viewBox=\"0 0 24 24\" fill=\"none\" xmlns=\"http:\/\/www.w3.org\/2000\/svg\">\n    <path d=\"M9 16.17 5.53 12.7a.996.996 0 1 0-1.41 1.41l4.18 4.18c.39.39 1.02.39 1.41 0L20.29 7.71a.996.996 0 1 0-1.41-1.41L9 16.17z\" fill=\"#007DB8\"\/>\n<\/svg>\n            De digitala ordb\u00f6ckerna fungerar lika bra oavsett om du anv\u00e4nder datorn, surfplattan eller mobilen.        <\/li>\n    <\/ul>    \n            <div class=\"btn-container\">\n                            \n<a href=\"https:\/\/www.ne.se\/info\/privatpersoner\/priser-privatpersoner\/\" target=\"\" aria-label=\"Prova gratis i 7 dagar\" class=\"button button-blue\">\n    Prova gratis i 7 dagar    <\/a>                                        \n<a href=\"https:\/\/www.ne.se\/info\/skola\/kunskapstjanster\/nes-digitala-ordbocker\/\" target=\"\" class=\"button button-border-blue\">Se alla digitala ordb\u00f6cker<\/a>                    <\/div>\n    \n    \n\n<\/div>                    <\/div>\n                <\/div>\n                    <\/div>\n    <\/div>\n<\/section>\n\n\n\n\n\n\n<section  class=\"symbol-row\">\n    <div class=\"container twelwe-col\">\n        <div class=\"inner  \">\n                            <div class=\"grid\">\n                                            <div class=\"col col-3\">\n                            \n<div class=\"symbol-item\">\n            <img decoding=\"async\" class=\"icon-desktop\" src=\"https:\/\/www.ne.se\/info\/wp-content\/uploads\/2024\/05\/Flexibelt.png\" alt=\"\" title=\"Flexibelt\">\n                <p class=\"symbol-heading\">Tv\u00e5spr\u00e5kiga ordb\u00f6cker \u2013 oumb\u00e4rliga verktyg, \u00f6verallt<\/p>\n                <p class=\"symbol-text\">Spanska, italienska, tyska, franska, ryska, portugisiska, danska och norska \u2013 NE har ett stort utbud av ordb\u00f6cker. Din hj\u00e4lp p\u00e5 resan, i jobbet eller i spr\u00e5kstudier. H\u00e4r hittar du ocks\u00e5 engelsk medicinsk ordbok, teknisk ordbok samt fackordbok.<\/p>\n                <\/div>                        <\/div>\n                                            <div class=\"col col-3\">\n                            \n<div class=\"symbol-item\">\n            <img decoding=\"async\" class=\"icon-desktop\" src=\"https:\/\/www.ne.se\/info\/wp-content\/uploads\/2024\/05\/Sprakinlarning.png\" alt=\"\" title=\"Spra\u030akinla\u0308rning\">\n                <p class=\"symbol-heading\">H\u00f6gkvalitativa svenska ordb\u00f6cker \u2013 omfattar allt och lite till<\/p>\n                <p class=\"symbol-text\">Bli en fena p\u00e5 ordkunskap. I NE:s svenska ordb\u00f6cker finns f\u00f6rklaringar av ord och uttryck, synonymer, konstruktioner och fraser. Dessutom hittar du Svensk skolordlista fr\u00e5n Svenska Akademien och Spr\u00e5kr\u00e5det. <\/p>\n                <\/div>                        <\/div>\n                                            <div class=\"col col-3\">\n                            \n<div class=\"symbol-item\">\n            <img decoding=\"async\" class=\"icon-desktop\" src=\"https:\/\/www.ne.se\/info\/wp-content\/uploads\/2024\/05\/Palitligt-innehall.png\" alt=\"\" title=\"Pa\u030alitligt inneha\u030all\">\n                <p class=\"symbol-heading\">Ordb\u00f6cker i 17 minoritetsspr\u00e5k<\/p>\n                <p class=\"symbol-text\">I den digitala ordbokstj\u00e4nsten hittar du Lexinordb\u00f6cker fr\u00e5n Spr\u00e5kr\u00e5det i m\u00e5nga minoritetsspr\u00e5k, bland annat arabiska, persiska och turkiska. De \u00e4r utm\u00e4rkta f\u00f6r alla de som inte har svenska som modersm\u00e5l.<\/p>\n                <\/div>                        <\/div>\n                                    <\/div>\n                    <\/div>\n    <\/div>\n<\/section>\n\n\n\n<section  class=\"left-right bg-gray\">\n    <div class=\"container twelve-col\">\n        <div class=\"inner   \">\n                            <div class=\"grid\">\n                    <div class=\"col col-2\">\n                        \n\n<div class=\"content\">\n\n    \n    \n            \n<h2 class=\"h2\"> Obegr\u00e4nsat med kunskap <\/h2>    \n            <p class=\"ingress\">Skaffa inspirerande, faktasp\u00e4ckade och p\u00e5litliga kunskapstj\u00e4nster fr\u00e5n 59 kr \/ m\u00e5n. Du \u00e4r ig\u00e5ng p\u00e5 ett par minuter och f\u00e5r tillg\u00e5ng direkt. Avsluta n\u00e4r du vill.   <\/p>\n    \n    \n            <div class=\"btn-container\">\n                            \n<a href=\"https:\/\/www.ne.se\/info\/privatpersoner\/#priser\" target=\"\" aria-label=\"Prova NE gratis i 7 dagar\" class=\"button button-blue\">\n    Prova NE gratis i 7 dagar    <\/a>                                <\/div>\n    \n    \n\n<\/div>                    <\/div>\n                    <div class=\"col col-2 img-right\">\n                                                                                                                        <picture>\n                                        <source media=\"(min-width:767px)\" srcset=\"https:\/\/www.ne.se\/info\/wp-content\/uploads\/2023\/04\/Cirklar-NE-1240x992.png\">\n                                        <source media=\"(max-width:767px)\" srcset=\"https:\/\/www.ne.se\/info\/wp-content\/uploads\/2023\/04\/Cirklar-NE-1240x920.png\">\n                                        <img decoding=\"async\" src=\"https:\/\/www.ne.se\/info\/wp-content\/uploads\/2023\/04\/Cirklar-NE-1240x992.png\" srcset=\"https:\/\/www.ne.se\/info\/wp-content\/uploads\/2023\/04\/Cirklar-NE-1240x992.png 1240w, https:\/\/www.ne.se\/info\/wp-content\/uploads\/2023\/04\/Cirklar-NE-800x640.png 800w\" sizes=\"(max-width: 1240px) 100vw, 1240px\" alt=\"\" title=\"Cirklar NE\"  \/>\n                                    <\/picture>\n                                                            \n                                            <\/div>\n                <\/div>\n                    <\/div>\n    <\/div>\n<\/section>\n\n\n","protected":false},"excerpt":{"rendered":"","protected":false},"author":13,"featured_media":0,"parent":1425,"menu_order":1,"comment_status":"closed","ping_status":"closed","template":"page-teaching-material.php","meta":{"inline_featured_image":false,"footnotes":""},"subject":[],"class_list":["post-7780","page","type-page","status-publish","hentry"],"acf":[],"_links":{"self":[{"href":"https:\/\/www.ne.se\/info\/wp-json\/wp\/v2\/pages\/7780","targetHints":{"allow":["GET"]}}],"collection":[{"href":"https:\/\/www.ne.se\/info\/wp-json\/wp\/v2\/pages"}],"about":[{"href":"https:\/\/www.ne.se\/info\/wp-json\/wp\/v2\/types\/page"}],"author":[{"embeddable":true,"href":"https:\/\/www.ne.se\/info\/wp-json\/wp\/v2\/users\/13"}],"replies":[{"embeddable":true,"href":"https:\/\/www.ne.se\/info\/wp-json\/wp\/v2\/comments?post=7780"}],"version-history":[{"count":38,"href":"https:\/\/www.ne.se\/info\/wp-json\/wp\/v2\/pages\/7780\/revisions"}],"predecessor-version":[{"id":14182,"href":"https:\/\/www.ne.se\/info\/wp-json\/wp\/v2\/pages\/7780\/revisions\/14182"}],"up":[{"embeddable":true,"href":"https:\/\/www.ne.se\/info\/wp-json\/wp\/v2\/pages\/1425"}],"wp:attachment":[{"href":"https:\/\/www.ne.se\/info\/wp-json\/wp\/v2\/media?parent=7780"}],"wp:term":[{"taxonomy":"subject","embeddable":true,"href":"https:\/\/www.ne.se\/info\/wp-json\/wp\/v2\/subject?post=7780"}],"curies":[{"name":"wp","href":"https:\/\/api.w.org\/{rel}","templated":true}]}}