{"id":7786,"date":"2023-08-08T08:33:24","date_gmt":"2023-08-08T08:33:24","guid":{"rendered":"https:\/\/www.ne.se\/info\/?page_id=7786"},"modified":"2025-11-03T18:31:08","modified_gmt":"2025-11-03T18:31:08","slug":"play","status":"publish","type":"page","link":"https:\/\/www.ne.se\/info\/skola\/kunskapstjanster\/play\/","title":{"rendered":"Play"},"content":{"rendered":"\n\n\n<section  class=\"header-big-pic\">\n    <div class=\"container\">\n        <div class=\"inner  teaching-padding\">\n                            \n<div class=\"badges\">\n            <p class=\"badge\">Kunskapstj\u00e4nst<\/p>\n    <\/div>                                        \n<h1 class=\"h1\"> NE Play <\/h1>                                        <p class=\"ingress\">F\u00e5 tillg\u00e5ng till \u00f6ver 20 000 filmer, TV- och radioprogram som lyfter din undervisning.<\/p>\n            \n                    <\/div>\n    <\/div>\n\n    <div class=\"background-image\">\n        <img decoding=\"async\" src=\"https:\/\/www.ne.se\/info\/wp-content\/uploads\/2023\/07\/masma51991-scaled.jpg\" srcset=\"https:\/\/www.ne.se\/info\/wp-content\/uploads\/2023\/07\/masma51991-scaled.jpg 2560w, https:\/\/www.ne.se\/info\/wp-content\/uploads\/2023\/07\/masma51991-300x200.jpg 300w, https:\/\/www.ne.se\/info\/wp-content\/uploads\/2023\/07\/masma51991-1024x683.jpg 1024w, https:\/\/www.ne.se\/info\/wp-content\/uploads\/2023\/07\/masma51991-768x512.jpg 768w, https:\/\/www.ne.se\/info\/wp-content\/uploads\/2023\/07\/masma51991-1536x1024.jpg 1536w, https:\/\/www.ne.se\/info\/wp-content\/uploads\/2023\/07\/masma51991-2048x1365.jpg 2048w, https:\/\/www.ne.se\/info\/wp-content\/uploads\/2023\/07\/masma51991-354x236.jpg 354w\" sizes=\"(max-width: 2560px) 100vw, 2560px\" alt=\"\" title=\"null\" \/>\n    <\/div>\n\n    <div class=\"overlay-top\"><\/div>\n    <div class=\"overlay-bottom\"><\/div>\n<\/section>\n\n\n\n<section id=\"teaching_top\" class=\"left-right bg-white\">\n    <div class=\"container twelve-col\">\n        <div class=\"inner   \">\n                            <div class=\"grid\">\n                    <div class=\"col col-2\">\n                        \n\n<div class=\"content\">\n\n            \n<p class=\"uptext\">\n    <span class=\"line\"><\/span>\n    F\u00e5nga elevernas intresse<\/p>    \n    \n            \n<h2 class=\"h3\"> Film i undervisningen <\/h2>    \n            <p class=\"ingress\">Film g\u00f6r det l\u00e4ttare att f\u00e5nga intresset och f\u00f6rklara d\u00e4r orden inte r\u00e4cker till. <br \/>\r\n<br \/>\r\nMed tillg\u00e5ng till v\u00e5rt breda utbud av pedagogiska kvalitetsprogram blir det enkelt att utnyttja denna kraft i undervisningen. Inneh\u00e5llet i Play kan anpassas efter varje elev, oavsett \u00e4mne. B\u00e5de i och utanf\u00f6r skolan.<\/p>\n    \n    \n            <div class=\"btn-container\">\n                            \n<a href=\"https:\/\/www.ne.se\/info\/prova-ne-kostnadsfritt-i-30-dagar\/\" target=\"\" aria-label=\"Prova NE kostnadsfritt\" class=\"button button-blue\">\n    Prova NE kostnadsfritt    <\/a>                                <\/div>\n    \n    \n\n<\/div>                    <\/div>\n                    <div class=\"col col-2 img-right\">\n                                                                                                                        <div class=\"video-thumbnail-container\">\n                                        <img decoding=\"async\" data-block-id=\"block_6718e46caa85f76311e3aa45bbebdd08\" class=\"video-thumbnail\" src=\"https:\/\/www.ne.se\/info\/wp-content\/uploads\/2023\/03\/stodfunktion-blogg-1240x992.jpeg\" srcset=\"https:\/\/www.ne.se\/info\/wp-content\/uploads\/2023\/03\/stodfunktion-blogg-1240x992.jpeg 1240w, https:\/\/www.ne.se\/info\/wp-content\/uploads\/2023\/03\/stodfunktion-blogg-800x640.jpeg 800w\" sizes=\"(max-width: 1240px) 100vw, 1240px\" alt=\"play\" title=\"sto\u0308dfunktion blogg\"  \/>\n                                        <svg width=\"80\" height=\"80\" viewBox=\"0 0 80 80\" fill=\"none\" xmlns=\"http:\/\/www.w3.org\/2000\/svg\">\n<g filter=\"url(#filter0_b_1398_23185)\">\n<path fill-rule=\"evenodd\" clip-rule=\"evenodd\" d=\"M40 80C62.0914 80 80 62.0914 80 40C80 17.9086 62.0914 0 40 0C17.9086 0 0 17.9086 0 40C0 62.0914 17.9086 80 40 80ZM33.75 54.6721L56.25 42.096C57.9167 41.1645 57.9167 38.8355 56.25 37.904L33.75 25.3279C32.0833 24.3963 30 25.5608 30 27.4239L30 52.5761C30 54.4392 32.0833 55.6037 33.75 54.6721Z\" fill=\"white\" fill-opacity=\"0.8\"\/>\n<\/g>\n<defs>\n<filter id=\"filter0_b_1398_23185\" x=\"-16\" y=\"-16\" width=\"112\" height=\"112\" filterUnits=\"userSpaceOnUse\" color-interpolation-filters=\"sRGB\">\n<feFlood flood-opacity=\"0\" result=\"BackgroundImageFix\"\/>\n<feGaussianBlur in=\"BackgroundImageFix\" stdDeviation=\"8\"\/>\n<feComposite in2=\"SourceAlpha\" operator=\"in\" result=\"effect1_backgroundBlur_1398_23185\"\/>\n<feBlend mode=\"normal\" in=\"SourceGraphic\" in2=\"effect1_backgroundBlur_1398_23185\" result=\"shape\"\/>\n<\/filter>\n<\/defs>\n<\/svg>\n                                    <\/div>\n                                                            \n                                            <\/div>\n                <\/div>\n                    <\/div>\n    <\/div>\n<\/section>\n\n\n      <div class=\"modal modal-video\" data-modal-id=\"block_6718e46caa85f76311e3aa45bbebdd08\">\n\n    <div class=\"modal-content\">\n      <div class=\"iframe-container\">\n        <div class=\"iframe-wrapper\">\n          <iframe class=\"iframe\" src=\"https:\/\/www.youtube.com\/embed\/pjob1fOj83Q\" frameborder=\"0\" allow=\"accelerometer; autoplay; clipboard-write; encrypted-media; gyroscope; picture-in-picture; web-share\" allowfullscreen><\/iframe>\n        <\/div>\n      <\/div>\n    <\/div>\n\n  <\/div>\n\n\n\n\n<section  class=\"left-right bg-white\">\n    <div class=\"container twelve-col\">\n        <div class=\"inner   \">\n                            <div class=\"grid\">\n                    <div class=\"col col-2 img-left\">\n                                                                                                                        <picture>\n                                        <source media=\"(min-width:767px)\" srcset=\"https:\/\/www.ne.se\/info\/wp-content\/uploads\/2023\/04\/shutterstock_1102460813-1240x992.jpg\">\n                                        <source media=\"(max-width:767px)\" srcset=\"https:\/\/www.ne.se\/info\/wp-content\/uploads\/2023\/04\/shutterstock_1102460813-1460x920.jpg\">\n                                        <img decoding=\"async\" src=\"https:\/\/www.ne.se\/info\/wp-content\/uploads\/2023\/04\/shutterstock_1102460813-1240x992.jpg\" srcset=\"https:\/\/www.ne.se\/info\/wp-content\/uploads\/2023\/04\/shutterstock_1102460813-1240x992.jpg 1240w, https:\/\/www.ne.se\/info\/wp-content\/uploads\/2023\/04\/shutterstock_1102460813-scaled-e1682585898788-800x640.jpg 800w\" sizes=\"(max-width: 1240px) 100vw, 1240px\" alt=\"\" title=\"Teacher,Helping,Student,In,Classroom.,Lecturer,Pointing,At,Laptop,Screen\"  \/>\n                                    <\/picture>\n                                                            \n                                            <\/div>\n                    <div class=\"col col-2\">\n                        \n\n<div class=\"content\">\n\n            \n<p class=\"uptext\">\n    <span class=\"line\"><\/span>\n    N\u00e5got f\u00f6r alla \u00e5rskurser<\/p>    \n    \n            \n<h2 class=\"h3\"> F\u00f6rklara, f\u00f6rdjupa eller \u00f6va <\/h2>    \n            <p class=\"ingress\">Oavsett om du vill f\u00f6rklara en f\u00f6reteelse p\u00e5 tv\u00e5 minuter, f\u00f6rdjupa dig med hj\u00e4lp av en hel programserie eller \u00f6va spr\u00e5k s\u00e5 finns det garanterat n\u00e5got f\u00f6r dig i Play. M\u00f6jligheterna med NE Play \u00e4r b\u00e5de stora och m\u00e5nga.<\/p>\n    \n            <ul class=\"usps\">\n            <li class=\"usp\">\n            <svg width=\"24\" height=\"24\" viewBox=\"0 0 24 24\" fill=\"none\" xmlns=\"http:\/\/www.w3.org\/2000\/svg\">\n    <path d=\"M9 16.17 5.53 12.7a.996.996 0 1 0-1.41 1.41l4.18 4.18c.39.39 1.02.39 1.41 0L20.29 7.71a.996.996 0 1 0-1.41-1.41L9 16.17z\" fill=\"#007DB8\"\/>\n<\/svg>\n            L\u00e5t klassen \u00f6va spr\u00e5kf\u00f6rst\u00e5else i en m\u00e4ngd olika spr\u00e5k med hj\u00e4lp av UR:s nyhetsprogram, kortfilmer och programserier anpassade f\u00f6r skolan.        <\/li>\n            <li class=\"usp\">\n            <svg width=\"24\" height=\"24\" viewBox=\"0 0 24 24\" fill=\"none\" xmlns=\"http:\/\/www.w3.org\/2000\/svg\">\n    <path d=\"M9 16.17 5.53 12.7a.996.996 0 1 0-1.41 1.41l4.18 4.18c.39.39 1.02.39 1.41 0L20.29 7.71a.996.996 0 1 0-1.41-1.41L9 16.17z\" fill=\"#007DB8\"\/>\n<\/svg>\n            Eller anv\u00e4nd Twigs utbud av superkorta filmer som pedagogiskt och inspirerande f\u00f6rklarar allt mellan himmel och jord inom kemi, fysik, matematik, biologi och geografi.        <\/li>\n            <li class=\"usp\">\n            <svg width=\"24\" height=\"24\" viewBox=\"0 0 24 24\" fill=\"none\" xmlns=\"http:\/\/www.w3.org\/2000\/svg\">\n    <path d=\"M9 16.17 5.53 12.7a.996.996 0 1 0-1.41 1.41l4.18 4.18c.39.39 1.02.39 1.41 0L20.29 7.71a.996.996 0 1 0-1.41-1.41L9 16.17z\" fill=\"#007DB8\"\/>\n<\/svg>\n            Kanske vill du hellre visa n\u00e5got i din geografi-, historie-, religions- eller hem- och konsumentkunskapsklass?        <\/li>\n    <\/ul>    \n            <div class=\"btn-container\">\n                            \n<a href=\"https:\/\/www.ne.se\/info\/i-skolans-varld\/film-i-undervisningen\/\" target=\"\" aria-label=\"Film i undervisningen \u2013 Sju praktiska tips\" class=\"button button-blue\">\n    Film i undervisningen \u2013 Sju praktiska tips    <\/a>                                <\/div>\n    \n    \n\n<\/div>                    <\/div>\n                <\/div>\n                    <\/div>\n    <\/div>\n<\/section>\n\n\n\n\n\n\n<section  class=\"left-right bg-white\">\n    <div class=\"container twelve-col\">\n        <div class=\"inner   \">\n                            <div class=\"grid\">\n                    <div class=\"col col-2\">\n                        \n\n<div class=\"content\">\n\n            \n<p class=\"uptext\">\n    <span class=\"line\"><\/span>\n    L\u00e4tt att hitta <\/p>    \n    \n            \n<h2 class=\"h3\"> Utforska Play <\/h2>    \n            <p class=\"ingress\">S\u00f6kfunktionen i Play hj\u00e4lper dig att snabbt hitta l\u00e4mpliga filmer och program f\u00f6r dina behov. Vet du inte riktigt var du ska b\u00f6rja leta kan du filtrera p\u00e5 k\u00e4lla, \u00e4mne, m\u00e5lgrupp, spr\u00e5k eller textat spr\u00e5k, och uppt\u00e4cka nytt material f\u00f6r din undervisning.<\/p>\n    \n    \n    \n    \n\n<\/div>                    <\/div>\n                    <div class=\"col col-2 img-right\">\n                                                                                                                        <picture>\n                                        <source media=\"(min-width:767px)\" srcset=\"https:\/\/www.ne.se\/info\/wp-content\/uploads\/2023\/07\/masma77653-1240x992.jpg\">\n                                        <source media=\"(max-width:767px)\" srcset=\"https:\/\/www.ne.se\/info\/wp-content\/uploads\/2023\/07\/masma77653-1460x920.jpg\">\n                                        <img decoding=\"async\" src=\"https:\/\/www.ne.se\/info\/wp-content\/uploads\/2023\/07\/masma77653-1240x992.jpg\" srcset=\"https:\/\/www.ne.se\/info\/wp-content\/uploads\/2023\/07\/masma77653-1240x992.jpg 1240w, https:\/\/www.ne.se\/info\/wp-content\/uploads\/2023\/07\/masma77653-800x640.jpg 800w\" sizes=\"(max-width: 1240px) 100vw, 1240px\" alt=\"\" title=\"masma77653\"  \/>\n                                    <\/picture>\n                                                            \n                                            <\/div>\n                <\/div>\n                    <\/div>\n    <\/div>\n<\/section>\n\n\n\n\n\n\n<section  class=\"left-right bg-white\">\n    <div class=\"container twelve-col\">\n        <div class=\"inner   \">\n                            <div class=\"grid\">\n                    <div class=\"col col-2 img-left\">\n                                                                                                                        <picture>\n                                        <source media=\"(min-width:767px)\" srcset=\"https:\/\/www.ne.se\/info\/wp-content\/uploads\/2023\/08\/masma86574-1240x992.jpg\">\n                                        <source media=\"(max-width:767px)\" srcset=\"https:\/\/www.ne.se\/info\/wp-content\/uploads\/2023\/08\/masma86574-1460x920.jpg\">\n                                        <img decoding=\"async\" src=\"https:\/\/www.ne.se\/info\/wp-content\/uploads\/2023\/08\/masma86574-1240x992.jpg\" srcset=\"https:\/\/www.ne.se\/info\/wp-content\/uploads\/2023\/08\/masma86574-1240x992.jpg 1240w, https:\/\/www.ne.se\/info\/wp-content\/uploads\/2023\/08\/masma86574-800x640.jpg 800w\" sizes=\"(max-width: 1240px) 100vw, 1240px\" alt=\"\" title=\"masma86574\"  \/>\n                                    <\/picture>\n                                                            \n                                            <\/div>\n                    <div class=\"col col-2\">\n                        \n\n<div class=\"content\">\n\n            \n<p class=\"uptext\">\n    <span class=\"line\"><\/span>\n    Alltid tillg\u00e4ngligt<\/p>    \n    \n            \n<h2 class=\"h3\"> I skolan eller hemma <\/h2>    \n            <p class=\"ingress\">Med kunskapstj\u00e4nster fr\u00e5n NE beh\u00f6ver du inte begr\u00e4nsa anv\u00e4ndningen till lektionstid. Med ett personligt konto kan du och dina elever logga in p\u00e5 NE.se och se vad de vill i Play hemifr\u00e5n. Smidigt om du till exempel vill ge eleverna i l\u00e4xa att se eller lyssna p\u00e5 ett program och diskutera det p\u00e5 lektionen dagen efter.<\/p>\n    \n    \n    \n    \n\n<\/div>                    <\/div>\n                <\/div>\n                    <\/div>\n    <\/div>\n<\/section>\n\n\n\n\n\n\n<section  class=\"left-right bg-gray\">\n    <div class=\"container twelve-col\">\n        <div class=\"inner   \">\n                            <div class=\"grid\">\n                    <div class=\"col col-2\">\n                        \n\n<div class=\"content\">\n\n    \n    \n            \n<h2 class=\"h2\"> Kom ig\u00e5ng direkt <\/h2>    \n            <p class=\"ingress\">Att komma ig\u00e5ng med NE \u00e4r enkelt. Vill du veta mer om hur du optimerar ditt anv\u00e4ndande kan du alltid st\u00e4lla en fr\u00e5ga till v\u00e5r support eller delta i n\u00e5gon av de utbildningar vi erbjuder.<\/p>\n    \n    \n            <div class=\"btn-container\">\n                            \n<a href=\"https:\/\/www.ne.se\/info\/prova-ne-kostnadsfritt-i-30-dagar\/\" target=\"\" aria-label=\"Prova NE kostnadsfritt i 30 dagar\" class=\"button button-blue\">\n    Prova NE kostnadsfritt i 30 dagar    <\/a>                                <\/div>\n    \n    \n\n<\/div>                    <\/div>\n                    <div class=\"col col-2 img-right\">\n                                                                                                                        <picture>\n                                        <source media=\"(min-width:767px)\" srcset=\"https:\/\/www.ne.se\/info\/wp-content\/uploads\/2023\/12\/Kontaktcircklar-Blandad-3-e1764057624149.png\">\n                                        <source media=\"(max-width:767px)\" srcset=\"https:\/\/www.ne.se\/info\/wp-content\/uploads\/2023\/12\/Kontaktcircklar-Blandad-3-e1764057624149.png\">\n                                        <img decoding=\"async\" src=\"https:\/\/www.ne.se\/info\/wp-content\/uploads\/2023\/12\/Kontaktcircklar-Blandad-3-e1764057624149.png\" srcset=\"\" sizes=\"(max-width: 600px) 100vw, 600px\" alt=\"\" title=\"Kontaktcircklar &#8211; Blandad 3\"  \/>\n                                    <\/picture>\n                                                            \n                                            <\/div>\n                <\/div>\n                    <\/div>\n    <\/div>\n<\/section>\n\n\n","protected":false},"excerpt":{"rendered":"","protected":false},"author":13,"featured_media":0,"parent":1045,"menu_order":1,"comment_status":"closed","ping_status":"closed","template":"page-teaching-material.php","meta":{"inline_featured_image":false,"footnotes":""},"subject":[],"class_list":["post-7786","page","type-page","status-publish","hentry"],"acf":[],"_links":{"self":[{"href":"https:\/\/www.ne.se\/info\/wp-json\/wp\/v2\/pages\/7786","targetHints":{"allow":["GET"]}}],"collection":[{"href":"https:\/\/www.ne.se\/info\/wp-json\/wp\/v2\/pages"}],"about":[{"href":"https:\/\/www.ne.se\/info\/wp-json\/wp\/v2\/types\/page"}],"author":[{"embeddable":true,"href":"https:\/\/www.ne.se\/info\/wp-json\/wp\/v2\/users\/13"}],"replies":[{"embeddable":true,"href":"https:\/\/www.ne.se\/info\/wp-json\/wp\/v2\/comments?post=7786"}],"version-history":[{"count":39,"href":"https:\/\/www.ne.se\/info\/wp-json\/wp\/v2\/pages\/7786\/revisions"}],"predecessor-version":[{"id":24180,"href":"https:\/\/www.ne.se\/info\/wp-json\/wp\/v2\/pages\/7786\/revisions\/24180"}],"up":[{"embeddable":true,"href":"https:\/\/www.ne.se\/info\/wp-json\/wp\/v2\/pages\/1045"}],"wp:attachment":[{"href":"https:\/\/www.ne.se\/info\/wp-json\/wp\/v2\/media?parent=7786"}],"wp:term":[{"taxonomy":"subject","embeddable":true,"href":"https:\/\/www.ne.se\/info\/wp-json\/wp\/v2\/subject?post=7786"}],"curies":[{"name":"wp","href":"https:\/\/api.w.org\/{rel}","templated":true}]}}