{"id":7831,"date":"2023-08-08T09:14:32","date_gmt":"2023-08-08T09:14:32","guid":{"rendered":"https:\/\/www.ne.se\/info\/?page_id=7831"},"modified":"2025-11-03T18:38:44","modified_gmt":"2025-11-03T18:38:44","slug":"junior-2","status":"publish","type":"page","link":"https:\/\/www.ne.se\/info\/skola\/kunskapstjanster\/junior-2\/","title":{"rendered":"Junior"},"content":{"rendered":"\n\n\n<section  class=\"header-big-pic\">\n    <div class=\"container\">\n        <div class=\"inner  teaching-padding\">\n                            \n<div class=\"badges\">\n            <p class=\"badge\">Kunskapstj\u00e4nst<\/p>\n    <\/div>                                        \n<h1 class=\"h1\"> Junior <\/h1>                                        <p class=\"ingress\"> Ett unikt uppslagsverk med faktatexter anpassade f\u00f6r elever i \u00e5rskurs 4 och \u00e4ldre. \r\n<\/p>\n            \n                    <\/div>\n    <\/div>\n\n    <div class=\"background-image\">\n        <img decoding=\"async\" src=\"https:\/\/www.ne.se\/info\/wp-content\/uploads\/2023\/07\/ima227384-scaled.jpg\" srcset=\"https:\/\/www.ne.se\/info\/wp-content\/uploads\/2023\/07\/ima227384-scaled.jpg 2560w, https:\/\/www.ne.se\/info\/wp-content\/uploads\/2023\/07\/ima227384-300x200.jpg 300w, https:\/\/www.ne.se\/info\/wp-content\/uploads\/2023\/07\/ima227384-1024x683.jpg 1024w, https:\/\/www.ne.se\/info\/wp-content\/uploads\/2023\/07\/ima227384-768x512.jpg 768w, https:\/\/www.ne.se\/info\/wp-content\/uploads\/2023\/07\/ima227384-1536x1024.jpg 1536w, https:\/\/www.ne.se\/info\/wp-content\/uploads\/2023\/07\/ima227384-2048x1365.jpg 2048w, https:\/\/www.ne.se\/info\/wp-content\/uploads\/2023\/07\/ima227384-354x236.jpg 354w\" sizes=\"(max-width: 2560px) 100vw, 2560px\" alt=\"\" title=\"Elever har lektion\" \/>\n    <\/div>\n\n    <div class=\"overlay-top\"><\/div>\n    <div class=\"overlay-bottom\"><\/div>\n<\/section>\n\n\n\n<section id=\"teaching_top\" class=\"left-right bg-white\">\n    <div class=\"container twelve-col\">\n        <div class=\"inner  pt-4 pb-5\">\n                            <div class=\"grid\">\n                    <div class=\"col col-2\">\n                        \n\n<div class=\"content\">\n\n            \n<p class=\"uptext\">\n    <span class=\"line\"><\/span>\n    Kunskapsportal<\/p>    \n    \n            \n<h2 class=\"h3\"> Startpunkt f\u00f6r mer kunskap <\/h2>    \n            <p class=\"ingress\">S\u00f6ktj\u00e4nsten Junior \u00e4r en naturlig startpunkt d\u00e4r nyfikenhet har en given plats. Perfekt f\u00f6r att ta reda p\u00e5 snabba fakta eller f\u00f6rdjupa sig i ett visst \u00e4mne.<br \/>\r\n<br \/>\r\nVarje text \u00e4r berikad med bildst\u00f6d, ljud och filmer f\u00f6r att eleven ska f\u00e5 ett varierat och inbjudande material. H\u00e4r finns \u00f6ver 2 000 pedagogiska filmer med allt fr\u00e5n historiefilmer till beskrivningar om vad alfabetet \u00e4r. <\/p>\n    \n            <ul class=\"usps\">\n            <li class=\"usp\">\n            <svg width=\"24\" height=\"24\" viewBox=\"0 0 24 24\" fill=\"none\" xmlns=\"http:\/\/www.w3.org\/2000\/svg\">\n    <path d=\"M9 16.17 5.53 12.7a.996.996 0 1 0-1.41 1.41l4.18 4.18c.39.39 1.02.39 1.41 0L20.29 7.71a.996.996 0 1 0-1.41-1.41L9 16.17z\" fill=\"#007DB8\"\/>\n<\/svg>\n            Anpassade faktatexter.         <\/li>\n            <li class=\"usp\">\n            <svg width=\"24\" height=\"24\" viewBox=\"0 0 24 24\" fill=\"none\" xmlns=\"http:\/\/www.w3.org\/2000\/svg\">\n    <path d=\"M9 16.17 5.53 12.7a.996.996 0 1 0-1.41 1.41l4.18 4.18c.39.39 1.02.39 1.41 0L20.29 7.71a.996.996 0 1 0-1.41-1.41L9 16.17z\" fill=\"#007DB8\"\/>\n<\/svg>\n            Allt samlat p\u00e5 ett st\u00e4lle.        <\/li>\n            <li class=\"usp\">\n            <svg width=\"24\" height=\"24\" viewBox=\"0 0 24 24\" fill=\"none\" xmlns=\"http:\/\/www.w3.org\/2000\/svg\">\n    <path d=\"M9 16.17 5.53 12.7a.996.996 0 1 0-1.41 1.41l4.18 4.18c.39.39 1.02.39 1.41 0L20.29 7.71a.996.996 0 1 0-1.41-1.41L9 16.17z\" fill=\"#007DB8\"\/>\n<\/svg>\n            Variera undervisningen med pedagogiska filmer.        <\/li>\n            <li class=\"usp\">\n            <svg width=\"24\" height=\"24\" viewBox=\"0 0 24 24\" fill=\"none\" xmlns=\"http:\/\/www.w3.org\/2000\/svg\">\n    <path d=\"M9 16.17 5.53 12.7a.996.996 0 1 0-1.41 1.41l4.18 4.18c.39.39 1.02.39 1.41 0L20.29 7.71a.996.996 0 1 0-1.41-1.41L9 16.17z\" fill=\"#007DB8\"\/>\n<\/svg>\n            Korrekt fakta.        <\/li>\n    <\/ul>    \n            <div class=\"btn-container\">\n                            \n<a href=\"https:\/\/www.ne.se\/info\/prova-ne-kostnadsfritt-i-30-dagar\/\" target=\"\" aria-label=\"Prova NE gratis i 30 dagar\" class=\"button button-blue\">\n    Prova NE gratis i 30 dagar    <\/a>                                <\/div>\n    \n    \n\n<\/div>                    <\/div>\n                    <div class=\"col col-2 img-right\">\n                                                                                                                        <picture>\n                                        <source media=\"(min-width:767px)\" srcset=\"https:\/\/www.ne.se\/info\/wp-content\/uploads\/2023\/07\/shutterstock_2109193757-1240x992.jpg\">\n                                        <source media=\"(max-width:767px)\" srcset=\"https:\/\/www.ne.se\/info\/wp-content\/uploads\/2023\/07\/shutterstock_2109193757-1460x920.jpg\">\n                                        <img decoding=\"async\" src=\"https:\/\/www.ne.se\/info\/wp-content\/uploads\/2023\/07\/shutterstock_2109193757-1240x992.jpg\" srcset=\"https:\/\/www.ne.se\/info\/wp-content\/uploads\/2023\/07\/shutterstock_2109193757-1240x992.jpg 1240w, https:\/\/www.ne.se\/info\/wp-content\/uploads\/2023\/07\/shutterstock_2109193757-800x640.jpg 800w\" sizes=\"(max-width: 1240px) 100vw, 1240px\" alt=\"temapaket\" title=\"Happy,Elementary,Students,And,Their,Teacher,Using,Laptop,During,Computer\"  \/>\n                                    <\/picture>\n                                                            \n                                            <\/div>\n                <\/div>\n                    <\/div>\n    <\/div>\n<\/section>\n\n\n\n\n\n\n<section  class=\"left-right bg-white\">\n    <div class=\"container twelve-col\">\n        <div class=\"inner  pt-5 pb-5\">\n                            <div class=\"grid\">\n                    <div class=\"col col-2 img-left\">\n                                                                                                                        <picture>\n                                        <source media=\"(min-width:767px)\" srcset=\"https:\/\/www.ne.se\/info\/wp-content\/uploads\/2023\/03\/masma51921-1240x992.jpg\">\n                                        <source media=\"(max-width:767px)\" srcset=\"https:\/\/www.ne.se\/info\/wp-content\/uploads\/2023\/03\/masma51921-1460x920.jpg\">\n                                        <img decoding=\"async\" src=\"https:\/\/www.ne.se\/info\/wp-content\/uploads\/2023\/03\/masma51921-1240x992.jpg\" srcset=\"https:\/\/www.ne.se\/info\/wp-content\/uploads\/2023\/03\/masma51921-1240x992.jpg 1240w, https:\/\/www.ne.se\/info\/wp-content\/uploads\/2023\/03\/masma51921-800x640.jpg 800w\" sizes=\"(max-width: 1240px) 100vw, 1240px\" alt=\"\" title=\"masma51921\"  \/>\n                                    <\/picture>\n                                                            \n                                            <\/div>\n                    <div class=\"col col-2\">\n                        \n\n<div class=\"content\">\n\n            \n<p class=\"uptext\">\n    <span class=\"line\"><\/span>\n    Kvalitetss\u00e4krat<\/p>    \n    \n            \n<h2 class=\"h3\"> B\u00f6rja med k\u00e4llkritiskt t\u00e4nkande redan nu <\/h2>    \n            <p class=\"ingress\">K\u00e4llkritik \u00e4r viktigt under hela skolg\u00e5ngen. Junior \u00e4r en utm\u00e4rkt f\u00f6rsta bekantskap n\u00e4r man ska l\u00e4ra sig leta korrekt information eller j\u00e4mf\u00f6ra olika k\u00e4llor.<br \/>\r\n<br \/>\r\nDet \u00e4r sv\u00e5rt att hitta kvalitetss\u00e4krat material anpassat f\u00f6r barn. Med Junior kan du som l\u00e4rare vara s\u00e4ker p\u00e5 att materialet i tj\u00e4nsterna \u00e4r b\u00e5de faktagranskat och skapat utifr\u00e5n barns behov och f\u00f6ruts\u00e4ttningar.<\/p>\n    \n    \n    \n    \n\n<\/div>                    <\/div>\n                <\/div>\n                    <\/div>\n    <\/div>\n<\/section>\n\n\n\n\n\n\n<section  class=\"left-right bg-gray\">\n    <div class=\"container twelve-col\">\n        <div class=\"inner   \">\n                            <div class=\"grid\">\n                    <div class=\"col col-2\">\n                        \n\n<div class=\"content\">\n\n    \n    \n            \n<h2 class=\"h2\"> Kom ig\u00e5ng direkt <\/h2>    \n            <p class=\"ingress\">Att komma ig\u00e5ng med NE \u00e4r enkelt. Vill du veta mer om hur du optimerar ditt anv\u00e4ndande kan du alltid st\u00e4lla en fr\u00e5ga till v\u00e5r support eller delta i n\u00e5gon av de utbildningar vi erbjuder.<\/p>\n    \n    \n            <div class=\"btn-container\">\n                            \n<a href=\"https:\/\/www.ne.se\/info\/prova-ne-kostnadsfritt-i-30-dagar\/\" target=\"\" aria-label=\"Prova NE kostnadsfritt i 30 dagar\" class=\"button button-blue\">\n    Prova NE kostnadsfritt i 30 dagar    <\/a>                                <\/div>\n    \n    \n\n<\/div>                    <\/div>\n                    <div class=\"col col-2 img-right\">\n                                                                                                                        <picture>\n                                        <source media=\"(min-width:767px)\" srcset=\"https:\/\/www.ne.se\/info\/wp-content\/uploads\/2024\/02\/Kontaktcircklar-Blandad-2.png\">\n                                        <source media=\"(max-width:767px)\" srcset=\"https:\/\/www.ne.se\/info\/wp-content\/uploads\/2024\/02\/Kontaktcircklar-Blandad-2.png\">\n                                        <img decoding=\"async\" src=\"https:\/\/www.ne.se\/info\/wp-content\/uploads\/2024\/02\/Kontaktcircklar-Blandad-2.png\" srcset=\"https:\/\/www.ne.se\/info\/wp-content\/uploads\/2024\/02\/Kontaktcircklar-Blandad-2.png 979w, https:\/\/www.ne.se\/info\/wp-content\/uploads\/2024\/02\/Kontaktcircklar-Blandad-2-300x245.png 300w, https:\/\/www.ne.se\/info\/wp-content\/uploads\/2024\/02\/Kontaktcircklar-Blandad-2-768x628.png 768w, https:\/\/www.ne.se\/info\/wp-content\/uploads\/2024\/02\/Kontaktcircklar-Blandad-2-354x289.png 354w\" sizes=\"(max-width: 979px) 100vw, 979px\" alt=\"\" title=\"Kontaktcircklar &#8211; Blandad 2\"  \/>\n                                    <\/picture>\n                                                            \n                                            <\/div>\n                <\/div>\n                    <\/div>\n    <\/div>\n<\/section>\n\n\n","protected":false},"excerpt":{"rendered":"","protected":false},"author":13,"featured_media":0,"parent":1045,"menu_order":1,"comment_status":"closed","ping_status":"closed","template":"page-teaching-material.php","meta":{"inline_featured_image":false,"footnotes":""},"subject":[],"class_list":["post-7831","page","type-page","status-publish","hentry"],"acf":[],"_links":{"self":[{"href":"https:\/\/www.ne.se\/info\/wp-json\/wp\/v2\/pages\/7831","targetHints":{"allow":["GET"]}}],"collection":[{"href":"https:\/\/www.ne.se\/info\/wp-json\/wp\/v2\/pages"}],"about":[{"href":"https:\/\/www.ne.se\/info\/wp-json\/wp\/v2\/types\/page"}],"author":[{"embeddable":true,"href":"https:\/\/www.ne.se\/info\/wp-json\/wp\/v2\/users\/13"}],"replies":[{"embeddable":true,"href":"https:\/\/www.ne.se\/info\/wp-json\/wp\/v2\/comments?post=7831"}],"version-history":[{"count":108,"href":"https:\/\/www.ne.se\/info\/wp-json\/wp\/v2\/pages\/7831\/revisions"}],"predecessor-version":[{"id":24196,"href":"https:\/\/www.ne.se\/info\/wp-json\/wp\/v2\/pages\/7831\/revisions\/24196"}],"up":[{"embeddable":true,"href":"https:\/\/www.ne.se\/info\/wp-json\/wp\/v2\/pages\/1045"}],"wp:attachment":[{"href":"https:\/\/www.ne.se\/info\/wp-json\/wp\/v2\/media?parent=7831"}],"wp:term":[{"taxonomy":"subject","embeddable":true,"href":"https:\/\/www.ne.se\/info\/wp-json\/wp\/v2\/subject?post=7831"}],"curies":[{"name":"wp","href":"https:\/\/api.w.org\/{rel}","templated":true}]}}