{"id":7895,"date":"2023-08-08T08:24:24","date_gmt":"2023-08-08T08:24:24","guid":{"rendered":"https:\/\/www.ne.se\/info\/?page_id=7895"},"modified":"2025-11-03T18:37:41","modified_gmt":"2025-11-03T18:37:41","slug":"varldens-klimat","status":"publish","type":"page","link":"https:\/\/www.ne.se\/info\/skola\/kunskapstjanster\/varldens-klimat\/","title":{"rendered":"V\u00e4rldens klimat"},"content":{"rendered":"\n\n\n<section  class=\"header-big-pic\">\n    <div class=\"container\">\n        <div class=\"inner  teaching-padding\">\n                            \n<div class=\"badges\">\n            <p class=\"badge\">Kunskapstj\u00e4nst<\/p>\n    <\/div>                                        \n<h1 class=\"h1\"> V\u00e4rldens klimat <\/h1>                                        <p class=\"ingress\">En tj\u00e4nst f\u00f6r h\u00f6gstadiet och gymnasiet som ger eleven de b\u00e4sta f\u00f6ruts\u00e4ttningarna f\u00f6r att djupdyka i klimatfr\u00e5gan.<\/p>\n            \n                            <ul class=\"usps\">\n            <li class=\"usp\">\n            <svg width=\"24\" height=\"24\" viewBox=\"0 0 24 24\" fill=\"none\" xmlns=\"http:\/\/www.w3.org\/2000\/svg\">\n    <path d=\"M9 16.17 5.53 12.7a.996.996 0 1 0-1.41 1.41l4.18 4.18c.39.39 1.02.39 1.41 0L20.29 7.71a.996.996 0 1 0-1.41-1.41L9 16.17z\" fill=\"#007DB8\"\/>\n<\/svg>\n            Aktuellt och angel\u00e4get          <\/li>\n            <li class=\"usp\">\n            <svg width=\"24\" height=\"24\" viewBox=\"0 0 24 24\" fill=\"none\" xmlns=\"http:\/\/www.w3.org\/2000\/svg\">\n    <path d=\"M9 16.17 5.53 12.7a.996.996 0 1 0-1.41 1.41l4.18 4.18c.39.39 1.02.39 1.41 0L20.29 7.71a.996.996 0 1 0-1.41-1.41L9 16.17z\" fill=\"#007DB8\"\/>\n<\/svg>\n            Kvalitetss\u00e4krat inneh\u00e5ll        <\/li>\n    <\/ul>                    <\/div>\n    <\/div>\n\n    <div class=\"background-image\">\n        <img decoding=\"async\" src=\"https:\/\/www.ne.se\/info\/wp-content\/uploads\/2023\/07\/Fb-sno-kallt-is-scaled.jpg\" srcset=\"https:\/\/www.ne.se\/info\/wp-content\/uploads\/2023\/07\/Fb-sno-kallt-is-scaled.jpg 2560w, https:\/\/www.ne.se\/info\/wp-content\/uploads\/2023\/07\/Fb-sno-kallt-is-300x200.jpg 300w, https:\/\/www.ne.se\/info\/wp-content\/uploads\/2023\/07\/Fb-sno-kallt-is-1024x683.jpg 1024w, https:\/\/www.ne.se\/info\/wp-content\/uploads\/2023\/07\/Fb-sno-kallt-is-768x512.jpg 768w, https:\/\/www.ne.se\/info\/wp-content\/uploads\/2023\/07\/Fb-sno-kallt-is-1536x1024.jpg 1536w, https:\/\/www.ne.se\/info\/wp-content\/uploads\/2023\/07\/Fb-sno-kallt-is-2048x1365.jpg 2048w, https:\/\/www.ne.se\/info\/wp-content\/uploads\/2023\/07\/Fb-sno-kallt-is-354x236.jpg 354w\" sizes=\"(max-width: 2560px) 100vw, 2560px\" alt=\"\" title=\"Fb sno\u0308 kallt is\" \/>\n    <\/div>\n\n    <div class=\"overlay-top\"><\/div>\n    <div class=\"overlay-bottom\"><\/div>\n<\/section>\n\n\n\n<section id=\"teaching_top\" class=\"left-right bg-white\">\n    <div class=\"container twelve-col\">\n        <div class=\"inner   \">\n                            <div class=\"grid\">\n                    <div class=\"col col-2 img-left\">\n                                                                                                                        <div class=\"video-thumbnail-container\">\n                                        <img decoding=\"async\" data-block-id=\"block_fbbfd5a64b700814007508e333e49745\" class=\"video-thumbnail\" src=\"https:\/\/www.ne.se\/info\/wp-content\/uploads\/2023\/03\/NO-1-1240x900.jpg\" srcset=\"https:\/\/www.ne.se\/info\/wp-content\/uploads\/2023\/03\/NO-1-1240x900.jpg 1240w, https:\/\/www.ne.se\/info\/wp-content\/uploads\/2023\/03\/NO-1-1238x900.jpg 1238w\" sizes=\"(max-width: 1240px) 100vw, 1240px\" alt=\"klimat\" title=\"NO\"  \/>\n                                        <svg width=\"80\" height=\"80\" viewBox=\"0 0 80 80\" fill=\"none\" xmlns=\"http:\/\/www.w3.org\/2000\/svg\">\n<g filter=\"url(#filter0_b_1398_23185)\">\n<path fill-rule=\"evenodd\" clip-rule=\"evenodd\" d=\"M40 80C62.0914 80 80 62.0914 80 40C80 17.9086 62.0914 0 40 0C17.9086 0 0 17.9086 0 40C0 62.0914 17.9086 80 40 80ZM33.75 54.6721L56.25 42.096C57.9167 41.1645 57.9167 38.8355 56.25 37.904L33.75 25.3279C32.0833 24.3963 30 25.5608 30 27.4239L30 52.5761C30 54.4392 32.0833 55.6037 33.75 54.6721Z\" fill=\"white\" fill-opacity=\"0.8\"\/>\n<\/g>\n<defs>\n<filter id=\"filter0_b_1398_23185\" x=\"-16\" y=\"-16\" width=\"112\" height=\"112\" filterUnits=\"userSpaceOnUse\" color-interpolation-filters=\"sRGB\">\n<feFlood flood-opacity=\"0\" result=\"BackgroundImageFix\"\/>\n<feGaussianBlur in=\"BackgroundImageFix\" stdDeviation=\"8\"\/>\n<feComposite in2=\"SourceAlpha\" operator=\"in\" result=\"effect1_backgroundBlur_1398_23185\"\/>\n<feBlend mode=\"normal\" in=\"SourceGraphic\" in2=\"effect1_backgroundBlur_1398_23185\" result=\"shape\"\/>\n<\/filter>\n<\/defs>\n<\/svg>\n                                    <\/div>\n                                                            \n                                            <\/div>\n                    <div class=\"col col-2\">\n                        \n\n<div class=\"content\">\n\n            \n<p class=\"uptext\">\n    <span class=\"line\"><\/span>\n    F\u00e4rsk forskning<\/p>    \n    \n            \n<h3 class=\"h3\"> N\u00f6dv\u00e4ndig kunskap om klimatet \u2013 samlat i ett paket <\/h3>    \n            <p class=\"ingress\">V\u00e4rldens klimat ger eleverna k\u00e4nnedom om vad som g\u00f6rs och vad som kan g\u00f6ras f\u00f6r att hantera klimatf\u00f6r\u00e4ndringarna. En unik tj\u00e4nst om ett br\u00e4nnande aktuellt \u00e4mne framtaget av n\u00e5gra av Sveriges fr\u00e4msta klimatforskare. <\/p>\n    \n    \n            <div class=\"btn-container\">\n                            \n<a href=\"https:\/\/www.ne.se\/info\/prova-ne-kostnadsfritt-i-30-dagar\/\" target=\"\" aria-label=\"Prova NE kostnadsfritt\" class=\"button button-blue\">\n    Prova NE kostnadsfritt    <\/a>                                <\/div>\n    \n    \n\n<\/div>                    <\/div>\n                <\/div>\n                    <\/div>\n    <\/div>\n<\/section>\n\n\n      <div class=\"modal modal-video\" data-modal-id=\"block_fbbfd5a64b700814007508e333e49745\">\n\n    <div class=\"modal-content\">\n      <div class=\"iframe-container\">\n        <div class=\"iframe-wrapper\">\n          <iframe class=\"iframe\" src=\"https:\/\/www.youtube.com\/embed\/4vSGJmXZFrw\" frameborder=\"0\" allow=\"accelerometer; autoplay; clipboard-write; encrypted-media; gyroscope; picture-in-picture; web-share\" allowfullscreen><\/iframe>\n        <\/div>\n      <\/div>\n    <\/div>\n\n  <\/div>\n\n\n\n\n<section  class=\"left-right bg-gray\">\n    <div class=\"container twelve-col\">\n        <div class=\"inner   \">\n                            <div class=\"grid\">\n                    <div class=\"col col-2\">\n                        \n\n<div class=\"content\">\n\n            \n<p class=\"uptext\">\n    <span class=\"line\"><\/span>\n    Engagerande<\/p>    \n    \n            \n<h2 class=\"h3\"> Kunskap \u00e4r avg\u00f6rande <\/h2>    \n            <p class=\"ingress\">I takt med att allvaret i klimatfr\u00e5gan \u00f6kar, g\u00f6r \u00e4ven engagemanget bland unga det. Ge eleverna kunskap f\u00f6r att kunna f\u00f6lja och ta del av klimatdebatten. V\u00e4rldens klimat ger dina elever:<br \/>\r\n<\/p>\n    \n            <ul class=\"usps\">\n            <li class=\"usp\">\n            <svg width=\"24\" height=\"24\" viewBox=\"0 0 24 24\" fill=\"none\" xmlns=\"http:\/\/www.w3.org\/2000\/svg\">\n    <path d=\"M9 16.17 5.53 12.7a.996.996 0 1 0-1.41 1.41l4.18 4.18c.39.39 1.02.39 1.41 0L20.29 7.71a.996.996 0 1 0-1.41-1.41L9 16.17z\" fill=\"#007DB8\"\/>\n<\/svg>\n            Popul\u00e4rvetenskapliga beskrivningar av det komplexa klimatsystemet liksom av de p\u00e5g\u00e5ende klimatf\u00f6r\u00e4ndringarna.        <\/li>\n            <li class=\"usp\">\n            <svg width=\"24\" height=\"24\" viewBox=\"0 0 24 24\" fill=\"none\" xmlns=\"http:\/\/www.w3.org\/2000\/svg\">\n    <path d=\"M9 16.17 5.53 12.7a.996.996 0 1 0-1.41 1.41l4.18 4.18c.39.39 1.02.39 1.41 0L20.29 7.71a.996.996 0 1 0-1.41-1.41L9 16.17z\" fill=\"#007DB8\"\/>\n<\/svg>\n            Kunskap om n\u00f6dv\u00e4ndiga \u00e5tg\u00e4rder som kr\u00e4vs f\u00f6r att bromsa den globala uppv\u00e4rmningen.        <\/li>\n            <li class=\"usp\">\n            <svg width=\"24\" height=\"24\" viewBox=\"0 0 24 24\" fill=\"none\" xmlns=\"http:\/\/www.w3.org\/2000\/svg\">\n    <path d=\"M9 16.17 5.53 12.7a.996.996 0 1 0-1.41 1.41l4.18 4.18c.39.39 1.02.39 1.41 0L20.29 7.71a.996.996 0 1 0-1.41-1.41L9 16.17z\" fill=\"#007DB8\"\/>\n<\/svg>\n            M\u00e4ngder av infografik, filmer, animeringar och artiklar som underl\u00e4ttar elevens inl\u00e4rning.        <\/li>\n    <\/ul>    \n    \n    \n\n<\/div>                    <\/div>\n                    <div class=\"col col-2 img-right\">\n                                                                                                                        <picture>\n                                        <source media=\"(min-width:767px)\" srcset=\"https:\/\/www.ne.se\/info\/wp-content\/uploads\/2023\/07\/GY-masma79909-1240x992.jpg\">\n                                        <source media=\"(max-width:767px)\" srcset=\"https:\/\/www.ne.se\/info\/wp-content\/uploads\/2023\/07\/GY-masma79909-1460x920.jpg\">\n                                        <img decoding=\"async\" src=\"https:\/\/www.ne.se\/info\/wp-content\/uploads\/2023\/07\/GY-masma79909-1240x992.jpg\" srcset=\"https:\/\/www.ne.se\/info\/wp-content\/uploads\/2023\/07\/GY-masma79909-1240x992.jpg 1240w, https:\/\/www.ne.se\/info\/wp-content\/uploads\/2023\/07\/GY-masma79909-800x640.jpg 800w\" sizes=\"(max-width: 1240px) 100vw, 1240px\" alt=\"\" title=\"masma79909\"  \/>\n                                    <\/picture>\n                                                            \n                                            <\/div>\n                <\/div>\n                    <\/div>\n    <\/div>\n<\/section>\n\n\n\n\n\n\n<section  class=\"left-right bg-white\">\n    <div class=\"container twelve-col\">\n        <div class=\"inner   \">\n                            <div class=\"grid\">\n                    <div class=\"col col-2 img-left\">\n                                                                                                                        <picture>\n                                        <source media=\"(min-width:767px)\" srcset=\"https:\/\/www.ne.se\/info\/wp-content\/uploads\/2023\/04\/ne-se-ne-se-kyle-glenn-nxt5htlmlge-unsplash.jpg\">\n                                        <source media=\"(max-width:767px)\" srcset=\"https:\/\/www.ne.se\/info\/wp-content\/uploads\/2023\/04\/ne-se-ne-se-kyle-glenn-nxt5htlmlge-unsplash.jpg\">\n                                        <img decoding=\"async\" src=\"https:\/\/www.ne.se\/info\/wp-content\/uploads\/2023\/04\/ne-se-ne-se-kyle-glenn-nxt5htlmlge-unsplash.jpg\" srcset=\"https:\/\/www.ne.se\/info\/wp-content\/uploads\/2023\/04\/ne-se-ne-se-kyle-glenn-nxt5htlmlge-unsplash.jpg 1200w, https:\/\/www.ne.se\/info\/wp-content\/uploads\/2023\/04\/ne-se-ne-se-kyle-glenn-nxt5htlmlge-unsplash-300x200.jpg 300w, https:\/\/www.ne.se\/info\/wp-content\/uploads\/2023\/04\/ne-se-ne-se-kyle-glenn-nxt5htlmlge-unsplash-1024x683.jpg 1024w, https:\/\/www.ne.se\/info\/wp-content\/uploads\/2023\/04\/ne-se-ne-se-kyle-glenn-nxt5htlmlge-unsplash-768x512.jpg 768w, https:\/\/www.ne.se\/info\/wp-content\/uploads\/2023\/04\/ne-se-ne-se-kyle-glenn-nxt5htlmlge-unsplash-354x236.jpg 354w\" sizes=\"(max-width: 1200px) 100vw, 1200px\" alt=\"\" title=\"ne-se-ne-se-kyle-glenn-nxt5htlmlge-unsplash\"  \/>\n                                    <\/picture>\n                                                            \n                                            <\/div>\n                    <div class=\"col col-2\">\n                        \n\n<div class=\"content\">\n\n            \n<p class=\"uptext\">\n    <span class=\"line\"><\/span>\n    Skapat av klimatforskare<\/p>    \n    \n            \n<h2 class=\"h3\"> Kvalitetss\u00e4krat av Sveriges fr\u00e4msta experter <\/h2>    \n            <p class=\"ingress\">V\u00e4rldens klimat \u00e4r en tj\u00e4nst f\u00f6rfattad av n\u00e5gra av Sveriges mest meriterade och internationellt erk\u00e4nda klimatforskare: Markku Rummukainen, professor i klimatologi i Lund och Sveriges kontaktperson f\u00f6r FN:s klimatpanel, Roger Hildingsson vid Statsvetenskapliga institutionen i Lund och forskningscentret BECC och Kajsa-Stina Benulic vid Institutionen f\u00f6r Tema (Milj\u00f6f\u00f6r\u00e4ndring) vid Link\u00f6pings universitet \u2013 ett kvitto p\u00e5 att inneh\u00e5llet \u00e4r kvalitetss\u00e4krat och uppdaterat.<br \/>\r\n<\/p>\n    \n    \n            <div class=\"btn-container\">\n                            \n<a href=\"https:\/\/www.ne.se\/info\/experter-och-skribenter\/\" target=\"\" aria-label=\"Se alla experter och skribenter\" class=\"button button-blue\">\n    Se alla experter och skribenter    <\/a>                                <\/div>\n    \n    \n\n<\/div>                    <\/div>\n                <\/div>\n                    <\/div>\n    <\/div>\n<\/section>\n\n\n\n\n\n\n<section  class=\"left-right bg-gray\">\n    <div class=\"container twelve-col\">\n        <div class=\"inner   \">\n                            <div class=\"grid\">\n                    <div class=\"col col-2\">\n                        \n\n<div class=\"content\">\n\n    \n    \n            \n<h2 class=\"h2\"> Kom ig\u00e5ng direkt <\/h2>    \n            <p class=\"ingress\">Att komma ig\u00e5ng med NE \u00e4r enkelt. Vill du veta mer om hur du optimerar ditt anv\u00e4ndande kan du alltid st\u00e4lla en fr\u00e5ga till v\u00e5r support eller delta i n\u00e5gon av de utbildningar vi erbjuder.<\/p>\n    \n    \n            <div class=\"btn-container\">\n                            \n<a href=\"https:\/\/www.ne.se\/info\/prova-ne-kostnadsfritt-i-30-dagar\/\" target=\"\" aria-label=\"Prova NE kostnadsfritt i 30 dagar\" class=\"button button-blue\">\n    Prova NE kostnadsfritt i 30 dagar    <\/a>                                <\/div>\n    \n    \n\n<\/div>                    <\/div>\n                    <div class=\"col col-2 img-right\">\n                                                                                                                        <picture>\n                                        <source media=\"(min-width:767px)\" srcset=\"https:\/\/www.ne.se\/info\/wp-content\/uploads\/2023\/12\/Kontaktcircklar-Blandad-3-e1764057624149.png\">\n                                        <source media=\"(max-width:767px)\" srcset=\"https:\/\/www.ne.se\/info\/wp-content\/uploads\/2023\/12\/Kontaktcircklar-Blandad-3-e1764057624149.png\">\n                                        <img decoding=\"async\" src=\"https:\/\/www.ne.se\/info\/wp-content\/uploads\/2023\/12\/Kontaktcircklar-Blandad-3-e1764057624149.png\" srcset=\"\" sizes=\"(max-width: 600px) 100vw, 600px\" alt=\"\" title=\"Kontaktcircklar &#8211; Blandad 3\"  \/>\n                                    <\/picture>\n                                                            \n                                            <\/div>\n                <\/div>\n                    <\/div>\n    <\/div>\n<\/section>\n\n\n","protected":false},"excerpt":{"rendered":"","protected":false},"author":13,"featured_media":0,"parent":1045,"menu_order":1,"comment_status":"closed","ping_status":"closed","template":"page-teaching-material.php","meta":{"inline_featured_image":false,"footnotes":""},"subject":[],"class_list":["post-7895","page","type-page","status-publish","hentry"],"acf":[],"_links":{"self":[{"href":"https:\/\/www.ne.se\/info\/wp-json\/wp\/v2\/pages\/7895","targetHints":{"allow":["GET"]}}],"collection":[{"href":"https:\/\/www.ne.se\/info\/wp-json\/wp\/v2\/pages"}],"about":[{"href":"https:\/\/www.ne.se\/info\/wp-json\/wp\/v2\/types\/page"}],"author":[{"embeddable":true,"href":"https:\/\/www.ne.se\/info\/wp-json\/wp\/v2\/users\/13"}],"replies":[{"embeddable":true,"href":"https:\/\/www.ne.se\/info\/wp-json\/wp\/v2\/comments?post=7895"}],"version-history":[{"count":57,"href":"https:\/\/www.ne.se\/info\/wp-json\/wp\/v2\/pages\/7895\/revisions"}],"predecessor-version":[{"id":24194,"href":"https:\/\/www.ne.se\/info\/wp-json\/wp\/v2\/pages\/7895\/revisions\/24194"}],"up":[{"embeddable":true,"href":"https:\/\/www.ne.se\/info\/wp-json\/wp\/v2\/pages\/1045"}],"wp:attachment":[{"href":"https:\/\/www.ne.se\/info\/wp-json\/wp\/v2\/media?parent=7895"}],"wp:term":[{"taxonomy":"subject","embeddable":true,"href":"https:\/\/www.ne.se\/info\/wp-json\/wp\/v2\/subject?post=7895"}],"curies":[{"name":"wp","href":"https:\/\/api.w.org\/{rel}","templated":true}]}}