{"id":7931,"date":"2023-08-03T13:32:26","date_gmt":"2023-08-03T13:32:26","guid":{"rendered":"https:\/\/www.ne.se\/info\/?page_id=7931"},"modified":"2023-10-19T09:36:31","modified_gmt":"2023-10-19T09:36:31","slug":"varldens-klimat","status":"publish","type":"page","link":"https:\/\/www.ne.se\/info\/privatpersoner\/varldens-klimat\/","title":{"rendered":"V\u00e4rldens klimat"},"content":{"rendered":"\n\n\n<section  class=\"header-big-pic\">\n    <div class=\"container\">\n        <div class=\"inner  teaching-padding\">\n                            \n<div class=\"badges\">\n            <p class=\"badge\">Kunskapstj\u00e4nst<\/p>\n    <\/div>                                        \n<h1 class=\"h1\"> V\u00e4rldens klimat <\/h1>                                        <p class=\"ingress\">En unik tj\u00e4nst om ett br\u00e4nnande aktuellt \u00e4mne framtagen av n\u00e5gra av Sveriges fr\u00e4msta klimatforskare.<\/p>\n            \n                            <ul class=\"usps\">\n            <li class=\"usp\">\n            <svg width=\"24\" height=\"24\" viewBox=\"0 0 24 24\" fill=\"none\" xmlns=\"http:\/\/www.w3.org\/2000\/svg\">\n    <path d=\"M9 16.17 5.53 12.7a.996.996 0 1 0-1.41 1.41l4.18 4.18c.39.39 1.02.39 1.41 0L20.29 7.71a.996.996 0 1 0-1.41-1.41L9 16.17z\" fill=\"#007DB8\"\/>\n<\/svg>\n            Aktuellt och angel\u00e4get          <\/li>\n            <li class=\"usp\">\n            <svg width=\"24\" height=\"24\" viewBox=\"0 0 24 24\" fill=\"none\" xmlns=\"http:\/\/www.w3.org\/2000\/svg\">\n    <path d=\"M9 16.17 5.53 12.7a.996.996 0 1 0-1.41 1.41l4.18 4.18c.39.39 1.02.39 1.41 0L20.29 7.71a.996.996 0 1 0-1.41-1.41L9 16.17z\" fill=\"#007DB8\"\/>\n<\/svg>\n            Kvalitetss\u00e4krat inneh\u00e5ll        <\/li>\n    <\/ul>                    <\/div>\n    <\/div>\n\n    <div class=\"background-image\">\n        <img decoding=\"async\" src=\"https:\/\/www.ne.se\/info\/wp-content\/uploads\/2023\/07\/Fb-sno-kallt-is-scaled.jpg\" srcset=\"https:\/\/www.ne.se\/info\/wp-content\/uploads\/2023\/07\/Fb-sno-kallt-is-scaled.jpg 2560w, https:\/\/www.ne.se\/info\/wp-content\/uploads\/2023\/07\/Fb-sno-kallt-is-300x200.jpg 300w, https:\/\/www.ne.se\/info\/wp-content\/uploads\/2023\/07\/Fb-sno-kallt-is-1024x683.jpg 1024w, https:\/\/www.ne.se\/info\/wp-content\/uploads\/2023\/07\/Fb-sno-kallt-is-768x512.jpg 768w, https:\/\/www.ne.se\/info\/wp-content\/uploads\/2023\/07\/Fb-sno-kallt-is-1536x1024.jpg 1536w, https:\/\/www.ne.se\/info\/wp-content\/uploads\/2023\/07\/Fb-sno-kallt-is-2048x1365.jpg 2048w, https:\/\/www.ne.se\/info\/wp-content\/uploads\/2023\/07\/Fb-sno-kallt-is-354x236.jpg 354w\" sizes=\"(max-width: 2560px) 100vw, 2560px\" alt=\"\" title=\"Fb sno\u0308 kallt is\" \/>\n    <\/div>\n\n    <div class=\"overlay-top\"><\/div>\n    <div class=\"overlay-bottom\"><\/div>\n<\/section>\n\n\n\n<section id=\"teaching_top\" class=\"left-right bg-white\">\n    <div class=\"container twelve-col\">\n        <div class=\"inner   \">\n                            <div class=\"grid\">\n                    <div class=\"col col-2 img-left\">\n                                                                                                                        <picture>\n                                        <source media=\"(min-width:767px)\" srcset=\"https:\/\/www.ne.se\/info\/wp-content\/uploads\/2023\/03\/NO-1-1240x900.jpg\">\n                                        <source media=\"(max-width:767px)\" srcset=\"https:\/\/www.ne.se\/info\/wp-content\/uploads\/2023\/03\/NO-1-1460x900.jpg\">\n                                        <img decoding=\"async\" src=\"https:\/\/www.ne.se\/info\/wp-content\/uploads\/2023\/03\/NO-1-1240x900.jpg\" srcset=\"https:\/\/www.ne.se\/info\/wp-content\/uploads\/2023\/03\/NO-1-1240x900.jpg 1240w, https:\/\/www.ne.se\/info\/wp-content\/uploads\/2023\/03\/NO-1-1238x900.jpg 1238w\" sizes=\"(max-width: 1240px) 100vw, 1240px\" alt=\"klimat\" title=\"NO\"  \/>\n                                    <\/picture>\n                                                            \n                                            <\/div>\n                    <div class=\"col col-2\">\n                        \n\n<div class=\"content\">\n\n            \n<p class=\"uptext\">\n    <span class=\"line\"><\/span>\n    Allt i ett<\/p>    \n    \n            \n<h2 class=\"h3\"> Kunskapen du beh\u00f6ver om klimatet &#8211; samlat i ett paket <\/h2>    \n            <p class=\"ingress\">V\u00e4rldens klimat ger dig fakta och insikter om klimat och klimatf\u00f6r\u00e4ndringar f\u00f6rr, nu och i framtiden.<\/p>\n    \n    \n            <div class=\"btn-container\">\n                            \n<a href=\"https:\/\/www.ne.se\/info\/testa-ne\/\" target=\"\" aria-label=\"Prova gratis mobil\" class=\"button button-blue\">\n    Prova gratis mobil    <\/a>                                <\/div>\n    \n    \n\n<\/div>                    <\/div>\n                <\/div>\n                    <\/div>\n    <\/div>\n<\/section>\n\n\n\n\n\n\n<section  class=\"left-right bg-gray\">\n    <div class=\"container twelve-col\">\n        <div class=\"inner   \">\n                            <div class=\"grid\">\n                    <div class=\"col col-2\">\n                        \n\n<div class=\"content\">\n\n            \n<p class=\"uptext\">\n    <span class=\"line\"><\/span>\n    Aktuell forskning <\/p>    \n    \n            \n<h2 class=\"h3\"> Kunskap \u00e4r avg\u00f6rande <\/h2>    \n            <p class=\"ingress\">I takt med att allvaret i klimatfr\u00e5gan \u00f6kar, g\u00f6r \u00e4ven engagemanget det. Ge dig sj\u00e4lv kunskap f\u00f6r att kunna f\u00f6lja och ta del av klimatdebatten. V\u00e4rldens klimat ger dig:<\/p>\n    \n            <ul class=\"usps\">\n            <li class=\"usp\">\n            <svg width=\"24\" height=\"24\" viewBox=\"0 0 24 24\" fill=\"none\" xmlns=\"http:\/\/www.w3.org\/2000\/svg\">\n    <path d=\"M9 16.17 5.53 12.7a.996.996 0 1 0-1.41 1.41l4.18 4.18c.39.39 1.02.39 1.41 0L20.29 7.71a.996.996 0 1 0-1.41-1.41L9 16.17z\" fill=\"#007DB8\"\/>\n<\/svg>\n            Popul\u00e4rvetenskapliga beskrivningar av det komplexa klimatsystemet liksom av de p\u00e5g\u00e5ende klimatf\u00f6r\u00e4ndringarna.        <\/li>\n            <li class=\"usp\">\n            <svg width=\"24\" height=\"24\" viewBox=\"0 0 24 24\" fill=\"none\" xmlns=\"http:\/\/www.w3.org\/2000\/svg\">\n    <path d=\"M9 16.17 5.53 12.7a.996.996 0 1 0-1.41 1.41l4.18 4.18c.39.39 1.02.39 1.41 0L20.29 7.71a.996.996 0 1 0-1.41-1.41L9 16.17z\" fill=\"#007DB8\"\/>\n<\/svg>\n            Kunskap om n\u00f6dv\u00e4ndiga \u00e5tg\u00e4rder som kr\u00e4vs f\u00f6r att bromsa den globala uppv\u00e4rmningen.        <\/li>\n            <li class=\"usp\">\n            <svg width=\"24\" height=\"24\" viewBox=\"0 0 24 24\" fill=\"none\" xmlns=\"http:\/\/www.w3.org\/2000\/svg\">\n    <path d=\"M9 16.17 5.53 12.7a.996.996 0 1 0-1.41 1.41l4.18 4.18c.39.39 1.02.39 1.41 0L20.29 7.71a.996.996 0 1 0-1.41-1.41L9 16.17z\" fill=\"#007DB8\"\/>\n<\/svg>\n            M\u00e4ngder av infografik, filmer, animeringar och artiklar som p\u00e5 ett pedagogiskt s\u00e4tt hj\u00e4lper dig att f\u00f6rst\u00e5.        <\/li>\n    <\/ul>    \n            <div class=\"btn-container\">\n                            \n<a href=\"https:\/\/www.ne.se\/info\/prova-ne-kostnadsfritt-i-30-dagar\/\" target=\"\" aria-label=\"Prova NE kostnadsfritt i 30 dagar\" class=\"button button-blue\">\n    Prova NE kostnadsfritt i 30 dagar    <\/a>                                <\/div>\n    \n    \n\n<\/div>                    <\/div>\n                    <div class=\"col col-2 img-right\">\n                                                                                                                        <picture>\n                                        <source media=\"(min-width:767px)\" srcset=\"https:\/\/www.ne.se\/info\/wp-content\/uploads\/2023\/07\/masma83749-1240x992.jpg\">\n                                        <source media=\"(max-width:767px)\" srcset=\"https:\/\/www.ne.se\/info\/wp-content\/uploads\/2023\/07\/masma83749-1460x920.jpg\">\n                                        <img decoding=\"async\" src=\"https:\/\/www.ne.se\/info\/wp-content\/uploads\/2023\/07\/masma83749-1240x992.jpg\" srcset=\"https:\/\/www.ne.se\/info\/wp-content\/uploads\/2023\/07\/masma83749-1240x992.jpg 1240w, https:\/\/www.ne.se\/info\/wp-content\/uploads\/2023\/07\/masma83749-800x640.jpg 800w\" sizes=\"(max-width: 1240px) 100vw, 1240px\" alt=\"\" title=\"masma83749\"  \/>\n                                    <\/picture>\n                                                            \n                                            <\/div>\n                <\/div>\n                    <\/div>\n    <\/div>\n<\/section>\n\n\n\n\n\n\n<section  class=\"left-right bg-white\">\n    <div class=\"container twelve-col\">\n        <div class=\"inner   \">\n                            <div class=\"grid\">\n                    <div class=\"col col-2 img-left\">\n                                                                                                                        <picture>\n                                        <source media=\"(min-width:767px)\" srcset=\"https:\/\/www.ne.se\/info\/wp-content\/uploads\/2023\/04\/ne-se-ne-se-kyle-glenn-nxt5htlmlge-unsplash.jpg\">\n                                        <source media=\"(max-width:767px)\" srcset=\"https:\/\/www.ne.se\/info\/wp-content\/uploads\/2023\/04\/ne-se-ne-se-kyle-glenn-nxt5htlmlge-unsplash.jpg\">\n                                        <img decoding=\"async\" src=\"https:\/\/www.ne.se\/info\/wp-content\/uploads\/2023\/04\/ne-se-ne-se-kyle-glenn-nxt5htlmlge-unsplash.jpg\" srcset=\"https:\/\/www.ne.se\/info\/wp-content\/uploads\/2023\/04\/ne-se-ne-se-kyle-glenn-nxt5htlmlge-unsplash.jpg 1200w, https:\/\/www.ne.se\/info\/wp-content\/uploads\/2023\/04\/ne-se-ne-se-kyle-glenn-nxt5htlmlge-unsplash-300x200.jpg 300w, https:\/\/www.ne.se\/info\/wp-content\/uploads\/2023\/04\/ne-se-ne-se-kyle-glenn-nxt5htlmlge-unsplash-1024x683.jpg 1024w, https:\/\/www.ne.se\/info\/wp-content\/uploads\/2023\/04\/ne-se-ne-se-kyle-glenn-nxt5htlmlge-unsplash-768x512.jpg 768w, https:\/\/www.ne.se\/info\/wp-content\/uploads\/2023\/04\/ne-se-ne-se-kyle-glenn-nxt5htlmlge-unsplash-354x236.jpg 354w\" sizes=\"(max-width: 1200px) 100vw, 1200px\" alt=\"\" title=\"ne-se-ne-se-kyle-glenn-nxt5htlmlge-unsplash\"  \/>\n                                    <\/picture>\n                                                            \n                                            <\/div>\n                    <div class=\"col col-2\">\n                        \n\n<div class=\"content\">\n\n            \n<p class=\"uptext\">\n    <span class=\"line\"><\/span>\n    H\u00f6gsta klass<\/p>    \n    \n            \n<h2 class=\"h3\"> Kvalitetss\u00e4krat av Sveriges fr\u00e4msta experter <\/h2>    \n            <p class=\"ingress\">V\u00e4rldens klimat \u00e4r en tj\u00e4nst f\u00f6rfattad av n\u00e5gra av Sveriges mest meriterade och internationellt erk\u00e4nda klimatforskare: Markku Rummukainen, professor i klimatologi i Lund och Sveriges kontaktperson f\u00f6r FN:s klimatpanel, Roger Hildingsson vid Statsvetenskapliga institutionen i Lund och forskningscentret BECC och Kajsa-Stina Benulic vid Institutionen f\u00f6r Tema (Milj\u00f6f\u00f6r\u00e4ndring) vid Link\u00f6pings universitet \u2013 ett kvitto p\u00e5 att inneh\u00e5llet \u00e4r kvalitetss\u00e4krat och uppdaterat.<\/p>\n    \n    \n            <div class=\"btn-container\">\n                            \n<a href=\"https:\/\/www.ne.se\/info\/experter-och-skribenter\/meteorologi-och-klimatologi\/\" target=\"\" aria-label=\"Meteorologi och klimatologi\" class=\"button button-blue\">\n    Meteorologi och klimatologi    <\/a>                                <\/div>\n    \n    \n\n<\/div>                    <\/div>\n                <\/div>\n                    <\/div>\n    <\/div>\n<\/section>\n\n\n\n\n\n\n<section  class=\"left-right bg-gray\">\n    <div class=\"container twelve-col\">\n        <div class=\"inner   \">\n                            <div class=\"grid\">\n                    <div class=\"col col-2\">\n                        \n\n<div class=\"content\">\n\n    \n    \n            \n<h2 class=\"h2\"> Kom ig\u00e5ng direkt <\/h2>    \n            <p class=\"ingress\">Att komma ig\u00e5ng med NE \u00e4r enkelt. Skaffa inspirerande, faktasp\u00e4ckade och p\u00e5litliga kunskapstj\u00e4nster fr\u00e5n 59 kr\/m\u00e5n. Du \u00e4r ig\u00e5ng p\u00e5 ett par minuter och f\u00e5r tillg\u00e5ng direkt. Avsluta n\u00e4r du vill.<\/p>\n    \n    \n            <div class=\"btn-container\">\n                            \n<a href=\"https:\/\/www.ne.se\/info\/privatpersoner\/priser-privatpersoner\/\" target=\"\" aria-label=\"Priser f\u00f6r privatpersoner\" class=\"button button-blue\">\n    Priser f\u00f6r privatpersoner    <\/a>                                <\/div>\n    \n    \n\n<\/div>                    <\/div>\n                    <div class=\"col col-2 img-right\">\n                                                                                                                        <picture>\n                                        <source media=\"(min-width:767px)\" srcset=\"https:\/\/www.ne.se\/info\/wp-content\/uploads\/2023\/04\/Cirklar-NE-1240x992.png\">\n                                        <source media=\"(max-width:767px)\" srcset=\"https:\/\/www.ne.se\/info\/wp-content\/uploads\/2023\/04\/Cirklar-NE-1240x920.png\">\n                                        <img decoding=\"async\" src=\"https:\/\/www.ne.se\/info\/wp-content\/uploads\/2023\/04\/Cirklar-NE-1240x992.png\" srcset=\"https:\/\/www.ne.se\/info\/wp-content\/uploads\/2023\/04\/Cirklar-NE-1240x992.png 1240w, https:\/\/www.ne.se\/info\/wp-content\/uploads\/2023\/04\/Cirklar-NE-800x640.png 800w\" sizes=\"(max-width: 1240px) 100vw, 1240px\" alt=\"\" title=\"Cirklar NE\"  \/>\n                                    <\/picture>\n                                                            \n                                            <\/div>\n                <\/div>\n                    <\/div>\n    <\/div>\n<\/section>\n\n\n","protected":false},"excerpt":{"rendered":"","protected":false},"author":13,"featured_media":0,"parent":1425,"menu_order":1,"comment_status":"closed","ping_status":"closed","template":"page-teaching-material.php","meta":{"inline_featured_image":false,"footnotes":""},"subject":[],"class_list":["post-7931","page","type-page","status-publish","hentry"],"acf":[],"_links":{"self":[{"href":"https:\/\/www.ne.se\/info\/wp-json\/wp\/v2\/pages\/7931","targetHints":{"allow":["GET"]}}],"collection":[{"href":"https:\/\/www.ne.se\/info\/wp-json\/wp\/v2\/pages"}],"about":[{"href":"https:\/\/www.ne.se\/info\/wp-json\/wp\/v2\/types\/page"}],"author":[{"embeddable":true,"href":"https:\/\/www.ne.se\/info\/wp-json\/wp\/v2\/users\/13"}],"replies":[{"embeddable":true,"href":"https:\/\/www.ne.se\/info\/wp-json\/wp\/v2\/comments?post=7931"}],"version-history":[{"count":24,"href":"https:\/\/www.ne.se\/info\/wp-json\/wp\/v2\/pages\/7931\/revisions"}],"predecessor-version":[{"id":8403,"href":"https:\/\/www.ne.se\/info\/wp-json\/wp\/v2\/pages\/7931\/revisions\/8403"}],"up":[{"embeddable":true,"href":"https:\/\/www.ne.se\/info\/wp-json\/wp\/v2\/pages\/1425"}],"wp:attachment":[{"href":"https:\/\/www.ne.se\/info\/wp-json\/wp\/v2\/media?parent=7931"}],"wp:term":[{"taxonomy":"subject","embeddable":true,"href":"https:\/\/www.ne.se\/info\/wp-json\/wp\/v2\/subject?post=7931"}],"curies":[{"name":"wp","href":"https:\/\/api.w.org\/{rel}","templated":true}]}}