{"id":8421,"date":"2023-08-09T11:21:42","date_gmt":"2023-08-09T11:21:42","guid":{"rendered":"https:\/\/www.ne.se\/info\/?page_id=8421"},"modified":"2023-08-11T12:10:48","modified_gmt":"2023-08-11T12:10:48","slug":"korsordshjalpen","status":"publish","type":"page","link":"https:\/\/www.ne.se\/info\/privatpersoner\/korsordshjalpen\/","title":{"rendered":"Korsordshj\u00e4lpen"},"content":{"rendered":"\n\n\n<section  class=\"header-big-pic\">\n    <div class=\"container\">\n        <div class=\"inner  teaching-padding\">\n                            \n<div class=\"badges\">\n            <p class=\"badge\">Kunskapstj\u00e4nst<\/p>\n    <\/div>                                        \n<h1 class=\"h1\"> Korsordshj\u00e4lpen <\/h1>                                        <p class=\"ingress\">H\u00e4r hittar du r\u00e4tt svar \u00e4ven p\u00e5 de allra finurligaste ordg\u00e5torna. En bra hj\u00e4lp n\u00e4r du k\u00f6rt fast med korsordet.<\/p>\n            \n                    <\/div>\n    <\/div>\n\n    <div class=\"background-image\">\n        <img decoding=\"async\" src=\"https:\/\/www.ne.se\/info\/wp-content\/uploads\/2023\/08\/ima206899-scaled.jpg\" srcset=\"https:\/\/www.ne.se\/info\/wp-content\/uploads\/2023\/08\/ima206899-scaled.jpg 2560w, https:\/\/www.ne.se\/info\/wp-content\/uploads\/2023\/08\/ima206899-300x200.jpg 300w, https:\/\/www.ne.se\/info\/wp-content\/uploads\/2023\/08\/ima206899-1024x683.jpg 1024w, https:\/\/www.ne.se\/info\/wp-content\/uploads\/2023\/08\/ima206899-768x512.jpg 768w, https:\/\/www.ne.se\/info\/wp-content\/uploads\/2023\/08\/ima206899-1536x1024.jpg 1536w, https:\/\/www.ne.se\/info\/wp-content\/uploads\/2023\/08\/ima206899-2048x1365.jpg 2048w, https:\/\/www.ne.se\/info\/wp-content\/uploads\/2023\/08\/ima206899-354x236.jpg 354w\" sizes=\"(max-width: 2560px) 100vw, 2560px\" alt=\"\" title=\"Person sitter i en solstol och l\u00f6ser korsord\" \/>\n    <\/div>\n\n    <div class=\"overlay-top\"><\/div>\n    <div class=\"overlay-bottom\"><\/div>\n<\/section>\n\n\n\n<section id=\"teaching_top\" class=\"left-right bg-white\">\n    <div class=\"container twelve-col\">\n        <div class=\"inner   \">\n                            <div class=\"grid\">\n                    <div class=\"col col-2 img-left\">\n                                                                                                                        <picture>\n                                        <source media=\"(min-width:767px)\" srcset=\"https:\/\/www.ne.se\/info\/wp-content\/uploads\/2023\/08\/ima240188-1240x992.jpg\">\n                                        <source media=\"(max-width:767px)\" srcset=\"https:\/\/www.ne.se\/info\/wp-content\/uploads\/2023\/08\/ima240188-1460x920.jpg\">\n                                        <img decoding=\"async\" src=\"https:\/\/www.ne.se\/info\/wp-content\/uploads\/2023\/08\/ima240188-1240x992.jpg\" srcset=\"https:\/\/www.ne.se\/info\/wp-content\/uploads\/2023\/08\/ima240188-1240x992.jpg 1240w, https:\/\/www.ne.se\/info\/wp-content\/uploads\/2023\/08\/ima240188-800x640.jpg 800w\" sizes=\"(max-width: 1240px) 100vw, 1240px\" alt=\"\" title=\"\u00c4ldre personer sitter vid dator och surfplatta med h\u00f6rlurar p\u00e5 sig\"  \/>\n                                    <\/picture>\n                                                            \n                                            <\/div>\n                    <div class=\"col col-2\">\n                        \n\n<div class=\"content\">\n\n            \n<p class=\"uptext\">\n    <span class=\"line\"><\/span>\n    Stimulerande<\/p>    \n    \n            \n<h2 class=\"h3\"> Korsord h\u00e5ller hj\u00e4rnan alert  <\/h2>    \n            <p class=\"ingress\">Att f\u00e5 b\u00e4ttre slutledningsf\u00f6rm\u00e5ga, fokus och minne \u00e4r n\u00e5gra av f\u00f6rdelarna med att l\u00f6sa korsord och andra ordpussel. Men visst \u00e4r det l\u00e4tt att k\u00f6ra fast ibland? Ingen fara, h\u00e4r f\u00e5r du hj\u00e4lp.<br \/>\r\n<br \/>\r\nKorsordshj\u00e4lpen fungerar lika bra p\u00e5 datorn, p\u00e5 surfplattan och i mobilen.<br \/>\r\n<\/p>\n    \n    \n            <div class=\"btn-container\">\n                            \n<a href=\"https:\/\/www.ne.se\/info\/testa-ne\/\" target=\"\" aria-label=\"Prova gratis mobil\" class=\"button button-blue\">\n    Prova gratis mobil    <\/a>                                <\/div>\n    \n    \n\n<\/div>                    <\/div>\n                <\/div>\n                    <\/div>\n    <\/div>\n<\/section>\n\n\n\n\n\n\n<section  class=\"left-right bg-gray\">\n    <div class=\"container twelve-col\">\n        <div class=\"inner   \">\n                            <div class=\"grid\">\n                    <div class=\"col col-2\">\n                        \n\n<div class=\"content\">\n\n            \n<p class=\"uptext\">\n    <span class=\"line\"><\/span>\n    Prima tips<\/p>    \n    \n            \n<h2 class=\"h3\"> Snabb och enkel att anv\u00e4nda  <\/h2>    \n            <p class=\"ingress\">V\u00e4lj antalet bokst\u00e4ver i ordet du fastnat p\u00e5, skriv in de bokst\u00e4ver du har och vips har du en massa uppslag. F\u00f6rslag p\u00e5 egennamn och geografiska namn kommer ocks\u00e5 upp i din s\u00f6kning. <br \/>\r\n<br \/>\r\nDu kan vara s\u00e4ker p\u00e5 att de f\u00f6reslagna orden \u00e4r korrekta \u2013 de kommer n\u00e4mligen fr\u00e5n Nationalencyklopedin och NE:s svenska ordbok. <\/p>\n    \n    \n            <div class=\"btn-container\">\n                            \n<a href=\"https:\/\/www.ne.se\/info\/privatpersoner\/priser-privatpersoner\/\" target=\"\" aria-label=\"Prova gratis i 7 dagar\" class=\"button button-blue\">\n    Prova gratis i 7 dagar    <\/a>                                <\/div>\n    \n    \n\n<\/div>                    <\/div>\n                    <div class=\"col col-2 img-right\">\n                                                                                                                        <picture>\n                                        <source media=\"(min-width:767px)\" srcset=\"https:\/\/www.ne.se\/info\/wp-content\/uploads\/2023\/08\/ima239362-1240x992.jpg\">\n                                        <source media=\"(max-width:767px)\" srcset=\"https:\/\/www.ne.se\/info\/wp-content\/uploads\/2023\/08\/ima239362-1460x920.jpg\">\n                                        <img decoding=\"async\" src=\"https:\/\/www.ne.se\/info\/wp-content\/uploads\/2023\/08\/ima239362-1240x992.jpg\" srcset=\"https:\/\/www.ne.se\/info\/wp-content\/uploads\/2023\/08\/ima239362-1240x992.jpg 1240w, https:\/\/www.ne.se\/info\/wp-content\/uploads\/2023\/08\/ima239362-800x640.jpg 800w\" sizes=\"(max-width: 1240px) 100vw, 1240px\" alt=\"\" title=\"Person studerar p\u00e5 caf\u00e9\"  \/>\n                                    <\/picture>\n                                                            \n                                            <\/div>\n                <\/div>\n                    <\/div>\n    <\/div>\n<\/section>\n\n\n\n\n\n\n<section  class=\"left-right bg-white\">\n    <div class=\"container twelve-col\">\n        <div class=\"inner   \">\n                            <div class=\"grid\">\n                    <div class=\"col col-2 img-left\">\n                                                                                                                        <picture>\n                                        <source media=\"(min-width:767px)\" srcset=\"https:\/\/www.ne.se\/info\/wp-content\/uploads\/2023\/08\/ima218959-1-1240x992.jpg\">\n                                        <source media=\"(max-width:767px)\" srcset=\"https:\/\/www.ne.se\/info\/wp-content\/uploads\/2023\/08\/ima218959-1-1460x920.jpg\">\n                                        <img decoding=\"async\" src=\"https:\/\/www.ne.se\/info\/wp-content\/uploads\/2023\/08\/ima218959-1-1240x992.jpg\" srcset=\"https:\/\/www.ne.se\/info\/wp-content\/uploads\/2023\/08\/ima218959-1-1240x992.jpg 1240w, https:\/\/www.ne.se\/info\/wp-content\/uploads\/2023\/08\/ima218959-1-800x640.jpg 800w\" sizes=\"(max-width: 1240px) 100vw, 1240px\" alt=\"\" title=\"Tv\u00e5 killar sitter och pratar utomhus\"  \/>\n                                    <\/picture>\n                                                            \n                                            <\/div>\n                    <div class=\"col col-2\">\n                        \n\n<div class=\"content\">\n\n            \n<p class=\"uptext\">\n    <span class=\"line\"><\/span>\n    V\u00e4ck nyfikenheten <\/p>    \n    \n            \n<h2 class=\"h3\"> Leder dig p\u00e5 nya kunskapsv\u00e4gar  <\/h2>    \n            <p class=\"ingress\">Ditt resultat visas i en tr\u00e4fflista med ord fr\u00e5n uppslagsverket. H\u00e4r kan du enkelt klicka dig vidare och f\u00f6rdjupa dig i det som intresserar dig, l\u00e4ra dig mer om aktuella h\u00e4ndelser eller uppt\u00e4cka nya saker som du inte visste att du var intresserad av.<br \/>\r\n<br \/>\r\nI samma lista f\u00e5r du ocks\u00e5 f\u00f6rslag p\u00e5 ord fr\u00e5n bland annat NE:s svenska ordbok med \u00f6ver 140 000 uppslagsord och s\u00f6kfraser. H\u00e4r kan du l\u00e4ra dig hur ord stavas, b\u00f6js och uttalas. <br \/>\r\n<\/p>\n    \n    \n    \n    \n\n<\/div>                    <\/div>\n                <\/div>\n                    <\/div>\n    <\/div>\n<\/section>\n\n\n\n\n\n\n<section  class=\"left-right bg-gray\">\n    <div class=\"container twelve-col\">\n        <div class=\"inner   \">\n                            <div class=\"grid\">\n                    <div class=\"col col-2\">\n                        \n\n<div class=\"content\">\n\n    \n    \n            \n<h2 class=\"h2\"> Kom ig\u00e5ng direkt <\/h2>    \n            <p class=\"ingress\">Att komma ig\u00e5ng med NE \u00e4r enkelt. Skaffa inspirerande, faktasp\u00e4ckade och p\u00e5litliga kunskapstj\u00e4nster fr\u00e5n 59 kr\/m\u00e5n. Du \u00e4r ig\u00e5ng p\u00e5 ett par minuter och f\u00e5r tillg\u00e5ng direkt. Avsluta n\u00e4r du vill.<\/p>\n    \n    \n            <div class=\"btn-container\">\n                            \n<a href=\"https:\/\/www.ne.se\/info\/privatpersoner\/priser-privatpersoner\/\" target=\"\" aria-label=\"Priser f\u00f6r privatpersoner\" class=\"button button-blue\">\n    Priser f\u00f6r privatpersoner    <\/a>                                <\/div>\n    \n    \n\n<\/div>                    <\/div>\n                    <div class=\"col col-2 img-right\">\n                                                                                                                        <picture>\n                                        <source media=\"(min-width:767px)\" srcset=\"https:\/\/www.ne.se\/info\/wp-content\/uploads\/2023\/04\/Cirklar-NE-1240x992.png\">\n                                        <source media=\"(max-width:767px)\" srcset=\"https:\/\/www.ne.se\/info\/wp-content\/uploads\/2023\/04\/Cirklar-NE-1240x920.png\">\n                                        <img decoding=\"async\" src=\"https:\/\/www.ne.se\/info\/wp-content\/uploads\/2023\/04\/Cirklar-NE-1240x992.png\" srcset=\"https:\/\/www.ne.se\/info\/wp-content\/uploads\/2023\/04\/Cirklar-NE-1240x992.png 1240w, https:\/\/www.ne.se\/info\/wp-content\/uploads\/2023\/04\/Cirklar-NE-800x640.png 800w\" sizes=\"(max-width: 1240px) 100vw, 1240px\" alt=\"\" title=\"Cirklar NE\"  \/>\n                                    <\/picture>\n                                                            \n                                            <\/div>\n                <\/div>\n                    <\/div>\n    <\/div>\n<\/section>\n\n\n","protected":false},"excerpt":{"rendered":"","protected":false},"author":13,"featured_media":0,"parent":1425,"menu_order":1,"comment_status":"closed","ping_status":"closed","template":"page-teaching-material.php","meta":{"inline_featured_image":false,"footnotes":""},"subject":[],"class_list":["post-8421","page","type-page","status-publish","hentry"],"acf":[],"_links":{"self":[{"href":"https:\/\/www.ne.se\/info\/wp-json\/wp\/v2\/pages\/8421","targetHints":{"allow":["GET"]}}],"collection":[{"href":"https:\/\/www.ne.se\/info\/wp-json\/wp\/v2\/pages"}],"about":[{"href":"https:\/\/www.ne.se\/info\/wp-json\/wp\/v2\/types\/page"}],"author":[{"embeddable":true,"href":"https:\/\/www.ne.se\/info\/wp-json\/wp\/v2\/users\/13"}],"replies":[{"embeddable":true,"href":"https:\/\/www.ne.se\/info\/wp-json\/wp\/v2\/comments?post=8421"}],"version-history":[{"count":10,"href":"https:\/\/www.ne.se\/info\/wp-json\/wp\/v2\/pages\/8421\/revisions"}],"predecessor-version":[{"id":8445,"href":"https:\/\/www.ne.se\/info\/wp-json\/wp\/v2\/pages\/8421\/revisions\/8445"}],"up":[{"embeddable":true,"href":"https:\/\/www.ne.se\/info\/wp-json\/wp\/v2\/pages\/1425"}],"wp:attachment":[{"href":"https:\/\/www.ne.se\/info\/wp-json\/wp\/v2\/media?parent=8421"}],"wp:term":[{"taxonomy":"subject","embeddable":true,"href":"https:\/\/www.ne.se\/info\/wp-json\/wp\/v2\/subject?post=8421"}],"curies":[{"name":"wp","href":"https:\/\/api.w.org\/{rel}","templated":true}]}}