{"id":8581,"date":"2023-08-18T13:21:28","date_gmt":"2023-08-18T13:21:28","guid":{"rendered":"https:\/\/www.ne.se\/info\/?page_id=8581"},"modified":"2023-08-18T13:21:34","modified_gmt":"2023-08-18T13:21:34","slug":"lashjalp","status":"publish","type":"page","link":"https:\/\/www.ne.se\/info\/skola\/lashjalp\/","title":{"rendered":"L\u00e4shj\u00e4lp"},"content":{"rendered":"\n\n\n<section  class=\"header-big-pic\">\n    <div class=\"container\">\n        <div class=\"inner  teaching-padding\">\n                                        \n<h1 class=\"h1\"> L\u00e4shj\u00e4lp <\/h1>                                        <p class=\"ingress\">Funktioner som bidrar till \u00f6kad l\u00e4sf\u00f6rst\u00e5else, ordigenk\u00e4nning, spr\u00e5kutveckling och som hj\u00e4lper eleven att fokusera.<\/p>\n            \n                    <\/div>\n    <\/div>\n\n    <div class=\"background-image\">\n        <img decoding=\"async\" src=\"https:\/\/www.ne.se\/info\/wp-content\/uploads\/2023\/06\/Svenska-dator.png\" srcset=\"https:\/\/www.ne.se\/info\/wp-content\/uploads\/2023\/06\/Svenska-dator.png 5760w, https:\/\/www.ne.se\/info\/wp-content\/uploads\/2023\/06\/Svenska-dator-300x169.png 300w, https:\/\/www.ne.se\/info\/wp-content\/uploads\/2023\/06\/Svenska-dator-1024x576.png 1024w, https:\/\/www.ne.se\/info\/wp-content\/uploads\/2023\/06\/Svenska-dator-768x432.png 768w, https:\/\/www.ne.se\/info\/wp-content\/uploads\/2023\/06\/Svenska-dator-1536x864.png 1536w, https:\/\/www.ne.se\/info\/wp-content\/uploads\/2023\/06\/Svenska-dator-2048x1152.png 2048w\" sizes=\"(max-width: 5760px) 100vw, 5760px\" alt=\"\" title=\"Svenska, dator\" \/>\n    <\/div>\n\n    <div class=\"overlay-top\"><\/div>\n    <div class=\"overlay-bottom\"><\/div>\n<\/section>\n\n\n\n<section id=\"teaching_top\" class=\"left-right bg-white\">\n    <div class=\"container twelve-col\">\n        <div class=\"inner  pt-3 pb-2\">\n                            <div class=\"grid\">\n                    <div class=\"col col-2 img-left\">\n                                                                                                                        <div class=\"video-thumbnail-container\">\n                                        <img decoding=\"async\" data-block-id=\"block_367b844596934e99474aef711f00d240\" class=\"video-thumbnail\" src=\"https:\/\/www.ne.se\/info\/wp-content\/uploads\/2023\/08\/shutterstock_2045693432-1240x992.jpg\" srcset=\"https:\/\/www.ne.se\/info\/wp-content\/uploads\/2023\/08\/shutterstock_2045693432-1240x992.jpg 1240w, https:\/\/www.ne.se\/info\/wp-content\/uploads\/2023\/08\/shutterstock_2045693432-800x640.jpg 800w\" sizes=\"(max-width: 1240px) 100vw, 1240px\" alt=\"\" title=\"Young,Teacher,Tutor,Helping,African-american,Girl,Students,Schoolchildren,Pupils,With\"  \/>\n                                        <svg width=\"80\" height=\"80\" viewBox=\"0 0 80 80\" fill=\"none\" xmlns=\"http:\/\/www.w3.org\/2000\/svg\">\n<g filter=\"url(#filter0_b_1398_23185)\">\n<path fill-rule=\"evenodd\" clip-rule=\"evenodd\" d=\"M40 80C62.0914 80 80 62.0914 80 40C80 17.9086 62.0914 0 40 0C17.9086 0 0 17.9086 0 40C0 62.0914 17.9086 80 40 80ZM33.75 54.6721L56.25 42.096C57.9167 41.1645 57.9167 38.8355 56.25 37.904L33.75 25.3279C32.0833 24.3963 30 25.5608 30 27.4239L30 52.5761C30 54.4392 32.0833 55.6037 33.75 54.6721Z\" fill=\"white\" fill-opacity=\"0.8\"\/>\n<\/g>\n<defs>\n<filter id=\"filter0_b_1398_23185\" x=\"-16\" y=\"-16\" width=\"112\" height=\"112\" filterUnits=\"userSpaceOnUse\" color-interpolation-filters=\"sRGB\">\n<feFlood flood-opacity=\"0\" result=\"BackgroundImageFix\"\/>\n<feGaussianBlur in=\"BackgroundImageFix\" stdDeviation=\"8\"\/>\n<feComposite in2=\"SourceAlpha\" operator=\"in\" result=\"effect1_backgroundBlur_1398_23185\"\/>\n<feBlend mode=\"normal\" in=\"SourceGraphic\" in2=\"effect1_backgroundBlur_1398_23185\" result=\"shape\"\/>\n<\/filter>\n<\/defs>\n<\/svg>\n                                    <\/div>\n                                                            \n                                            <\/div>\n                    <div class=\"col col-2\">\n                        \n\n<div class=\"content\">\n\n    \n    \n            \n<h2 class=\"h3\"> Vad \u00e4r L\u00e4shj\u00e4lp? <\/h2>    \n            <p class=\"ingress\">L\u00e4shj\u00e4lp har utvecklats med hj\u00e4lp av Microsofts Immersive Reader som fr\u00e4mst \u00e4r till f\u00f6r att hj\u00e4lpa personer med dyslexi. Men alla anv\u00e4ndare, i alla \u00e5ldrar, kan ha anv\u00e4ndning av L\u00e4shj\u00e4lp n\u00e4r l\u00e4sf\u00f6rst\u00e5elsen beh\u00f6ver st\u00e4rkas.<br \/>\r\n<br \/>\r\nL\u00e4shj\u00e4lp kan ocks\u00e5 vara ett viktigt st\u00f6d f\u00f6r elever som inte har svenska som modersm\u00e5l. M\u00f6jligheten att \u00f6vers\u00e4tta text och f\u00e5 inneh\u00e5ll uppl\u00e4st \u00e4r funktioner som kan bidra till att en elev b\u00e5de st\u00e4rker sina spr\u00e5kkunskaper och b\u00e4ttre kan h\u00e4nga med i undervisningen.<br \/>\r\n<br \/>\r\nM\u00e5let \u00e4r att g\u00f6ra samtliga digitala l\u00e4romedel och kunskapstj\u00e4nster i NE:s utbud f\u00f6r skolor \u00e4nnu mer tillg\u00e4ngliga och individanpassade f\u00f6r att underl\u00e4tta kunskapsinh\u00e4mtning.<\/p>\n    \n    \n    \n    \n\n<\/div>                    <\/div>\n                <\/div>\n                    <\/div>\n    <\/div>\n<\/section>\n\n\n      <div class=\"modal modal-video\" data-modal-id=\"block_367b844596934e99474aef711f00d240\">\n\n    <div class=\"modal-content\">\n      <div class=\"iframe-container\">\n        <div class=\"iframe-wrapper\">\n          <iframe class=\"iframe\" src=\"https:\/\/www.youtube.com\/embed\/6XxoWx1QyNw\" frameborder=\"0\" allow=\"accelerometer; autoplay; clipboard-write; encrypted-media; gyroscope; picture-in-picture; web-share\" allowfullscreen><\/iframe>\n        <\/div>\n      <\/div>\n    <\/div>\n\n  <\/div>\n\n\n\n\n<section  class=\"left-right bg-white\">\n    <div class=\"container twelve-col\">\n        <div class=\"inner  pt-3 pb-4\">\n                            <div class=\"grid\">\n                    <div class=\"col col-2\">\n                        \n\n<div class=\"content\">\n\n    \n    \n            \n<h2 class=\"h3\"> Bepr\u00f6vade funktioner f\u00f6r b\u00e4ttre l\u00e4sf\u00f6rst\u00e5else <\/h2>    \n            <p class=\"ingress\">I L\u00e4shj\u00e4lp finns funktioner som \u00e4r bepr\u00f6vade just f\u00f6r att st\u00e4rka l\u00e4sf\u00f6rm\u00e5gan. Valm\u00f6jligheterna \u00e4r m\u00e5nga, allt f\u00f6r att b\u00e4st matcha individuell inl\u00e4rningsstil och individuella behov.<\/p>\n    \n            <ul class=\"usps\">\n            <li class=\"usp\">\n            <svg width=\"24\" height=\"24\" viewBox=\"0 0 24 24\" fill=\"none\" xmlns=\"http:\/\/www.w3.org\/2000\/svg\">\n    <path d=\"M9 16.17 5.53 12.7a.996.996 0 1 0-1.41 1.41l4.18 4.18c.39.39 1.02.39 1.41 0L20.29 7.71a.996.996 0 1 0-1.41-1.41L9 16.17z\" fill=\"#007DB8\"\/>\n<\/svg>\n            I Textinst\u00e4llningar kan du v\u00e4lja mellan olika teckensnitt, justera textstorlek och v\u00e4lja bakgrundsf\u00e4rg.        <\/li>\n            <li class=\"usp\">\n            <svg width=\"24\" height=\"24\" viewBox=\"0 0 24 24\" fill=\"none\" xmlns=\"http:\/\/www.w3.org\/2000\/svg\">\n    <path d=\"M9 16.17 5.53 12.7a.996.996 0 1 0-1.41 1.41l4.18 4.18c.39.39 1.02.39 1.41 0L20.29 7.71a.996.996 0 1 0-1.41-1.41L9 16.17z\" fill=\"#007DB8\"\/>\n<\/svg>\n            Beh\u00f6ver du hj\u00e4lp med de olika ordklasserna? Under Grammatikalternativ finns en funktion som markerar varje ordklass i valfri f\u00e4rg. Du kan ocks\u00e5 dela upp varje ord i dess stavelser.        <\/li>\n            <li class=\"usp\">\n            <svg width=\"24\" height=\"24\" viewBox=\"0 0 24 24\" fill=\"none\" xmlns=\"http:\/\/www.w3.org\/2000\/svg\">\n    <path d=\"M9 16.17 5.53 12.7a.996.996 0 1 0-1.41 1.41l4.18 4.18c.39.39 1.02.39 1.41 0L20.29 7.71a.996.996 0 1 0-1.41-1.41L9 16.17z\" fill=\"#007DB8\"\/>\n<\/svg>\n            L\u00e4sinst\u00e4llningar anv\u00e4nder du f\u00f6r att best\u00e4mma radfokus. Till exempel om l\u00e4slinjalen ska inkludera en eller tre rader. H\u00e4r har du ocks\u00e5 tillg\u00e5ng till bildordbok.        <\/li>\n            <li class=\"usp\">\n            <svg width=\"24\" height=\"24\" viewBox=\"0 0 24 24\" fill=\"none\" xmlns=\"http:\/\/www.w3.org\/2000\/svg\">\n    <path d=\"M9 16.17 5.53 12.7a.996.996 0 1 0-1.41 1.41l4.18 4.18c.39.39 1.02.39 1.41 0L20.29 7.71a.996.996 0 1 0-1.41-1.41L9 16.17z\" fill=\"#007DB8\"\/>\n<\/svg>\n            Beh\u00f6ver du \u00f6vers\u00e4tta inneh\u00e5ll finns det \u00f6ver 60 olika spr\u00e5k att v\u00e4lja mellan.        <\/li>\n    <\/ul>    \n            <div class=\"btn-container\">\n                            \n<a href=\"https:\/\/www.ne.se\/info\/prova-ne-kostnadsfritt-i-30-dagar\/\" target=\"\" aria-label=\"Prova NE kostnadsfritt\" class=\"button button-blue\">\n    Prova NE kostnadsfritt    <\/a>                                <\/div>\n    \n    \n\n<\/div>                    <\/div>\n                    <div class=\"col col-2 img-right\">\n                                                                                                                        <picture>\n                                        <source media=\"(min-width:767px)\" srcset=\"https:\/\/www.ne.se\/info\/wp-content\/uploads\/2023\/08\/masma86574-1240x992.jpg\">\n                                        <source media=\"(max-width:767px)\" srcset=\"https:\/\/www.ne.se\/info\/wp-content\/uploads\/2023\/08\/masma86574-1460x920.jpg\">\n                                        <img decoding=\"async\" src=\"https:\/\/www.ne.se\/info\/wp-content\/uploads\/2023\/08\/masma86574-1240x992.jpg\" srcset=\"https:\/\/www.ne.se\/info\/wp-content\/uploads\/2023\/08\/masma86574-1240x992.jpg 1240w, https:\/\/www.ne.se\/info\/wp-content\/uploads\/2023\/08\/masma86574-800x640.jpg 800w\" sizes=\"(max-width: 1240px) 100vw, 1240px\" alt=\"\" title=\"masma86574\"  \/>\n                                    <\/picture>\n                                                            \n                                            <\/div>\n                <\/div>\n                    <\/div>\n    <\/div>\n<\/section>\n\n\n\n\n\n\n<section  class=\"left-right bg-gray\">\n    <div class=\"container twelve-col\">\n        <div class=\"inner  pt-3 pb-2\">\n                            <div class=\"grid\">\n                    <div class=\"col col-2\">\n                        \n\n<div class=\"content\">\n\n    \n    \n            \n<h2 class=\"h2\"> Kom ig\u00e5ng direkt <\/h2>    \n            <p class=\"ingress\">Att komma ig\u00e5ng med NE \u00e4r enkelt. Vill du veta mer om hur du optimerar ditt anv\u00e4ndande kan du alltid st\u00e4lla en fr\u00e5ga till v\u00e5r support eller delta i n\u00e5gon av de utbildningar vi erbjuder.<\/p>\n    \n    \n            <div class=\"btn-container\">\n                            \n<a href=\"https:\/\/www.ne.se\/info\/prova-ne-kostnadsfritt-i-30-dagar\/\" target=\"\" aria-label=\"Prova NE kostnadsfritt i 30 dagar\" class=\"button button-blue\">\n    Prova NE kostnadsfritt i 30 dagar    <\/a>                                <\/div>\n    \n    \n\n<\/div>                    <\/div>\n                    <div class=\"col col-2 img-right\">\n                                                                                                                        <picture>\n                                        <source media=\"(min-width:767px)\" srcset=\"https:\/\/www.ne.se\/info\/wp-content\/uploads\/2023\/04\/Kontaktbild_CSSalj2-1240x992.png\">\n                                        <source media=\"(max-width:767px)\" srcset=\"https:\/\/www.ne.se\/info\/wp-content\/uploads\/2023\/04\/Kontaktbild_CSSalj2-1240x920.png\">\n                                        <img decoding=\"async\" src=\"https:\/\/www.ne.se\/info\/wp-content\/uploads\/2023\/04\/Kontaktbild_CSSalj2-1240x992.png\" srcset=\"https:\/\/www.ne.se\/info\/wp-content\/uploads\/2023\/04\/Kontaktbild_CSSalj2-1240x992.png 1240w, https:\/\/www.ne.se\/info\/wp-content\/uploads\/2023\/04\/Kontaktbild_CSSalj2-800x640.png 800w\" sizes=\"(max-width: 1240px) 100vw, 1240px\" alt=\"\" title=\"Kontaktbild_CS+Sa\u0308lj2\"  \/>\n                                    <\/picture>\n                                                            \n                                            <\/div>\n                <\/div>\n                    <\/div>\n    <\/div>\n<\/section>\n\n\n","protected":false},"excerpt":{"rendered":"","protected":false},"author":13,"featured_media":0,"parent":751,"menu_order":1,"comment_status":"closed","ping_status":"closed","template":"page-teaching-material.php","meta":{"inline_featured_image":false,"footnotes":""},"subject":[],"class_list":["post-8581","page","type-page","status-publish","hentry"],"acf":[],"_links":{"self":[{"href":"https:\/\/www.ne.se\/info\/wp-json\/wp\/v2\/pages\/8581","targetHints":{"allow":["GET"]}}],"collection":[{"href":"https:\/\/www.ne.se\/info\/wp-json\/wp\/v2\/pages"}],"about":[{"href":"https:\/\/www.ne.se\/info\/wp-json\/wp\/v2\/types\/page"}],"author":[{"embeddable":true,"href":"https:\/\/www.ne.se\/info\/wp-json\/wp\/v2\/users\/13"}],"replies":[{"embeddable":true,"href":"https:\/\/www.ne.se\/info\/wp-json\/wp\/v2\/comments?post=8581"}],"version-history":[{"count":31,"href":"https:\/\/www.ne.se\/info\/wp-json\/wp\/v2\/pages\/8581\/revisions"}],"predecessor-version":[{"id":8743,"href":"https:\/\/www.ne.se\/info\/wp-json\/wp\/v2\/pages\/8581\/revisions\/8743"}],"up":[{"embeddable":true,"href":"https:\/\/www.ne.se\/info\/wp-json\/wp\/v2\/pages\/751"}],"wp:attachment":[{"href":"https:\/\/www.ne.se\/info\/wp-json\/wp\/v2\/media?parent=8581"}],"wp:term":[{"taxonomy":"subject","embeddable":true,"href":"https:\/\/www.ne.se\/info\/wp-json\/wp\/v2\/subject?post=8581"}],"curies":[{"name":"wp","href":"https:\/\/api.w.org\/{rel}","templated":true}]}}