{"id":8670,"date":"2023-08-18T07:16:36","date_gmt":"2023-08-18T07:16:36","guid":{"rendered":"https:\/\/www.ne.se\/info\/?page_id=8670"},"modified":"2026-02-17T14:39:15","modified_gmt":"2026-02-17T14:39:15","slug":"statsbidrag-for-laromedel","status":"publish","type":"page","link":"https:\/\/www.ne.se\/info\/skola\/laromedel\/statsbidrag-for-laromedel\/","title":{"rendered":"Statsbidrag f\u00f6r l\u00e4romedel"},"content":{"rendered":"\n\n\n<section  class=\"header-big-pic\">\n    <div class=\"container\">\n        <div class=\"inner  teaching-padding\">\n                            \n<div class=\"badges\">\n            <p class=\"badge\">L\u00e4romedel<\/p>\n    <\/div>                                        \n<h1 class=\"h1\"> Statsbidrag f\u00f6r l\u00e4romedel <\/h1>                                        <p class=\"ingress\">Du har v\u00e4l inte missat att b\u00e5de kommunala och frist\u00e5ende huvudm\u00e4n kan s\u00f6ka statsbidrag f\u00f6r ink\u00f6p av l\u00e4romedel? Sj\u00e4lvklart g\u00e4ller det ocks\u00e5 n\u00e4r du handlar b\u00f6cker fr\u00e5n NE.<\/p>\n            \n                    <\/div>\n    <\/div>\n\n    <div class=\"background-image\">\n        <img decoding=\"async\" src=\"https:\/\/www.ne.se\/info\/wp-content\/uploads\/2023\/04\/bocker.png\" srcset=\"https:\/\/www.ne.se\/info\/wp-content\/uploads\/2023\/04\/bocker.png 1200w, https:\/\/www.ne.se\/info\/wp-content\/uploads\/2023\/04\/bocker-300x157.png 300w, https:\/\/www.ne.se\/info\/wp-content\/uploads\/2023\/04\/bocker-1024x536.png 1024w, https:\/\/www.ne.se\/info\/wp-content\/uploads\/2023\/04\/bocker-768x402.png 768w, https:\/\/www.ne.se\/info\/wp-content\/uploads\/2023\/04\/bocker-354x185.png 354w\" sizes=\"(max-width: 1200px) 100vw, 1200px\" alt=\"\" title=\"bo\u0308cker\" \/>\n    <\/div>\n\n    <div class=\"overlay-top\"><\/div>\n    <div class=\"overlay-bottom\"><\/div>\n<\/section>\n\n\n\n<section id=\"teaching_top\" class=\"left-right bg-white\">\n    <div class=\"container twelve-col\">\n        <div class=\"inner   \">\n                            <div class=\"grid\">\n                    <div class=\"col col-2 img-left\">\n                                                                                                                        <picture>\n                                        <source media=\"(min-width:767px)\" srcset=\"https:\/\/www.ne.se\/info\/wp-content\/uploads\/2023\/04\/Image-1240x992.png\">\n                                        <source media=\"(max-width:767px)\" srcset=\"https:\/\/www.ne.se\/info\/wp-content\/uploads\/2023\/04\/Image-1460x920.png\">\n                                        <img decoding=\"async\" src=\"https:\/\/www.ne.se\/info\/wp-content\/uploads\/2023\/04\/Image-1240x992.png\" srcset=\"https:\/\/www.ne.se\/info\/wp-content\/uploads\/2023\/04\/Image-1240x992.png 1240w, https:\/\/www.ne.se\/info\/wp-content\/uploads\/2023\/04\/Image-800x640.png 800w\" sizes=\"(max-width: 1240px) 100vw, 1240px\" alt=\"tryckta l\u00e4romedel b\u00f6cker\" title=\"Image\"  \/>\n                                    <\/picture>\n                                                            \n                                            <\/div>\n                    <div class=\"col col-2\">\n                        \n\n<div class=\"content\">\n\n    \n    \n            \n<h2 class=\"h3\"> Vad ska statsbidraget anv\u00e4ndas till? <\/h2>    \n            <p class=\"ingress\">Ta vara p\u00e5 m\u00f6jligheten med statsbidraget och ge alla elever tillg\u00e5ng till moderna, engagerande och kvalitetss\u00e4krade l\u00e4romedel \u2013 i b\u00e5de tryckt och digitalt format.<br \/>\r\n<\/p>\n    \n    \n            <div class=\"btn-container\">\n                            \n<a href=\"https:\/\/www.ne.se\/info\/skola\/laromedel\/statsbidraget-vad-ingar\/\" target=\"\" aria-label=\"L\u00e4s mer om statsbidraget\" class=\"button button-blue\">\n    L\u00e4s mer om statsbidraget    <\/a>                                <\/div>\n    \n    \n\n<\/div>                    <\/div>\n                <\/div>\n                    <\/div>\n    <\/div>\n<\/section>\n\n\n\n\n\n\n<section  class=\"left-right bg-white\">\n    <div class=\"container twelve-col\">\n        <div class=\"inner  pt-2 pb-5\">\n                            <div class=\"grid\">\n                    <div class=\"col col-2\">\n                        \n\n<div class=\"content\">\n\n    \n    \n            \n<h2 class=\"h3\"> Vem kan s\u00f6ka statsbidraget? <\/h2>    \n            <p class=\"ingress\">B\u00e5de kommunala och frist\u00e5ende huvudm\u00e4n kan s\u00f6ka. F\u00f6r att f\u00e5 statsbidrag ska huvudmannen under bidrags\u00e5ret sj\u00e4lv finansiera l\u00e4romedel motsvarande den genomsnittliga kostnaden per elev de tre senaste \u00e5ren. De skolformer som omfattas \u00e4r:<\/p>\n    \n            <ul class=\"usps\">\n            <li class=\"usp\">\n            <svg width=\"24\" height=\"24\" viewBox=\"0 0 24 24\" fill=\"none\" xmlns=\"http:\/\/www.w3.org\/2000\/svg\">\n    <path d=\"M9 16.17 5.53 12.7a.996.996 0 1 0-1.41 1.41l4.18 4.18c.39.39 1.02.39 1.41 0L20.29 7.71a.996.996 0 1 0-1.41-1.41L9 16.17z\" fill=\"#007DB8\"\/>\n<\/svg>\n            f\u00f6rskoleklass        <\/li>\n            <li class=\"usp\">\n            <svg width=\"24\" height=\"24\" viewBox=\"0 0 24 24\" fill=\"none\" xmlns=\"http:\/\/www.w3.org\/2000\/svg\">\n    <path d=\"M9 16.17 5.53 12.7a.996.996 0 1 0-1.41 1.41l4.18 4.18c.39.39 1.02.39 1.41 0L20.29 7.71a.996.996 0 1 0-1.41-1.41L9 16.17z\" fill=\"#007DB8\"\/>\n<\/svg>\n            grundskolan        <\/li>\n            <li class=\"usp\">\n            <svg width=\"24\" height=\"24\" viewBox=\"0 0 24 24\" fill=\"none\" xmlns=\"http:\/\/www.w3.org\/2000\/svg\">\n    <path d=\"M9 16.17 5.53 12.7a.996.996 0 1 0-1.41 1.41l4.18 4.18c.39.39 1.02.39 1.41 0L20.29 7.71a.996.996 0 1 0-1.41-1.41L9 16.17z\" fill=\"#007DB8\"\/>\n<\/svg>\n            anpassade grundskolan        <\/li>\n            <li class=\"usp\">\n            <svg width=\"24\" height=\"24\" viewBox=\"0 0 24 24\" fill=\"none\" xmlns=\"http:\/\/www.w3.org\/2000\/svg\">\n    <path d=\"M9 16.17 5.53 12.7a.996.996 0 1 0-1.41 1.41l4.18 4.18c.39.39 1.02.39 1.41 0L20.29 7.71a.996.996 0 1 0-1.41-1.41L9 16.17z\" fill=\"#007DB8\"\/>\n<\/svg>\n            specialskolan        <\/li>\n            <li class=\"usp\">\n            <svg width=\"24\" height=\"24\" viewBox=\"0 0 24 24\" fill=\"none\" xmlns=\"http:\/\/www.w3.org\/2000\/svg\">\n    <path d=\"M9 16.17 5.53 12.7a.996.996 0 1 0-1.41 1.41l4.18 4.18c.39.39 1.02.39 1.41 0L20.29 7.71a.996.996 0 1 0-1.41-1.41L9 16.17z\" fill=\"#007DB8\"\/>\n<\/svg>\n            sameskolan        <\/li>\n    <\/ul>    \n    \n    \n\n<\/div>                    <\/div>\n                    <div class=\"col col-2 img-right\">\n                                                                                                                        <picture>\n                                        <source media=\"(min-width:767px)\" srcset=\"https:\/\/www.ne.se\/info\/wp-content\/uploads\/2022\/04\/masma77514-1240x992.jpg\">\n                                        <source media=\"(max-width:767px)\" srcset=\"https:\/\/www.ne.se\/info\/wp-content\/uploads\/2022\/04\/masma77514-1460x920.jpg\">\n                                        <img decoding=\"async\" src=\"https:\/\/www.ne.se\/info\/wp-content\/uploads\/2022\/04\/masma77514-1240x992.jpg\" srcset=\"https:\/\/www.ne.se\/info\/wp-content\/uploads\/2022\/04\/masma77514-1240x992.jpg 1240w, https:\/\/www.ne.se\/info\/wp-content\/uploads\/2022\/04\/masma77514-800x640.jpg 800w\" sizes=\"(max-width: 1240px) 100vw, 1240px\" alt=\"\" title=\"\"  \/>\n                                    <\/picture>\n                                                            \n                                            <\/div>\n                <\/div>\n                    <\/div>\n    <\/div>\n<\/section>\n\n\n\n\n\n\n<section  class=\"left-right bg-gradient-top\">\n    <div class=\"container twelve-col\">\n        <div class=\"inner   \">\n                            <div class=\"grid\">\n                    <div class=\"col col-2\">\n                        \n\n<div class=\"content\">\n\n    \n    \n            \n<h3 class=\"h3\"> B\u00f6cker fullproppade med digitala komponenter <\/h3>    \n            <p class=\"ingress\">N\u00e4r du k\u00f6per tryckta l\u00e4romedel fr\u00e5n NE ing\u00e5r alltid den digitala versionen av l\u00e4romedlet, det vill s\u00e4ga det du beh\u00f6ver f\u00f6r att bedriva en varierad och individanpassad undervisning.<br \/>\r\n<br \/>\r\nVill du veta mer? H\u00f6r av dig till oss s\u00e5 ber\u00e4ttar vi g\u00e4rna mer om statsbidraget och vilka b\u00f6cker fr\u00e5n NE du kan anv\u00e4nda det till. <\/p>\n    \n    \n            <div class=\"btn-container\">\n                            \n<a href=\"https:\/\/www.ne.se\/info\/tryckta-laromedel\/\" target=\"\" aria-label=\"Tryckta l\u00e4romedel fr\u00e5n NE\" class=\"button button-blue\">\n    Tryckta l\u00e4romedel fr\u00e5n NE    <\/a>                                        \n<a href=\"https:\/\/www.ne.se\/info\/kontaktsida\/\" target=\"\" class=\"button button-border-blue\">Kontakta oss<\/a>                    <\/div>\n    \n    \n\n<\/div>                    <\/div>\n                    <div class=\"col col-2 img-right\">\n                                                                                                                        <picture>\n                                        <source media=\"(min-width:767px)\" srcset=\"https:\/\/www.ne.se\/info\/wp-content\/uploads\/2024\/02\/Kontaktcircklar-Blandad-2.png\">\n                                        <source media=\"(max-width:767px)\" srcset=\"https:\/\/www.ne.se\/info\/wp-content\/uploads\/2024\/02\/Kontaktcircklar-Blandad-2.png\">\n                                        <img decoding=\"async\" src=\"https:\/\/www.ne.se\/info\/wp-content\/uploads\/2024\/02\/Kontaktcircklar-Blandad-2.png\" srcset=\"https:\/\/www.ne.se\/info\/wp-content\/uploads\/2024\/02\/Kontaktcircklar-Blandad-2.png 979w, https:\/\/www.ne.se\/info\/wp-content\/uploads\/2024\/02\/Kontaktcircklar-Blandad-2-300x245.png 300w, https:\/\/www.ne.se\/info\/wp-content\/uploads\/2024\/02\/Kontaktcircklar-Blandad-2-768x628.png 768w, https:\/\/www.ne.se\/info\/wp-content\/uploads\/2024\/02\/Kontaktcircklar-Blandad-2-354x289.png 354w\" sizes=\"(max-width: 979px) 100vw, 979px\" alt=\"\" title=\"Kontaktcircklar &#8211; Blandad 2\"  \/>\n                                    <\/picture>\n                                                            \n                                            <\/div>\n                <\/div>\n                    <\/div>\n    <\/div>\n<\/section>\n\n\n","protected":false},"excerpt":{"rendered":"","protected":false},"author":6,"featured_media":0,"parent":17001,"menu_order":0,"comment_status":"closed","ping_status":"closed","template":"page-teaching-material.php","meta":{"inline_featured_image":false,"footnotes":""},"subject":[],"class_list":["post-8670","page","type-page","status-publish","hentry"],"acf":[],"_links":{"self":[{"href":"https:\/\/www.ne.se\/info\/wp-json\/wp\/v2\/pages\/8670","targetHints":{"allow":["GET"]}}],"collection":[{"href":"https:\/\/www.ne.se\/info\/wp-json\/wp\/v2\/pages"}],"about":[{"href":"https:\/\/www.ne.se\/info\/wp-json\/wp\/v2\/types\/page"}],"author":[{"embeddable":true,"href":"https:\/\/www.ne.se\/info\/wp-json\/wp\/v2\/users\/6"}],"replies":[{"embeddable":true,"href":"https:\/\/www.ne.se\/info\/wp-json\/wp\/v2\/comments?post=8670"}],"version-history":[{"count":62,"href":"https:\/\/www.ne.se\/info\/wp-json\/wp\/v2\/pages\/8670\/revisions"}],"predecessor-version":[{"id":25760,"href":"https:\/\/www.ne.se\/info\/wp-json\/wp\/v2\/pages\/8670\/revisions\/25760"}],"up":[{"embeddable":true,"href":"https:\/\/www.ne.se\/info\/wp-json\/wp\/v2\/pages\/17001"}],"wp:attachment":[{"href":"https:\/\/www.ne.se\/info\/wp-json\/wp\/v2\/media?parent=8670"}],"wp:term":[{"taxonomy":"subject","embeddable":true,"href":"https:\/\/www.ne.se\/info\/wp-json\/wp\/v2\/subject?post=8670"}],"curies":[{"name":"wp","href":"https:\/\/api.w.org\/{rel}","templated":true}]}}