{"id":8783,"date":"2023-10-05T10:48:31","date_gmt":"2023-10-05T10:48:31","guid":{"rendered":"https:\/\/www.ne.se\/info\/?page_id=8783"},"modified":"2024-06-07T07:33:53","modified_gmt":"2024-06-07T07:33:53","slug":"guide-flippad-elevaktiv-undervisning","status":"publish","type":"page","link":"https:\/\/www.ne.se\/info\/skola\/guide-flippad-elevaktiv-undervisning\/","title":{"rendered":"Guide: 5 tips f\u00f6r flippad elevaktiv undervisning"},"content":{"rendered":"\n\n    <section class=\"header-pic img-right first-block\">\n        <div class=\"grid\">\n            <div class=\"col col-2 text\">\n                <div class=\"wrapper\">\n                                            \n<h1 class=\"h2\"> Guide: 5 tips f\u00f6r flippad elevaktiv undervisning <\/h1>                                                                \n<p class=\"ample\">\n    Patricia Diaz delar med sig av fem konkreta tips p\u00e5 hur du kan anv\u00e4nda dig av flipped classroom i din undervisning. <\/p>                    \n                                    <\/div>\n            <\/div>\n            <div class=\"col col-2 img\">\n                                    <picture>\n                        <source media=\"(min-width:767px)\" srcset=\"https:\/\/www.ne.se\/info\/wp-content\/uploads\/2023\/03\/NE-Live.png\">\n                        <source media=\"(max-width:767px)\" srcset=\"https:\/\/www.ne.se\/info\/wp-content\/uploads\/2023\/03\/NE-Live-750x432.png\">\n                        <img decoding=\"async\" src=\"https:\/\/www.ne.se\/info\/wp-content\/uploads\/2023\/03\/NE-Live.png\" srcset=\"https:\/\/www.ne.se\/info\/wp-content\/uploads\/2023\/03\/NE-Live.png 800w, https:\/\/www.ne.se\/info\/wp-content\/uploads\/2023\/03\/NE-Live-354x191.png 354w, https:\/\/www.ne.se\/info\/wp-content\/uploads\/2023\/03\/NE-Live-300x162.png 300w, https:\/\/www.ne.se\/info\/wp-content\/uploads\/2023\/03\/NE-Live-768x415.png 768w\" sizes=\"(max-width: 800px) 100vw, 800px\" alt=\"Elevaktiv\" title=\"NE Live\"  \/>\n                    <\/picture>\n                            <\/div>\n        <\/div>\n    <\/section>\n\n\n\n\n<section  class=\"hubspot-form-block\">\n    <div class=\"container\">\n        <div class=\"inner  pt-3 pb-5\">\n                            <div class=\"grid\">\n                    <div class=\"col col-2\">\n                        \n\n<div class=\"content\">\n\n    \n            \n<h3 class=\"\"> Ladda ner din guide helt gratis <\/h3>    \n            <p class=\"ingress\">En utg\u00e5ngspunkt f\u00f6r att arbeta med olika formativa strategier \u00e4r att f\u00e5 eleverna att aktivt delta i undervisningen. H\u00e4r tipsar Patricia Diaz om hur digitala verktyg kan skapa en mer flexibel undervisning, h\u00f6ja elevaktiviteten och ge eleverna m\u00f6jlighet att l\u00e4ra av och med varandra. <br>\r\n<br> M\u00e5nga av tipsen handlar om att fundera \u00f6ver fr\u00e5gor relaterade till lektionsuppl\u00e4gget \u2013 en viktig del av det flippade\/omv\u00e4nda klassrummet!<\/p>\n    \n    \n    \n<\/div>                    <\/div>\n                    <div class=\"col col-2 form-right\">\n                        <div class=\"hubspot-form\">\n                            <script charset=\"utf-8\" type=\"text\/javascript\" src=\"\/\/js.hsforms.net\/forms\/embed\/v2.js\"><\/script>\r\n<script>\r\n  hbspt.forms.create({\r\n    region: \"na1\",\r\n    portalId: \"4069921\",\r\n    formId: \"81924aa7-56df-455a-b5f0-8ed0adb0f6d7\"\r\n  });\r\n<\/script>                        <\/div>\n                    <\/div>\n                <\/div>\n                    <\/div>\n    <\/div>\n<\/section>","protected":false},"excerpt":{"rendered":"","protected":false},"author":13,"featured_media":0,"parent":751,"menu_order":0,"comment_status":"closed","ping_status":"closed","template":"","meta":{"inline_featured_image":false,"footnotes":""},"subject":[],"class_list":["post-8783","page","type-page","status-publish","hentry"],"acf":[],"_links":{"self":[{"href":"https:\/\/www.ne.se\/info\/wp-json\/wp\/v2\/pages\/8783","targetHints":{"allow":["GET"]}}],"collection":[{"href":"https:\/\/www.ne.se\/info\/wp-json\/wp\/v2\/pages"}],"about":[{"href":"https:\/\/www.ne.se\/info\/wp-json\/wp\/v2\/types\/page"}],"author":[{"embeddable":true,"href":"https:\/\/www.ne.se\/info\/wp-json\/wp\/v2\/users\/13"}],"replies":[{"embeddable":true,"href":"https:\/\/www.ne.se\/info\/wp-json\/wp\/v2\/comments?post=8783"}],"version-history":[{"count":36,"href":"https:\/\/www.ne.se\/info\/wp-json\/wp\/v2\/pages\/8783\/revisions"}],"predecessor-version":[{"id":14765,"href":"https:\/\/www.ne.se\/info\/wp-json\/wp\/v2\/pages\/8783\/revisions\/14765"}],"up":[{"embeddable":true,"href":"https:\/\/www.ne.se\/info\/wp-json\/wp\/v2\/pages\/751"}],"wp:attachment":[{"href":"https:\/\/www.ne.se\/info\/wp-json\/wp\/v2\/media?parent=8783"}],"wp:term":[{"taxonomy":"subject","embeddable":true,"href":"https:\/\/www.ne.se\/info\/wp-json\/wp\/v2\/subject?post=8783"}],"curies":[{"name":"wp","href":"https:\/\/api.w.org\/{rel}","templated":true}]}}