{"id":901,"date":"2023-03-15T08:37:39","date_gmt":"2023-03-15T08:37:39","guid":{"rendered":"https:\/\/www.ne.se\/info\/?page_id=901"},"modified":"2026-02-20T07:52:59","modified_gmt":"2026-02-20T07:52:59","slug":"engelska","status":"publish","type":"page","link":"https:\/\/www.ne.se\/info\/skola\/digitala-laromedel\/f-3\/engelska\/","title":{"rendered":"Engelska 1-3"},"content":{"rendered":"\n\n\n<section  class=\"header-big-pic\">\n    <div class=\"container\">\n        <div class=\"inner  teaching-padding\">\n                            \n<div class=\"badges\">\n            <p class=\"badge\">L\u00e4romedel F\u20133<\/p>\n    <\/div>                                        \n<h1 class=\"h1\"> Engelska 1\u20133  <\/h1>                                        <p class=\"ingress\">Ett l\u00e4romedel som l\u00e5ter de yngsta utforska och utveckla det engelska spr\u00e5ket p\u00e5 ett lustfyllt, kreativt och pedagogiskt s\u00e4tt<\/p>\n            \n                            <ul class=\"usps\">\n            <li class=\"usp\">\n            <svg width=\"24\" height=\"24\" viewBox=\"0 0 24 24\" fill=\"none\" xmlns=\"http:\/\/www.w3.org\/2000\/svg\">\n    <path d=\"M9 16.17 5.53 12.7a.996.996 0 1 0-1.41 1.41l4.18 4.18c.39.39 1.02.39 1.41 0L20.29 7.71a.996.996 0 1 0-1.41-1.41L9 16.17z\" fill=\"#007DB8\"\/>\n<\/svg>\n            Lgr22        <\/li>\n            <li class=\"usp\">\n            <svg width=\"24\" height=\"24\" viewBox=\"0 0 24 24\" fill=\"none\" xmlns=\"http:\/\/www.w3.org\/2000\/svg\">\n    <path d=\"M9 16.17 5.53 12.7a.996.996 0 1 0-1.41 1.41l4.18 4.18c.39.39 1.02.39 1.41 0L20.29 7.71a.996.996 0 1 0-1.41-1.41L9 16.17z\" fill=\"#007DB8\"\/>\n<\/svg>\n            Helt\u00e4ckande        <\/li>\n            <li class=\"usp\">\n            <svg width=\"24\" height=\"24\" viewBox=\"0 0 24 24\" fill=\"none\" xmlns=\"http:\/\/www.w3.org\/2000\/svg\">\n    <path d=\"M9 16.17 5.53 12.7a.996.996 0 1 0-1.41 1.41l4.18 4.18c.39.39 1.02.39 1.41 0L20.29 7.71a.996.996 0 1 0-1.41-1.41L9 16.17z\" fill=\"#007DB8\"\/>\n<\/svg>\n            Anpassningsbart        <\/li>\n    <\/ul>                    <\/div>\n    <\/div>\n\n    <div class=\"background-image\">\n        <img decoding=\"async\" src=\"https:\/\/www.ne.se\/info\/wp-content\/uploads\/2023\/03\/ENGELSKA_omslag_kvadrat.jpg\" srcset=\"https:\/\/www.ne.se\/info\/wp-content\/uploads\/2023\/03\/ENGELSKA_omslag_kvadrat.jpg 800w, https:\/\/www.ne.se\/info\/wp-content\/uploads\/2023\/03\/ENGELSKA_omslag_kvadrat-354x354.jpg 354w, https:\/\/www.ne.se\/info\/wp-content\/uploads\/2023\/03\/ENGELSKA_omslag_kvadrat-96x96.jpg 96w, https:\/\/www.ne.se\/info\/wp-content\/uploads\/2023\/03\/ENGELSKA_omslag_kvadrat-360x360.jpg 360w, https:\/\/www.ne.se\/info\/wp-content\/uploads\/2023\/03\/ENGELSKA_omslag_kvadrat-280x280.jpg 280w, https:\/\/www.ne.se\/info\/wp-content\/uploads\/2023\/03\/ENGELSKA_omslag_kvadrat-150x150.jpg 150w, https:\/\/www.ne.se\/info\/wp-content\/uploads\/2023\/03\/ENGELSKA_omslag_kvadrat-300x300.jpg 300w, https:\/\/www.ne.se\/info\/wp-content\/uploads\/2023\/03\/ENGELSKA_omslag_kvadrat-768x768.jpg 768w\" sizes=\"(max-width: 800px) 100vw, 800px\" alt=\"\" title=\"ENGELSKA_omslag_kvadrat\" \/>\n    <\/div>\n\n    <div class=\"overlay-top\"><\/div>\n    <div class=\"overlay-bottom\"><\/div>\n<\/section>\n\n\n\n<section id=\"teaching_top\" class=\"left-right bg-white\">\n    <div class=\"container twelve-col\">\n        <div class=\"inner   \">\n                            <div class=\"grid\">\n                    <div class=\"col col-2 img-left\">\n                                                                                                                        <picture>\n                                        <source media=\"(min-width:767px)\" srcset=\"https:\/\/www.ne.se\/info\/wp-content\/uploads\/2023\/03\/Eng-1\u20133-1240x992.png\">\n                                        <source media=\"(max-width:767px)\" srcset=\"https:\/\/www.ne.se\/info\/wp-content\/uploads\/2023\/03\/Eng-1\u20133-1240x920.png\">\n                                        <img decoding=\"async\" src=\"https:\/\/www.ne.se\/info\/wp-content\/uploads\/2023\/03\/Eng-1\u20133-1240x992.png\" srcset=\"https:\/\/www.ne.se\/info\/wp-content\/uploads\/2023\/03\/Eng-1\u20133-1240x992.png 1240w, https:\/\/www.ne.se\/info\/wp-content\/uploads\/2023\/03\/Eng-1\u20133-800x640.png 800w\" sizes=\"(max-width: 1240px) 100vw, 1240px\" alt=\"\" title=\"Eng 1\u20133\"  \/>\n                                    <\/picture>\n                                                            \n                                            <\/div>\n                    <div class=\"col col-2\">\n                        \n\n<div class=\"content\">\n\n    \n    \n            \n<h2 class=\"h3\"> Ett uppdaterat och aktuellt l\u00e4romedel <\/h2>    \n            <p class=\"ingress\">Engelska 1\u20133 l\u00e4gger stor vikt vid att l\u00e5ta eleverna bygga upp ett ordf\u00f6rr\u00e5d inom k\u00e4nda omr\u00e5den. H\u00e4r hittar ni tematiska ordlistor och ett flertal interaktiva \u00f6vningar f\u00f6r att tr\u00e4na vokabul\u00e4r, h\u00f6r- och l\u00e4sf\u00f6rst\u00e5else samt enkel skriftlig produktion av ord och fraser, bland mycket annat. <br \/>\r\n<br \/>\r\nMed Engelska 1-3 ska alla elever lyckas!<\/p>\n    \n    \n    \n    \n\n<\/div>                    <\/div>\n                <\/div>\n                    <\/div>\n    <\/div>\n<\/section>\n\n\n\n\n\n\n\n\n<section  class=\"tab-left-section\">\n    <div class=\"container\">\n        <div class=\"inner   \">\n                            <div class=\"grid\">\n                    <div class=\"col col-2 tabs\">\n                                                <div class=\"wrapper\">\n                                                                                <div class=\"tab-item active\" data-tab-id=\"block_101fd501ed6af9b0a0a97e627f9cebaf_1\">\n                                                                    <p class=\"tab-heading\">Kapitel<\/p>\n                                                                                                    <p class=\"tab-description\">Engelska 1\u20133 t\u00e4cker \u00e4mnets centrala inneh\u00e5ll och hj\u00e4lper eleven att n\u00e5 m\u00e5len.<\/p>\n                                                            <\/div>\n                                                                                                            <div class=\"tab-item \" data-tab-id=\"block_101fd501ed6af9b0a0a97e627f9cebaf_2\">\n                                                                    <p class=\"tab-heading\">L\u00e4romedlet inneh\u00e5ller<\/p>\n                                                                                                    <p class=\"tab-description\">L\u00e4romedlet \u00e4r fyllt med inneh\u00e5ll som underl\u00e4ttar en varierad och rolig undervisning.<\/p>\n                                                            <\/div>\n                                                                                                            <div class=\"tab-item \" data-tab-id=\"block_101fd501ed6af9b0a0a97e627f9cebaf_3\">\n                                                                    <p class=\"tab-heading\">St\u00f6d och f\u00f6rdjupningar<\/p>\n                                                                                                    <p class=\"tab-description\">M\u00f6t alla elever och anpassa inneh\u00e5ll efter behov och f\u00f6ruts\u00e4ttningar.<\/p>\n                                                            <\/div>\n                                                                                                            <div class=\"tab-item \" data-tab-id=\"block_101fd501ed6af9b0a0a97e627f9cebaf_4\">\n                                                                    <p class=\"tab-heading\">Medverkande och skribenter<\/p>\n                                                                                                    <p class=\"tab-description\">L\u00e4romedlet \u00e4r framtaget av NE:s redaktion tillsammans med experter i \u00e4mnet.<\/p>\n                                                            <\/div>\n                                                                            <\/div>\n                    <\/div>\n                    <div class=\"col col-2 tabs-content\">\n                                                                                                        <div class=\"tab-content-item active text\" data-tab-content-id=\"block_101fd501ed6af9b0a0a97e627f9cebaf_1\">\n                                                                                                            <h4><span style=\"font-weight: 400;\">Kapitel<\/span><\/h4>\n<ul>\n<li><span style=\"font-weight: 400;\">English<\/span><\/li>\n<li style=\"font-weight: 400;\" aria-level=\"1\"><span style=\"font-weight: 400;\">Bibliotek<\/span><\/li>\n<li style=\"font-weight: 400;\" aria-level=\"1\"><span style=\"font-weight: 400;\">The alphabet<\/span><\/li>\n<li style=\"font-weight: 400;\" aria-level=\"1\"><span style=\"font-weight: 400;\">Saying hello<\/span><\/li>\n<li style=\"font-weight: 400;\" aria-level=\"1\"><span style=\"font-weight: 400;\">My family and I<\/span><\/li>\n<li style=\"font-weight: 400;\" aria-level=\"1\"><span style=\"font-weight: 400;\">In my classroom<\/span><\/li>\n<li style=\"font-weight: 400;\" aria-level=\"1\"><span style=\"font-weight: 400;\">That\u2019s my body<\/span><\/li>\n<li style=\"font-weight: 400;\" aria-level=\"1\"><span style=\"font-weight: 400;\">Eating and drinking<\/span><\/li>\n<li style=\"font-weight: 400;\" aria-level=\"1\"><span style=\"font-weight: 400;\">Animals<\/span><\/li>\n<li style=\"font-weight: 400;\" aria-level=\"1\"><span style=\"font-weight: 400;\">In nature<\/span><\/li>\n<li style=\"font-weight: 400;\" aria-level=\"1\"><span style=\"font-weight: 400;\">Through the year<\/span><\/li>\n<li style=\"font-weight: 400;\" aria-level=\"1\"><span style=\"font-weight: 400;\">Special Days<\/span><\/li>\n<\/ul>\n                                                                                                <\/div>\n\n                            \n                                                                                                            <div class=\"tab-content-item  text\" data-tab-content-id=\"block_101fd501ed6af9b0a0a97e627f9cebaf_2\">\n                                                                                                            <h4><span style=\"font-weight: 400;\">L\u00e4romedlet inneh\u00e5ller:<\/span><\/h4>\n<ul>\n<li style=\"font-weight: 400;\" aria-level=\"1\"><span style=\"font-weight: 400;\">Vokabul\u00e4rlistor<\/span><\/li>\n<li style=\"font-weight: 400;\" aria-level=\"1\"><span style=\"font-weight: 400;\">En riklig m\u00e4ngd texter av olika slag<\/span><\/li>\n<li style=\"font-weight: 400;\" aria-level=\"1\"><span style=\"font-weight: 400;\">Digitala och traditionella \u00f6vningsuppgifter\u00a0<\/span><\/li>\n<li style=\"font-weight: 400;\" aria-level=\"1\"><span style=\"font-weight: 400;\">Filmer, radioprogram och s\u00e5nger<\/span><\/li>\n<li style=\"font-weight: 400;\" aria-level=\"1\"><span style=\"font-weight: 400;\">Elevaktiviteter<\/span><\/li>\n<li style=\"font-weight: 400;\" aria-level=\"1\"><span style=\"font-weight: 400;\">Lek och inspiration<\/span><\/li>\n<li style=\"font-weight: 400;\" aria-level=\"1\"><span style=\"font-weight: 400;\">Utf\u00f6rligt l\u00e4rarst\u00f6d\u00a0<\/span><\/li>\n<li style=\"font-weight: 400;\" aria-level=\"1\"><span style=\"font-weight: 400;\">Kopieringsunderlag<\/span><\/li>\n<li style=\"font-weight: 400;\" aria-level=\"1\"><span style=\"font-weight: 400;\">Koppling till centralt inneh\u00e5ll och kunskapskrav<\/span><\/li>\n<li style=\"font-weight: 400;\" aria-level=\"1\"><span style=\"font-weight: 400;\">Tydliga m\u00e5l f\u00f6r eleven<\/span><\/li>\n<\/ul>\n                                                                                                <\/div>\n\n                            \n                                                                                                            <div class=\"tab-content-item  text\" data-tab-content-id=\"block_101fd501ed6af9b0a0a97e627f9cebaf_3\">\n                                                                                                            <h4>St\u00f6d och f\u00f6rdjupningar<\/h4>\n<p>L\u00e4romedel fr\u00e5n NE \u00e4r fyllda med tillg\u00e4nglighetsfunktioner och f\u00f6rdjupningsm\u00f6jligheter. H\u00e4r finns bland annat:<\/p>\n<ul>\n<li>L\u00e4ttl\u00e4sta versioner<\/li>\n<li>Uppl\u00e4sning av text<\/li>\n<li>\u00d6vers\u00e4ttning till \u00f6ver 100 spr\u00e5k<\/li>\n<li>L\u00e4sst\u00f6d \u2013 justera Text, bakgrund, typsnitt eller anv\u00e4nd l\u00e4slinjal<\/li>\n<li>Enkel tillg\u00e5ng till extramaterial, uppgifter och laborationer<\/li>\n<li>Kopplingar till kunskapstj\u00e4nsterna som f\u00f6rklarar, breddar och f\u00f6rdjupar<\/li>\n<\/ul>\n                                                                                                <\/div>\n\n                            \n                                                                                                            <div class=\"tab-content-item  text\" data-tab-content-id=\"block_101fd501ed6af9b0a0a97e627f9cebaf_4\">\n                                                                                                            <h4>Medverkande och skribenter<\/h4>\n<p>F\u00f6rfattare: Anna Nyman<\/p>\n<p>Redakt\u00f6r: Helene Ahlberg<\/p>\n<p>L\u00e4romedelsutvecklare: Helene Ahlberg och Anna Nyman<\/p>\n<p>Bildredakt\u00f6r: Martina Eriksson<\/p>\n                                                                                                <\/div>\n\n                            \n                                                                        <\/div>\n                <\/div>\n                    <\/div>\n    <\/div>\n<\/section>\n\n\n\n\n\n<section  class=\"social-proof bg-gray\">\n    <div class=\"container\">\n        <div class=\"inner   \">\n                            \n<h3 class=\"h3\"> Nu \u00e4r vi 1 000 000 elever i 245 kommuner <\/h3>                        \n                            <div class=\"grid\">\n                                            <div class=\"col col-4\">\n                            <div class=\"wrapper\">\n                                <img decoding=\"async\" src=\"https:\/\/www.ne.se\/info\/wp-content\/uploads\/2023\/03\/Angelholmskommun_logotyp_liggande_RGB-354x135.png\" srcset=\"https:\/\/www.ne.se\/info\/wp-content\/uploads\/2023\/03\/Angelholmskommun_logotyp_liggande_RGB-354x135.png 354w, https:\/\/www.ne.se\/info\/wp-content\/uploads\/2023\/03\/Angelholmskommun_logotyp_liggande_RGB-300x115.png 300w, https:\/\/www.ne.se\/info\/wp-content\/uploads\/2023\/03\/Angelholmskommun_logotyp_liggande_RGB-768x293.png 768w, https:\/\/www.ne.se\/info\/wp-content\/uploads\/2023\/03\/Angelholmskommun_logotyp_liggande_RGB.png 859w\" sizes=\"(max-width: 354px) 100vw, 354px\" alt=\"\" title=\"Angelholmskommun_logotyp_liggande_RGB\"  \/>\n                            <\/div>\n                        <\/div>\n                                            <div class=\"col col-4\">\n                            <div class=\"wrapper\">\n                                <img decoding=\"async\" src=\"https:\/\/www.ne.se\/info\/wp-content\/uploads\/2023\/03\/huddinge_kommun_logotyp_webb-1410400-354x100.jpeg\" srcset=\"https:\/\/www.ne.se\/info\/wp-content\/uploads\/2023\/03\/huddinge_kommun_logotyp_webb-1410400-354x100.jpeg 354w, https:\/\/www.ne.se\/info\/wp-content\/uploads\/2023\/03\/huddinge_kommun_logotyp_webb-1410400-300x85.jpeg 300w, https:\/\/www.ne.se\/info\/wp-content\/uploads\/2023\/03\/huddinge_kommun_logotyp_webb-1410400-768x218.jpeg 768w, https:\/\/www.ne.se\/info\/wp-content\/uploads\/2023\/03\/huddinge_kommun_logotyp_webb-1410400-1024x290.jpeg 1024w, https:\/\/www.ne.se\/info\/wp-content\/uploads\/2023\/03\/huddinge_kommun_logotyp_webb-1410400.jpeg 1410w\" sizes=\"(max-width: 354px) 100vw, 354px\" alt=\"\" title=\"\"  \/>\n                            <\/div>\n                        <\/div>\n                                            <div class=\"col col-4\">\n                            <div class=\"wrapper\">\n                                <img decoding=\"async\" src=\"https:\/\/www.ne.se\/info\/wp-content\/uploads\/2023\/03\/organisation_logotyp_vanster_2rader-354x159.png\" srcset=\"https:\/\/www.ne.se\/info\/wp-content\/uploads\/2023\/03\/organisation_logotyp_vanster_2rader-354x159.png 354w, https:\/\/www.ne.se\/info\/wp-content\/uploads\/2023\/03\/organisation_logotyp_vanster_2rader-300x135.png 300w, https:\/\/www.ne.se\/info\/wp-content\/uploads\/2023\/03\/organisation_logotyp_vanster_2rader-768x346.png 768w, https:\/\/www.ne.se\/info\/wp-content\/uploads\/2023\/03\/organisation_logotyp_vanster_2rader.png 800w\" sizes=\"(max-width: 354px) 100vw, 354px\" alt=\"\" title=\"organisation_logotyp_vanster_2rader\"  \/>\n                            <\/div>\n                        <\/div>\n                                            <div class=\"col col-4\">\n                            <div class=\"wrapper\">\n                                <img decoding=\"async\" src=\"https:\/\/www.ne.se\/info\/wp-content\/uploads\/2023\/03\/Hudiksvall-354x114.png\" srcset=\"https:\/\/www.ne.se\/info\/wp-content\/uploads\/2023\/03\/Hudiksvall-354x114.png 354w, https:\/\/www.ne.se\/info\/wp-content\/uploads\/2023\/03\/Hudiksvall-300x97.png 300w, https:\/\/www.ne.se\/info\/wp-content\/uploads\/2023\/03\/Hudiksvall.png 557w\" sizes=\"(max-width: 354px) 100vw, 354px\" alt=\"\" title=\"Hudiksvall\"  \/>\n                            <\/div>\n                        <\/div>\n                                    <\/div>\n                    <\/div>\n    <\/div>\n<\/section>\n\n\n\n<section  class=\"left-right bg-white\">\n    <div class=\"container twelve-col\">\n        <div class=\"inner   \">\n                            <div class=\"grid\">\n                    <div class=\"col col-2 img-left\">\n                                                                                                                        <picture>\n                                        <source media=\"(min-width:767px)\" srcset=\"https:\/\/www.ne.se\/info\/wp-content\/uploads\/2023\/03\/ima165271-1240x992.jpg\">\n                                        <source media=\"(max-width:767px)\" srcset=\"https:\/\/www.ne.se\/info\/wp-content\/uploads\/2023\/03\/ima165271-1460x920.jpg\">\n                                        <img decoding=\"async\" src=\"https:\/\/www.ne.se\/info\/wp-content\/uploads\/2023\/03\/ima165271-1240x992.jpg\" srcset=\"https:\/\/www.ne.se\/info\/wp-content\/uploads\/2023\/03\/ima165271-1240x992.jpg 1240w, https:\/\/www.ne.se\/info\/wp-content\/uploads\/2023\/03\/ima165271-800x640.jpg 800w\" sizes=\"(max-width: 1240px) 100vw, 1240px\" alt=\"\" title=\"Kollegor i m\u00f6te med dator\"  \/>\n                                    <\/picture>\n                                                            \n                                            <\/div>\n                    <div class=\"col col-2\">\n                        \n\n<div class=\"content\">\n\n    \n    \n            \n<h2 class=\"h3\"> Kom ig\u00e5ng direkt <\/h2>    \n            <p class=\"ingress\">Att komma ig\u00e5ng med NE \u00e4r enkelt. Vill du veta mer om hur du optimerar ditt anv\u00e4ndande kan du alltid st\u00e4lla en fr\u00e5ga i chatten eller delta i n\u00e5gon av de utbildningar vi erbjuder.<\/p>\n    \n    \n            <div class=\"btn-container\">\n                            \n<a href=\"https:\/\/www.ne.se\/info\/kom-igang\/\" target=\"\" aria-label=\"Allt om statsbidraget\" class=\"button button-blue\">\n    Allt om statsbidraget    <\/a>                                        \n<a href=\"https:\/\/www.ne.se\/info\/prova-ne-kostnadsfritt-i-30-dagar\/\" target=\"\" class=\"button button-border-blue\">Inte kund? Prova gratis i 30 dagar<\/a>                    <\/div>\n    \n    \n\n<\/div>                    <\/div>\n                <\/div>\n                    <\/div>\n    <\/div>\n<\/section>\n\n\n","protected":false},"excerpt":{"rendered":"","protected":false},"author":6,"featured_media":0,"parent":731,"menu_order":0,"comment_status":"closed","ping_status":"closed","template":"page-teaching-material.php","meta":{"inline_featured_image":false,"footnotes":""},"subject":[6],"class_list":["post-901","page","type-page","status-publish","hentry"],"acf":[],"_links":{"self":[{"href":"https:\/\/www.ne.se\/info\/wp-json\/wp\/v2\/pages\/901","targetHints":{"allow":["GET"]}}],"collection":[{"href":"https:\/\/www.ne.se\/info\/wp-json\/wp\/v2\/pages"}],"about":[{"href":"https:\/\/www.ne.se\/info\/wp-json\/wp\/v2\/types\/page"}],"author":[{"embeddable":true,"href":"https:\/\/www.ne.se\/info\/wp-json\/wp\/v2\/users\/6"}],"replies":[{"embeddable":true,"href":"https:\/\/www.ne.se\/info\/wp-json\/wp\/v2\/comments?post=901"}],"version-history":[{"count":43,"href":"https:\/\/www.ne.se\/info\/wp-json\/wp\/v2\/pages\/901\/revisions"}],"predecessor-version":[{"id":25933,"href":"https:\/\/www.ne.se\/info\/wp-json\/wp\/v2\/pages\/901\/revisions\/25933"}],"up":[{"embeddable":true,"href":"https:\/\/www.ne.se\/info\/wp-json\/wp\/v2\/pages\/731"}],"wp:attachment":[{"href":"https:\/\/www.ne.se\/info\/wp-json\/wp\/v2\/media?parent=901"}],"wp:term":[{"taxonomy":"subject","embeddable":true,"href":"https:\/\/www.ne.se\/info\/wp-json\/wp\/v2\/subject?post=901"}],"curies":[{"name":"wp","href":"https:\/\/api.w.org\/{rel}","templated":true}]}}