{"id":9333,"date":"2023-12-05T12:04:01","date_gmt":"2023-12-05T12:04:01","guid":{"rendered":"https:\/\/www.ne.se\/info\/?page_id=9333"},"modified":"2023-12-06T12:27:00","modified_gmt":"2023-12-06T12:27:00","slug":"vara-anvandare","status":"publish","type":"page","link":"https:\/\/www.ne.se\/info\/skola\/vara-anvandare\/","title":{"rendered":"V\u00e5ra anv\u00e4ndare"},"content":{"rendered":"\n\n\n<section  class=\"header-big-pic\">\n    <div class=\"container\">\n        <div class=\"inner  \">\n                            \n<div class=\"badges\">\n            <p class=\"badge\">NE i skolan<\/p>\n    <\/div>                                        \n<h1 class=\"h1\"> V\u00e5ra anv\u00e4ndare <\/h1>                                        <p class=\"ingress\">70% av Sveriges skolor anv\u00e4nder NE:s tj\u00e4nster f\u00f6r l\u00e4rande. H\u00e4r kan du l\u00e4sa hur n\u00e5gra av dem anv\u00e4nder sina tj\u00e4nster och varf\u00f6r valet f\u00f6ll p\u00e5 NE.<\/p>\n            \n                    <\/div>\n    <\/div>\n\n    <div class=\"background-image\">\n        <img decoding=\"async\" src=\"https:\/\/www.ne.se\/info\/wp-content\/uploads\/2023\/04\/ne-se-ne-sveaskolan-limhamn-1000px-8.jpg\" srcset=\"https:\/\/www.ne.se\/info\/wp-content\/uploads\/2023\/04\/ne-se-ne-sveaskolan-limhamn-1000px-8.jpg 1000w, https:\/\/www.ne.se\/info\/wp-content\/uploads\/2023\/04\/ne-se-ne-sveaskolan-limhamn-1000px-8-354x236.jpg 354w, https:\/\/www.ne.se\/info\/wp-content\/uploads\/2023\/04\/ne-se-ne-sveaskolan-limhamn-1000px-8-300x200.jpg 300w, https:\/\/www.ne.se\/info\/wp-content\/uploads\/2023\/04\/ne-se-ne-sveaskolan-limhamn-1000px-8-768x513.jpg 768w\" sizes=\"(max-width: 1000px) 100vw, 1000px\" alt=\"\" title=\"\" \/>\n    <\/div>\n\n    <div class=\"overlay-top\"><\/div>\n    <div class=\"overlay-bottom\"><\/div>\n<\/section>\n\n\n\n<section  class=\"card-row bg-white\">\n    <div class=\"container\">\n        <div class=\"inner   \">\n                            <div class=\"grid card-row-grid three\">\n                                                                    <div class=\"col col-3 card-row-item\">\n                            \n<div class=\"card-medium\">\n            <picture>\n            <source media=\"(min-width:767px)\" srcset=\"https:\/\/www.ne.se\/info\/wp-content\/uploads\/2023\/12\/sca10379-800x432.jpg\">\n            <source media=\"(max-width:767px)\" srcset=\"https:\/\/www.ne.se\/info\/wp-content\/uploads\/2023\/12\/sca10379-1454x678.jpg\">\n            <img decoding=\"async\" src=\"https:\/\/www.ne.se\/info\/wp-content\/uploads\/2023\/12\/sca10379-800x432.jpg\" srcset=\"\" sizes=\"(max-width: 800px) 100vw, 800px\" alt=\"Grundlig utv\u00e4rdering av l\u00e4rarna innan Helsingborg valde NE\" title=\"Elever i klassrum\"  \/>\n        <\/picture>\n        <div class=\"wrapper\">\n                            <h4 class=\"heading\">Grundlig utv\u00e4rdering av l\u00e4rarna innan Helsingborg valde NE<\/h4>\n                            <p class=\"text\">Helsingborg \u00e4r en av de st\u00e4der som valt att k\u00f6pa in b\u00e5de digitala l\u00e4romedel och tryckta b\u00f6cker centralt. F\u00f6r att man som l\u00e4rare inte ska beh\u00f6va v\u00e4lja mellan antingen b\u00f6cker eller digitalt.<\/p>\n            <\/div>\n                                        \n<a href=\"https:\/\/www.ne.se\/info\/forskning-och-skolutveckling\/grundlig-utvardering-av-lararna-innan-helsingborg-valde-ne\/\" class=\"link button-link\">\n    L\u00e4s mer    <svg width=\"16\" height=\"17\" viewBox=\"0 0 16 17\" fill=\"none\" xmlns=\"http:\/\/www.w3.org\/2000\/svg\">\n    <path d=\"M3.333 9.167h7.447L7.527 12.42a.672.672 0 0 0 0 .947c.26.26.68.26.94 0l4.393-4.394c.26-.26.26-.68 0-.94l-4.387-4.4a.664.664 0 1 0-.94.94l3.247 3.26H3.333c-.366 0-.666.3-.666.667 0 .367.3.667.666.667z\" fill=\"#007DB8\"\/>\n<\/svg>\n<\/a>                        <\/div>                        <\/div>\n\n                                                                    <div class=\"col col-3 card-row-item\">\n                            \n<div class=\"card-medium\">\n            <picture>\n            <source media=\"(min-width:767px)\" srcset=\"https:\/\/www.ne.se\/info\/wp-content\/uploads\/2023\/08\/sca17468-800x432.jpg\">\n            <source media=\"(max-width:767px)\" srcset=\"https:\/\/www.ne.se\/info\/wp-content\/uploads\/2023\/08\/sca17468-1454x678.jpg\">\n            <img decoding=\"async\" src=\"https:\/\/www.ne.se\/info\/wp-content\/uploads\/2023\/08\/sca17468-800x432.jpg\" srcset=\"\" sizes=\"(max-width: 800px) 100vw, 800px\" alt=\"\" title=\"\"  \/>\n        <\/picture>\n        <div class=\"wrapper\">\n                            <h4 class=\"heading\">Likv\u00e4rdighet i fokus i H\u00e4ssleholm<\/h4>\n                            <p class=\"text\">N\u00e4r H\u00e4ssleholms kommun genomf\u00f6rde en satsning p\u00e5 digitalisering och likv\u00e4rdighet var l\u00e4romedel i alla \u00e4mnen och till samtliga elever en av h\u00f6rnstenarna<\/p>\n            <\/div>\n                                        \n<a href=\"https:\/\/www.ne.se\/info\/i-skolans-varld\/likvardighet-i-fokus-nar-hassleholm-digitaliseringssatsade\/\" class=\"link button-link\">\n    L\u00e4s mer    <svg width=\"16\" height=\"17\" viewBox=\"0 0 16 17\" fill=\"none\" xmlns=\"http:\/\/www.w3.org\/2000\/svg\">\n    <path d=\"M3.333 9.167h7.447L7.527 12.42a.672.672 0 0 0 0 .947c.26.26.68.26.94 0l4.393-4.394c.26-.26.26-.68 0-.94l-4.387-4.4a.664.664 0 1 0-.94.94l3.247 3.26H3.333c-.366 0-.666.3-.666.667 0 .367.3.667.666.667z\" fill=\"#007DB8\"\/>\n<\/svg>\n<\/a>                        <\/div>                        <\/div>\n\n                                                                    <div class=\"col col-3 card-row-item\">\n                            \n<div class=\"card-medium\">\n            <picture>\n            <source media=\"(min-width:767px)\" srcset=\"https:\/\/www.ne.se\/info\/wp-content\/uploads\/2023\/12\/sca17459-800x432.jpg\">\n            <source media=\"(max-width:767px)\" srcset=\"https:\/\/www.ne.se\/info\/wp-content\/uploads\/2023\/12\/sca17459-1454x678.jpg\">\n            <img decoding=\"async\" src=\"https:\/\/www.ne.se\/info\/wp-content\/uploads\/2023\/12\/sca17459-800x432.jpg\" srcset=\"\" sizes=\"(max-width: 800px) 100vw, 800px\" alt=\"\" title=\"L\u00e4rare hj\u00e4lper elever som arbetar med dator\"  \/>\n        <\/picture>\n        <div class=\"wrapper\">\n                            <h4 class=\"heading\">Samma grundutbud i Skurup<\/h4>\n                            <p class=\"text\">Skurup \u00e4r en av de m\u00e5nga kommuner som strategiskt satsar p\u00e5 digitalisering och likv\u00e4rdighet och erbjuder digitala l\u00e4romedel i samtliga \u00e4mnen till kommunens samtliga grundskolor.<\/p>\n            <\/div>\n                                        \n<a href=\"https:\/\/www.ne.se\/info\/forskning-och-skolutveckling\/skurup-tillgang-till-samma-grundutbud-av-laromedel\/\" class=\"link button-link\">\n    L\u00e4s mer    <svg width=\"16\" height=\"17\" viewBox=\"0 0 16 17\" fill=\"none\" xmlns=\"http:\/\/www.w3.org\/2000\/svg\">\n    <path d=\"M3.333 9.167h7.447L7.527 12.42a.672.672 0 0 0 0 .947c.26.26.68.26.94 0l4.393-4.394c.26-.26.26-.68 0-.94l-4.387-4.4a.664.664 0 1 0-.94.94l3.247 3.26H3.333c-.366 0-.666.3-.666.667 0 .367.3.667.666.667z\" fill=\"#007DB8\"\/>\n<\/svg>\n<\/a>                        <\/div>                        <\/div>\n\n                                    <\/div>\n                    <\/div>\n    <\/div>\n<\/section>\n\n\n\n<section  class=\"card-row bg-white\">\n    <div class=\"container\">\n        <div class=\"inner   \">\n                            <div class=\"grid card-row-grid three\">\n                                                                    <div class=\"col col-3 card-row-item\">\n                            \n<div class=\"card-medium\">\n            <picture>\n            <source media=\"(min-width:767px)\" srcset=\"https:\/\/www.ne.se\/info\/wp-content\/uploads\/2023\/12\/ima221069-800x432.jpg\">\n            <source media=\"(max-width:767px)\" srcset=\"https:\/\/www.ne.se\/info\/wp-content\/uploads\/2023\/12\/ima221069-1454x678.jpg\">\n            <img decoding=\"async\" src=\"https:\/\/www.ne.se\/info\/wp-content\/uploads\/2023\/12\/ima221069-800x432.jpg\" srcset=\"\" sizes=\"(max-width: 800px) 100vw, 800px\" alt=\"\" title=\"\"  \/>\n        <\/picture>\n        <div class=\"wrapper\">\n                            <h4 class=\"heading\">Digital och traditionell ingen mots\u00e4ttning<\/h4>\n                            <p class=\"text\">Dessutom g\u00e5r det utm\u00e4rkt att vara en konservativ l\u00e4rare och anv\u00e4nda digitala verktyg. Det menar Conny Lindgren, SO-l\u00e4rare i R\u00e4ttvik.<\/p>\n            <\/div>\n                                        \n<a href=\"https:\/\/www.ne.se\/info\/i-skolans-varld\/digitala-laromedel-och-traditionell-undervisning-ingen-motsattning\/\" class=\"link button-link\">\n    L\u00e4s mer    <svg width=\"16\" height=\"17\" viewBox=\"0 0 16 17\" fill=\"none\" xmlns=\"http:\/\/www.w3.org\/2000\/svg\">\n    <path d=\"M3.333 9.167h7.447L7.527 12.42a.672.672 0 0 0 0 .947c.26.26.68.26.94 0l4.393-4.394c.26-.26.26-.68 0-.94l-4.387-4.4a.664.664 0 1 0-.94.94l3.247 3.26H3.333c-.366 0-.666.3-.666.667 0 .367.3.667.666.667z\" fill=\"#007DB8\"\/>\n<\/svg>\n<\/a>                        <\/div>                        <\/div>\n\n                                                                    <div class=\"col col-3 card-row-item\">\n                            \n<div class=\"card-medium\">\n            <picture>\n            <source media=\"(min-width:767px)\" srcset=\"https:\/\/www.ne.se\/info\/wp-content\/uploads\/2023\/12\/masma77662-800x432.jpg\">\n            <source media=\"(max-width:767px)\" srcset=\"https:\/\/www.ne.se\/info\/wp-content\/uploads\/2023\/12\/masma77662-1454x678.jpg\">\n            <img decoding=\"async\" src=\"https:\/\/www.ne.se\/info\/wp-content\/uploads\/2023\/12\/masma77662-800x432.jpg\" srcset=\"\" sizes=\"(max-width: 800px) 100vw, 800px\" alt=\"\" title=\"\"  \/>\n        <\/picture>\n        <div class=\"wrapper\">\n                            <h4 class=\"heading\">Alla verktyg beh\u00f6vs<\/h4>\n                            <p class=\"text\">Det \u00e4r en l\u00e4rares plikt att anv\u00e4nda hela verktygsl\u00e5dan i sitt klassrum, annars riskerar man att missa m\u00e5nga elever. Det menar Heidi Henftling, f\u00f6rstel\u00e4rare och samordnare f\u00f6r den s\u00e4rskilda undervisningsgruppen.<\/p>\n            <\/div>\n                                        \n<a href=\"https:\/\/www.ne.se\/info\/skola\/alla-verktyg-behovs\/\" class=\"link button-link\">\n    L\u00e4s mer    <svg width=\"16\" height=\"17\" viewBox=\"0 0 16 17\" fill=\"none\" xmlns=\"http:\/\/www.w3.org\/2000\/svg\">\n    <path d=\"M3.333 9.167h7.447L7.527 12.42a.672.672 0 0 0 0 .947c.26.26.68.26.94 0l4.393-4.394c.26-.26.26-.68 0-.94l-4.387-4.4a.664.664 0 1 0-.94.94l3.247 3.26H3.333c-.366 0-.666.3-.666.667 0 .367.3.667.666.667z\" fill=\"#007DB8\"\/>\n<\/svg>\n<\/a>                        <\/div>                        <\/div>\n\n                                                                    <div class=\"col col-3 card-row-item\">\n                            \n<div class=\"card-medium\">\n            <picture>\n            <source media=\"(min-width:767px)\" srcset=\"https:\/\/www.ne.se\/info\/wp-content\/uploads\/2023\/12\/ima227414-800x432.jpg\">\n            <source media=\"(max-width:767px)\" srcset=\"https:\/\/www.ne.se\/info\/wp-content\/uploads\/2023\/12\/ima227414-1454x678.jpg\">\n            <img decoding=\"async\" src=\"https:\/\/www.ne.se\/info\/wp-content\/uploads\/2023\/12\/ima227414-800x432.jpg\" srcset=\"\" sizes=\"(max-width: 800px) 100vw, 800px\" alt=\"\" title=\"Elever har lektion\"  \/>\n        <\/picture>\n        <div class=\"wrapper\">\n                            <h4 class=\"heading\">St\u00f6dfunktion ger sj\u00e4lvst\u00e4ndiga l\u00e4sare<\/h4>\n                            <p class=\"text\">St\u00f6dfunktioner i l\u00e4romedel g\u00f6r eleverna till mer sj\u00e4lvst\u00e4ndiga l\u00e4sare. Dessutom blir det enklare att tydligg\u00f6ra uppl\u00e4gg och f\u00f6lja elevernas progression med digitala l\u00e4romedel. <\/p>\n            <\/div>\n                                        \n<a href=\"https:\/\/www.ne.se\/info\/i-skolans-varld\/stodfunktioner-i-laromedel-skapar-sjalvstandiga-lasare\/\" class=\"link button-link\">\n    L\u00e4s mer    <svg width=\"16\" height=\"17\" viewBox=\"0 0 16 17\" fill=\"none\" xmlns=\"http:\/\/www.w3.org\/2000\/svg\">\n    <path d=\"M3.333 9.167h7.447L7.527 12.42a.672.672 0 0 0 0 .947c.26.26.68.26.94 0l4.393-4.394c.26-.26.26-.68 0-.94l-4.387-4.4a.664.664 0 1 0-.94.94l3.247 3.26H3.333c-.366 0-.666.3-.666.667 0 .367.3.667.666.667z\" fill=\"#007DB8\"\/>\n<\/svg>\n<\/a>                        <\/div>                        <\/div>\n\n                                    <\/div>\n                    <\/div>\n    <\/div>\n<\/section>\n\n\n\n<section  class=\"testimonial bg-gradient-top \">\n    <div class=\"inner   \">\n                    <div class=\"grid\">\n                <div class=\"col col-2 text\">\n                    <div class=\"wrapper\">\n                                                    \n<p class=\"uptext\">\n    <span class=\"line\"><\/span>\n    Av l\u00e4rare f\u00f6r l\u00e4rare<\/p>                                                                            \n<h3 class=\"h2\"> Sagt om NE <\/h3>                        \n                                                    <div class=\"by\">\n                                                                    <p class=\"name\">Tony Montelius<\/p>\n                                                                                                    <p class=\"title\">&#8220;Det som \u00e4r bra med NE \u00e4r att eleverna sj\u00e4lva kan v\u00e4lja hur de ska f\u00e5 informationen och att det finns f\u00f6rdjupande material f\u00f6r den som vill veta mer. S\u00e5 att det passar alla.&#8221;<\/p>\n                                                            <\/div>\n                                            <\/div>\n                <\/div>\n                <div class=\"col col-2 img\">\n                                            <picture>\n                            <source media=\"(min-width:767px)\" srcset=\"https:\/\/www.ne.se\/info\/wp-content\/uploads\/2023\/04\/ne-se-tony2-1920x1224.jpg\">\n                            <source media=\"(max-width:767px)\" srcset=\"https:\/\/www.ne.se\/info\/wp-content\/uploads\/2023\/04\/ne-se-tony2-1472x938.jpg\">\n                            <img decoding=\"async\" src=\"https:\/\/www.ne.se\/info\/wp-content\/uploads\/2023\/04\/ne-se-tony2-1920x1224.jpg\" srcset=\"https:\/\/www.ne.se\/info\/wp-content\/uploads\/2023\/04\/ne-se-tony2-1920x1224.jpg 1920w, https:\/\/www.ne.se\/info\/wp-content\/uploads\/2023\/04\/ne-se-tony2-1472x938.jpg 1472w\" sizes=\"(max-width: 1920px) 100vw, 1920px\" alt=\"\" title=\"ne-se-tony2\"  \/>\n                        <\/picture>\n                                    <\/div>\n            <\/div>\n            <\/div>\n<\/section>\n\n\n\n<section  class=\"social-proof bg-white\">\n    <div class=\"container\">\n        <div class=\"inner   \">\n                            \n<h3 class=\"h3\"> N\u00e5gra av alla de huvudm\u00e4n som anv\u00e4nder NE <\/h3>                                        <p class=\"ingress\">\u00d6ver 1 miljon anv\u00e4nder NE i skolan idag<\/p>\n            \n                            <div class=\"grid\">\n                                            <div class=\"col col-4\">\n                            <div class=\"wrapper\">\n                                <img decoding=\"async\" src=\"https:\/\/www.ne.se\/info\/wp-content\/uploads\/2023\/03\/Kramfors-kommun-354x372.png\" srcset=\"https:\/\/www.ne.se\/info\/wp-content\/uploads\/2023\/03\/Kramfors-kommun-354x372.png 354w, https:\/\/www.ne.se\/info\/wp-content\/uploads\/2023\/03\/Kramfors-kommun-286x300.png 286w, https:\/\/www.ne.se\/info\/wp-content\/uploads\/2023\/03\/Kramfors-kommun.png 591w\" sizes=\"(max-width: 354px) 100vw, 354px\" alt=\"\" title=\"Kramfors kommun\"  \/>\n                            <\/div>\n                        <\/div>\n                                            <div class=\"col col-4\">\n                            <div class=\"wrapper\">\n                                <img decoding=\"async\" src=\"https:\/\/www.ne.se\/info\/wp-content\/uploads\/2023\/03\/are-kommun-354x167.png\" srcset=\"https:\/\/www.ne.se\/info\/wp-content\/uploads\/2023\/03\/are-kommun-354x167.png 354w, https:\/\/www.ne.se\/info\/wp-content\/uploads\/2023\/03\/are-kommun-300x141.png 300w, https:\/\/www.ne.se\/info\/wp-content\/uploads\/2023\/03\/are-kommun-768x361.png 768w, https:\/\/www.ne.se\/info\/wp-content\/uploads\/2023\/03\/are-kommun.png 850w\" sizes=\"(max-width: 354px) 100vw, 354px\" alt=\"\" title=\"a\u030are kommun\"  \/>\n                            <\/div>\n                        <\/div>\n                                            <div class=\"col col-4\">\n                            <div class=\"wrapper\">\n                                <img decoding=\"async\" src=\"https:\/\/www.ne.se\/info\/wp-content\/uploads\/2023\/03\/Norrkoping-e1680080401355.png\" srcset=\"\" sizes=\"(max-width: 264px) 100vw, 264px\" alt=\"\" title=\"Norrko\u0308ping\"  \/>\n                            <\/div>\n                        <\/div>\n                                            <div class=\"col col-4\">\n                            <div class=\"wrapper\">\n                                <img decoding=\"async\" src=\"https:\/\/www.ne.se\/info\/wp-content\/uploads\/2023\/03\/Orebro-kommun-354x133.png\" srcset=\"https:\/\/www.ne.se\/info\/wp-content\/uploads\/2023\/03\/Orebro-kommun-354x133.png 354w, https:\/\/www.ne.se\/info\/wp-content\/uploads\/2023\/03\/Orebro-kommun-300x113.png 300w, https:\/\/www.ne.se\/info\/wp-content\/uploads\/2023\/03\/Orebro-kommun.png 543w\" sizes=\"(max-width: 354px) 100vw, 354px\" alt=\"\" title=\"O\u0308rebro kommun\"  \/>\n                            <\/div>\n                        <\/div>\n                                            <div class=\"col col-4\">\n                            <div class=\"wrapper\">\n                                <img decoding=\"async\" src=\"https:\/\/www.ne.se\/info\/wp-content\/uploads\/2023\/03\/logotyp-liggande-farg.png-354x168.png\" srcset=\"https:\/\/www.ne.se\/info\/wp-content\/uploads\/2023\/03\/logotyp-liggande-farg.png-354x168.png 354w, https:\/\/www.ne.se\/info\/wp-content\/uploads\/2023\/03\/logotyp-liggande-farg.png-909x432.png 909w, https:\/\/www.ne.se\/info\/wp-content\/uploads\/2023\/03\/logotyp-liggande-farg.png-300x143.png 300w, https:\/\/www.ne.se\/info\/wp-content\/uploads\/2023\/03\/logotyp-liggande-farg.png-768x365.png 768w, https:\/\/www.ne.se\/info\/wp-content\/uploads\/2023\/03\/logotyp-liggande-farg.png-1024x486.png 1024w, https:\/\/www.ne.se\/info\/wp-content\/uploads\/2023\/03\/logotyp-liggande-farg.png-1536x730.png 1536w, https:\/\/www.ne.se\/info\/wp-content\/uploads\/2023\/03\/logotyp-liggande-farg.png.png 1827w\" sizes=\"(max-width: 354px) 100vw, 354px\" alt=\"\" title=\"\"  \/>\n                            <\/div>\n                        <\/div>\n                                            <div class=\"col col-4\">\n                            <div class=\"wrapper\">\n                                <img decoding=\"async\" src=\"https:\/\/www.ne.se\/info\/wp-content\/uploads\/2023\/03\/timra-logo-flat-354x85.png\" srcset=\"https:\/\/www.ne.se\/info\/wp-content\/uploads\/2023\/03\/timra-logo-flat-354x85.png 354w, https:\/\/www.ne.se\/info\/wp-content\/uploads\/2023\/03\/timra-logo-flat-300x72.png 300w, https:\/\/www.ne.se\/info\/wp-content\/uploads\/2023\/03\/timra-logo-flat.png 459w\" sizes=\"(max-width: 354px) 100vw, 354px\" alt=\"\" title=\"timra-logo-flat\"  \/>\n                            <\/div>\n                        <\/div>\n                                            <div class=\"col col-4\">\n                            <div class=\"wrapper\">\n                                <img decoding=\"async\" src=\"https:\/\/www.ne.se\/info\/wp-content\/uploads\/2023\/03\/hammaro_logotyp.png\" srcset=\"\" sizes=\"(max-width: 250px) 100vw, 250px\" alt=\"\" title=\"hammaro_logotyp\"  \/>\n                            <\/div>\n                        <\/div>\n                                            <div class=\"col col-4\">\n                            <div class=\"wrapper\">\n                                <img decoding=\"async\" src=\"https:\/\/www.ne.se\/info\/wp-content\/uploads\/2023\/03\/Kunskapsskolan-354x64.png\" srcset=\"https:\/\/www.ne.se\/info\/wp-content\/uploads\/2023\/03\/Kunskapsskolan-354x64.png 354w, https:\/\/www.ne.se\/info\/wp-content\/uploads\/2023\/03\/Kunskapsskolan-300x54.png 300w, https:\/\/www.ne.se\/info\/wp-content\/uploads\/2023\/03\/Kunskapsskolan-768x138.png 768w, https:\/\/www.ne.se\/info\/wp-content\/uploads\/2023\/03\/Kunskapsskolan-1024x184.png 1024w, https:\/\/www.ne.se\/info\/wp-content\/uploads\/2023\/03\/Kunskapsskolan-1536x276.png 1536w, https:\/\/www.ne.se\/info\/wp-content\/uploads\/2023\/03\/Kunskapsskolan-2048x368.png 2048w\" sizes=\"(max-width: 354px) 100vw, 354px\" alt=\"\" title=\"Kunskapsskolan\"  \/>\n                            <\/div>\n                        <\/div>\n                                    <\/div>\n                    <\/div>\n    <\/div>\n<\/section>\n\n\n\n<section  class=\"left-right bg-white\">\n    <div class=\"container twelve-col\">\n        <div class=\"inner   \">\n                            <div class=\"grid\">\n                    <div class=\"col col-2\">\n                        \n\n<div class=\"content\">\n\n    \n    \n            \n<h2 class=\"h2\"> Prova NE du ocks\u00e5 <\/h2>    \n            <p class=\"ingress\">Vill du ocks\u00e5 prova NE? Signa upp sj\u00e4lv eller kontakta en kundansvarig om det \u00e4r fler p\u00e5 din skola som vill testa NE i er undervisning<\/p>\n    \n    \n            <div class=\"btn-container\">\n                            \n<a href=\"https:\/\/www.ne.se\/info\/prova-ne-kostnadsfritt-i-30-dagar\/\" target=\"\" aria-label=\"Prova NE kostnadsfritt i 30 dagar\" class=\"button button-blue\">\n    Prova NE kostnadsfritt i 30 dagar    <\/a>                                        \n<a href=\"https:\/\/www.ne.se\/info\/skola\/laromedel\/kontaktsida-kundansvariga\/\" target=\"\" class=\"button button-border-blue\">Kontakta din kundansvariga<\/a>                    <\/div>\n    \n    \n\n<\/div>                    <\/div>\n                    <div class=\"col col-2 img-right\">\n                                                                                                                        <picture>\n                                        <source media=\"(min-width:767px)\" srcset=\"https:\/\/www.ne.se\/info\/wp-content\/uploads\/2023\/04\/Kontaktbild_salj1-1240x992.png\">\n                                        <source media=\"(max-width:767px)\" srcset=\"https:\/\/www.ne.se\/info\/wp-content\/uploads\/2023\/04\/Kontaktbild_salj1-1240x920.png\">\n                                        <img decoding=\"async\" src=\"https:\/\/www.ne.se\/info\/wp-content\/uploads\/2023\/04\/Kontaktbild_salj1-1240x992.png\" srcset=\"https:\/\/www.ne.se\/info\/wp-content\/uploads\/2023\/04\/Kontaktbild_salj1-1240x992.png 1240w, https:\/\/www.ne.se\/info\/wp-content\/uploads\/2023\/04\/Kontaktbild_salj1-800x640.png 800w\" sizes=\"(max-width: 1240px) 100vw, 1240px\" alt=\"\" title=\"Kontaktbild_sa\u0308lj1\"  \/>\n                                    <\/picture>\n                                                            \n                                            <\/div>\n                <\/div>\n                    <\/div>\n    <\/div>\n<\/section>\n\n\n","protected":false},"excerpt":{"rendered":"","protected":false},"author":6,"featured_media":0,"parent":751,"menu_order":0,"comment_status":"closed","ping_status":"closed","template":"","meta":{"inline_featured_image":false,"footnotes":""},"subject":[],"class_list":["post-9333","page","type-page","status-publish","hentry"],"acf":[],"_links":{"self":[{"href":"https:\/\/www.ne.se\/info\/wp-json\/wp\/v2\/pages\/9333","targetHints":{"allow":["GET"]}}],"collection":[{"href":"https:\/\/www.ne.se\/info\/wp-json\/wp\/v2\/pages"}],"about":[{"href":"https:\/\/www.ne.se\/info\/wp-json\/wp\/v2\/types\/page"}],"author":[{"embeddable":true,"href":"https:\/\/www.ne.se\/info\/wp-json\/wp\/v2\/users\/6"}],"replies":[{"embeddable":true,"href":"https:\/\/www.ne.se\/info\/wp-json\/wp\/v2\/comments?post=9333"}],"version-history":[{"count":49,"href":"https:\/\/www.ne.se\/info\/wp-json\/wp\/v2\/pages\/9333\/revisions"}],"predecessor-version":[{"id":11882,"href":"https:\/\/www.ne.se\/info\/wp-json\/wp\/v2\/pages\/9333\/revisions\/11882"}],"up":[{"embeddable":true,"href":"https:\/\/www.ne.se\/info\/wp-json\/wp\/v2\/pages\/751"}],"wp:attachment":[{"href":"https:\/\/www.ne.se\/info\/wp-json\/wp\/v2\/media?parent=9333"}],"wp:term":[{"taxonomy":"subject","embeddable":true,"href":"https:\/\/www.ne.se\/info\/wp-json\/wp\/v2\/subject?post=9333"}],"curies":[{"name":"wp","href":"https:\/\/api.w.org\/{rel}","templated":true}]}}