{"id":9421,"date":"2023-10-11T08:52:18","date_gmt":"2023-10-11T08:52:18","guid":{"rendered":"https:\/\/www.ne.se\/info\/?page_id=9421"},"modified":"2025-09-16T08:13:50","modified_gmt":"2025-09-16T08:13:50","slug":"lastranamedhaja","status":"publish","type":"page","link":"https:\/\/www.ne.se\/info\/skola\/lastranamedhaja\/","title":{"rendered":"L\u00e4str\u00e4na med Haja"},"content":{"rendered":"\n\n<section  class=\"blog-header\">\n    <div class=\"container\">\n        <div class=\"inner  pt-5 pb-2\">\n        \n            <div class=\"content\">\n                \n                \n                \n                            <\/div>\n\n                            <img decoding=\"async\" src=\"https:\/\/www.ne.se\/info\/wp-content\/uploads\/2024\/09\/Blog-header-lastraningsbingo-1280x516.png\" srcset=\"https:\/\/www.ne.se\/info\/wp-content\/uploads\/2024\/09\/Blog-header-lastraningsbingo-1280x516.png 1280w, https:\/\/www.ne.se\/info\/wp-content\/uploads\/2024\/09\/Blog-header-lastraningsbingo-300x121.png 300w, https:\/\/www.ne.se\/info\/wp-content\/uploads\/2024\/09\/Blog-header-lastraningsbingo-1024x413.png 1024w, https:\/\/www.ne.se\/info\/wp-content\/uploads\/2024\/09\/Blog-header-lastraningsbingo-768x310.png 768w, https:\/\/www.ne.se\/info\/wp-content\/uploads\/2024\/09\/Blog-header-lastraningsbingo-1536x619.png 1536w, https:\/\/www.ne.se\/info\/wp-content\/uploads\/2024\/09\/Blog-header-lastraningsbingo-2048x826.png 2048w, https:\/\/www.ne.se\/info\/wp-content\/uploads\/2024\/09\/Blog-header-lastraningsbingo-354x143.png 354w\" sizes=\"(max-width: 1280px) 100vw, 1280px\" alt=\"\" title=\"Blog header-la\u0308stra\u0308ningsbingo\" \/>\n                                    <\/div>\n    <\/div>\n<\/section>\n\n\n\n<section  class=\"hubspot-form-block\">\n    <div class=\"container\">\n        <div class=\"inner  pt-3 pb-5\">\n                            <div class=\"grid\">\n                    <div class=\"col col-2\">\n                        \n\n<div class=\"content\">\n\n            \n<p class=\"uptext\">\n    <span class=\"line\"><\/span>\n    L\u00e4str\u00e4ning och faktakoll<\/p>    \n            \n<h2 class=\"\"> L\u00e4str\u00e4na med Haja <\/h2>    \n            <p class=\"ingress\">Uppmuntra till faktas\u00f6kning och l\u00e4str\u00e4ning samtidigt.  \r\nFaktan hittar eleverna i de l\u00e4ttl\u00e4sta texterna i Haja. Fyll i formul\u00e4ret s\u00e5 f\u00e5r du l\u00e4str\u00e4ningsbingot direkt i din inkorg.<\/p>\n    \n            <ul class=\"usps\">\n            <li class=\"usp\">\n            <svg width=\"24\" height=\"24\" viewBox=\"0 0 24 24\" fill=\"none\" xmlns=\"http:\/\/www.w3.org\/2000\/svg\">\n    <path d=\"M9 16.17 5.53 12.7a.996.996 0 1 0-1.41 1.41l4.18 4.18c.39.39 1.02.39 1.41 0L20.29 7.71a.996.996 0 1 0-1.41-1.41L9 16.17z\" fill=\"#007DB8\"\/>\n<\/svg>\n            L\u00e4sfr\u00e4mjande aktivitet        <\/li>\n            <li class=\"usp\">\n            <svg width=\"24\" height=\"24\" viewBox=\"0 0 24 24\" fill=\"none\" xmlns=\"http:\/\/www.w3.org\/2000\/svg\">\n    <path d=\"M9 16.17 5.53 12.7a.996.996 0 1 0-1.41 1.41l4.18 4.18c.39.39 1.02.39 1.41 0L20.29 7.71a.996.996 0 1 0-1.41-1.41L9 16.17z\" fill=\"#007DB8\"\/>\n<\/svg>\n            Gratis att ladda ned        <\/li>\n            <li class=\"usp\">\n            <svg width=\"24\" height=\"24\" viewBox=\"0 0 24 24\" fill=\"none\" xmlns=\"http:\/\/www.w3.org\/2000\/svg\">\n    <path d=\"M9 16.17 5.53 12.7a.996.996 0 1 0-1.41 1.41l4.18 4.18c.39.39 1.02.39 1.41 0L20.29 7.71a.996.996 0 1 0-1.41-1.41L9 16.17z\" fill=\"#007DB8\"\/>\n<\/svg>\n            Anpassas efter de yngsta elevernas l\u00e4sniv\u00e5        <\/li>\n    <\/ul>    \n    \n<\/div>                    <\/div>\n                    <div class=\"col col-2 form-right\">\n                        <div class=\"hubspot-form\">\n                            <script charset=\"utf-8\" type=\"text\/javascript\" src=\"\/\/js.hsforms.net\/forms\/embed\/v2.js\"><\/script>\r\n<script>\r\n  hbspt.forms.create({\r\n    region: \"na1\",\r\n    portalId: \"4069921\",\r\n    formId: \"4110dc3a-2348-4f6a-ba83-3dff87e08a42\"\r\n  });\r\n<\/script>                        <\/div>\n                    <\/div>\n                <\/div>\n                    <\/div>\n    <\/div>\n<\/section>\n\n\n\n<section  class=\"left-right bg-white\">\n    <div class=\"container twelve-col\">\n        <div class=\"inner  pt-2 pb-4\">\n                            <div class=\"grid\">\n                    <div class=\"col col-2 img-left\">\n                                                                                                                        <picture>\n                                        <source media=\"(min-width:767px)\" srcset=\"https:\/\/www.ne.se\/info\/wp-content\/uploads\/2024\/05\/Samlingar-HAJA-1240x992.png\">\n                                        <source media=\"(max-width:767px)\" srcset=\"https:\/\/www.ne.se\/info\/wp-content\/uploads\/2024\/05\/Samlingar-HAJA-1460x920.png\">\n                                        <img decoding=\"async\" src=\"https:\/\/www.ne.se\/info\/wp-content\/uploads\/2024\/05\/Samlingar-HAJA-1240x992.png\" srcset=\"https:\/\/www.ne.se\/info\/wp-content\/uploads\/2024\/05\/Samlingar-HAJA-1240x992.png 1240w, https:\/\/www.ne.se\/info\/wp-content\/uploads\/2024\/05\/Samlingar-HAJA-800x640.png 800w\" sizes=\"(max-width: 1240px) 100vw, 1240px\" alt=\"\" title=\"Samlingar HAJA\"  \/>\n                                    <\/picture>\n                                                            \n                                            <\/div>\n                    <div class=\"col col-2\">\n                        \n\n<div class=\"content\">\n\n            \n<p class=\"uptext\">\n    <span class=\"line\"><\/span>\n    L\u00e4tt att l\u00e4sa \u2013 l\u00e4tt att l\u00e4ra<\/p>    \n    \n            \n<h2 class=\"h2\"> Uppt\u00e4ck digitala Haja <\/h2>    \n            <p class=\"ingress\">Haja uppslagsverk \u00e4r fullt av l\u00e4ttl\u00e4sta faktatexter f\u00f6r de yngsta eleverna.<br \/>\r\n<br>Skapa en varierad och inspirerande undervisning med pedagogiska faktafilmer, tydliga bilder och smarta st\u00f6dfunktioner. H\u00e4r f\u00e5r eleverna b\u00e5de faktakoll och v\u00e4rdefull l\u00e4str\u00e4ning samtidigt.<\/p>\n    \n    \n            <div class=\"btn-container\">\n                            \n<a href=\"https:\/\/www.ne.se\/info\/prova-ne-kostnadsfritt-i-30-dagar\/\" target=\"_blank\" aria-label=\"Prova Haja gratis\" class=\"button button-blue\">\n    Prova Haja gratis            <svg width=\"16\" height=\"16\" viewBox=\"0 0 16 16\" fill=\"none\" xmlns=\"http:\/\/www.w3.org\/2000\/svg\">\n<path d=\"M14 6.00001L14 2.00001M14 2.00001H9.99999M14 2.00001L8 8M6.66667 2H5.2C4.0799 2 3.51984 2 3.09202 2.21799C2.71569 2.40973 2.40973 2.71569 2.21799 3.09202C2 3.51984 2 4.07989 2 5.2V10.8C2 11.9201 2 12.4802 2.21799 12.908C2.40973 13.2843 2.71569 13.5903 3.09202 13.782C3.51984 14 4.07989 14 5.2 14H10.8C11.9201 14 12.4802 14 12.908 13.782C13.2843 13.5903 13.5903 13.2843 13.782 12.908C14 12.4802 14 11.9201 14 10.8V9.33333\" stroke=\"#F2F5F8\" stroke-width=\"2\" stroke-linecap=\"round\" stroke-linejoin=\"round\"\/>\n<\/svg>\n    <\/a>                                        \n<a href=\"https:\/\/www.ne.se\/info\/skola\/haja-uppslagsverk\/\" target=\"\" aria-label=\"L\u00e4s mer om Haja uppslagsverk\" class=\"button button-blue\">\n    L\u00e4s mer om Haja uppslagsverk    <\/a>                    <\/div>\n    \n    \n\n<\/div>                    <\/div>\n                <\/div>\n                    <\/div>\n    <\/div>\n<\/section>\n\n\n","protected":false},"excerpt":{"rendered":"","protected":false},"author":8,"featured_media":0,"parent":751,"menu_order":0,"comment_status":"closed","ping_status":"closed","template":"","meta":{"inline_featured_image":false,"footnotes":""},"subject":[],"class_list":["post-9421","page","type-page","status-publish","hentry"],"acf":[],"_links":{"self":[{"href":"https:\/\/www.ne.se\/info\/wp-json\/wp\/v2\/pages\/9421","targetHints":{"allow":["GET"]}}],"collection":[{"href":"https:\/\/www.ne.se\/info\/wp-json\/wp\/v2\/pages"}],"about":[{"href":"https:\/\/www.ne.se\/info\/wp-json\/wp\/v2\/types\/page"}],"author":[{"embeddable":true,"href":"https:\/\/www.ne.se\/info\/wp-json\/wp\/v2\/users\/8"}],"replies":[{"embeddable":true,"href":"https:\/\/www.ne.se\/info\/wp-json\/wp\/v2\/comments?post=9421"}],"version-history":[{"count":42,"href":"https:\/\/www.ne.se\/info\/wp-json\/wp\/v2\/pages\/9421\/revisions"}],"predecessor-version":[{"id":22780,"href":"https:\/\/www.ne.se\/info\/wp-json\/wp\/v2\/pages\/9421\/revisions\/22780"}],"up":[{"embeddable":true,"href":"https:\/\/www.ne.se\/info\/wp-json\/wp\/v2\/pages\/751"}],"wp:attachment":[{"href":"https:\/\/www.ne.se\/info\/wp-json\/wp\/v2\/media?parent=9421"}],"wp:term":[{"taxonomy":"subject","embeddable":true,"href":"https:\/\/www.ne.se\/info\/wp-json\/wp\/v2\/subject?post=9421"}],"curies":[{"name":"wp","href":"https:\/\/api.w.org\/{rel}","templated":true}]}}