{"id":966,"date":"2023-03-16T08:09:05","date_gmt":"2023-03-16T08:09:05","guid":{"rendered":"https:\/\/www.ne.se\/info\/?page_id=966"},"modified":"2025-08-25T11:46:07","modified_gmt":"2025-08-25T11:46:07","slug":"4-6","status":"publish","type":"page","link":"https:\/\/www.ne.se\/info\/skola\/digitala-laromedel\/4-6\/","title":{"rendered":"Samlingssida 4\u20136"},"content":{"rendered":"\n\n<section  class=\"big-header bg-white \">\n    <div class=\"container\">\n        <div class=\"inner first-block  \">\n\n            \n\n<div class=\"big-header-left-right\">\n    <div class=\"grid\">\n        <div class=\"col col-2 left\">\n                                        \n<h1 class=\"h1\"> Digitala l\u00e4romedel <br>4\u20136 f\u00f6r grundskolan  <\/h1>                    <\/div>\n        <div class=\"col col-2 right\">\n                                        \n<p class=\"ample\">\n    Engagerande l\u00e4romedel f\u00f6r mellanstadiet som hj\u00e4lper dig att l\u00e4gga grunden f\u00f6r elevernas livsl\u00e5nga l\u00e4rande. Du vet v\u00e4l att det \u00e4ven finns tryckta l\u00e4romedel f\u00f6r \u00e5k 4\u20136?<\/p>            \n            \n                            <div class=\"btn-container\">\n                                            \n<a href=\"https:\/\/www.ne.se\/info\/skola\/tryckta-laromedel\/katalog\/\" target=\"\" aria-label=\"Se alla tryckta l\u00e4romedel\" class=\"button button-blue\">\n    Se alla tryckta l\u00e4romedel    <\/a>                                                        <\/div>\n                    <\/div>\n    <\/div>\n   \n<\/div>\n        <\/div>\n    <\/div>\n<\/section>\n\n\n\n<section  class=\"teaching-material-grid bg-gray\">\n    <div class=\"container\">\n        <div class=\"inner   \">\n\n                            <div class=\"outer-grid\">      \n                \n                    <aside class=\"side-nav\" data-page_id=\"966\">\n                        <nav>\n                            <ul class=\"side-nav-list\">\n                                <li class=\"side-nav-item\">\n                                    <span class=\"side-nav-link active\" data-term_id=\"0\">Alla<\/span>\n                                <\/li>\n\n                                                                    <li class=\"side-nav-item\">\n                                        <span class=\"side-nav-link\" data-term_id=\"5\">Matematik<\/span>\n                                    <\/li>\n                                                                    <li class=\"side-nav-item\">\n                                        <span class=\"side-nav-link\" data-term_id=\"8\">Naturvetenskap<\/span>\n                                    <\/li>\n                                                                    <li class=\"side-nav-item\">\n                                        <span class=\"side-nav-link\" data-term_id=\"7\">Praktisk-estetiska \u00e4mnen<\/span>\n                                    <\/li>\n                                                                    <li class=\"side-nav-item\">\n                                        <span class=\"side-nav-link\" data-term_id=\"9\">Samh\u00e4llsvetenskap<\/span>\n                                    <\/li>\n                                                                    <li class=\"side-nav-item\">\n                                        <span class=\"side-nav-link\" data-term_id=\"6\">Spr\u00e5k<\/span>\n                                    <\/li>\n                                \n                            <\/ul>\n                        <\/nav>\n                    <\/aside>\n\n                    <main class=\"grid material-grid\">\n                    \n                        \n                            \n                            \n    <a href=\"https:\/\/www.ne.se\/info\/skola\/digitala-laromedel\/4-6\/bild\/\" class=\"col col-3 teaching-material-item\">\n        <div class=\"wrapper\">\n            <img decoding=\"async\" src=\"https:\/\/www.ne.se\/info\/wp-content\/uploads\/2023\/03\/bild-580x600.jpg\" alt=\"\">\n                            <p class=\"heading\">Bild 4\u20136<\/p>\n                        <div class=\"overlay\"><\/div>\n        <\/div>\n    <\/a>\n                            \n                        \n                            \n                            \n    <a href=\"https:\/\/www.ne.se\/info\/skola\/digitala-laromedel\/4-6\/biologi\/\" class=\"col col-3 teaching-material-item\">\n        <div class=\"wrapper\">\n            <img decoding=\"async\" src=\"https:\/\/www.ne.se\/info\/wp-content\/uploads\/2023\/03\/panorpa_communis-580x600.jpg\" alt=\"\">\n                            <p class=\"heading\">Biologi 4\u20136<\/p>\n                        <div class=\"overlay\"><\/div>\n        <\/div>\n    <\/a>\n                            \n                        \n                            \n                            \n    <a href=\"https:\/\/www.ne.se\/info\/skola\/digitala-laromedel\/4-6\/engelska-4\/\" class=\"col col-3 teaching-material-item\">\n        <div class=\"wrapper\">\n            <img decoding=\"async\" src=\"https:\/\/www.ne.se\/info\/wp-content\/uploads\/2023\/03\/Engelska4-580x600.jpg\" alt=\"\">\n                            <p class=\"heading\">Engelska 4<\/p>\n                        <div class=\"overlay\"><\/div>\n        <\/div>\n    <\/a>\n                            \n                        \n                            \n                            \n    <a href=\"https:\/\/www.ne.se\/info\/skola\/digitala-laromedel\/4-6\/engelska-5\/\" class=\"col col-3 teaching-material-item\">\n        <div class=\"wrapper\">\n            <img decoding=\"async\" src=\"https:\/\/www.ne.se\/info\/wp-content\/uploads\/2023\/03\/shutterstock_325763027-580x600.jpg\" alt=\"\">\n                            <p class=\"heading\">Engelska 5<\/p>\n                        <div class=\"overlay\"><\/div>\n        <\/div>\n    <\/a>\n                            \n                        \n                            \n                            \n    <a href=\"https:\/\/www.ne.se\/info\/skola\/digitala-laromedel\/4-6\/engelska-6\/\" class=\"col col-3 teaching-material-item\">\n        <div class=\"wrapper\">\n            <img decoding=\"async\" src=\"https:\/\/www.ne.se\/info\/wp-content\/uploads\/2023\/03\/Engelska-6-580x600.jpg\" alt=\"\">\n                            <p class=\"heading\">Engelska 6<\/p>\n                        <div class=\"overlay\"><\/div>\n        <\/div>\n    <\/a>\n                            \n                        \n                            \n                            \n    <a href=\"https:\/\/www.ne.se\/info\/skola\/digitala-laromedel\/4-6\/franska\/\" class=\"col col-3 teaching-material-item\">\n        <div class=\"wrapper\">\n            <img decoding=\"async\" src=\"https:\/\/www.ne.se\/info\/wp-content\/uploads\/2023\/03\/franska_ak9_omslag_GB-580x600.jpg\" alt=\"\">\n                            <p class=\"heading\">Franska 6<\/p>\n                        <div class=\"overlay\"><\/div>\n        <\/div>\n    <\/a>\n                            \n                        \n                            \n                            \n    <a href=\"https:\/\/www.ne.se\/info\/skola\/digitala-laromedel\/4-6\/fysik\/\" class=\"col col-3 teaching-material-item\">\n        <div class=\"wrapper\">\n            <img decoding=\"async\" src=\"https:\/\/www.ne.se\/info\/wp-content\/uploads\/2023\/03\/fysik-4-6-580x600.jpeg\" alt=\"\">\n                            <p class=\"heading\">Fysik 4\u20136<\/p>\n                        <div class=\"overlay\"><\/div>\n        <\/div>\n    <\/a>\n                            \n                        \n                            \n                            \n    <a href=\"https:\/\/www.ne.se\/info\/skola\/digitala-laromedel\/4-6\/geografi\/\" class=\"col col-3 teaching-material-item\">\n        <div class=\"wrapper\">\n            <img decoding=\"async\" src=\"https:\/\/www.ne.se\/info\/wp-content\/uploads\/2023\/03\/Geografi-4-6-580x600.jpeg\" alt=\"\">\n                            <p class=\"heading\">Geografi 4\u20136<\/p>\n                        <div class=\"overlay\"><\/div>\n        <\/div>\n    <\/a>\n                            \n                        \n                            \n                            \n    <a href=\"https:\/\/www.ne.se\/info\/skola\/digitala-laromedel\/4-6\/hem-och-konsumentkunskap\/\" class=\"col col-3 teaching-material-item\">\n        <div class=\"wrapper\">\n            <img decoding=\"async\" src=\"https:\/\/www.ne.se\/info\/wp-content\/uploads\/2023\/03\/shutterstock_1538767238-580x600.jpg\" alt=\"\">\n                            <p class=\"heading\">Hem- och konsumentkunskap 1\u20136<\/p>\n                        <div class=\"overlay\"><\/div>\n        <\/div>\n    <\/a>\n                            \n                        \n                            \n                            \n    <a href=\"https:\/\/www.ne.se\/info\/skola\/digitala-laromedel\/4-6\/historia\/\" class=\"col col-3 teaching-material-item\">\n        <div class=\"wrapper\">\n            <img decoding=\"async\" src=\"https:\/\/www.ne.se\/info\/wp-content\/uploads\/2023\/03\/Historia-4-6-580x600.jpeg\" alt=\"\">\n                            <p class=\"heading\">Historia 4\u20136<\/p>\n                        <div class=\"overlay\"><\/div>\n        <\/div>\n    <\/a>\n                            \n                        \n                            \n                            \n    <a href=\"https:\/\/www.ne.se\/info\/skola\/digitala-laromedel\/4-6\/idrott-och-halsa\/\" class=\"col col-3 teaching-material-item\">\n        <div class=\"wrapper\">\n            <img decoding=\"async\" src=\"https:\/\/www.ne.se\/info\/wp-content\/uploads\/2023\/03\/Idrott-och-halsa-580x600.jpg\" alt=\"\">\n                            <p class=\"heading\">Idrott och h\u00e4lsa 4\u20136<\/p>\n                        <div class=\"overlay\"><\/div>\n        <\/div>\n    <\/a>\n                            \n                        \n                            \n                            \n    <a href=\"https:\/\/www.ne.se\/info\/skola\/digitala-laromedel\/4-6\/kemi\/\" class=\"col col-3 teaching-material-item\">\n        <div class=\"wrapper\">\n            <img decoding=\"async\" src=\"https:\/\/www.ne.se\/info\/wp-content\/uploads\/2023\/03\/kemi4-6-580x600.jpg\" alt=\"\">\n                            <p class=\"heading\">Kemi 4\u20136<\/p>\n                        <div class=\"overlay\"><\/div>\n        <\/div>\n    <\/a>\n                            \n                        \n                            \n                            \n    <a href=\"https:\/\/www.ne.se\/info\/skola\/digitala-laromedel\/4-6\/matematik-4\/\" class=\"col col-3 teaching-material-item\">\n        <div class=\"wrapper\">\n            <img decoding=\"async\" src=\"https:\/\/www.ne.se\/info\/wp-content\/uploads\/2023\/03\/Matematik4_omslag-580x600.jpeg\" alt=\"\">\n                            <p class=\"heading\">Matematik 4<\/p>\n                        <div class=\"overlay\"><\/div>\n        <\/div>\n    <\/a>\n                            \n                        \n                            \n                            \n    <a href=\"https:\/\/www.ne.se\/info\/skola\/digitala-laromedel\/4-6\/matematik-5\/\" class=\"col col-3 teaching-material-item\">\n        <div class=\"wrapper\">\n            <img decoding=\"async\" src=\"https:\/\/www.ne.se\/info\/wp-content\/uploads\/2023\/03\/Matematik_5_omslag-580x600.jpg\" alt=\"\">\n                            <p class=\"heading\">Matematik 5<\/p>\n                        <div class=\"overlay\"><\/div>\n        <\/div>\n    <\/a>\n                            \n                        \n                            \n                            \n    <a href=\"https:\/\/www.ne.se\/info\/skola\/digitala-laromedel\/4-6\/matematik-6\/\" class=\"col col-3 teaching-material-item\">\n        <div class=\"wrapper\">\n            <img decoding=\"async\" src=\"https:\/\/www.ne.se\/info\/wp-content\/uploads\/2023\/03\/shutterstock_255824425-580x600.jpg\" alt=\"\">\n                            <p class=\"heading\">Matematik 6<\/p>\n                        <div class=\"overlay\"><\/div>\n        <\/div>\n    <\/a>\n                            \n                        \n                            \n                            \n    <a href=\"https:\/\/www.ne.se\/info\/skola\/digitala-laromedel\/4-6\/musik\/\" class=\"col col-3 teaching-material-item\">\n        <div class=\"wrapper\">\n            <img decoding=\"async\" src=\"https:\/\/www.ne.se\/info\/wp-content\/uploads\/2023\/03\/Musik-580x600.jpg\" alt=\"\">\n                            <p class=\"heading\">Musik 4\u20136<\/p>\n                        <div class=\"overlay\"><\/div>\n        <\/div>\n    <\/a>\n                            \n                        \n                            \n                            \n    <a href=\"https:\/\/www.ne.se\/info\/skola\/digitala-laromedel\/4-6\/programmering\/\" class=\"col col-3 teaching-material-item\">\n        <div class=\"wrapper\">\n            <img decoding=\"async\" src=\"https:\/\/www.ne.se\/info\/wp-content\/uploads\/2023\/06\/Programmering-fyrkantig-580x600.png\" alt=\"\">\n                            <p class=\"heading\">Programmering F\u20139<\/p>\n                        <div class=\"overlay\"><\/div>\n        <\/div>\n    <\/a>\n                            \n                        \n                            \n                            \n    <a href=\"https:\/\/www.ne.se\/info\/skola\/digitala-laromedel\/4-6\/religion\/\" class=\"col col-3 teaching-material-item\">\n        <div class=\"wrapper\">\n            <img decoding=\"async\" src=\"https:\/\/www.ne.se\/info\/wp-content\/uploads\/2023\/03\/religion_4-6-580x600.jpg\" alt=\"\">\n                            <p class=\"heading\">Religionskunskap 4\u20136<\/p>\n                        <div class=\"overlay\"><\/div>\n        <\/div>\n    <\/a>\n                            \n                        \n                            \n                            \n    <a href=\"https:\/\/www.ne.se\/info\/skola\/digitala-laromedel\/4-6\/samhallskunskap\/\" class=\"col col-3 teaching-material-item\">\n        <div class=\"wrapper\">\n            <img decoding=\"async\" src=\"https:\/\/www.ne.se\/info\/wp-content\/uploads\/2023\/03\/sam_4-6-580x600.jpg\" alt=\"\">\n                            <p class=\"heading\">Samh\u00e4llskunskap 4\u20136<\/p>\n                        <div class=\"overlay\"><\/div>\n        <\/div>\n    <\/a>\n                            \n                        \n                            \n                            \n    <a href=\"https:\/\/www.ne.se\/info\/skola\/digitala-laromedel\/4-6\/slojd\/\" class=\"col col-3 teaching-material-item\">\n        <div class=\"wrapper\">\n            <img decoding=\"async\" src=\"https:\/\/www.ne.se\/info\/wp-content\/uploads\/2023\/03\/slojd-4\u20136-580x600.jpg\" alt=\"\">\n                            <p class=\"heading\">Sl\u00f6jd 4\u20136<\/p>\n                        <div class=\"overlay\"><\/div>\n        <\/div>\n    <\/a>\n                            \n                        \n                            \n                            \n    <a href=\"https:\/\/www.ne.se\/info\/skola\/digitala-laromedel\/4-6\/spanska\/\" class=\"col col-3 teaching-material-item\">\n        <div class=\"wrapper\">\n            <img decoding=\"async\" src=\"https:\/\/www.ne.se\/info\/wp-content\/uploads\/2023\/03\/spanska_ak6_omslag_GB-580x600.jpg\" alt=\"\">\n                            <p class=\"heading\">Spanska 6<\/p>\n                        <div class=\"overlay\"><\/div>\n        <\/div>\n    <\/a>\n                            \n                        \n                            \n                            \n    <a href=\"https:\/\/www.ne.se\/info\/skola\/digitala-laromedel\/4-6\/svenska\/\" class=\"col col-3 teaching-material-item\">\n        <div class=\"wrapper\">\n            <img decoding=\"async\" src=\"https:\/\/www.ne.se\/info\/wp-content\/uploads\/2023\/03\/SVA-4-6-580x600.jpg\" alt=\"\">\n                            <p class=\"heading\">Svenska 4\u20136<\/p>\n                        <div class=\"overlay\"><\/div>\n        <\/div>\n    <\/a>\n                            \n                        \n                            \n                            \n    <a href=\"https:\/\/www.ne.se\/info\/skola\/digitala-laromedel\/4-6\/svenska-som-andrasprak\/\" class=\"col col-3 teaching-material-item\">\n        <div class=\"wrapper\">\n            <img decoding=\"async\" src=\"https:\/\/www.ne.se\/info\/wp-content\/uploads\/2023\/03\/SVA-4-6-580x600.jpg\" alt=\"\">\n                            <p class=\"heading\">Svenska som andraspr\u00e5k 4\u20136<\/p>\n                        <div class=\"overlay\"><\/div>\n        <\/div>\n    <\/a>\n                            \n                        \n                            \n                            \n    <a href=\"https:\/\/www.ne.se\/info\/skola\/digitala-laromedel\/4-6\/teknik\/\" class=\"col col-3 teaching-material-item\">\n        <div class=\"wrapper\">\n            <img decoding=\"async\" src=\"https:\/\/www.ne.se\/info\/wp-content\/uploads\/2023\/03\/Teknik-4-6_omslag-580x600.jpeg\" alt=\"\">\n                            <p class=\"heading\">Teknik 4\u20136<\/p>\n                        <div class=\"overlay\"><\/div>\n        <\/div>\n    <\/a>\n                            \n                        \n                            \n                            \n    <a href=\"https:\/\/www.ne.se\/info\/skola\/digitala-laromedel\/4-6\/tyska\/\" class=\"col col-3 teaching-material-item\">\n        <div class=\"wrapper\">\n            <img decoding=\"async\" src=\"https:\/\/www.ne.se\/info\/wp-content\/uploads\/2023\/03\/tyska_ak7_omslag_GB-580x600.jpg\" alt=\"\">\n                            <p class=\"heading\">Tyska 6<\/p>\n                        <div class=\"overlay\"><\/div>\n        <\/div>\n    <\/a>\n                            \n                        \n                    <\/main>        \n\n                <\/div>\n\n                    <\/div>\n    <\/div>\n<\/section>","protected":false},"excerpt":{"rendered":"","protected":false},"author":6,"featured_media":0,"parent":20623,"menu_order":0,"comment_status":"closed","ping_status":"closed","template":"","meta":{"inline_featured_image":false,"footnotes":""},"subject":[],"class_list":["post-966","page","type-page","status-publish","hentry"],"acf":[],"_links":{"self":[{"href":"https:\/\/www.ne.se\/info\/wp-json\/wp\/v2\/pages\/966","targetHints":{"allow":["GET"]}}],"collection":[{"href":"https:\/\/www.ne.se\/info\/wp-json\/wp\/v2\/pages"}],"about":[{"href":"https:\/\/www.ne.se\/info\/wp-json\/wp\/v2\/types\/page"}],"author":[{"embeddable":true,"href":"https:\/\/www.ne.se\/info\/wp-json\/wp\/v2\/users\/6"}],"replies":[{"embeddable":true,"href":"https:\/\/www.ne.se\/info\/wp-json\/wp\/v2\/comments?post=966"}],"version-history":[{"count":18,"href":"https:\/\/www.ne.se\/info\/wp-json\/wp\/v2\/pages\/966\/revisions"}],"predecessor-version":[{"id":15628,"href":"https:\/\/www.ne.se\/info\/wp-json\/wp\/v2\/pages\/966\/revisions\/15628"}],"up":[{"embeddable":true,"href":"https:\/\/www.ne.se\/info\/wp-json\/wp\/v2\/pages\/20623"}],"wp:attachment":[{"href":"https:\/\/www.ne.se\/info\/wp-json\/wp\/v2\/media?parent=966"}],"wp:term":[{"taxonomy":"subject","embeddable":true,"href":"https:\/\/www.ne.se\/info\/wp-json\/wp\/v2\/subject?post=966"}],"curies":[{"name":"wp","href":"https:\/\/api.w.org\/{rel}","templated":true}]}}